{"id":13242,"date":"2024-03-28T17:35:48","date_gmt":"2024-03-28T14:35:48","guid":{"rendered":"https:\/\/tuzlahortum.com.tr\/?post_type=product&#038;p=13242"},"modified":"2025-08-20T11:57:47","modified_gmt":"2025-08-20T08:57:47","slug":"flow-eko-bahce-sulama-tabancasi-seti","status":"publish","type":"product","link":"https:\/\/tuzlahortum.com.tr\/fr\/produit\/flow-eko-bahce-sulama-tabancasi-seti\/","title":{"rendered":"ENSEMBLE DE PISTOLET D&#039;ARROSAGE DE JARDIN FLOW ECO"},"content":{"rendered":"<p>ENSEMBLE DE PISTOLET D&#039;ARROSAGE DE JARDIN FLOW ECO<\/p>\n<p>Con\u00e7u pour r\u00e9pondre \u00e0 vos besoins d&#039;irrigation de jardin, l&#039;ensemble de buses d&#039;arrosage de jardin FLOW ECO offre une solution d&#039;irrigation pratique et efficace. L&#039;ensemble se compose de quatre pi\u00e8ces au total : un pistolet, deux corps de tuyau et un embout femelle.<\/p>\n<p>Caract\u00e9ristiques:<\/p>\n<ol>\n<li><strong>Pistolet<\/strong>: Le pistolet qui fait partie de l&#039;ensemble est con\u00e7u pour r\u00e9pondre \u00e0 diff\u00e9rentes exigences d&#039;irrigation. Il offre une vari\u00e9t\u00e9 d&#039;options d&#039;irrigation avec des modes de pulv\u00e9risation r\u00e9glables.<\/li>\n<li><strong>Corps de flexibles<\/strong>: Deux corps de flexibles permettent de raccorder le pistolet au flexible. Ils sont fabriqu\u00e9s \u00e0 partir de mat\u00e9riaux durables et offrent une utilisation durable.<\/li>\n<li><strong>Extr\u00e9mit\u00e9 femelle<\/strong>: L&#039;embout femelle, qui fait partie de l&#039;ensemble, permet de joindre les corps de flexibles et de relier le pistolet au flexible. Fournit une connexion fiable.<\/li>\n<li><strong>Ensemble pratique<\/strong>: Avec toutes ses pi\u00e8ces, l&#039;ensemble de pistolets d&#039;arrosage de jardin FLOW ECO facilite les travaux d&#039;irrigation de votre jardin et augmente l&#039;efficacit\u00e9. Il est pratique \u00e0 utiliser avec son montage simple.<\/li>\n<\/ol>\n<p>Id\u00e9al pour r\u00e9pondre aux besoins d&#039;irrigation de votre jardin, l&#039;ensemble de pistolets d&#039;arrosage de jardin FLOW ECO attire l&#039;attention par sa conception conviviale et ses performances efficaces.<\/p>\n<p>&nbsp;<\/p>","protected":false},"excerpt":{"rendered":"<p>FLOW EKO BAH\u00c7E SULAMA TABANCASI SET\u0130 Bah\u00e7e sulama ihtiya\u00e7lar\u0131n\u0131z\u0131 kar\u015f\u0131lamak i\u00e7in tasarlanan FLOW EKO Bah\u00e7e Sulama Nozul Seti, pratik ve etkili bir sulama \u00e7\u00f6z\u00fcm\u00fc sunar. Set, bir tabanca, iki hortum g\u00f6vde ve bir di\u015fi u\u00e7 olmak \u00fczere toplamda d\u00f6rt par\u00e7adan olu\u015fur. \u00d6zellikler: Tabanca: Setin bir par\u00e7as\u0131 olan tabanca, farkl\u0131 sulama gereksinimlerini kar\u015f\u0131lamak i\u00e7in tasarlanm\u0131\u015ft\u0131r. Ayarlanabilir [&#8230;]\n","protected":false},"featured_media":13309,"comment_status":"open","ping_status":"closed","template":"","meta":{"jetpack_post_was_ever_published":false},"product_brand":[],"product_cat":[2347],"product_tag":[],"class_list":{"0":"post-13242","1":"product","2":"type-product","3":"status-publish","4":"has-post-thumbnail","6":"product_cat-bahce","8":"first","9":"instock","10":"taxable","11":"shipping-taxable","12":"product-type-simple"},"jetpack-related-posts":[{"id":13243,"url":"https:\/\/tuzlahortum.com.tr\/fr\/produit\/flow-eko-bahce-sulama-nozul-seti\/","url_meta":{"origin":13242,"position":0},"title":"ENSEMBLE DE BUSE D&#039;IRRIGATION DE JARDIN FLOW ECO","author":"admin","date":"28 mars 2024","format":false,"excerpt":"FLOW EKO BAH\u00c7E SULAMA NOZUL SET\u0130 Bah\u00e7e sulama ihtiya\u00e7lar\u0131n\u0131z\u0131 kar\u015f\u0131lamak i\u00e7in tasarlanan FLOW EKO Bah\u00e7e Sulama Nozul Seti, pratik ve etkili bir sulama \u00e7\u00f6z\u00fcm\u00fc sunar. Set, bir nozul, iki hortum g\u00f6vde ve bir di\u015fi u\u00e7 olmak \u00fczere toplamda d\u00f6rt par\u00e7adan olu\u015fur. \u00d6zellikler: Nozul: Setin bir par\u00e7as\u0131 olan nozul, farkl\u0131 sulama\u2026","rel":"","context":"Article similaire","block_context":{"text":"Article similaire","link":""},"img":{"alt_text":"","src":"https:\/\/i0.wp.com\/tuzlahortum.com.tr\/wp-content\/uploads\/2024\/03\/bahce_nozul_seti_3.jpg?fit=800%2C800&ssl=1&resize=350%2C200","width":350,"height":200,"srcset":"https:\/\/i0.wp.com\/tuzlahortum.com.tr\/wp-content\/uploads\/2024\/03\/bahce_nozul_seti_3.jpg?fit=800%2C800&ssl=1&resize=350%2C200 1x, https:\/\/i0.wp.com\/tuzlahortum.com.tr\/wp-content\/uploads\/2024\/03\/bahce_nozul_seti_3.jpg?fit=800%2C800&ssl=1&resize=525%2C300 1.5x, https:\/\/i0.wp.com\/tuzlahortum.com.tr\/wp-content\/uploads\/2024\/03\/bahce_nozul_seti_3.jpg?fit=800%2C800&ssl=1&resize=700%2C400 2x"},"classes":[]},{"id":13225,"url":"https:\/\/tuzlahortum.com.tr\/fr\/produit\/flow-uzayan-hortum-seti-45-mt\/","url_meta":{"origin":13242,"position":1},"title":"JEU DE TUYAUX D&#039;EXTENSION DE D\u00c9BIT \u2013 45 MT","author":"admin","date":"28 mars 2024","format":false,"excerpt":"FLOW UZAYAN HORTUM SET\u0130 - 45 MT FLOW Uzayan Hortum Seti - 45 Metre, bah\u00e7e sulama i\u015flerinizi kolayla\u015ft\u0131rmak i\u00e7in tasarlanm\u0131\u015f bir \u00fcr\u00fcnd\u00fcr. Suyun bas\u0131nc\u0131yla 15 metreden 45 metreye kadar uzayabilen esnek bir hortumu i\u00e7erir. Ayr\u0131ca, musluk kapat\u0131ld\u0131\u011f\u0131nda otomatik olarak toplan\u0131r. \u00d6zellikler: Esnek Uzunluk: Suyun bas\u0131nc\u0131yla hortum, kullan\u0131c\u0131 ihtiyac\u0131na g\u00f6re 10\u2026","rel":"","context":"Article similaire","block_context":{"text":"Article similaire","link":""},"img":{"alt_text":"FLOW UZAYAN HORTUM SET\u0130 - 45 MT","src":"https:\/\/i0.wp.com\/tuzlahortum.com.tr\/wp-content\/uploads\/2024\/03\/uzayan_hortum_4.jpg?fit=800%2C800&ssl=1&resize=350%2C200","width":350,"height":200,"srcset":"https:\/\/i0.wp.com\/tuzlahortum.com.tr\/wp-content\/uploads\/2024\/03\/uzayan_hortum_4.jpg?fit=800%2C800&ssl=1&resize=350%2C200 1x, https:\/\/i0.wp.com\/tuzlahortum.com.tr\/wp-content\/uploads\/2024\/03\/uzayan_hortum_4.jpg?fit=800%2C800&ssl=1&resize=525%2C300 1.5x, https:\/\/i0.wp.com\/tuzlahortum.com.tr\/wp-content\/uploads\/2024\/03\/uzayan_hortum_4.jpg?fit=800%2C800&ssl=1&resize=700%2C400 2x"},"classes":[]},{"id":13226,"url":"https:\/\/tuzlahortum.com.tr\/fr\/produit\/flow-uzayan-hortum-seti-30-mt\/","url_meta":{"origin":13242,"position":2},"title":"JEU DE TUYAUX D&#039;EXTENSION DE D\u00c9BIT \u2013 30 MT","author":"admin","date":"28 mars 2024","format":false,"excerpt":"FLOW UZAYAN HORTUM SET\u0130 - 30 MT FLOW Uzayan Hortum Seti - 30 Metre, bah\u00e7e sulama i\u015flerinizi kolayla\u015ft\u0131rmak i\u00e7in tasarlanm\u0131\u015f bir \u00fcr\u00fcnd\u00fcr. Suyun bas\u0131nc\u0131yla 10 metreden 30 metreye kadar uzayabilen esnek bir hortumu i\u00e7erir. Ayr\u0131ca, musluk kapat\u0131ld\u0131\u011f\u0131nda otomatik olarak toplan\u0131r. \u00d6zellikler: Esnek Uzunluk: Suyun bas\u0131nc\u0131yla hortum, kullan\u0131c\u0131 ihtiyac\u0131na g\u00f6re 10\u2026","rel":"","context":"Article similaire","block_context":{"text":"Article similaire","link":""},"img":{"alt_text":"FLOW UZAYAN HORTUM SET\u0130 - 15 MT","src":"https:\/\/i0.wp.com\/tuzlahortum.com.tr\/wp-content\/uploads\/2024\/03\/uzayan_hortum_1.jpg?fit=800%2C800&ssl=1&resize=350%2C200","width":350,"height":200,"srcset":"https:\/\/i0.wp.com\/tuzlahortum.com.tr\/wp-content\/uploads\/2024\/03\/uzayan_hortum_1.jpg?fit=800%2C800&ssl=1&resize=350%2C200 1x, https:\/\/i0.wp.com\/tuzlahortum.com.tr\/wp-content\/uploads\/2024\/03\/uzayan_hortum_1.jpg?fit=800%2C800&ssl=1&resize=525%2C300 1.5x, https:\/\/i0.wp.com\/tuzlahortum.com.tr\/wp-content\/uploads\/2024\/03\/uzayan_hortum_1.jpg?fit=800%2C800&ssl=1&resize=700%2C400 2x"},"classes":[]},{"id":13227,"url":"https:\/\/tuzlahortum.com.tr\/fr\/produit\/flow-uzayan-hortum-seti-15-mt\/","url_meta":{"origin":13242,"position":3},"title":"JEU DE TUYAUX D&#039;EXTENSION DE D\u00c9BIT \u2013 15 MT","author":"admin","date":"28 mars 2024","format":false,"excerpt":"FLOW UZAYAN HORTUM SET\u0130 - 15 MT FLOW Uzayan Hortum Seti - 15 Metre, bah\u00e7e sulama i\u015flerinizi kolayla\u015ft\u0131rmak i\u00e7in tasarlanm\u0131\u015f bir \u00fcr\u00fcnd\u00fcr. Suyun bas\u0131nc\u0131yla 5 metreden 15 metreye kadar uzayabilen esnek bir hortumu i\u00e7erir. Ayr\u0131ca, musluk kapat\u0131ld\u0131\u011f\u0131nda otomatik olarak toplan\u0131r. \u00d6zellikler: Esnek Uzunluk: Suyun bas\u0131nc\u0131yla hortum, kullan\u0131c\u0131 ihtiyac\u0131na g\u00f6re 10\u2026","rel":"","context":"Article similaire","block_context":{"text":"Article similaire","link":""},"img":{"alt_text":"FLOW UZAYAN HORTUM SET\u0130 - 15 MT","src":"https:\/\/i0.wp.com\/tuzlahortum.com.tr\/wp-content\/uploads\/2024\/03\/uzayan_hortum_2.jpg?fit=800%2C800&ssl=1&resize=350%2C200","width":350,"height":200,"srcset":"https:\/\/i0.wp.com\/tuzlahortum.com.tr\/wp-content\/uploads\/2024\/03\/uzayan_hortum_2.jpg?fit=800%2C800&ssl=1&resize=350%2C200 1x, https:\/\/i0.wp.com\/tuzlahortum.com.tr\/wp-content\/uploads\/2024\/03\/uzayan_hortum_2.jpg?fit=800%2C800&ssl=1&resize=525%2C300 1.5x, https:\/\/i0.wp.com\/tuzlahortum.com.tr\/wp-content\/uploads\/2024\/03\/uzayan_hortum_2.jpg?fit=800%2C800&ssl=1&resize=700%2C400 2x"},"classes":[]},{"id":13235,"url":"https:\/\/tuzlahortum.com.tr\/fr\/produit\/flow-eko-jak-1-2-3-4-disi-uc\/","url_meta":{"origin":13242,"position":4},"title":"PRISE FLOW ECO 1\/2 \u2013 3\/4 FEMELLE","author":"admin","date":"28 mars 2024","format":false,"excerpt":"FLOW EKO JAK 1\/2 - 3\/4 D\u0130\u015e\u0130 U\u00c7 FLOW EKO JAK - 1\/2\" - 3\/4\" Di\u015fi U\u00e7, bah\u00e7e sulama sistemlerindeki uyumluluk sorunlar\u0131n\u0131 gidermek ve daha etkili bir sulama deneyimi sunmak i\u00e7in tasarlanm\u0131\u015ft\u0131r. \u00d6zellikler: Evrensel Uyumluluk: Bu di\u015fi u\u00e7, \u00e7o\u011fu standart bah\u00e7e sulama ekipman\u0131yla uyumlu olarak tasarlanm\u0131\u015ft\u0131r. Farkl\u0131 \u00e7aplardaki hortumlar\u0131 ve\u2026","rel":"","context":"Article similaire","block_context":{"text":"Article similaire","link":""},"img":{"alt_text":"","src":"https:\/\/i0.wp.com\/tuzlahortum.com.tr\/wp-content\/uploads\/2024\/03\/jak_eko_disi_uc_1.jpg?fit=800%2C800&ssl=1&resize=350%2C200","width":350,"height":200,"srcset":"https:\/\/i0.wp.com\/tuzlahortum.com.tr\/wp-content\/uploads\/2024\/03\/jak_eko_disi_uc_1.jpg?fit=800%2C800&ssl=1&resize=350%2C200 1x, https:\/\/i0.wp.com\/tuzlahortum.com.tr\/wp-content\/uploads\/2024\/03\/jak_eko_disi_uc_1.jpg?fit=800%2C800&ssl=1&resize=525%2C300 1.5x, https:\/\/i0.wp.com\/tuzlahortum.com.tr\/wp-content\/uploads\/2024\/03\/jak_eko_disi_uc_1.jpg?fit=800%2C800&ssl=1&resize=700%2C400 2x"},"classes":[]},{"id":13234,"url":"https:\/\/tuzlahortum.com.tr\/fr\/produit\/flow-eko-jak-govde-ekleme-uu\/","url_meta":{"origin":13242,"position":5},"title":"FLOW ECO JACK \u2013 AJOUT CORPS (UU)","author":"admin","date":"28 mars 2024","format":false,"excerpt":"FLOW EKO JAK - G\u00d6VDE EKLEME (UU) FLOW EKO JAK - G\u00f6vde Ekleme (UU), bah\u00e7e sulama sistemlerinizdeki uyumluluk sorunlar\u0131n\u0131 \u00e7\u00f6zmek ve daha etkili bir sulama deneyimi sa\u011flamak i\u00e7in tasarlanm\u0131\u015ft\u0131r. \u00d6zellikler: Evrensel Uyumluluk: Bu g\u00f6vde eklemesi, \u00e7o\u011fu standart bah\u00e7e sulama ekipman\u0131yla uyumlu olarak tasarlanm\u0131\u015ft\u0131r. Farkl\u0131 \u00e7ap ve yap\u0131daki hortumlarla sorunsuz bir\u2026","rel":"","context":"Article similaire","block_context":{"text":"Article similaire","link":""},"img":{"alt_text":"","src":"https:\/\/i0.wp.com\/tuzlahortum.com.tr\/wp-content\/uploads\/2024\/03\/jak_eko_hortum_ekleme_uu.jpg?fit=800%2C800&ssl=1&resize=350%2C200","width":350,"height":200,"srcset":"https:\/\/i0.wp.com\/tuzlahortum.com.tr\/wp-content\/uploads\/2024\/03\/jak_eko_hortum_ekleme_uu.jpg?fit=800%2C800&ssl=1&resize=350%2C200 1x, https:\/\/i0.wp.com\/tuzlahortum.com.tr\/wp-content\/uploads\/2024\/03\/jak_eko_hortum_ekleme_uu.jpg?fit=800%2C800&ssl=1&resize=525%2C300 1.5x, https:\/\/i0.wp.com\/tuzlahortum.com.tr\/wp-content\/uploads\/2024\/03\/jak_eko_hortum_ekleme_uu.jpg?fit=800%2C800&ssl=1&resize=700%2C400 2x"},"classes":[]}],"jetpack_sharing_enabled":true,"jetpack_likes_enabled":true,"_links":{"self":[{"href":"https:\/\/tuzlahortum.com.tr\/fr\/wp-json\/wp\/v2\/product\/13242","targetHints":{"allow":["GET"]}}],"collection":[{"href":"https:\/\/tuzlahortum.com.tr\/fr\/wp-json\/wp\/v2\/product"}],"about":[{"href":"https:\/\/tuzlahortum.com.tr\/fr\/wp-json\/wp\/v2\/types\/product"}],"replies":[{"embeddable":true,"href":"https:\/\/tuzlahortum.com.tr\/fr\/wp-json\/wp\/v2\/comments?post=13242"}],"wp:featuredmedia":[{"embeddable":true,"href":"https:\/\/tuzlahortum.com.tr\/fr\/wp-json\/wp\/v2\/media\/13309"}],"wp:attachment":[{"href":"https:\/\/tuzlahortum.com.tr\/fr\/wp-json\/wp\/v2\/media?parent=13242"}],"wp:term":[{"taxonomy":"product_brand","embeddable":true,"href":"https:\/\/tuzlahortum.com.tr\/fr\/wp-json\/wp\/v2\/product_brand?post=13242"},{"taxonomy":"product_cat","embeddable":true,"href":"https:\/\/tuzlahortum.com.tr\/fr\/wp-json\/wp\/v2\/product_cat?post=13242"},{"taxonomy":"product_tag","embeddable":true,"href":"https:\/\/tuzlahortum.com.tr\/fr\/wp-json\/wp\/v2\/product_tag?post=13242"}],"curies":[{"name":"wp","href":"https:\/\/api.w.org\/{rel}","templated":true}]}}