{"id":13238,"date":"2024-03-28T17:35:47","date_gmt":"2024-03-28T14:35:47","guid":{"rendered":"https:\/\/tuzlahortum.com.tr\/?post_type=product&#038;p=13238"},"modified":"2025-08-20T11:58:04","modified_gmt":"2025-08-20T08:58:04","slug":"flow-gr-komple-metal-bahce-tabancasi","status":"publish","type":"product","link":"https:\/\/tuzlahortum.com.tr\/fr\/produit\/flow-gr-komple-metal-bahce-tabancasi\/","title":{"rendered":"PISTOLET DE JARDIN EN M\u00c9TAL COMPLET FLOW GR"},"content":{"rendered":"<p>PISTOLET DE JARDIN EN M\u00c9TAL COMPLET FLOW GR<\/p>\n<p>Le pistolet de jardin tout m\u00e9tal FLOW GR vous permet d&#039;effectuer efficacement vos travaux d&#039;irrigation de jardin gr\u00e2ce \u00e0 sa structure m\u00e9tallique solide et ses fonctionnalit\u00e9s faciles \u00e0 utiliser.<\/p>\n<p>Caract\u00e9ristiques:<\/p>\n<ol>\n<li><strong>Construction m\u00e9tallique durable<\/strong>: L&#039;ensemble du pistolet est fabriqu\u00e9 dans un mat\u00e9riau m\u00e9tallique de haute qualit\u00e9. De cette fa\u00e7on, il est durable pour une utilisation \u00e0 long terme et r\u00e9sistant aux facteurs externes.<\/li>\n<li><strong>Design ergonomique<\/strong>: Avec son design convivial, il offre un confort m\u00eame lors d&#039;une utilisation \u00e0 long terme. La poign\u00e9e ergonomique tient confortablement dans votre main et vous \u00e9vite de vous fatiguer.<\/li>\n<li><strong>Diff\u00e9rents modes de pulv\u00e9risation<\/strong>: FLOW GR Garden Gun dispose de diff\u00e9rents modes de pulv\u00e9risation qui peuvent \u00eatre ajust\u00e9s pour r\u00e9pondre aux diff\u00e9rents besoins d&#039;irrigation. Ces modes incluent des options telles que jet, pluie, conique et brume.<\/li>\n<li><strong>Mat\u00e9riau inoxydable et durable<\/strong>: Le mat\u00e9riau m\u00e9tallique, r\u00e9sistant \u00e0 la rouille, est id\u00e9al pour une utilisation \u00e0 long terme et offre une structure fiable.<\/li>\n<li><strong>Facile \u00e0 utiliser<\/strong>: Gr\u00e2ce \u00e0 ses boutons de commande simples et faciles \u00e0 utiliser, FLOW GR Garden Gun vous permet de r\u00e9aliser vos travaux d&#039;irrigation de mani\u00e8re rapide et efficace.<\/li>\n<\/ol>\n<p>Le pistolet de jardin tout m\u00e9tal FLOW GR est une option id\u00e9ale pour r\u00e9pondre aux besoins d&#039;irrigation de votre jardin et offrir une facilit\u00e9 d&#039;utilisation.<\/p>","protected":false},"excerpt":{"rendered":"<p>FLOW GR KOMPLE METAL BAH\u00c7E TABANCASI FLOW GR Komple Metal Bah\u00e7e Tabancas\u0131, sa\u011flam metal yap\u0131s\u0131 ve kullan\u0131m\u0131 kolay \u00f6zellikleriyle bah\u00e7e sulama i\u015flerinizi etkili bir \u015fekilde yerine getirmenizi sa\u011flar. \u00d6zellikler: Dayan\u0131kl\u0131 Metal Yap\u0131: Tabancan\u0131n tamam\u0131 y\u00fcksek kaliteli metal malzemeden \u00fcretilmi\u015ftir. Bu sayede uzun s\u00fcreli kullan\u0131ma dayan\u0131kl\u0131d\u0131r ve d\u0131\u015f etkenlere kar\u015f\u0131 diren\u00e7lidir. Ergonomik Tasar\u0131m: Kullan\u0131c\u0131 dostu tasar\u0131m\u0131 [&#8230;]\n","protected":false},"featured_media":13292,"comment_status":"open","ping_status":"closed","template":"","meta":{"jetpack_post_was_ever_published":false},"product_brand":[],"product_cat":[2347],"product_tag":[],"class_list":{"0":"post-13238","1":"product","2":"type-product","3":"status-publish","4":"has-post-thumbnail","6":"product_cat-bahce","8":"first","9":"instock","10":"featured","11":"taxable","12":"shipping-taxable","13":"product-type-simple"},"jetpack-related-posts":[],"jetpack_sharing_enabled":true,"jetpack_likes_enabled":true,"_links":{"self":[{"href":"https:\/\/tuzlahortum.com.tr\/fr\/wp-json\/wp\/v2\/product\/13238","targetHints":{"allow":["GET"]}}],"collection":[{"href":"https:\/\/tuzlahortum.com.tr\/fr\/wp-json\/wp\/v2\/product"}],"about":[{"href":"https:\/\/tuzlahortum.com.tr\/fr\/wp-json\/wp\/v2\/types\/product"}],"replies":[{"embeddable":true,"href":"https:\/\/tuzlahortum.com.tr\/fr\/wp-json\/wp\/v2\/comments?post=13238"}],"wp:featuredmedia":[{"embeddable":true,"href":"https:\/\/tuzlahortum.com.tr\/fr\/wp-json\/wp\/v2\/media\/13292"}],"wp:attachment":[{"href":"https:\/\/tuzlahortum.com.tr\/fr\/wp-json\/wp\/v2\/media?parent=13238"}],"wp:term":[{"taxonomy":"product_brand","embeddable":true,"href":"https:\/\/tuzlahortum.com.tr\/fr\/wp-json\/wp\/v2\/product_brand?post=13238"},{"taxonomy":"product_cat","embeddable":true,"href":"https:\/\/tuzlahortum.com.tr\/fr\/wp-json\/wp\/v2\/product_cat?post=13238"},{"taxonomy":"product_tag","embeddable":true,"href":"https:\/\/tuzlahortum.com.tr\/fr\/wp-json\/wp\/v2\/product_tag?post=13238"}],"curies":[{"name":"wp","href":"https:\/\/api.w.org\/{rel}","templated":true}]}}