{"id":13234,"date":"2024-03-28T17:33:42","date_gmt":"2024-03-28T14:33:42","guid":{"rendered":"https:\/\/tuzlahortum.com.tr\/?post_type=product&#038;p=13234"},"modified":"2025-08-20T11:58:08","modified_gmt":"2025-08-20T08:58:08","slug":"flow-eko-jak-govde-ekleme-uu","status":"publish","type":"product","link":"https:\/\/tuzlahortum.com.tr\/fr\/produit\/flow-eko-jak-govde-ekleme-uu\/","title":{"rendered":"FLOW ECO JACK \u2013 AJOUT CORPS (UU)"},"content":{"rendered":"<p>FLOW ECO JACK \u2013 AJOUT CORPS (UU)<\/p>\n<p>FLOW ECO JACK \u2013 Body Insert (UU) est con\u00e7u pour r\u00e9soudre les probl\u00e8mes de compatibilit\u00e9 dans vos syst\u00e8mes d\u2019irrigation de jardin et offrir une exp\u00e9rience d\u2019arrosage plus efficace.<\/p>\n<p>Caract\u00e9ristiques:<\/p>\n<ol>\n<li><strong>Compatibilit\u00e9 universelle<\/strong>: Cet accessoire de tige est con\u00e7u pour \u00eatre compatible avec la plupart des \u00e9quipements d&#039;arrosage de jardin standard. Il peut \u00eatre utilis\u00e9 sans probl\u00e8me avec des tuyaux de diff\u00e9rents diam\u00e8tres et structures.<\/li>\n<li><strong>Mat\u00e9riau r\u00e9sistant<\/strong>: Fabriqu\u00e9 dans un mat\u00e9riau de haute qualit\u00e9, cet insert a une construction durable et robuste pour une utilisation \u00e0 long terme.<\/li>\n<li><strong>Assemblage facile<\/strong>: Gr\u00e2ce \u00e0 sa simple fonction de plug-in, il peut \u00eatre facilement connect\u00e9 et remplac\u00e9 par vos autres \u00e9quipements d&#039;irrigation. Il ne n\u00e9cessite aucun outil ou \u00e9quipement suppl\u00e9mentaire.<\/li>\n<li><strong>Prix raisonnable<\/strong>: Il attire l&#039;attention par son prix \u00e9conomique et abordable. C&#039;est une option \u00e9conomique pour am\u00e9liorer les syst\u00e8mes d&#039;irrigation de votre jardin.<\/li>\n<li><strong>Exp\u00e9rience d&#039;irrigation efficace<\/strong>: FLOW ECO JACK \u2013 Body Insert (UU) rend votre travail d\u2019irrigation plus efficace et facilite l\u2019entretien de votre jardin. Chaque processus d&#039;irrigation se d\u00e9roule plus efficacement.<\/li>\n<\/ol>\n<p>FLOW ECO JACK \u2013 Body Insert (UU) est une option id\u00e9ale pour mettre \u00e0 jour les syst\u00e8mes d&#039;irrigation de votre jardin et vivre une exp\u00e9rience d&#039;irrigation plus efficace.<\/p>","protected":false},"excerpt":{"rendered":"<p>FLOW EKO JAK &#8211; G\u00d6VDE EKLEME (UU) FLOW EKO JAK &#8211; G\u00f6vde Ekleme (UU), bah\u00e7e sulama sistemlerinizdeki uyumluluk sorunlar\u0131n\u0131 \u00e7\u00f6zmek ve daha etkili bir sulama deneyimi sa\u011flamak i\u00e7in tasarlanm\u0131\u015ft\u0131r. \u00d6zellikler: Evrensel Uyumluluk: Bu g\u00f6vde eklemesi, \u00e7o\u011fu standart bah\u00e7e sulama ekipman\u0131yla uyumlu olarak tasarlanm\u0131\u015ft\u0131r. Farkl\u0131 \u00e7ap ve yap\u0131daki hortumlarla sorunsuz bir \u015fekilde kullan\u0131labilir. Dayan\u0131kl\u0131 Malzeme: Y\u00fcksek [&#8230;]\n","protected":false},"featured_media":13282,"comment_status":"open","ping_status":"closed","template":"","meta":{"jetpack_post_was_ever_published":false},"product_brand":[],"product_cat":[2347],"product_tag":[],"class_list":{"0":"post-13234","1":"product","2":"type-product","3":"status-publish","4":"has-post-thumbnail","6":"product_cat-bahce","8":"first","9":"instock","10":"taxable","11":"shipping-taxable","12":"product-type-simple"},"jetpack-related-posts":[],"jetpack_sharing_enabled":true,"jetpack_likes_enabled":true,"_links":{"self":[{"href":"https:\/\/tuzlahortum.com.tr\/fr\/wp-json\/wp\/v2\/product\/13234","targetHints":{"allow":["GET"]}}],"collection":[{"href":"https:\/\/tuzlahortum.com.tr\/fr\/wp-json\/wp\/v2\/product"}],"about":[{"href":"https:\/\/tuzlahortum.com.tr\/fr\/wp-json\/wp\/v2\/types\/product"}],"replies":[{"embeddable":true,"href":"https:\/\/tuzlahortum.com.tr\/fr\/wp-json\/wp\/v2\/comments?post=13234"}],"wp:featuredmedia":[{"embeddable":true,"href":"https:\/\/tuzlahortum.com.tr\/fr\/wp-json\/wp\/v2\/media\/13282"}],"wp:attachment":[{"href":"https:\/\/tuzlahortum.com.tr\/fr\/wp-json\/wp\/v2\/media?parent=13234"}],"wp:term":[{"taxonomy":"product_brand","embeddable":true,"href":"https:\/\/tuzlahortum.com.tr\/fr\/wp-json\/wp\/v2\/product_brand?post=13234"},{"taxonomy":"product_cat","embeddable":true,"href":"https:\/\/tuzlahortum.com.tr\/fr\/wp-json\/wp\/v2\/product_cat?post=13234"},{"taxonomy":"product_tag","embeddable":true,"href":"https:\/\/tuzlahortum.com.tr\/fr\/wp-json\/wp\/v2\/product_tag?post=13234"}],"curies":[{"name":"wp","href":"https:\/\/api.w.org\/{rel}","templated":true}]}}