{"id":13232,"date":"2024-03-28T17:33:41","date_gmt":"2024-03-28T14:33:41","guid":{"rendered":"https:\/\/tuzlahortum.com.tr\/?post_type=product&#038;p=13232"},"modified":"2025-08-20T12:02:26","modified_gmt":"2025-08-20T09:02:26","slug":"flow-luks-2li-kollektor","status":"publish","type":"product","link":"https:\/\/tuzlahortum.com.tr\/fr\/produit\/flow-luks-2li-kollektor\/","title":{"rendered":"COLLECTEUR FLOW LUXURY 2 PI\u00c8CES"},"content":{"rendered":"<div>COLLECTEUR FLOW LUXURY 2 PI\u00c8CES<\/div>\n<div><\/div>\n<div>FLOW LUXURY 2-Collector est con\u00e7u pour optimiser l&#039;irrigation de votre jardin et g\u00e9rer le d\u00e9bit d&#039;eau plus efficacement.<\/div>\n<div><\/div>\n<div>Caract\u00e9ristiques:<\/div>\n<div><\/div>\n<div>1. **Construction durable** : fabriqu\u00e9 dans un mat\u00e9riau de haute qualit\u00e9 et dot\u00e9 d&#039;une construction robuste pour une utilisation \u00e0 long terme. Il garantit une connexion fiable en utilisant des mat\u00e9riaux tels que l&#039;acier inoxydable ou le plastique robuste.<\/div>\n<div><\/div>\n<div>2. **Conception \u00e0 2 voies** : il dispose de deux sorties s\u00e9par\u00e9es, de sorte que vous pouvez diriger le d\u00e9bit d&#039;eau vers deux zones d&#039;irrigation diff\u00e9rentes en m\u00eame temps.<\/div>\n<div><\/div>\n<div>3. **Installation facile** : gr\u00e2ce \u00e0 sa simple fonction de plug-in, il peut \u00eatre facilement connect\u00e9 et remplac\u00e9 par d&#039;autres \u00e9quipements d&#039;irrigation. Il ne n\u00e9cessite aucun outil ou \u00e9quipement suppl\u00e9mentaire.<\/div>\n<div><\/div>\n<div>4. **Compatibilit\u00e9 universelle** : compatible avec les tuyaux d&#039;arrosage standard et peut \u00eatre utilis\u00e9 avec la plupart des syst\u00e8mes d&#039;irrigation.<\/div>\n<div><\/div>\n<div>5. **Exp\u00e9rience d&#039;irrigation efficace** : FLOW LUXURY 2-Collector rend votre travail d&#039;irrigation plus efficace et facilite l&#039;entretien de votre jardin. Chaque processus d&#039;irrigation se d\u00e9roule plus efficacement.<\/div>\n<div><\/div>\n<div>FLOW LUXURY 2-Collector est une option id\u00e9ale pour mettre \u00e0 jour les syst\u00e8mes d&#039;irrigation de votre jardin et vivre une exp\u00e9rience d&#039;irrigation plus efficace.<\/div>","protected":false},"excerpt":{"rendered":"<p>FLOW L\u00dcKS 2&#8217;L\u0130 KOLLEKT\u00d6R FLOW L\u00dcKS 2&#8217;li Kollekt\u00f6r, bah\u00e7e sulama i\u015flerinizi optimize etmek ve su ak\u0131\u015f\u0131n\u0131 daha verimli bir \u015fekilde y\u00f6netmek i\u00e7in tasarlanm\u0131\u015ft\u0131r. \u00d6zellikler: 1. **Dayan\u0131kl\u0131 Yap\u0131**: Y\u00fcksek kaliteli malzemeden \u00fcretilmi\u015ftir ve uzun s\u00fcreli kullan\u0131m i\u00e7in sa\u011flam bir yap\u0131ya sahiptir. Paslanmaz \u00e7elik veya sa\u011flam plastik gibi malzemeler kullan\u0131larak g\u00fcvenilir bir ba\u011flant\u0131 sa\u011flar. 2. **2&#8217;l\u00fc Tasar\u0131m**: [&#8230;]\n","protected":false},"featured_media":13260,"comment_status":"open","ping_status":"closed","template":"","meta":{"jetpack_post_was_ever_published":false},"product_brand":[],"product_cat":[2347],"product_tag":[],"class_list":{"0":"post-13232","1":"product","2":"type-product","3":"status-publish","4":"has-post-thumbnail","6":"product_cat-bahce","8":"first","9":"instock","10":"featured","11":"taxable","12":"shipping-taxable","13":"product-type-simple"},"jetpack-related-posts":[],"jetpack_sharing_enabled":true,"jetpack_likes_enabled":true,"_links":{"self":[{"href":"https:\/\/tuzlahortum.com.tr\/fr\/wp-json\/wp\/v2\/product\/13232","targetHints":{"allow":["GET"]}}],"collection":[{"href":"https:\/\/tuzlahortum.com.tr\/fr\/wp-json\/wp\/v2\/product"}],"about":[{"href":"https:\/\/tuzlahortum.com.tr\/fr\/wp-json\/wp\/v2\/types\/product"}],"replies":[{"embeddable":true,"href":"https:\/\/tuzlahortum.com.tr\/fr\/wp-json\/wp\/v2\/comments?post=13232"}],"wp:featuredmedia":[{"embeddable":true,"href":"https:\/\/tuzlahortum.com.tr\/fr\/wp-json\/wp\/v2\/media\/13260"}],"wp:attachment":[{"href":"https:\/\/tuzlahortum.com.tr\/fr\/wp-json\/wp\/v2\/media?parent=13232"}],"wp:term":[{"taxonomy":"product_brand","embeddable":true,"href":"https:\/\/tuzlahortum.com.tr\/fr\/wp-json\/wp\/v2\/product_brand?post=13232"},{"taxonomy":"product_cat","embeddable":true,"href":"https:\/\/tuzlahortum.com.tr\/fr\/wp-json\/wp\/v2\/product_cat?post=13232"},{"taxonomy":"product_tag","embeddable":true,"href":"https:\/\/tuzlahortum.com.tr\/fr\/wp-json\/wp\/v2\/product_tag?post=13232"}],"curies":[{"name":"wp","href":"https:\/\/api.w.org\/{rel}","templated":true}]}}