{"id":13231,"date":"2024-03-28T17:33:41","date_gmt":"2024-03-28T14:33:41","guid":{"rendered":"https:\/\/tuzlahortum.com.tr\/?post_type=product&#038;p=13231"},"modified":"2025-08-20T11:58:18","modified_gmt":"2025-08-20T08:58:18","slug":"flow-luks-4lu-kollektor","status":"publish","type":"product","link":"https:\/\/tuzlahortum.com.tr\/fr\/produit\/flow-luks-4lu-kollektor\/","title":{"rendered":"COLLECTEUR FLOW LUXURY 4 PI\u00c8CES"},"content":{"rendered":"<p>COLLECTEUR FLOW LUXURY 4 PI\u00c8CES<\/p>\n<p>Le collecteur FLOW LUXURY 4 pi\u00e8ces est con\u00e7u pour augmenter l&#039;efficacit\u00e9 de vos travaux d&#039;irrigation de jardin et diriger facilement le flux d&#039;eau vers diff\u00e9rentes zones.<\/p>\n<p>Caract\u00e9ristiques:<\/p>\n<ol>\n<li><strong>Construction durable<\/strong>: Il est fabriqu\u00e9 dans un mat\u00e9riau de haute qualit\u00e9 et poss\u00e8de une construction robuste pour une utilisation \u00e0 long terme. Il garantit une connexion fiable en utilisant des mat\u00e9riaux tels que l&#039;acier inoxydable ou le plastique robuste.<\/li>\n<li><strong>Conception quadruple<\/strong>: Il dispose de quatre sorties s\u00e9par\u00e9es, vous pouvez donc utiliser plusieurs tuyaux en m\u00eame temps ou distribuer de l&#039;eau \u00e0 diff\u00e9rentes zones d&#039;irrigation.<\/li>\n<li><strong>Assemblage facile<\/strong>: Gr\u00e2ce \u00e0 sa simple fonction de plug-in, il peut \u00eatre facilement connect\u00e9 et remplac\u00e9 par d&#039;autres \u00e9quipements d&#039;irrigation. Il ne n\u00e9cessite aucun outil ou \u00e9quipement suppl\u00e9mentaire.<\/li>\n<li><strong>Compatibilit\u00e9 universelle<\/strong>: Compatible avec les tuyaux d&#039;arrosage standards et peut \u00eatre utilis\u00e9 avec la plupart des syst\u00e8mes d&#039;irrigation.<\/li>\n<li><strong>Exp\u00e9rience d&#039;irrigation efficace<\/strong>: Le collecteur 4 pi\u00e8ces FLOW LUXURY rend votre travail d&#039;irrigation plus efficace et facilite l&#039;entretien de votre jardin. Chaque processus d&#039;irrigation se d\u00e9roule plus efficacement.<\/li>\n<\/ol>\n<p>Le collecteur 4 voies FLOW LUXURY est une option id\u00e9ale pour mettre \u00e0 jour les syst\u00e8mes d&#039;irrigation de votre jardin et vivre une exp\u00e9rience d&#039;irrigation plus efficace.<\/p>","protected":false},"excerpt":{"rendered":"<p>FLOW L\u00dcKS 4&#8217;L\u00dc KOLLEKT\u00d6R FLOW L\u00dcKS 4&#8217;l\u00fc Kollekt\u00f6r, bah\u00e7e sulama i\u015flerinizde verimlili\u011fi art\u0131rmak ve farkl\u0131 b\u00f6lgelere su ak\u0131\u015f\u0131n\u0131 kolayca y\u00f6nlendirmek i\u00e7in tasarlanm\u0131\u015ft\u0131r. \u00d6zellikler: Dayan\u0131kl\u0131 Yap\u0131: Y\u00fcksek kaliteli malzemeden \u00fcretilmi\u015ftir ve uzun s\u00fcreli kullan\u0131m i\u00e7in sa\u011flam bir yap\u0131ya sahiptir. Paslanmaz \u00e7elik veya sa\u011flam plastik gibi malzemeler kullan\u0131larak g\u00fcvenilir bir ba\u011flant\u0131 sa\u011flar. 4&#8217;l\u00fc Tasar\u0131m: D\u00f6rt ayr\u0131 \u00e7\u0131k\u0131\u015fa [&#8230;]\n","protected":false},"featured_media":13257,"comment_status":"open","ping_status":"closed","template":"","meta":{"jetpack_post_was_ever_published":false},"product_brand":[],"product_cat":[2347],"product_tag":[],"class_list":{"0":"post-13231","1":"product","2":"type-product","3":"status-publish","4":"has-post-thumbnail","6":"product_cat-bahce","8":"first","9":"instock","10":"featured","11":"taxable","12":"shipping-taxable","13":"product-type-simple"},"jetpack-related-posts":[],"jetpack_sharing_enabled":true,"jetpack_likes_enabled":true,"_links":{"self":[{"href":"https:\/\/tuzlahortum.com.tr\/fr\/wp-json\/wp\/v2\/product\/13231","targetHints":{"allow":["GET"]}}],"collection":[{"href":"https:\/\/tuzlahortum.com.tr\/fr\/wp-json\/wp\/v2\/product"}],"about":[{"href":"https:\/\/tuzlahortum.com.tr\/fr\/wp-json\/wp\/v2\/types\/product"}],"replies":[{"embeddable":true,"href":"https:\/\/tuzlahortum.com.tr\/fr\/wp-json\/wp\/v2\/comments?post=13231"}],"wp:featuredmedia":[{"embeddable":true,"href":"https:\/\/tuzlahortum.com.tr\/fr\/wp-json\/wp\/v2\/media\/13257"}],"wp:attachment":[{"href":"https:\/\/tuzlahortum.com.tr\/fr\/wp-json\/wp\/v2\/media?parent=13231"}],"wp:term":[{"taxonomy":"product_brand","embeddable":true,"href":"https:\/\/tuzlahortum.com.tr\/fr\/wp-json\/wp\/v2\/product_brand?post=13231"},{"taxonomy":"product_cat","embeddable":true,"href":"https:\/\/tuzlahortum.com.tr\/fr\/wp-json\/wp\/v2\/product_cat?post=13231"},{"taxonomy":"product_tag","embeddable":true,"href":"https:\/\/tuzlahortum.com.tr\/fr\/wp-json\/wp\/v2\/product_tag?post=13231"}],"curies":[{"name":"wp","href":"https:\/\/api.w.org\/{rel}","templated":true}]}}