{"id":13230,"date":"2024-03-28T17:33:41","date_gmt":"2024-03-28T14:33:41","guid":{"rendered":"https:\/\/tuzlahortum.com.tr\/?post_type=product&#038;p=13230"},"modified":"2025-08-20T11:58:15","modified_gmt":"2025-08-20T08:58:15","slug":"flow-luks-jak-1-2-hortum-govde","status":"publish","type":"product","link":"https:\/\/tuzlahortum.com.tr\/fr\/produit\/flow-luks-jak-1-2-hortum-govde\/","title":{"rendered":"FLOW LUXURY JACK 1\/2 CORPS DE TUYAU"},"content":{"rendered":"<p>FLOW LUXURY JACK 1\/2 CORPS DE TUYAU<\/p>\n<p>Le corps de tuyau FLOW LUXURY JACK 1\/2 est con\u00e7u pour fournir une connexion fiable dans vos syst\u00e8mes d&#039;irrigation de jardin.<\/p>\n<p>Caract\u00e9ristiques:<\/p>\n<ol>\n<li><strong>Construction durable<\/strong>: Il est fabriqu\u00e9 dans un mat\u00e9riau de haute qualit\u00e9 et poss\u00e8de une structure durable pour une utilisation durable. Il garantit une connexion fiable en utilisant des mat\u00e9riaux tels que l&#039;acier inoxydable ou le plastique robuste.<\/li>\n<li><strong>Compatibilit\u00e9 universelle<\/strong>: Cette tige de tuyau est con\u00e7ue pour \u00eatre compatible avec la plupart des \u00e9quipements d&#039;arrosage de jardin standard. Il est id\u00e9al pour combiner des tuyaux de diff\u00e9rents diam\u00e8tres et offre une large compatibilit\u00e9.<\/li>\n<li><strong>Assemblage facile<\/strong>: Gr\u00e2ce \u00e0 sa simple fonction de plug-in, il peut \u00eatre facilement connect\u00e9 et remplac\u00e9 par d&#039;autres \u00e9quipements d&#039;irrigation. Il ne n\u00e9cessite aucun outil ou \u00e9quipement suppl\u00e9mentaire.<\/li>\n<li><strong>Prix raisonnable<\/strong>: Il attire l&#039;attention par son prix \u00e9conomique et abordable. C&#039;est une option rentable pour mettre \u00e0 jour ou \u00e9tendre vos syst\u00e8mes d&#039;irrigation de jardin.<\/li>\n<li><strong>Exp\u00e9rience d&#039;irrigation efficace<\/strong>: Le corps de tuyau FLOW LUXURY JACK 1\/2 rend votre travail d&#039;irrigation plus efficace et facilite l&#039;entretien de votre jardin. Chaque processus d&#039;irrigation se d\u00e9roule plus efficacement.<\/li>\n<\/ol>\n<p>Le corps de tuyau FLOW LUXURY JACK 1\/2 est une option id\u00e9ale pour mettre \u00e0 jour les syst\u00e8mes d&#039;irrigation de votre jardin et vivre une exp\u00e9rience d&#039;irrigation plus efficace.<\/p>","protected":false},"excerpt":{"rendered":"<p>FLOW L\u00dcKS JAK 1\/2 HORTUM G\u00d6VDE FLOW L\u00dcKS JAK 1\/2 Hortum G\u00f6vdesi, bah\u00e7e sulama sistemlerinizde g\u00fcvenilir bir ba\u011flant\u0131 sa\u011flamak i\u00e7in tasarlanm\u0131\u015ft\u0131r. \u00d6zellikler: Dayan\u0131kl\u0131 Yap\u0131: Y\u00fcksek kaliteli malzemeden \u00fcretilmi\u015ftir ve uzun \u00f6m\u00fcrl\u00fc kullan\u0131m i\u00e7in dayan\u0131kl\u0131 bir yap\u0131ya sahiptir. Paslanmaz \u00e7elik veya sa\u011flam plastik gibi malzemeler kullan\u0131larak g\u00fcvenilir bir ba\u011flant\u0131 sa\u011flar. Evrensel Uyumluluk: Bu hortum g\u00f6vdesi, \u00e7o\u011fu [&#8230;]\n","protected":false},"featured_media":13272,"comment_status":"open","ping_status":"closed","template":"","meta":{"jetpack_post_was_ever_published":false},"product_brand":[],"product_cat":[2347],"product_tag":[],"class_list":{"0":"post-13230","1":"product","2":"type-product","3":"status-publish","4":"has-post-thumbnail","6":"product_cat-bahce","8":"first","9":"instock","10":"taxable","11":"shipping-taxable","12":"product-type-simple"},"jetpack-related-posts":[],"jetpack_sharing_enabled":true,"jetpack_likes_enabled":true,"_links":{"self":[{"href":"https:\/\/tuzlahortum.com.tr\/fr\/wp-json\/wp\/v2\/product\/13230","targetHints":{"allow":["GET"]}}],"collection":[{"href":"https:\/\/tuzlahortum.com.tr\/fr\/wp-json\/wp\/v2\/product"}],"about":[{"href":"https:\/\/tuzlahortum.com.tr\/fr\/wp-json\/wp\/v2\/types\/product"}],"replies":[{"embeddable":true,"href":"https:\/\/tuzlahortum.com.tr\/fr\/wp-json\/wp\/v2\/comments?post=13230"}],"wp:featuredmedia":[{"embeddable":true,"href":"https:\/\/tuzlahortum.com.tr\/fr\/wp-json\/wp\/v2\/media\/13272"}],"wp:attachment":[{"href":"https:\/\/tuzlahortum.com.tr\/fr\/wp-json\/wp\/v2\/media?parent=13230"}],"wp:term":[{"taxonomy":"product_brand","embeddable":true,"href":"https:\/\/tuzlahortum.com.tr\/fr\/wp-json\/wp\/v2\/product_brand?post=13230"},{"taxonomy":"product_cat","embeddable":true,"href":"https:\/\/tuzlahortum.com.tr\/fr\/wp-json\/wp\/v2\/product_cat?post=13230"},{"taxonomy":"product_tag","embeddable":true,"href":"https:\/\/tuzlahortum.com.tr\/fr\/wp-json\/wp\/v2\/product_tag?post=13230"}],"curies":[{"name":"wp","href":"https:\/\/api.w.org\/{rel}","templated":true}]}}