{"id":13227,"date":"2024-03-28T17:29:03","date_gmt":"2024-03-28T14:29:03","guid":{"rendered":"https:\/\/tuzlahortum.com.tr\/?post_type=product&#038;p=13227"},"modified":"2025-08-20T12:02:41","modified_gmt":"2025-08-20T09:02:41","slug":"flow-uzayan-hortum-seti-15-mt","status":"publish","type":"product","link":"https:\/\/tuzlahortum.com.tr\/fr\/produit\/flow-uzayan-hortum-seti-15-mt\/","title":{"rendered":"JEU DE TUYAUX D&#039;EXTENSION DE D\u00c9BIT \u2013 15 MT"},"content":{"rendered":"<p>JEU DE TUYAUX D&#039;EXTENSION DE D\u00c9BIT \u2013 15 MT<\/p>\n<p>Ensemble de tuyaux extensibles FLOW \u2013 15 m\u00e8tres est un produit con\u00e7u pour faciliter les travaux d&#039;irrigation de votre jardin. Il contient un tuyau flexible qui peut s&#039;\u00e9tendre de 5 m\u00e8tres \u00e0 15 m\u00e8tres avec la pression de l&#039;eau. De plus, il est collect\u00e9 automatiquement lorsque le robinet est ferm\u00e9.<\/p>\n<p>Caract\u00e9ristiques:<\/p>\n<ol>\n<li><strong>Longueur flexible<\/strong>: Avec la pression de l&#039;eau, le tuyau peut s&#039;\u00e9tendre de 10 m\u00e8tres \u00e0 30 m\u00e8tres selon les besoins de l&#039;utilisateur. Cela donne acc\u00e8s \u00e0 diff\u00e9rentes zones d\u2019irrigation et offre de la flexibilit\u00e9.<\/li>\n<li><strong>Rassemblement automatique<\/strong>: La collecte automatique du tuyau lorsque le robinet est ferm\u00e9 fait gagner du temps \u00e0 l&#039;utilisateur et facilite le stockage.<\/li>\n<li><strong>L\u00e9ger et flexible<\/strong>: Le tuyau, qui a une structure l\u00e9g\u00e8re, est facile \u00e0 transporter et offre une mobilit\u00e9 \u00e0 l&#039;utilisateur. En m\u00eame temps, comme il est tr\u00e8s flexible, il est pratique \u00e0 utiliser dans des espaces \u00e9troits.<\/li>\n<li><strong>Mat\u00e9riau r\u00e9sistant<\/strong>: Il est fabriqu\u00e9 dans un mat\u00e9riau de haute qualit\u00e9 et r\u00e9siste aux chocs, \u00e0 la flexion et \u00e0 la pression. Cela garantit la fiabilit\u00e9 pour une utilisation \u00e0 long terme.<\/li>\n<li><strong>Facile \u00e0 utiliser<\/strong>: Il est facile \u00e0 utiliser gr\u00e2ce \u00e0 son installation pratique et sa structure flexible. Il vous aide \u00e0 r\u00e9aliser efficacement vos travaux d\u2019irrigation.<\/li>\n<\/ol>\n<p>L&#039;ensemble de tuyaux extensibles FLOW \u2013 30 m\u00e8tres est la solution id\u00e9ale pour r\u00e9pondre aux besoins d&#039;irrigation de votre jardin. Il offre un confort maximal \u00e0 l&#039;utilisateur gr\u00e2ce \u00e0 sa fonction de rassemblement automatique et \u00e0 sa longueur flexible.<\/p>","protected":false},"excerpt":{"rendered":"<p>FLOW UZAYAN HORTUM SET\u0130 &#8211; 15 MT FLOW Uzayan Hortum Seti &#8211; 15 Metre, bah\u00e7e sulama i\u015flerinizi kolayla\u015ft\u0131rmak i\u00e7in tasarlanm\u0131\u015f bir \u00fcr\u00fcnd\u00fcr. Suyun bas\u0131nc\u0131yla 5 metreden 15 metreye kadar uzayabilen esnek bir hortumu i\u00e7erir. Ayr\u0131ca, musluk kapat\u0131ld\u0131\u011f\u0131nda otomatik olarak toplan\u0131r. \u00d6zellikler: Esnek Uzunluk: Suyun bas\u0131nc\u0131yla hortum, kullan\u0131c\u0131 ihtiyac\u0131na g\u00f6re 10 metreden 30 metreye kadar uzayabilir. [&#8230;]\n","protected":false},"featured_media":13340,"comment_status":"open","ping_status":"closed","template":"","meta":{"jetpack_post_was_ever_published":false},"product_brand":[],"product_cat":[2347],"product_tag":[],"class_list":{"0":"post-13227","1":"product","2":"type-product","3":"status-publish","4":"has-post-thumbnail","6":"product_cat-bahce","8":"first","9":"instock","10":"taxable","11":"shipping-taxable","12":"product-type-simple"},"jetpack-related-posts":[],"jetpack_sharing_enabled":true,"jetpack_likes_enabled":true,"_links":{"self":[{"href":"https:\/\/tuzlahortum.com.tr\/fr\/wp-json\/wp\/v2\/product\/13227","targetHints":{"allow":["GET"]}}],"collection":[{"href":"https:\/\/tuzlahortum.com.tr\/fr\/wp-json\/wp\/v2\/product"}],"about":[{"href":"https:\/\/tuzlahortum.com.tr\/fr\/wp-json\/wp\/v2\/types\/product"}],"replies":[{"embeddable":true,"href":"https:\/\/tuzlahortum.com.tr\/fr\/wp-json\/wp\/v2\/comments?post=13227"}],"wp:featuredmedia":[{"embeddable":true,"href":"https:\/\/tuzlahortum.com.tr\/fr\/wp-json\/wp\/v2\/media\/13340"}],"wp:attachment":[{"href":"https:\/\/tuzlahortum.com.tr\/fr\/wp-json\/wp\/v2\/media?parent=13227"}],"wp:term":[{"taxonomy":"product_brand","embeddable":true,"href":"https:\/\/tuzlahortum.com.tr\/fr\/wp-json\/wp\/v2\/product_brand?post=13227"},{"taxonomy":"product_cat","embeddable":true,"href":"https:\/\/tuzlahortum.com.tr\/fr\/wp-json\/wp\/v2\/product_cat?post=13227"},{"taxonomy":"product_tag","embeddable":true,"href":"https:\/\/tuzlahortum.com.tr\/fr\/wp-json\/wp\/v2\/product_tag?post=13227"}],"curies":[{"name":"wp","href":"https:\/\/api.w.org\/{rel}","templated":true}]}}