{"id":13224,"date":"2024-03-28T17:29:03","date_gmt":"2024-03-28T14:29:03","guid":{"rendered":"https:\/\/tuzlahortum.com.tr\/?post_type=product&#038;p=13224"},"modified":"2025-08-20T12:02:38","modified_gmt":"2025-08-20T09:02:38","slug":"flow-plastik-hortum-askisi","status":"publish","type":"product","link":"https:\/\/tuzlahortum.com.tr\/fr\/produit\/flow-plastik-hortum-askisi\/","title":{"rendered":"CINTRE DE TUYAU EN PLASTIQUE FLOW"},"content":{"rendered":"<p>CINTRE DE TUYAU EN PLASTIQUE FLOW<\/p>\n<p>Le support de tuyau en plastique FLOW est la solution id\u00e9ale pour garder vos tuyaux d&#039;arrosage organis\u00e9s et stock\u00e9s.<\/p>\n<p>Caract\u00e9ristiques:<\/p>\n<ol>\n<li><strong>Mati\u00e8re plastique durable<\/strong>: Fabriqu\u00e9 \u00e0 partir de plastique de haute qualit\u00e9, ce qui garantit une construction durable et robuste pour une utilisation \u00e0 long terme.<\/li>\n<li><strong>Assemblage facile<\/strong>: Gr\u00e2ce \u00e0 sa fonction de montage simple, il peut \u00eatre facilement mont\u00e9 sur les murs ou les murs du jardin. Les vis de montage n\u00e9cessaires sont g\u00e9n\u00e9ralement incluses dans l&#039;emballage.<\/li>\n<li><strong>Conception pratique<\/strong>: Sp\u00e9cialement con\u00e7u pour envelopper soigneusement le tuyau. De cette fa\u00e7on, votre tuyau est rang\u00e9 proprement et est rapidement pr\u00eat \u00e0 l&#039;emploi.<\/li>\n<li><strong>Compatibilit\u00e9 universelle<\/strong>: Il peut \u00eatre utilis\u00e9 compatible avec des tuyaux de diff\u00e9rentes tailles. Id\u00e9al pour les tuyaux d&#039;arrosage standards.<\/li>\n<li><strong>Divers domaines d&#039;utilisation<\/strong>: Il peut \u00eatre utilis\u00e9 dans les syst\u00e8mes d&#039;irrigation du jardin, les travaux de nettoyage ou l&#039;entretien du jardin.<\/li>\n<\/ol>\n<p>Le support de tuyau en plastique FLOW est un accessoire utile pour garder votre jardin organis\u00e9 et ranger facilement votre tuyau.<\/p>","protected":false},"excerpt":{"rendered":"<p>FLOW PLAST\u0130K HORTUM ASKISI FLOW Plastik Hortum Ask\u0131s\u0131, bah\u00e7e hortumlar\u0131n\u0131z\u0131 d\u00fczenli tutmak ve saklamak i\u00e7in ideal bir \u00e7\u00f6z\u00fcmd\u00fcr. \u00d6zellikler: Dayan\u0131kl\u0131 Plastik Malzeme: Y\u00fcksek kaliteli plastikten \u00fcretilmi\u015ftir, bu da uzun s\u00fcreli kullan\u0131m i\u00e7in dayan\u0131kl\u0131 ve sa\u011flam bir yap\u0131 sa\u011flar. Kolay Montaj: Basit montaj \u00f6zelli\u011fi sayesinde, duvar veya bah\u00e7e duvarlar\u0131na kolayca monte edilebilir. Gerekli montaj vidalar\u0131 genellikle [&#8230;]\n","protected":false},"featured_media":13336,"comment_status":"open","ping_status":"closed","template":"","meta":{"jetpack_post_was_ever_published":false},"product_brand":[],"product_cat":[2347],"product_tag":[],"class_list":{"0":"post-13224","1":"product","2":"type-product","3":"status-publish","4":"has-post-thumbnail","6":"product_cat-bahce","8":"first","9":"instock","10":"taxable","11":"shipping-taxable","12":"product-type-simple"},"jetpack-related-posts":[{"id":13222,"url":"https:\/\/tuzlahortum.com.tr\/fr\/produit\/flow-salinimli-fiskiye\/","url_meta":{"origin":13224,"position":0},"title":"FONTAINE BALAN\u00c7ANTE \u00c0 D\u00c9BIT","author":"admin","date":"28 mars 2024","format":false,"excerpt":"FLOW SALINIMLI FISK\u0130YE FLOW Sal\u0131n\u0131ml\u0131 F\u0131skiye, bah\u00e7e sulama sistemlerinde kullan\u0131lan ve suyun belirli bir alana d\u00fczenli bir \u015fekilde p\u00fcsk\u00fcrt\u00fclmesini sa\u011flayan bir sulama aksesuar\u0131d\u0131r. \u00d6zellikler: Sal\u0131n\u0131ml\u0131 Tasar\u0131m: F\u0131skiye ba\u015fl\u0131\u011f\u0131, suyun p\u00fcsk\u00fcrt\u00fclme esnas\u0131nda belirli bir sal\u0131n\u0131m hareketi yapmas\u0131n\u0131 sa\u011flayacak \u015fekilde tasarlanm\u0131\u015ft\u0131r. Bu sayede suyun daha geni\u015f bir alana e\u015fit \u015fekilde da\u011f\u0131lmas\u0131 sa\u011flan\u0131r.\u2026","rel":"","context":"Article similaire","block_context":{"text":"Article similaire","link":""},"img":{"alt_text":"FLOW SALINIMLI FISK\u0130YE","src":"https:\/\/i0.wp.com\/tuzlahortum.com.tr\/wp-content\/uploads\/2024\/03\/dairesel_sulama_3.jpg?fit=800%2C800&ssl=1&resize=350%2C200","width":350,"height":200,"srcset":"https:\/\/i0.wp.com\/tuzlahortum.com.tr\/wp-content\/uploads\/2024\/03\/dairesel_sulama_3.jpg?fit=800%2C800&ssl=1&resize=350%2C200 1x, https:\/\/i0.wp.com\/tuzlahortum.com.tr\/wp-content\/uploads\/2024\/03\/dairesel_sulama_3.jpg?fit=800%2C800&ssl=1&resize=525%2C300 1.5x, https:\/\/i0.wp.com\/tuzlahortum.com.tr\/wp-content\/uploads\/2024\/03\/dairesel_sulama_3.jpg?fit=800%2C800&ssl=1&resize=700%2C400 2x"},"classes":[]},{"id":13221,"url":"https:\/\/tuzlahortum.com.tr\/fr\/produit\/flow-kelebek-dairesel-fiskiye\/","url_meta":{"origin":13224,"position":1},"title":"FONTAINE CIRCULAIRE FLUX PAPILLON","author":"admin","date":"28 mars 2024","format":false,"excerpt":"FLOW KELEBEK DA\u0130RESEL FISK\u0130YE FLOW Kelebek Dairesel F\u0131skiye, bah\u00e7enizdeki bitkileri d\u00fczenli ve etkili bir \u015fekilde sulamak i\u00e7in tasarlanm\u0131\u015ft\u0131r. Yayd\u0131\u011f\u0131 suyu geni\u015f bir alana e\u015fit olarak da\u011f\u0131tarak bitkilerin sa\u011fl\u0131kl\u0131 b\u00fcy\u00fcmesine yard\u0131mc\u0131 olur. \u00d6zellikler: Dairesel Sulama Alan\u0131: Kelebek \u015feklindeki tasar\u0131m\u0131 sayesinde, f\u0131skiye yayd\u0131\u011f\u0131 suyu 360 derece d\u00f6ner bir \u015fekilde da\u011f\u0131t\u0131r. Bu sayede\u2026","rel":"","context":"Article similaire","block_context":{"text":"Article similaire","link":""},"img":{"alt_text":"FLOW KELEBEK DA\u0130RESEL FISK\u0130YE","src":"https:\/\/i0.wp.com\/tuzlahortum.com.tr\/wp-content\/uploads\/2024\/03\/bahce_fiskiyekelebekli_2.jpg?fit=800%2C800&ssl=1&resize=350%2C200","width":350,"height":200,"srcset":"https:\/\/i0.wp.com\/tuzlahortum.com.tr\/wp-content\/uploads\/2024\/03\/bahce_fiskiyekelebekli_2.jpg?fit=800%2C800&ssl=1&resize=350%2C200 1x, https:\/\/i0.wp.com\/tuzlahortum.com.tr\/wp-content\/uploads\/2024\/03\/bahce_fiskiyekelebekli_2.jpg?fit=800%2C800&ssl=1&resize=525%2C300 1.5x, https:\/\/i0.wp.com\/tuzlahortum.com.tr\/wp-content\/uploads\/2024\/03\/bahce_fiskiyekelebekli_2.jpg?fit=800%2C800&ssl=1&resize=700%2C400 2x"},"classes":[]},{"id":13220,"url":"https:\/\/tuzlahortum.com.tr\/fr\/produit\/flow-kazikli-fiskiye\/","url_meta":{"origin":13224,"position":2},"title":"FONTAINE \u00c0 PILE","author":"admin","date":"28 mars 2024","format":false,"excerpt":"FLOW KAZIKLI FISK\u0130YE FLOW Kaz\u0131kl\u0131 F\u0131skiye, bah\u00e7enizde bitkilerinizi sulamak i\u00e7in pratik bir \u00e7\u00f6z\u00fcm sunar. Kolay montaj\u0131 ve kullan\u0131m\u0131 ile dikkat \u00e7eker. \u00d6zellikler: Kolay Kurulum: Kaz\u0131k \u015feklindeki tasar\u0131m\u0131 sayesinde, f\u0131skiye h\u0131zl\u0131 ve kolay bir \u015fekilde topra\u011fa yerle\u015ftirilebilir. Herhangi bir ek ara\u00e7 veya ekipman gerektirmez. Ayarlama \u0130mkan\u0131: F\u0131skiye ba\u015fl\u0131\u011f\u0131 ayarlanabilir \u00f6zelliktedir, b\u00f6ylece\u2026","rel":"","context":"Article similaire","block_context":{"text":"Article similaire","link":""},"img":{"alt_text":"FLOW KAZIKLI FISK\u0130YE","src":"https:\/\/i0.wp.com\/tuzlahortum.com.tr\/wp-content\/uploads\/2024\/03\/bahce_fiskiye_kazikli_1.jpg?fit=800%2C800&ssl=1&resize=350%2C200","width":350,"height":200,"srcset":"https:\/\/i0.wp.com\/tuzlahortum.com.tr\/wp-content\/uploads\/2024\/03\/bahce_fiskiye_kazikli_1.jpg?fit=800%2C800&ssl=1&resize=350%2C200 1x, https:\/\/i0.wp.com\/tuzlahortum.com.tr\/wp-content\/uploads\/2024\/03\/bahce_fiskiye_kazikli_1.jpg?fit=800%2C800&ssl=1&resize=525%2C300 1.5x, https:\/\/i0.wp.com\/tuzlahortum.com.tr\/wp-content\/uploads\/2024\/03\/bahce_fiskiye_kazikli_1.jpg?fit=800%2C800&ssl=1&resize=700%2C400 2x"},"classes":[]},{"id":13241,"url":"https:\/\/tuzlahortum.com.tr\/fr\/produit\/flow-ss-plastik-bahce-tabancasi\/","url_meta":{"origin":13224,"position":3},"title":"PISTOLET DE JARDIN EN PLASTIQUE FLOW SS","author":"admin","date":"28 mars 2024","format":false,"excerpt":"FLOW SS PLAST\u0130K BAH\u00c7E TABANCASI Bah\u00e7e sulama i\u015fleriniz i\u00e7in ideal olan FLOW SS Plastik Bah\u00e7e Tabancas\u0131, kullan\u0131m\u0131 kolay ve dayan\u0131kl\u0131 bir \u00e7\u00f6z\u00fcm sunar. \u00d6zellikler: Y\u00fcksek Kaliteli Plastik Malzeme: FLOW SS Bah\u00e7e Tabancas\u0131, dayan\u0131kl\u0131 ve sa\u011flam plastik malzemeden \u00fcretilmi\u015ftir. Uzun \u00f6m\u00fcrl\u00fc kullan\u0131m i\u00e7in tasarlanm\u0131\u015ft\u0131r ve d\u0131\u015f etkilere kar\u015f\u0131 dayan\u0131kl\u0131d\u0131r. Ergonomik Tasar\u0131m:\u2026","rel":"","context":"Article similaire","block_context":{"text":"Article similaire","link":""},"img":{"alt_text":"","src":"https:\/\/i0.wp.com\/tuzlahortum.com.tr\/wp-content\/uploads\/2024\/03\/ss_plastik_bahce_tabancasi_3.jpg?fit=800%2C800&ssl=1&resize=350%2C200","width":350,"height":200,"srcset":"https:\/\/i0.wp.com\/tuzlahortum.com.tr\/wp-content\/uploads\/2024\/03\/ss_plastik_bahce_tabancasi_3.jpg?fit=800%2C800&ssl=1&resize=350%2C200 1x, https:\/\/i0.wp.com\/tuzlahortum.com.tr\/wp-content\/uploads\/2024\/03\/ss_plastik_bahce_tabancasi_3.jpg?fit=800%2C800&ssl=1&resize=525%2C300 1.5x, https:\/\/i0.wp.com\/tuzlahortum.com.tr\/wp-content\/uploads\/2024\/03\/ss_plastik_bahce_tabancasi_3.jpg?fit=800%2C800&ssl=1&resize=700%2C400 2x"},"classes":[]},{"id":13231,"url":"https:\/\/tuzlahortum.com.tr\/fr\/produit\/flow-luks-4lu-kollektor\/","url_meta":{"origin":13224,"position":4},"title":"COLLECTEUR FLOW LUXURY 4 PI\u00c8CES","author":"admin","date":"28 mars 2024","format":false,"excerpt":"FLOW L\u00dcKS 4'L\u00dc KOLLEKT\u00d6R FLOW L\u00dcKS 4'l\u00fc Kollekt\u00f6r, bah\u00e7e sulama i\u015flerinizde verimlili\u011fi art\u0131rmak ve farkl\u0131 b\u00f6lgelere su ak\u0131\u015f\u0131n\u0131 kolayca y\u00f6nlendirmek i\u00e7in tasarlanm\u0131\u015ft\u0131r. \u00d6zellikler: Dayan\u0131kl\u0131 Yap\u0131: Y\u00fcksek kaliteli malzemeden \u00fcretilmi\u015ftir ve uzun s\u00fcreli kullan\u0131m i\u00e7in sa\u011flam bir yap\u0131ya sahiptir. Paslanmaz \u00e7elik veya sa\u011flam plastik gibi malzemeler kullan\u0131larak g\u00fcvenilir bir ba\u011flant\u0131 sa\u011flar.\u2026","rel":"","context":"Article similaire","block_context":{"text":"Article similaire","link":""},"img":{"alt_text":"","src":"https:\/\/i0.wp.com\/tuzlahortum.com.tr\/wp-content\/uploads\/2024\/03\/luks_dortlu_kollektor_2.jpg?fit=800%2C800&ssl=1&resize=350%2C200","width":350,"height":200,"srcset":"https:\/\/i0.wp.com\/tuzlahortum.com.tr\/wp-content\/uploads\/2024\/03\/luks_dortlu_kollektor_2.jpg?fit=800%2C800&ssl=1&resize=350%2C200 1x, https:\/\/i0.wp.com\/tuzlahortum.com.tr\/wp-content\/uploads\/2024\/03\/luks_dortlu_kollektor_2.jpg?fit=800%2C800&ssl=1&resize=525%2C300 1.5x, https:\/\/i0.wp.com\/tuzlahortum.com.tr\/wp-content\/uploads\/2024\/03\/luks_dortlu_kollektor_2.jpg?fit=800%2C800&ssl=1&resize=700%2C400 2x"},"classes":[]},{"id":13223,"url":"https:\/\/tuzlahortum.com.tr\/fr\/produit\/flow-uzayan-hortum-tamir-adaptoru\/","url_meta":{"origin":13224,"position":5},"title":"ADAPTATEUR DE R\u00c9PARATION DE TUYAU D&#039;EXTENSION DE D\u00c9BIT","author":"admin","date":"28 mars 2024","format":false,"excerpt":"FLOW UZAYAN HORTUM TAM\u0130R ADAPT\u00d6R\u00dc FLOW Uzayan Hortum Tamir Adapt\u00f6r\u00fc, esneklik sa\u011flayarak hortumunuzun daha uzun s\u00fcre dayanmas\u0131n\u0131 ve verimli \u00e7al\u0131\u015fmas\u0131n\u0131 sa\u011flamak i\u00e7in tasarlanm\u0131\u015ft\u0131r. \u00d6zellikler: Dayan\u0131kl\u0131 Malzeme: Y\u00fcksek kaliteli malzemeden \u00fcretilmi\u015ftir ve uzun \u00f6m\u00fcrl\u00fc kullan\u0131m i\u00e7in dayan\u0131kl\u0131 bir yap\u0131ya sahiptir. Paslanmaz \u00e7elik veya sa\u011flam plastik gibi malzemeler kullan\u0131larak g\u00fcvenilir bir ba\u011flant\u0131\u2026","rel":"","context":"Article similaire","block_context":{"text":"Article similaire","link":""},"img":{"alt_text":"","src":"https:\/\/i0.wp.com\/tuzlahortum.com.tr\/wp-content\/uploads\/2024\/03\/uzayan_hortum_tamir_aprati_2.jpg?fit=800%2C800&ssl=1&resize=350%2C200","width":350,"height":200,"srcset":"https:\/\/i0.wp.com\/tuzlahortum.com.tr\/wp-content\/uploads\/2024\/03\/uzayan_hortum_tamir_aprati_2.jpg?fit=800%2C800&ssl=1&resize=350%2C200 1x, https:\/\/i0.wp.com\/tuzlahortum.com.tr\/wp-content\/uploads\/2024\/03\/uzayan_hortum_tamir_aprati_2.jpg?fit=800%2C800&ssl=1&resize=525%2C300 1.5x, https:\/\/i0.wp.com\/tuzlahortum.com.tr\/wp-content\/uploads\/2024\/03\/uzayan_hortum_tamir_aprati_2.jpg?fit=800%2C800&ssl=1&resize=700%2C400 2x"},"classes":[]}],"jetpack_sharing_enabled":true,"jetpack_likes_enabled":true,"_links":{"self":[{"href":"https:\/\/tuzlahortum.com.tr\/fr\/wp-json\/wp\/v2\/product\/13224","targetHints":{"allow":["GET"]}}],"collection":[{"href":"https:\/\/tuzlahortum.com.tr\/fr\/wp-json\/wp\/v2\/product"}],"about":[{"href":"https:\/\/tuzlahortum.com.tr\/fr\/wp-json\/wp\/v2\/types\/product"}],"replies":[{"embeddable":true,"href":"https:\/\/tuzlahortum.com.tr\/fr\/wp-json\/wp\/v2\/comments?post=13224"}],"wp:featuredmedia":[{"embeddable":true,"href":"https:\/\/tuzlahortum.com.tr\/fr\/wp-json\/wp\/v2\/media\/13336"}],"wp:attachment":[{"href":"https:\/\/tuzlahortum.com.tr\/fr\/wp-json\/wp\/v2\/media?parent=13224"}],"wp:term":[{"taxonomy":"product_brand","embeddable":true,"href":"https:\/\/tuzlahortum.com.tr\/fr\/wp-json\/wp\/v2\/product_brand?post=13224"},{"taxonomy":"product_cat","embeddable":true,"href":"https:\/\/tuzlahortum.com.tr\/fr\/wp-json\/wp\/v2\/product_cat?post=13224"},{"taxonomy":"product_tag","embeddable":true,"href":"https:\/\/tuzlahortum.com.tr\/fr\/wp-json\/wp\/v2\/product_tag?post=13224"}],"curies":[{"name":"wp","href":"https:\/\/api.w.org\/{rel}","templated":true}]}}