{"id":13223,"date":"2024-03-28T17:29:02","date_gmt":"2024-03-28T14:29:02","guid":{"rendered":"https:\/\/tuzlahortum.com.tr\/?post_type=product&#038;p=13223"},"modified":"2025-08-20T12:02:51","modified_gmt":"2025-08-20T09:02:51","slug":"flow-uzayan-hortum-tamir-adaptoru","status":"publish","type":"product","link":"https:\/\/tuzlahortum.com.tr\/fr\/produit\/flow-uzayan-hortum-tamir-adaptoru\/","title":{"rendered":"ADAPTATEUR DE R\u00c9PARATION DE TUYAU D&#039;EXTENSION DE D\u00c9BIT"},"content":{"rendered":"<p>ADAPTATEUR DE R\u00c9PARATION DE TUYAU D&#039;EXTENSION DE D\u00c9BIT<\/p>\n<p>L&#039;adaptateur de r\u00e9paration de tuyau d&#039;extension FLOW est con\u00e7u pour garantir que votre tuyau dure plus longtemps et fonctionne plus efficacement en offrant une flexibilit\u00e9.<\/p>\n<p>Caract\u00e9ristiques:<\/p>\n<ol>\n<li><strong>Mat\u00e9riau r\u00e9sistant<\/strong>: Il est fabriqu\u00e9 dans un mat\u00e9riau de haute qualit\u00e9 et poss\u00e8de une structure durable pour une utilisation durable. Il garantit une connexion fiable en utilisant des mat\u00e9riaux tels que l&#039;acier inoxydable ou le plastique robuste.<\/li>\n<li><strong>Offre de la flexibilit\u00e9<\/strong>: Adapt\u00e9 \u00e0 la plupart des tuyaux rallong\u00e9s, cet adaptateur augmente la flexibilit\u00e9 de votre tuyau et prolonge sa dur\u00e9e de vie.<\/li>\n<li><strong>Assemblage facile<\/strong>: Gr\u00e2ce \u00e0 sa simple fonction de plug-in, il peut \u00eatre facilement connect\u00e9 et remplac\u00e9 par d&#039;autres \u00e9quipements d&#039;irrigation. Il ne n\u00e9cessite aucun outil ou \u00e9quipement suppl\u00e9mentaire.<\/li>\n<li><strong>Compatibilit\u00e9 universelle<\/strong>: Compatible avec les tuyaux standards et peut \u00eatre utilis\u00e9 avec la plupart des syst\u00e8mes d&#039;irrigation.<\/li>\n<li><strong>Exp\u00e9rience d&#039;irrigation efficace<\/strong>: L&#039;adaptateur de r\u00e9paration de tuyau d&#039;extension FLOW rend votre travail d&#039;irrigation plus efficace et facilite l&#039;entretien de votre tuyau.<\/li>\n<\/ol>\n<p>L&#039;adaptateur de r\u00e9paration de tuyau d&#039;extension FLOW est une option id\u00e9ale pour mettre \u00e0 jour les syst\u00e8mes d&#039;irrigation de votre jardin et vivre une exp\u00e9rience d&#039;irrigation plus efficace.<\/p>","protected":false},"excerpt":{"rendered":"<p>FLOW UZAYAN HORTUM TAM\u0130R ADAPT\u00d6R\u00dc FLOW Uzayan Hortum Tamir Adapt\u00f6r\u00fc, esneklik sa\u011flayarak hortumunuzun daha uzun s\u00fcre dayanmas\u0131n\u0131 ve verimli \u00e7al\u0131\u015fmas\u0131n\u0131 sa\u011flamak i\u00e7in tasarlanm\u0131\u015ft\u0131r. \u00d6zellikler: Dayan\u0131kl\u0131 Malzeme: Y\u00fcksek kaliteli malzemeden \u00fcretilmi\u015ftir ve uzun \u00f6m\u00fcrl\u00fc kullan\u0131m i\u00e7in dayan\u0131kl\u0131 bir yap\u0131ya sahiptir. Paslanmaz \u00e7elik veya sa\u011flam plastik gibi malzemeler kullan\u0131larak g\u00fcvenilir bir ba\u011flant\u0131 sa\u011flar. Esneklik Sa\u011flar: Uzayan hortumlar\u0131n [&#8230;]\n","protected":false},"featured_media":13249,"comment_status":"open","ping_status":"closed","template":"","meta":{"jetpack_post_was_ever_published":false},"product_brand":[],"product_cat":[2347],"product_tag":[],"class_list":{"0":"post-13223","1":"product","2":"type-product","3":"status-publish","4":"has-post-thumbnail","6":"product_cat-bahce","8":"first","9":"instock","10":"taxable","11":"shipping-taxable","12":"product-type-simple"},"jetpack-related-posts":[{"id":13225,"url":"https:\/\/tuzlahortum.com.tr\/fr\/produit\/flow-uzayan-hortum-seti-45-mt\/","url_meta":{"origin":13223,"position":0},"title":"JEU DE TUYAUX D&#039;EXTENSION DE D\u00c9BIT \u2013 45 MT","author":"admin","date":"28 mars 2024","format":false,"excerpt":"FLOW UZAYAN HORTUM SET\u0130 - 45 MT FLOW Uzayan Hortum Seti - 45 Metre, bah\u00e7e sulama i\u015flerinizi kolayla\u015ft\u0131rmak i\u00e7in tasarlanm\u0131\u015f bir \u00fcr\u00fcnd\u00fcr. Suyun bas\u0131nc\u0131yla 15 metreden 45 metreye kadar uzayabilen esnek bir hortumu i\u00e7erir. Ayr\u0131ca, musluk kapat\u0131ld\u0131\u011f\u0131nda otomatik olarak toplan\u0131r. \u00d6zellikler: Esnek Uzunluk: Suyun bas\u0131nc\u0131yla hortum, kullan\u0131c\u0131 ihtiyac\u0131na g\u00f6re 10\u2026","rel":"","context":"Article similaire","block_context":{"text":"Article similaire","link":""},"img":{"alt_text":"FLOW UZAYAN HORTUM SET\u0130 - 45 MT","src":"https:\/\/i0.wp.com\/tuzlahortum.com.tr\/wp-content\/uploads\/2024\/03\/uzayan_hortum_4.jpg?fit=800%2C800&ssl=1&resize=350%2C200","width":350,"height":200,"srcset":"https:\/\/i0.wp.com\/tuzlahortum.com.tr\/wp-content\/uploads\/2024\/03\/uzayan_hortum_4.jpg?fit=800%2C800&ssl=1&resize=350%2C200 1x, https:\/\/i0.wp.com\/tuzlahortum.com.tr\/wp-content\/uploads\/2024\/03\/uzayan_hortum_4.jpg?fit=800%2C800&ssl=1&resize=525%2C300 1.5x, https:\/\/i0.wp.com\/tuzlahortum.com.tr\/wp-content\/uploads\/2024\/03\/uzayan_hortum_4.jpg?fit=800%2C800&ssl=1&resize=700%2C400 2x"},"classes":[]},{"id":13226,"url":"https:\/\/tuzlahortum.com.tr\/fr\/produit\/flow-uzayan-hortum-seti-30-mt\/","url_meta":{"origin":13223,"position":1},"title":"JEU DE TUYAUX D&#039;EXTENSION DE D\u00c9BIT \u2013 30 MT","author":"admin","date":"28 mars 2024","format":false,"excerpt":"FLOW UZAYAN HORTUM SET\u0130 - 30 MT FLOW Uzayan Hortum Seti - 30 Metre, bah\u00e7e sulama i\u015flerinizi kolayla\u015ft\u0131rmak i\u00e7in tasarlanm\u0131\u015f bir \u00fcr\u00fcnd\u00fcr. Suyun bas\u0131nc\u0131yla 10 metreden 30 metreye kadar uzayabilen esnek bir hortumu i\u00e7erir. Ayr\u0131ca, musluk kapat\u0131ld\u0131\u011f\u0131nda otomatik olarak toplan\u0131r. \u00d6zellikler: Esnek Uzunluk: Suyun bas\u0131nc\u0131yla hortum, kullan\u0131c\u0131 ihtiyac\u0131na g\u00f6re 10\u2026","rel":"","context":"Article similaire","block_context":{"text":"Article similaire","link":""},"img":{"alt_text":"FLOW UZAYAN HORTUM SET\u0130 - 15 MT","src":"https:\/\/i0.wp.com\/tuzlahortum.com.tr\/wp-content\/uploads\/2024\/03\/uzayan_hortum_1.jpg?fit=800%2C800&ssl=1&resize=350%2C200","width":350,"height":200,"srcset":"https:\/\/i0.wp.com\/tuzlahortum.com.tr\/wp-content\/uploads\/2024\/03\/uzayan_hortum_1.jpg?fit=800%2C800&ssl=1&resize=350%2C200 1x, https:\/\/i0.wp.com\/tuzlahortum.com.tr\/wp-content\/uploads\/2024\/03\/uzayan_hortum_1.jpg?fit=800%2C800&ssl=1&resize=525%2C300 1.5x, https:\/\/i0.wp.com\/tuzlahortum.com.tr\/wp-content\/uploads\/2024\/03\/uzayan_hortum_1.jpg?fit=800%2C800&ssl=1&resize=700%2C400 2x"},"classes":[]},{"id":13227,"url":"https:\/\/tuzlahortum.com.tr\/fr\/produit\/flow-uzayan-hortum-seti-15-mt\/","url_meta":{"origin":13223,"position":2},"title":"JEU DE TUYAUX D&#039;EXTENSION DE D\u00c9BIT \u2013 15 MT","author":"admin","date":"28 mars 2024","format":false,"excerpt":"FLOW UZAYAN HORTUM SET\u0130 - 15 MT FLOW Uzayan Hortum Seti - 15 Metre, bah\u00e7e sulama i\u015flerinizi kolayla\u015ft\u0131rmak i\u00e7in tasarlanm\u0131\u015f bir \u00fcr\u00fcnd\u00fcr. Suyun bas\u0131nc\u0131yla 5 metreden 15 metreye kadar uzayabilen esnek bir hortumu i\u00e7erir. Ayr\u0131ca, musluk kapat\u0131ld\u0131\u011f\u0131nda otomatik olarak toplan\u0131r. \u00d6zellikler: Esnek Uzunluk: Suyun bas\u0131nc\u0131yla hortum, kullan\u0131c\u0131 ihtiyac\u0131na g\u00f6re 10\u2026","rel":"","context":"Article similaire","block_context":{"text":"Article similaire","link":""},"img":{"alt_text":"FLOW UZAYAN HORTUM SET\u0130 - 15 MT","src":"https:\/\/i0.wp.com\/tuzlahortum.com.tr\/wp-content\/uploads\/2024\/03\/uzayan_hortum_2.jpg?fit=800%2C800&ssl=1&resize=350%2C200","width":350,"height":200,"srcset":"https:\/\/i0.wp.com\/tuzlahortum.com.tr\/wp-content\/uploads\/2024\/03\/uzayan_hortum_2.jpg?fit=800%2C800&ssl=1&resize=350%2C200 1x, https:\/\/i0.wp.com\/tuzlahortum.com.tr\/wp-content\/uploads\/2024\/03\/uzayan_hortum_2.jpg?fit=800%2C800&ssl=1&resize=525%2C300 1.5x, https:\/\/i0.wp.com\/tuzlahortum.com.tr\/wp-content\/uploads\/2024\/03\/uzayan_hortum_2.jpg?fit=800%2C800&ssl=1&resize=700%2C400 2x"},"classes":[]},{"id":13244,"url":"https:\/\/tuzlahortum.com.tr\/fr\/produit\/flow-jak-musluk-adaptoru\/","url_meta":{"origin":13223,"position":3},"title":"ADAPTATEUR DE PRISE DE D\u00c9BIT","author":"admin","date":"28 mars 2024","format":false,"excerpt":"FLOW JAK MUSLUK ADAPT\u00d6R\u00dc Bah\u00e7e sulama sistemlerinizi musluklarla uyumlu hale getirmek i\u00e7in tasarlanan FLOW JAK Musluk Adapt\u00f6r\u00fc, pratik ve g\u00fcvenilir bir \u00e7\u00f6z\u00fcm sunar. \u00d6zellikler: Evrensel Uyumluluk: FLOW JAK Musluk Adapt\u00f6r\u00fc, \u00e7o\u011fu standart muslukla uyumlu olarak tasarlanm\u0131\u015ft\u0131r. Bu sayede bah\u00e7e sulama ekipmanlar\u0131n\u0131z\u0131 musluklar\u0131n\u0131za kolayca ba\u011flayabilirsiniz. Dayan\u0131kl\u0131 Malzeme: Y\u00fcksek kaliteli malzemelerden \u00fcretilmi\u015f\u2026","rel":"","context":"Article similaire","block_context":{"text":"Article similaire","link":""},"img":{"alt_text":"","src":"https:\/\/i0.wp.com\/tuzlahortum.com.tr\/wp-content\/uploads\/2024\/03\/jak_mustuk_adaptoru_2.jpg?fit=800%2C800&ssl=1&resize=350%2C200","width":350,"height":200,"srcset":"https:\/\/i0.wp.com\/tuzlahortum.com.tr\/wp-content\/uploads\/2024\/03\/jak_mustuk_adaptoru_2.jpg?fit=800%2C800&ssl=1&resize=350%2C200 1x, https:\/\/i0.wp.com\/tuzlahortum.com.tr\/wp-content\/uploads\/2024\/03\/jak_mustuk_adaptoru_2.jpg?fit=800%2C800&ssl=1&resize=525%2C300 1.5x, https:\/\/i0.wp.com\/tuzlahortum.com.tr\/wp-content\/uploads\/2024\/03\/jak_mustuk_adaptoru_2.jpg?fit=800%2C800&ssl=1&resize=700%2C400 2x"},"classes":[]},{"id":13236,"url":"https:\/\/tuzlahortum.com.tr\/fr\/produit\/flow-eko-jak-3-4-hortum-ekleme\/","url_meta":{"origin":13223,"position":4},"title":"FLOW ECO JACK 3\/4 TUYAU AJOUT","author":"admin","date":"28 mars 2024","format":false,"excerpt":"FLOW EKO JAK 3\/4 HORTUM EKLEME FLOW EKO JAK 3\/4 Hortum Eklemesi, bah\u00e7e sulama sistemlerinizde kullan\u0131m\u0131 kolay ve verimli bir ba\u011flant\u0131 sa\u011flar. \u00d6zellikler: Evrensel Uyumluluk: Bu hortum eklemesi, \u00e7o\u011fu standart bah\u00e7e sulama ekipman\u0131yla uyumlu olarak tasarlanm\u0131\u015ft\u0131r. Farkl\u0131 \u00e7aplardaki hortumlar\u0131 birle\u015ftirmek i\u00e7in idealdir ve geni\u015f bir uyumluluk sa\u011flar. Dayan\u0131kl\u0131 Malzeme: Y\u00fcksek\u2026","rel":"","context":"Article similaire","block_context":{"text":"Article similaire","link":""},"img":{"alt_text":"","src":"https:\/\/i0.wp.com\/tuzlahortum.com.tr\/wp-content\/uploads\/2024\/03\/jak_eko_hortum_ekleme_2.jpg?fit=800%2C800&ssl=1&resize=350%2C200","width":350,"height":200,"srcset":"https:\/\/i0.wp.com\/tuzlahortum.com.tr\/wp-content\/uploads\/2024\/03\/jak_eko_hortum_ekleme_2.jpg?fit=800%2C800&ssl=1&resize=350%2C200 1x, https:\/\/i0.wp.com\/tuzlahortum.com.tr\/wp-content\/uploads\/2024\/03\/jak_eko_hortum_ekleme_2.jpg?fit=800%2C800&ssl=1&resize=525%2C300 1.5x, https:\/\/i0.wp.com\/tuzlahortum.com.tr\/wp-content\/uploads\/2024\/03\/jak_eko_hortum_ekleme_2.jpg?fit=800%2C800&ssl=1&resize=700%2C400 2x"},"classes":[]},{"id":13237,"url":"https:\/\/tuzlahortum.com.tr\/fr\/produit\/flow-eko-jak-1-2-hortum-ekleme\/","url_meta":{"origin":13223,"position":5},"title":"FLOW ECO JACK 1\/2 TUYAU AJOUT","author":"admin","date":"28 mars 2024","format":false,"excerpt":"FLOW EKO JAK 1\/2 HORTUM EKLEME FLOW EKO JAK 1\/2 Hortum Eklemesi, bah\u00e7e sulama sistemlerinizde kullan\u0131m\u0131 kolay ve g\u00fcvenilir bir ba\u011flant\u0131 sa\u011flar. \u00d6zellikler: Evrensel Uyumluluk: Bu hortum eklemesi, \u00e7o\u011fu standart bah\u00e7e sulama ekipman\u0131yla uyumlu olarak tasarlanm\u0131\u015ft\u0131r. Farkl\u0131 \u00e7aplardaki hortumlar\u0131 birle\u015ftirmek i\u00e7in idealdir ve geni\u015f bir uyumluluk sa\u011flar. Dayan\u0131kl\u0131 Malzeme: Y\u00fcksek\u2026","rel":"","context":"Article similaire","block_context":{"text":"Article similaire","link":""},"img":{"alt_text":"","src":"https:\/\/i0.wp.com\/tuzlahortum.com.tr\/wp-content\/uploads\/2024\/03\/jak_eko_hortum_ekleme_2.jpg?fit=800%2C800&ssl=1&resize=350%2C200","width":350,"height":200,"srcset":"https:\/\/i0.wp.com\/tuzlahortum.com.tr\/wp-content\/uploads\/2024\/03\/jak_eko_hortum_ekleme_2.jpg?fit=800%2C800&ssl=1&resize=350%2C200 1x, https:\/\/i0.wp.com\/tuzlahortum.com.tr\/wp-content\/uploads\/2024\/03\/jak_eko_hortum_ekleme_2.jpg?fit=800%2C800&ssl=1&resize=525%2C300 1.5x, https:\/\/i0.wp.com\/tuzlahortum.com.tr\/wp-content\/uploads\/2024\/03\/jak_eko_hortum_ekleme_2.jpg?fit=800%2C800&ssl=1&resize=700%2C400 2x"},"classes":[]}],"jetpack_sharing_enabled":true,"jetpack_likes_enabled":true,"_links":{"self":[{"href":"https:\/\/tuzlahortum.com.tr\/fr\/wp-json\/wp\/v2\/product\/13223","targetHints":{"allow":["GET"]}}],"collection":[{"href":"https:\/\/tuzlahortum.com.tr\/fr\/wp-json\/wp\/v2\/product"}],"about":[{"href":"https:\/\/tuzlahortum.com.tr\/fr\/wp-json\/wp\/v2\/types\/product"}],"replies":[{"embeddable":true,"href":"https:\/\/tuzlahortum.com.tr\/fr\/wp-json\/wp\/v2\/comments?post=13223"}],"wp:featuredmedia":[{"embeddable":true,"href":"https:\/\/tuzlahortum.com.tr\/fr\/wp-json\/wp\/v2\/media\/13249"}],"wp:attachment":[{"href":"https:\/\/tuzlahortum.com.tr\/fr\/wp-json\/wp\/v2\/media?parent=13223"}],"wp:term":[{"taxonomy":"product_brand","embeddable":true,"href":"https:\/\/tuzlahortum.com.tr\/fr\/wp-json\/wp\/v2\/product_brand?post=13223"},{"taxonomy":"product_cat","embeddable":true,"href":"https:\/\/tuzlahortum.com.tr\/fr\/wp-json\/wp\/v2\/product_cat?post=13223"},{"taxonomy":"product_tag","embeddable":true,"href":"https:\/\/tuzlahortum.com.tr\/fr\/wp-json\/wp\/v2\/product_tag?post=13223"}],"curies":[{"name":"wp","href":"https:\/\/api.w.org\/{rel}","templated":true}]}}