{"id":13222,"date":"2024-03-28T17:29:02","date_gmt":"2024-03-28T14:29:02","guid":{"rendered":"https:\/\/tuzlahortum.com.tr\/?post_type=product&#038;p=13222"},"modified":"2025-08-20T12:02:59","modified_gmt":"2025-08-20T09:02:59","slug":"flow-salinimli-fiskiye","status":"publish","type":"product","link":"https:\/\/tuzlahortum.com.tr\/fr\/produit\/flow-salinimli-fiskiye\/","title":{"rendered":"FONTAINE BALAN\u00c7ANTE \u00c0 D\u00c9BIT"},"content":{"rendered":"<p>FONTAINE BALAN\u00c7ANTE \u00c0 D\u00c9BIT<\/p>\n<p>L&#039;arroseur oscillant FLOW est un accessoire d&#039;irrigation utilis\u00e9 dans les syst\u00e8mes d&#039;irrigation de jardin qui assure une pulv\u00e9risation r\u00e9guli\u00e8re d&#039;eau sur une certaine zone.<\/p>\n<p>Caract\u00e9ristiques:<\/p>\n<ol>\n<li><strong>Conception oscillante<\/strong>: La t\u00eate d&#039;arrosage est con\u00e7ue pour garantir que l&#039;eau effectue un certain mouvement oscillant lors de la pulv\u00e9risation. De cette fa\u00e7on, l\u2019eau est r\u00e9partie uniform\u00e9ment sur une plus grande surface.<\/li>\n<li><strong>Possibilit\u00e9 de r\u00e9glage<\/strong>: Dans certains mod\u00e8les d&#039;arroseurs oscillants, l&#039;angle et la port\u00e9e de pulv\u00e9risation sont r\u00e9glables. Cette fonctionnalit\u00e9 permet d&#039;orienter l&#039;eau en fonction des besoins d&#039;irrigation et des exigences du jardin.<\/li>\n<li><strong>Mat\u00e9riau r\u00e9sistant<\/strong>: Fabriqu\u00e9 en plastique ou en m\u00e9tal de haute qualit\u00e9 et durable pour une utilisation \u00e0 long terme. Il fournit une connexion fiable en utilisant des mat\u00e9riaux tels que l&#039;acier inoxydable.<\/li>\n<li><strong>Assemblage facile<\/strong>: Gr\u00e2ce \u00e0 sa fonction de montage simple, il peut \u00eatre facilement connect\u00e9 et remplac\u00e9 par d&#039;autres \u00e9quipements d&#039;irrigation. Il ne n\u00e9cessite aucun outil ou \u00e9quipement suppl\u00e9mentaire.<\/li>\n<li><strong>Divers domaines d&#039;utilisation<\/strong>: Id\u00e9al pour arroser les fleurs, les plantes ou les l\u00e9gumes du jardin. Il peut \u00e9galement \u00eatre utilis\u00e9 pour irriguer les pelouses ou \u00e0 des fins d\u00e9coratives dans le jardin.<\/li>\n<\/ol>\n<p>L&#039;arroseur oscillant FLOW est une option id\u00e9ale pour r\u00e9pondre aux besoins d&#039;irrigation de votre jardin et fournir un arrosage r\u00e9gulier et efficace \u00e0 vos plantes.<\/p>","protected":false},"excerpt":{"rendered":"<p>FLOW SALINIMLI FISK\u0130YE FLOW Sal\u0131n\u0131ml\u0131 F\u0131skiye, bah\u00e7e sulama sistemlerinde kullan\u0131lan ve suyun belirli bir alana d\u00fczenli bir \u015fekilde p\u00fcsk\u00fcrt\u00fclmesini sa\u011flayan bir sulama aksesuar\u0131d\u0131r. \u00d6zellikler: Sal\u0131n\u0131ml\u0131 Tasar\u0131m: F\u0131skiye ba\u015fl\u0131\u011f\u0131, suyun p\u00fcsk\u00fcrt\u00fclme esnas\u0131nda belirli bir sal\u0131n\u0131m hareketi yapmas\u0131n\u0131 sa\u011flayacak \u015fekilde tasarlanm\u0131\u015ft\u0131r. Bu sayede suyun daha geni\u015f bir alana e\u015fit \u015fekilde da\u011f\u0131lmas\u0131 sa\u011flan\u0131r. Ayarlama \u0130mkan\u0131: Baz\u0131 sal\u0131n\u0131ml\u0131 f\u0131skiye [&#8230;]\n","protected":false},"featured_media":13334,"comment_status":"open","ping_status":"closed","template":"","meta":{"jetpack_post_was_ever_published":false},"product_brand":[],"product_cat":[2347],"product_tag":[],"class_list":{"0":"post-13222","1":"product","2":"type-product","3":"status-publish","4":"has-post-thumbnail","6":"product_cat-bahce","8":"first","9":"instock","10":"taxable","11":"shipping-taxable","12":"product-type-simple"},"jetpack-related-posts":[],"jetpack_sharing_enabled":true,"jetpack_likes_enabled":true,"_links":{"self":[{"href":"https:\/\/tuzlahortum.com.tr\/fr\/wp-json\/wp\/v2\/product\/13222","targetHints":{"allow":["GET"]}}],"collection":[{"href":"https:\/\/tuzlahortum.com.tr\/fr\/wp-json\/wp\/v2\/product"}],"about":[{"href":"https:\/\/tuzlahortum.com.tr\/fr\/wp-json\/wp\/v2\/types\/product"}],"replies":[{"embeddable":true,"href":"https:\/\/tuzlahortum.com.tr\/fr\/wp-json\/wp\/v2\/comments?post=13222"}],"wp:featuredmedia":[{"embeddable":true,"href":"https:\/\/tuzlahortum.com.tr\/fr\/wp-json\/wp\/v2\/media\/13334"}],"wp:attachment":[{"href":"https:\/\/tuzlahortum.com.tr\/fr\/wp-json\/wp\/v2\/media?parent=13222"}],"wp:term":[{"taxonomy":"product_brand","embeddable":true,"href":"https:\/\/tuzlahortum.com.tr\/fr\/wp-json\/wp\/v2\/product_brand?post=13222"},{"taxonomy":"product_cat","embeddable":true,"href":"https:\/\/tuzlahortum.com.tr\/fr\/wp-json\/wp\/v2\/product_cat?post=13222"},{"taxonomy":"product_tag","embeddable":true,"href":"https:\/\/tuzlahortum.com.tr\/fr\/wp-json\/wp\/v2\/product_tag?post=13222"}],"curies":[{"name":"wp","href":"https:\/\/api.w.org\/{rel}","templated":true}]}}