{"id":13221,"date":"2024-03-28T17:29:02","date_gmt":"2024-03-28T14:29:02","guid":{"rendered":"https:\/\/tuzlahortum.com.tr\/?post_type=product&#038;p=13221"},"modified":"2025-08-20T12:03:00","modified_gmt":"2025-08-20T09:03:00","slug":"flow-kelebek-dairesel-fiskiye","status":"publish","type":"product","link":"https:\/\/tuzlahortum.com.tr\/fr\/produit\/flow-kelebek-dairesel-fiskiye\/","title":{"rendered":"FONTAINE CIRCULAIRE FLUX PAPILLON"},"content":{"rendered":"<p>FONTAINE CIRCULAIRE FLUX PAPILLON<\/p>\n<p>L&#039;arroseur circulaire FLOW Butterfly est con\u00e7u pour arroser les plantes de votre jardin r\u00e9guli\u00e8rement et efficacement. Il aide les plantes \u00e0 pousser sainement en r\u00e9partissant l\u2019eau qu\u2019elle \u00e9met uniform\u00e9ment sur une vaste zone.<\/p>\n<p>Caract\u00e9ristiques:<\/p>\n<ol>\n<li><strong>Zone d&#039;irrigation circulaire<\/strong>: Gr\u00e2ce \u00e0 son design en forme de papillon, la fontaine distribue l&#039;eau qu&#039;elle \u00e9met dans une rotation \u00e0 360 degr\u00e9s. De cette fa\u00e7on, il cr\u00e9e une grande zone d\u2019irrigation et permet d\u2019arroser vos plantes de mani\u00e8re homog\u00e8ne.<\/li>\n<li><strong>Ajustement facile<\/strong>: La t\u00eate d&#039;arrosage est r\u00e9glable, vous pouvez donc ajuster l&#039;angle de pulv\u00e9risation et la distance de l&#039;eau selon votre envie. Cela vous permet de personnaliser l&#039;arrosage en fonction des besoins de vos plantes.<\/li>\n<li><strong>Mat\u00e9riau r\u00e9sistant<\/strong>: Fabriqu\u00e9 en plastique ou en m\u00e9tal de haute qualit\u00e9, durable pour une utilisation \u00e0 long terme et r\u00e9sistant aux influences environnementales. Cela garantit une utilisation durable de la fontaine.<\/li>\n<li><strong>Assemblage facile<\/strong>: Gr\u00e2ce \u00e0 sa fonction de montage simple, la fontaine peut \u00eatre plac\u00e9e rapidement et facilement. Il ne n\u00e9cessite aucun outil ou \u00e9quipement suppl\u00e9mentaire.<\/li>\n<li><strong>Divers domaines d&#039;utilisation<\/strong>: Id\u00e9al pour arroser les fleurs, les plantes ou les l\u00e9gumes du jardin. Il peut \u00e9galement \u00eatre utilis\u00e9 pour irriguer les pelouses ou \u00e0 des fins d\u00e9coratives dans le jardin.<\/li>\n<\/ol>\n<p>L&#039;arroseur circulaire FLOW Butterfly est un produit utile qui simplifie le travail d&#039;irrigation de votre jardin et assure un arrosage r\u00e9gulier et efficace de vos plantes.<\/p>","protected":false},"excerpt":{"rendered":"<p>FLOW KELEBEK DA\u0130RESEL FISK\u0130YE FLOW Kelebek Dairesel F\u0131skiye, bah\u00e7enizdeki bitkileri d\u00fczenli ve etkili bir \u015fekilde sulamak i\u00e7in tasarlanm\u0131\u015ft\u0131r. Yayd\u0131\u011f\u0131 suyu geni\u015f bir alana e\u015fit olarak da\u011f\u0131tarak bitkilerin sa\u011fl\u0131kl\u0131 b\u00fcy\u00fcmesine yard\u0131mc\u0131 olur. \u00d6zellikler: Dairesel Sulama Alan\u0131: Kelebek \u015feklindeki tasar\u0131m\u0131 sayesinde, f\u0131skiye yayd\u0131\u011f\u0131 suyu 360 derece d\u00f6ner bir \u015fekilde da\u011f\u0131t\u0131r. Bu sayede geni\u015f bir sulama alan\u0131 olu\u015fturur [&#8230;]\n","protected":false},"featured_media":13329,"comment_status":"open","ping_status":"closed","template":"","meta":{"jetpack_post_was_ever_published":false},"product_brand":[],"product_cat":[2347],"product_tag":[],"class_list":{"0":"post-13221","1":"product","2":"type-product","3":"status-publish","4":"has-post-thumbnail","6":"product_cat-bahce","8":"first","9":"instock","10":"taxable","11":"shipping-taxable","12":"product-type-simple"},"jetpack-related-posts":[],"jetpack_sharing_enabled":true,"jetpack_likes_enabled":true,"_links":{"self":[{"href":"https:\/\/tuzlahortum.com.tr\/fr\/wp-json\/wp\/v2\/product\/13221","targetHints":{"allow":["GET"]}}],"collection":[{"href":"https:\/\/tuzlahortum.com.tr\/fr\/wp-json\/wp\/v2\/product"}],"about":[{"href":"https:\/\/tuzlahortum.com.tr\/fr\/wp-json\/wp\/v2\/types\/product"}],"replies":[{"embeddable":true,"href":"https:\/\/tuzlahortum.com.tr\/fr\/wp-json\/wp\/v2\/comments?post=13221"}],"wp:featuredmedia":[{"embeddable":true,"href":"https:\/\/tuzlahortum.com.tr\/fr\/wp-json\/wp\/v2\/media\/13329"}],"wp:attachment":[{"href":"https:\/\/tuzlahortum.com.tr\/fr\/wp-json\/wp\/v2\/media?parent=13221"}],"wp:term":[{"taxonomy":"product_brand","embeddable":true,"href":"https:\/\/tuzlahortum.com.tr\/fr\/wp-json\/wp\/v2\/product_brand?post=13221"},{"taxonomy":"product_cat","embeddable":true,"href":"https:\/\/tuzlahortum.com.tr\/fr\/wp-json\/wp\/v2\/product_cat?post=13221"},{"taxonomy":"product_tag","embeddable":true,"href":"https:\/\/tuzlahortum.com.tr\/fr\/wp-json\/wp\/v2\/product_tag?post=13221"}],"curies":[{"name":"wp","href":"https:\/\/api.w.org\/{rel}","templated":true}]}}