{"id":13109,"date":"2024-03-18T13:06:37","date_gmt":"2024-03-18T10:06:37","guid":{"rendered":"https:\/\/tuzlahortum.com.tr\/?post_type=product&#038;p=13109"},"modified":"2025-08-20T12:03:05","modified_gmt":"2025-08-20T09:03:05","slug":"11a-otomatik-akaryakit-tabancasi-3-4-ince","status":"publish","type":"product","link":"https:\/\/tuzlahortum.com.tr\/fr\/produit\/11a-otomatik-akaryakit-tabancasi-3-4-ince\/","title":{"rendered":"Pistolet \u00e0 carburant fin automatique 11A \u2013 3\/4"},"content":{"rendered":"<h2>Pistolet \u00e0 carburant fin automatique 11A \u2013 3\/4<\/h2>\n<p>Dot\u00e9es d&#039;un principe de fonctionnement sensible \u00e0 la pression, ces stations libre-service ou pr\u00e9pay\u00e9es sont con\u00e7ues pour permettre aux utilisateurs d&#039;acheter du carburant facilement et efficacement. Le principe de fonctionnement est que le pistolet fonctionne sous pression et tire automatiquement lorsque la pression est supprim\u00e9e.<\/p>\n<p>La fonction d&#039;\u00e9jection automatique garantit que le flux est interrompu une fois que les utilisateurs ont \u00e9tabli la pression requise pour terminer le processus. De cette mani\u00e8re, les utilisateurs peuvent effectuer la transaction de mani\u00e8re plus s\u00fbre et plus efficace.<\/p>\n<h3>D\u00e9bit de 80 litres<\/h3>\n<p>Les stations sont con\u00e7ues pour fournir un d\u00e9bit allant jusqu&#039;\u00e0 80 litres par minute, permettant aux utilisateurs de s&#039;approvisionner rapidement en carburant. Les options de filetage BSP 3\/4\u2033 s&#039;adaptent aux diff\u00e9rentes exigences de connexion.<\/p>\n<p>Les clapets s&#039;ouvrant dans le sens inverse du flux minimisent les gouttes et les d\u00e9versements apr\u00e8s l&#039;entretien, de sorte que les stations restent propres et bien rang\u00e9es.<\/p>\n<h4>Couleurs diff\u00e9rentes<\/h4>\n<p>Les diff\u00e9rentes options de couleurs propos\u00e9es sur le rev\u00eatement du corps en polyamide s&#039;adaptent aux pr\u00e9f\u00e9rences des utilisateurs et au design de la station. Les couleurs standard incluent le noir, le vert, le rouge, le bleu, le jaune et le gris.<\/p>\n<h3>.<\/h3>","protected":false},"excerpt":{"rendered":"<p>11A Otomatik \u0130nce Akaryak\u0131t Tabancas\u0131 &#8211; 3\/4 Bas\u0131nca duyarl\u0131 \u00e7al\u0131\u015fma prensibine sahip olan bu self servis veya \u00f6n \u00f6demeli istasyonlar, kullan\u0131c\u0131lar\u0131n kolay ve verimli bir \u015fekilde akaryak\u0131t almas\u0131n\u0131 sa\u011flamak i\u00e7in tasarlanm\u0131\u015ft\u0131r. \u0130\u015fleyi\u015f prensibi, tabancan\u0131n bas\u0131n\u00e7la \u00e7al\u0131\u015fmas\u0131 ve bas\u0131n\u00e7 ortadan kalkt\u0131\u011f\u0131nda otomatik olarak atmas\u0131 \u00fczerine kuruludur. Otomatik atma \u00f6zelli\u011fi, kullan\u0131c\u0131lar\u0131n i\u015flemi tamamlamas\u0131 i\u00e7in gerekli olan bas\u0131nc\u0131 [&#8230;]\n","protected":false},"featured_media":13111,"comment_status":"open","ping_status":"closed","template":"","meta":{"jetpack_post_was_ever_published":true},"product_brand":[],"product_cat":[2340,2343],"product_tag":[733,2346],"class_list":{"0":"post-13109","1":"product","2":"type-product","3":"status-publish","4":"has-post-thumbnail","6":"product_cat-akaryakit","7":"product_cat-akaryakit-tabacalari","8":"product_tag-akaryakit","9":"product_tag-fuel-transfer-pump","11":"first","12":"instock","13":"featured","14":"taxable","15":"shipping-taxable","16":"product-type-simple"},"jetpack-related-posts":[],"jetpack_sharing_enabled":true,"jetpack_likes_enabled":true,"_links":{"self":[{"href":"https:\/\/tuzlahortum.com.tr\/fr\/wp-json\/wp\/v2\/product\/13109","targetHints":{"allow":["GET"]}}],"collection":[{"href":"https:\/\/tuzlahortum.com.tr\/fr\/wp-json\/wp\/v2\/product"}],"about":[{"href":"https:\/\/tuzlahortum.com.tr\/fr\/wp-json\/wp\/v2\/types\/product"}],"replies":[{"embeddable":true,"href":"https:\/\/tuzlahortum.com.tr\/fr\/wp-json\/wp\/v2\/comments?post=13109"}],"wp:featuredmedia":[{"embeddable":true,"href":"https:\/\/tuzlahortum.com.tr\/fr\/wp-json\/wp\/v2\/media\/13111"}],"wp:attachment":[{"href":"https:\/\/tuzlahortum.com.tr\/fr\/wp-json\/wp\/v2\/media?parent=13109"}],"wp:term":[{"taxonomy":"product_brand","embeddable":true,"href":"https:\/\/tuzlahortum.com.tr\/fr\/wp-json\/wp\/v2\/product_brand?post=13109"},{"taxonomy":"product_cat","embeddable":true,"href":"https:\/\/tuzlahortum.com.tr\/fr\/wp-json\/wp\/v2\/product_cat?post=13109"},{"taxonomy":"product_tag","embeddable":true,"href":"https:\/\/tuzlahortum.com.tr\/fr\/wp-json\/wp\/v2\/product_tag?post=13109"}],"curies":[{"name":"wp","href":"https:\/\/api.w.org\/{rel}","templated":true}]}}