{"id":13079,"date":"2024-03-16T19:32:58","date_gmt":"2024-03-16T16:32:58","guid":{"rendered":"https:\/\/tuzlahortum.com.tr\/?post_type=product&#038;p=13079"},"modified":"2025-08-20T12:09:44","modified_gmt":"2025-08-20T09:09:44","slug":"tabanca-kilifi","status":"publish","type":"product","link":"https:\/\/tuzlahortum.com.tr\/fr\/produit\/tabanca-kilifi\/","title":{"rendered":"\u00c9tui"},"content":{"rendered":"<h2>\u00c9tui<\/h2>\n<p>Les \u00e9tuis pour pistolets \u00e0 carburant 11A sont des \u00e9tuis sp\u00e9ciaux con\u00e7us pour prot\u00e9ger et transporter les pistolets de type 11A, g\u00e9n\u00e9ralement utilis\u00e9s dans les stations-service. Ces \u00e9tuis prot\u00e8gent les armes contre les influences environnementales et permettent aux utilisateurs de les transporter en toute s\u00e9curit\u00e9. De plus, les \u00e9tuis sont fabriqu\u00e9s \u00e0 partir de mat\u00e9riaux durables con\u00e7us pour assurer la long\u00e9vit\u00e9 des pistolets. Les \u00e9tuis pour armes \u00e0 feu constituent une solution pratique permettant aux utilisateurs de stocker et d&#039;atteindre l&#039;arme en toute s\u00e9curit\u00e9 pendant son utilisation. Ces couvertures jouent un r\u00f4le important dans le fonctionnement des stations-service et aident les propri\u00e9taires d&#039;entreprises \u00e0 assurer la s\u00e9curit\u00e9 des utilisateurs et des \u00e9quipements.<\/p>","protected":false},"excerpt":{"rendered":"<p>Tabanca K\u0131l\u0131f\u0131 11A akaryak\u0131t tabanca k\u0131l\u0131flar\u0131, genellikle akaryak\u0131t istasyonlar\u0131nda kullan\u0131lan 11A tipi tabancalar\u0131n korunmas\u0131 ve ta\u015f\u0131nmas\u0131 i\u00e7in tasarlanm\u0131\u015f \u00f6zel k\u0131l\u0131flard\u0131r. Bu k\u0131l\u0131flar, tabancalar\u0131 \u00e7evresel etkilere kar\u015f\u0131 korurken, kullan\u0131c\u0131lar\u0131n g\u00fcvenli bir \u015fekilde ta\u015f\u0131mas\u0131n\u0131 sa\u011flar. Ayr\u0131ca k\u0131l\u0131flar, tabancalar\u0131n uzun \u00f6m\u00fcrl\u00fc olmas\u0131n\u0131 sa\u011flamak i\u00e7in tasarlanm\u0131\u015f dayan\u0131kl\u0131 malzemelerden \u00fcretilir. Tabanca k\u0131l\u0131flar\u0131, kullan\u0131c\u0131lar\u0131n i\u015flem s\u0131ras\u0131nda tabancay\u0131 g\u00fcvenli bir \u015fekilde saklayabilece\u011fi [&#8230;]\n","protected":false},"featured_media":13148,"comment_status":"open","ping_status":"closed","template":"","meta":{"jetpack_post_was_ever_published":false},"product_brand":[],"product_cat":[2340,2343],"product_tag":[],"class_list":{"0":"post-13079","1":"product","2":"type-product","3":"status-publish","4":"has-post-thumbnail","6":"product_cat-akaryakit","7":"product_cat-akaryakit-tabacalari","9":"first","10":"instock","11":"taxable","12":"shipping-taxable","13":"product-type-simple"},"jetpack-related-posts":[{"id":13109,"url":"https:\/\/tuzlahortum.com.tr\/fr\/produit\/11a-otomatik-akaryakit-tabancasi-3-4-ince\/","url_meta":{"origin":13079,"position":0},"title":"Pistolet \u00e0 carburant fin automatique 11A \u2013 3\/4","author":"admin","date":"18 mars 2024","format":false,"excerpt":"11A Otomatik \u0130nce Akaryak\u0131t Tabancas\u0131 - 3\/4 Bas\u0131nca duyarl\u0131 \u00e7al\u0131\u015fma prensibine sahip olan bu self servis veya \u00f6n \u00f6demeli istasyonlar, kullan\u0131c\u0131lar\u0131n kolay ve verimli bir \u015fekilde akaryak\u0131t almas\u0131n\u0131 sa\u011flamak i\u00e7in tasarlanm\u0131\u015ft\u0131r. \u0130\u015fleyi\u015f prensibi, tabancan\u0131n bas\u0131n\u00e7la \u00e7al\u0131\u015fmas\u0131 ve bas\u0131n\u00e7 ortadan kalkt\u0131\u011f\u0131nda otomatik olarak atmas\u0131 \u00fczerine kuruludur. Otomatik atma \u00f6zelli\u011fi, kullan\u0131c\u0131lar\u0131n i\u015flemi\u2026","rel":"","context":"Article similaire","block_context":{"text":"Article similaire","link":""},"img":{"alt_text":"11A Otomatik","src":"https:\/\/i0.wp.com\/tuzlahortum.com.tr\/wp-content\/uploads\/2024\/03\/11A_Ince_Akaryakit_Tabanca_2.jpg?fit=1200%2C1200&ssl=1&resize=350%2C200","width":350,"height":200,"srcset":"https:\/\/i0.wp.com\/tuzlahortum.com.tr\/wp-content\/uploads\/2024\/03\/11A_Ince_Akaryakit_Tabanca_2.jpg?fit=1200%2C1200&ssl=1&resize=350%2C200 1x, https:\/\/i0.wp.com\/tuzlahortum.com.tr\/wp-content\/uploads\/2024\/03\/11A_Ince_Akaryakit_Tabanca_2.jpg?fit=1200%2C1200&ssl=1&resize=525%2C300 1.5x, https:\/\/i0.wp.com\/tuzlahortum.com.tr\/wp-content\/uploads\/2024\/03\/11A_Ince_Akaryakit_Tabanca_2.jpg?fit=1200%2C1200&ssl=1&resize=700%2C400 2x, https:\/\/i0.wp.com\/tuzlahortum.com.tr\/wp-content\/uploads\/2024\/03\/11A_Ince_Akaryakit_Tabanca_2.jpg?fit=1200%2C1200&ssl=1&resize=1050%2C600 3x"},"classes":[]},{"id":13069,"url":"https:\/\/tuzlahortum.com.tr\/fr\/produit\/11a-ince-tabanca-ucu\/","url_meta":{"origin":13079,"position":1},"title":"Pointe de pistolet fine 11A","author":"admin","date":"16 mars 2024","format":false,"excerpt":"11A Slim Pistol Tip Le tube en aluminium et la t\u00eate \u00e0 clapet en zamak rendent la station l\u00e9g\u00e8re et offrent une construction durable. Le roulement du clapet en laiton assure une longue dur\u00e9e de vie \u00e0 la station et un fonctionnement en douceur. Le syst\u00e8me de coupure automatique du carburant augmente la s\u00e9curit\u00e9 en arr\u00eatant automatiquement le d\u00e9bit lorsque l'utilisateur quitte la station. Ce syst\u00e8me emp\u00eache les fuites de carburant et...","rel":"","context":"Article similaire","block_context":{"text":"Article similaire","link":""},"img":{"alt_text":"","src":"https:\/\/i0.wp.com\/tuzlahortum.com.tr\/wp-content\/uploads\/2024\/03\/11A_Ince_Tabanca_Ucu_3.jpg?fit=1200%2C1200&ssl=1&resize=350%2C200","width":350,"height":200,"srcset":"https:\/\/i0.wp.com\/tuzlahortum.com.tr\/wp-content\/uploads\/2024\/03\/11A_Ince_Tabanca_Ucu_3.jpg?fit=1200%2C1200&ssl=1&resize=350%2C200 1x, https:\/\/i0.wp.com\/tuzlahortum.com.tr\/wp-content\/uploads\/2024\/03\/11A_Ince_Tabanca_Ucu_3.jpg?fit=1200%2C1200&ssl=1&resize=525%2C300 1.5x, https:\/\/i0.wp.com\/tuzlahortum.com.tr\/wp-content\/uploads\/2024\/03\/11A_Ince_Tabanca_Ucu_3.jpg?fit=1200%2C1200&ssl=1&resize=700%2C400 2x, https:\/\/i0.wp.com\/tuzlahortum.com.tr\/wp-content\/uploads\/2024\/03\/11A_Ince_Tabanca_Ucu_3.jpg?fit=1200%2C1200&ssl=1&resize=1050%2C600 3x"},"classes":[]},{"id":13070,"url":"https:\/\/tuzlahortum.com.tr\/fr\/produit\/11a-kalin-tabanca-ucu\/","url_meta":{"origin":13079,"position":2},"title":"Pointe de pistolet \u00e9paisse 11A","author":"admin","date":"16 mars 2024","format":false,"excerpt":"11A Thick Pistol Tip ChatGPT Le tube en aluminium et la t\u00eate \u00e0 clapet en zamak rendent le poste l\u00e9ger et offrent une construction durable. Le roulement du clapet en laiton assure une longue dur\u00e9e de vie \u00e0 la station et un fonctionnement en douceur. Le syst\u00e8me de coupure automatique du carburant augmente la s\u00e9curit\u00e9 en arr\u00eatant automatiquement le d\u00e9bit lorsque l'utilisateur quitte la station. Ce syst\u00e8me emp\u00eache les fuites de carburant...","rel":"","context":"Article similaire","block_context":{"text":"Article similaire","link":""},"img":{"alt_text":"","src":"https:\/\/i0.wp.com\/tuzlahortum.com.tr\/wp-content\/uploads\/2024\/03\/11A_Kalin_Tabanca_Ucu_3.jpg?fit=1200%2C1200&ssl=1&resize=350%2C200","width":350,"height":200,"srcset":"https:\/\/i0.wp.com\/tuzlahortum.com.tr\/wp-content\/uploads\/2024\/03\/11A_Kalin_Tabanca_Ucu_3.jpg?fit=1200%2C1200&ssl=1&resize=350%2C200 1x, https:\/\/i0.wp.com\/tuzlahortum.com.tr\/wp-content\/uploads\/2024\/03\/11A_Kalin_Tabanca_Ucu_3.jpg?fit=1200%2C1200&ssl=1&resize=525%2C300 1.5x, https:\/\/i0.wp.com\/tuzlahortum.com.tr\/wp-content\/uploads\/2024\/03\/11A_Kalin_Tabanca_Ucu_3.jpg?fit=1200%2C1200&ssl=1&resize=700%2C400 2x, https:\/\/i0.wp.com\/tuzlahortum.com.tr\/wp-content\/uploads\/2024\/03\/11A_Kalin_Tabanca_Ucu_3.jpg?fit=1200%2C1200&ssl=1&resize=1050%2C600 3x"},"classes":[]},{"id":13075,"url":"https:\/\/tuzlahortum.com.tr\/fr\/produit\/3-4-zva-akaryakit-tabancasi\/","url_meta":{"origin":13079,"position":3},"title":"Pistolet \u00e0 carburant ZVA 3\/4","author":"admin","date":"16 mars 2024","format":false,"excerpt":"Pistolet \u00e0 mazout ZVA 3\/4 3\/4 Pistolet \u00e0 mazout ZVA Pistolet \u00e0 mazout ZVA Le pistolet \u00e0 mazout ZVA est un \u00e9quipement important qui permet aux utilisateurs de faire le plein de mazout facilement et en toute s\u00e9curit\u00e9. Il se distingue par les caract\u00e9ristiques suivantes : Syst\u00e8me FlowLock : Ce pistolet peut \u00eatre utilis\u00e9 avec de l'essence standard et des biocarburants. Il est dot\u00e9 d'un dispositif de coupure automatique du carburant en cas de chute ou de soul\u00e8vement du r\u00e9servoir du v\u00e9hicule....","rel":"","context":"Article similaire","block_context":{"text":"Article similaire","link":""},"img":{"alt_text":"","src":"https:\/\/i0.wp.com\/tuzlahortum.com.tr\/wp-content\/uploads\/2024\/03\/ZVA_Akaryakit_Tabanca_3.jpg?fit=1199%2C1200&ssl=1&resize=350%2C200","width":350,"height":200,"srcset":"https:\/\/i0.wp.com\/tuzlahortum.com.tr\/wp-content\/uploads\/2024\/03\/ZVA_Akaryakit_Tabanca_3.jpg?fit=1199%2C1200&ssl=1&resize=350%2C200 1x, https:\/\/i0.wp.com\/tuzlahortum.com.tr\/wp-content\/uploads\/2024\/03\/ZVA_Akaryakit_Tabanca_3.jpg?fit=1199%2C1200&ssl=1&resize=525%2C300 1.5x, https:\/\/i0.wp.com\/tuzlahortum.com.tr\/wp-content\/uploads\/2024\/03\/ZVA_Akaryakit_Tabanca_3.jpg?fit=1199%2C1200&ssl=1&resize=700%2C400 2x, https:\/\/i0.wp.com\/tuzlahortum.com.tr\/wp-content\/uploads\/2024\/03\/ZVA_Akaryakit_Tabanca_3.jpg?fit=1199%2C1200&ssl=1&resize=1050%2C600 3x"},"classes":[]},{"id":13242,"url":"https:\/\/tuzlahortum.com.tr\/fr\/produit\/flow-eko-bahce-sulama-tabancasi-seti\/","url_meta":{"origin":13079,"position":4},"title":"ENSEMBLE DE PISTOLET D&#039;ARROSAGE DE JARDIN FLOW ECO","author":"admin","date":"28 mars 2024","format":false,"excerpt":"FLOW EKO BAH\u00c7E SULAMA TABANCASI SET\u0130 Bah\u00e7e sulama ihtiya\u00e7lar\u0131n\u0131z\u0131 kar\u015f\u0131lamak i\u00e7in tasarlanan FLOW EKO Bah\u00e7e Sulama Nozul Seti, pratik ve etkili bir sulama \u00e7\u00f6z\u00fcm\u00fc sunar. Set, bir tabanca, iki hortum g\u00f6vde ve bir di\u015fi u\u00e7 olmak \u00fczere toplamda d\u00f6rt par\u00e7adan olu\u015fur. \u00d6zellikler: Tabanca: Setin bir par\u00e7as\u0131 olan tabanca, farkl\u0131 sulama\u2026","rel":"","context":"Article similaire","block_context":{"text":"Article similaire","link":""},"img":{"alt_text":"","src":"https:\/\/i0.wp.com\/tuzlahortum.com.tr\/wp-content\/uploads\/2024\/03\/bahce_tabanca_seti_2.jpg?fit=800%2C800&ssl=1&resize=350%2C200","width":350,"height":200,"srcset":"https:\/\/i0.wp.com\/tuzlahortum.com.tr\/wp-content\/uploads\/2024\/03\/bahce_tabanca_seti_2.jpg?fit=800%2C800&ssl=1&resize=350%2C200 1x, https:\/\/i0.wp.com\/tuzlahortum.com.tr\/wp-content\/uploads\/2024\/03\/bahce_tabanca_seti_2.jpg?fit=800%2C800&ssl=1&resize=525%2C300 1.5x, https:\/\/i0.wp.com\/tuzlahortum.com.tr\/wp-content\/uploads\/2024\/03\/bahce_tabanca_seti_2.jpg?fit=800%2C800&ssl=1&resize=700%2C400 2x"},"classes":[]},{"id":13080,"url":"https:\/\/tuzlahortum.com.tr\/fr\/produit\/c-mafsal-1\/","url_meta":{"origin":13079,"position":5},"title":"Joint en C 1 pouce","author":"admin","date":"16 mars 2024","format":false,"excerpt":"C Mafsal 1 Inch Bu tabanca, geni\u015f bir yak\u0131t yelpazesine uyum sa\u011flar ve \u00e7e\u015fitli akaryak\u0131t t\u00fcrlerinde kullan\u0131labilir. Dizel, benzin ve %10'a kadar etanol katk\u0131lar\u0131yla uyumlu olmas\u0131, istasyonun farkl\u0131 m\u00fc\u015fteri gereksinimlerini kar\u015f\u0131layabilmesini sa\u011flar. BSP 1\" di\u015f se\u00e7enekleri, farkl\u0131 ba\u011flant\u0131 gereksinimlerine uyum sa\u011flar ve \u00e7e\u015fitli kurulum senaryolar\u0131na adapte olabilir. \u00c7ift eksen hareketiyle\u2026","rel":"","context":"Article similaire","block_context":{"text":"Article similaire","link":""},"img":{"alt_text":"","src":"https:\/\/i0.wp.com\/tuzlahortum.com.tr\/wp-content\/uploads\/2024\/03\/C_Mafsal_1inch_2.jpg?fit=1200%2C1200&ssl=1&resize=350%2C200","width":350,"height":200,"srcset":"https:\/\/i0.wp.com\/tuzlahortum.com.tr\/wp-content\/uploads\/2024\/03\/C_Mafsal_1inch_2.jpg?fit=1200%2C1200&ssl=1&resize=350%2C200 1x, https:\/\/i0.wp.com\/tuzlahortum.com.tr\/wp-content\/uploads\/2024\/03\/C_Mafsal_1inch_2.jpg?fit=1200%2C1200&ssl=1&resize=525%2C300 1.5x, https:\/\/i0.wp.com\/tuzlahortum.com.tr\/wp-content\/uploads\/2024\/03\/C_Mafsal_1inch_2.jpg?fit=1200%2C1200&ssl=1&resize=700%2C400 2x, https:\/\/i0.wp.com\/tuzlahortum.com.tr\/wp-content\/uploads\/2024\/03\/C_Mafsal_1inch_2.jpg?fit=1200%2C1200&ssl=1&resize=1050%2C600 3x"},"classes":[]}],"jetpack_sharing_enabled":true,"jetpack_likes_enabled":true,"_links":{"self":[{"href":"https:\/\/tuzlahortum.com.tr\/fr\/wp-json\/wp\/v2\/product\/13079","targetHints":{"allow":["GET"]}}],"collection":[{"href":"https:\/\/tuzlahortum.com.tr\/fr\/wp-json\/wp\/v2\/product"}],"about":[{"href":"https:\/\/tuzlahortum.com.tr\/fr\/wp-json\/wp\/v2\/types\/product"}],"replies":[{"embeddable":true,"href":"https:\/\/tuzlahortum.com.tr\/fr\/wp-json\/wp\/v2\/comments?post=13079"}],"wp:featuredmedia":[{"embeddable":true,"href":"https:\/\/tuzlahortum.com.tr\/fr\/wp-json\/wp\/v2\/media\/13148"}],"wp:attachment":[{"href":"https:\/\/tuzlahortum.com.tr\/fr\/wp-json\/wp\/v2\/media?parent=13079"}],"wp:term":[{"taxonomy":"product_brand","embeddable":true,"href":"https:\/\/tuzlahortum.com.tr\/fr\/wp-json\/wp\/v2\/product_brand?post=13079"},{"taxonomy":"product_cat","embeddable":true,"href":"https:\/\/tuzlahortum.com.tr\/fr\/wp-json\/wp\/v2\/product_cat?post=13079"},{"taxonomy":"product_tag","embeddable":true,"href":"https:\/\/tuzlahortum.com.tr\/fr\/wp-json\/wp\/v2\/product_tag?post=13079"}],"curies":[{"name":"wp","href":"https:\/\/api.w.org\/{rel}","templated":true}]}}