{"id":13075,"date":"2024-03-16T19:28:59","date_gmt":"2024-03-16T16:28:59","guid":{"rendered":"https:\/\/tuzlahortum.com.tr\/?post_type=product&#038;p=13075"},"modified":"2025-08-20T12:10:00","modified_gmt":"2025-08-20T09:10:00","slug":"3-4-zva-akaryakit-tabancasi","status":"publish","type":"product","link":"https:\/\/tuzlahortum.com.tr\/fr\/produit\/3-4-zva-akaryakit-tabancasi\/","title":{"rendered":"Pistolet \u00e0 carburant ZVA 3\/4"},"content":{"rendered":"<h2>Pistolet \u00e0 carburant ZVA 3\/4<\/h2>\n<h2>Pistolet \u00e0 carburant 3\/4 ZVA<\/h2>\n<p>Le pistolet \u00e0 carburant ZVA est un \u00e9quipement important qui permet aux utilisateurs de faire le plein de carburant facilement et en toute s\u00e9curit\u00e9.<\/p>\n<p>Les caract\u00e9ristiques suivantes se d\u00e9marquent\u00a0:<\/p>\n<ol>\n<li><strong>Syst\u00e8me FlowLock<\/strong>: Un pistolet qui peut \u00eatre utilis\u00e9 avec de l&#039;essence standard et des biocarburants, et dot\u00e9 d&#039;une fonction de coupure automatique du carburant au cas o\u00f9 il tomberait du r\u00e9servoir du v\u00e9hicule ou serait soulev\u00e9. Cela augmente la s\u00e9curit\u00e9 du carburant et r\u00e9duit les risques environnementaux.<\/li>\n<li><strong>Principe de fonctionnement sensible \u00e0 la pression<\/strong>: Utilis\u00e9 dans les stations libre-service ou pr\u00e9pay\u00e9es, le pistolet fonctionne \u00e0 pression et se d\u00e9charge automatiquement une fois la transaction termin\u00e9e par l&#039;utilisateur. Cela donne aux utilisateurs plus de contr\u00f4le pendant le processus.<\/li>\n<li><strong>Fonction de lancement automatique<\/strong>: Le pistolet se d\u00e9charge automatiquement une fois l&#039;op\u00e9ration termin\u00e9e, de sorte que l&#039;utilisateur n&#039;a pas besoin d&#039;intervenir davantage apr\u00e8s l&#039;op\u00e9ration.<\/li>\n<li><strong>Haut d\u00e9bit<\/strong>: Il fournit un d\u00e9bit allant jusqu&#039;\u00e0 80 litres par minute, ce qui indique sa capacit\u00e9 \u00e0 se remplir rapidement.<\/li>\n<li><strong>R\u00e9duction des gouttes<\/strong>: Il minimise les gouttes et les d\u00e9versements apr\u00e8s service gr\u00e2ce \u00e0 son clapet s&#039;ouvrant dans le sens inverse du flux. Cela permet de garder la station propre et bien rang\u00e9e.<\/li>\n<li><strong>Diverses options de couleurs<\/strong>: Diff\u00e9rentes options de couleurs sont propos\u00e9es sur le rev\u00eatement du corps en polyamide, afin de pouvoir l&#039;adapter au design de la station.<\/li>\n<li><strong>Mat\u00e9riaux durables<\/strong>: Un produit durable est offert en utilisant des mat\u00e9riaux durables tels que le tube de pistolet en aluminium \u00e0 pointe inoxydable.<\/li>\n<\/ol>","protected":false},"excerpt":{"rendered":"<p>ZVA Akaryak\u0131t Tabancas\u0131 3\/4 3\/4 ZVA Akaryak\u0131t Tabancas\u0131 ZVA Akaryak\u0131t tabancas\u0131, kullan\u0131c\u0131lara kolay ve g\u00fcvenli bir \u015fekilde akaryak\u0131t dolumu yapmalar\u0131n\u0131 sa\u011flayan \u00f6nemli bir ekipmand\u0131r. A\u015fa\u011f\u0131daki \u00f6zellikler \u00f6ne \u00e7\u0131kmaktad\u0131r: FlowLock Sistemi: Standart benzin ve bio yak\u0131tlarda kullan\u0131labilen bir tabanca, ara\u00e7 deposundan d\u00fc\u015fme veya yukar\u0131 kald\u0131r\u0131lmas\u0131 durumunda otomatik yak\u0131t kesme \u00f6zelli\u011fine sahiptir. Bu, yak\u0131t\u0131n g\u00fcvenli\u011fini art\u0131r\u0131r ve [&#8230;]\n","protected":false},"featured_media":13160,"comment_status":"open","ping_status":"closed","template":"","meta":{"jetpack_post_was_ever_published":false},"product_brand":[],"product_cat":[2340,2343,2345],"product_tag":[],"class_list":{"0":"post-13075","1":"product","2":"type-product","3":"status-publish","4":"has-post-thumbnail","6":"product_cat-akaryakit","7":"product_cat-akaryakit-tabacalari","8":"product_cat-akaryakit-zva-urunler","10":"first","11":"instock","12":"taxable","13":"shipping-taxable","14":"product-type-simple"},"jetpack-related-posts":[{"id":13074,"url":"https:\/\/tuzlahortum.com.tr\/fr\/produit\/3-4-zva-2-ince-tabanca-ucu\/","url_meta":{"origin":13075,"position":0},"title":"Pointe de pistolet fine ZVA 2 3\/4","author":"admin","date":"16 mars 2024","format":false,"excerpt":"ZVA 2 Thin Gun Tip 3\/4 Le syst\u00e8me de coupure automatique du carburant est un m\u00e9canisme qui arr\u00eate automatiquement le d\u00e9bit une fois que l'utilisateur a termin\u00e9 l'op\u00e9ration. Ce syst\u00e8me augmente la s\u00e9curit\u00e9 et minimise les fuites de carburant en coupant automatiquement le flux de carburant apr\u00e8s que l'utilisateur a termin\u00e9 l'op\u00e9ration. Utilisable pour le diesel et le mazout, il convient \u00e0 une large gamme de carburants....","rel":"","context":"Article similaire","block_context":{"text":"Article similaire","link":""},"img":{"alt_text":"","src":"https:\/\/i0.wp.com\/tuzlahortum.com.tr\/wp-content\/uploads\/2024\/03\/ZVA2_Benzin_Tabanca_Ucu_1.jpg?fit=1197%2C1200&ssl=1&resize=350%2C200","width":350,"height":200,"srcset":"https:\/\/i0.wp.com\/tuzlahortum.com.tr\/wp-content\/uploads\/2024\/03\/ZVA2_Benzin_Tabanca_Ucu_1.jpg?fit=1197%2C1200&ssl=1&resize=350%2C200 1x, https:\/\/i0.wp.com\/tuzlahortum.com.tr\/wp-content\/uploads\/2024\/03\/ZVA2_Benzin_Tabanca_Ucu_1.jpg?fit=1197%2C1200&ssl=1&resize=525%2C300 1.5x, https:\/\/i0.wp.com\/tuzlahortum.com.tr\/wp-content\/uploads\/2024\/03\/ZVA2_Benzin_Tabanca_Ucu_1.jpg?fit=1197%2C1200&ssl=1&resize=700%2C400 2x, https:\/\/i0.wp.com\/tuzlahortum.com.tr\/wp-content\/uploads\/2024\/03\/ZVA2_Benzin_Tabanca_Ucu_1.jpg?fit=1197%2C1200&ssl=1&resize=1050%2C600 3x"},"classes":[]},{"id":13071,"url":"https:\/\/tuzlahortum.com.tr\/fr\/produit\/3-4-zva-kalin-tabanca-ucu\/","url_meta":{"origin":13075,"position":1},"title":"Pointe de pistolet \u00e9paisse ZVA 3\/4","author":"admin","date":"16 mars 2024","format":false,"excerpt":"ZVA Thick Pistol Tip 3\/4 Le syst\u00e8me de coupure automatique de carburant est un m\u00e9canisme qui arr\u00eate automatiquement le d\u00e9bit apr\u00e8s avoir quitt\u00e9 la station. Ce syst\u00e8me assure la s\u00e9curit\u00e9 en arr\u00eatant automatiquement l'\u00e9coulement du carburant apr\u00e8s que l'utilisateur a termin\u00e9 l'op\u00e9ration. Utilisable avec le gazole et le plomb, il s'adapte \u00e0 une large gamme de carburants. Cette caract\u00e9ristique permet d'utiliser la station avec diff\u00e9rents types de carburants...","rel":"","context":"Article similaire","block_context":{"text":"Article similaire","link":""},"img":{"alt_text":"","src":"https:\/\/i0.wp.com\/tuzlahortum.com.tr\/wp-content\/uploads\/2024\/03\/ZVA_Tabanca_Ucu_3.jpg?fit=1200%2C1199&ssl=1&resize=350%2C200","width":350,"height":200,"srcset":"https:\/\/i0.wp.com\/tuzlahortum.com.tr\/wp-content\/uploads\/2024\/03\/ZVA_Tabanca_Ucu_3.jpg?fit=1200%2C1199&ssl=1&resize=350%2C200 1x, https:\/\/i0.wp.com\/tuzlahortum.com.tr\/wp-content\/uploads\/2024\/03\/ZVA_Tabanca_Ucu_3.jpg?fit=1200%2C1199&ssl=1&resize=525%2C300 1.5x, https:\/\/i0.wp.com\/tuzlahortum.com.tr\/wp-content\/uploads\/2024\/03\/ZVA_Tabanca_Ucu_3.jpg?fit=1200%2C1199&ssl=1&resize=700%2C400 2x, https:\/\/i0.wp.com\/tuzlahortum.com.tr\/wp-content\/uploads\/2024\/03\/ZVA_Tabanca_Ucu_3.jpg?fit=1200%2C1199&ssl=1&resize=1050%2C600 3x"},"classes":[]},{"id":13072,"url":"https:\/\/tuzlahortum.com.tr\/fr\/produit\/3-4-zva-ince-tabanca-ucu\/","url_meta":{"origin":13075,"position":2},"title":"Pointe de pistolet fine ZVA 3\/4","author":"admin","date":"16 mars 2024","format":false,"excerpt":"ZVA Thin Gun Tip 3\/4 Le syst\u00e8me de coupure automatique du carburant est un m\u00e9canisme qui arr\u00eate automatiquement le d\u00e9bit apr\u00e8s avoir quitt\u00e9 la station. Ce syst\u00e8me assure la s\u00e9curit\u00e9 en arr\u00eatant automatiquement l'\u00e9coulement du carburant apr\u00e8s que l'utilisateur a termin\u00e9 l'op\u00e9ration. Utilisable avec le gazole et le plomb, il s'adapte \u00e0 une large gamme de carburants. Cette caract\u00e9ristique permet d'utiliser la station avec diff\u00e9rents types de carburants...","rel":"","context":"Article similaire","block_context":{"text":"Article similaire","link":""},"img":{"alt_text":"","src":"https:\/\/i0.wp.com\/tuzlahortum.com.tr\/wp-content\/uploads\/2024\/03\/ZVA_Tabanca_Ucu_2.jpg?fit=1200%2C1047&ssl=1&resize=350%2C200","width":350,"height":200,"srcset":"https:\/\/i0.wp.com\/tuzlahortum.com.tr\/wp-content\/uploads\/2024\/03\/ZVA_Tabanca_Ucu_2.jpg?fit=1200%2C1047&ssl=1&resize=350%2C200 1x, https:\/\/i0.wp.com\/tuzlahortum.com.tr\/wp-content\/uploads\/2024\/03\/ZVA_Tabanca_Ucu_2.jpg?fit=1200%2C1047&ssl=1&resize=525%2C300 1.5x, https:\/\/i0.wp.com\/tuzlahortum.com.tr\/wp-content\/uploads\/2024\/03\/ZVA_Tabanca_Ucu_2.jpg?fit=1200%2C1047&ssl=1&resize=700%2C400 2x, https:\/\/i0.wp.com\/tuzlahortum.com.tr\/wp-content\/uploads\/2024\/03\/ZVA_Tabanca_Ucu_2.jpg?fit=1200%2C1047&ssl=1&resize=1050%2C600 3x"},"classes":[]},{"id":13073,"url":"https:\/\/tuzlahortum.com.tr\/fr\/produit\/3-4-zva-2-kalin-tabanca-ucu\/","url_meta":{"origin":13075,"position":3},"title":"Pointe de pistolet \u00e9paisse ZVA 2 3\/4","author":"admin","date":"16 mars 2024","format":false,"excerpt":"ZVA 2 Kal\u0131n Tabanca Ucu 3\/4 Otomatik yak\u0131t kesme sistemi, istasyondan ayr\u0131ld\u0131ktan sonra ak\u0131\u015f\u0131 otomatik olarak durduran bir mekanizmad\u0131r. Bu sistem, kullan\u0131c\u0131n\u0131n i\u015flemi tamamlad\u0131ktan sonra yak\u0131t\u0131n akmas\u0131n\u0131 otomatik olarak keserek g\u00fcvenli\u011fi sa\u011flar. Dizel ve kur\u015funlu akaryak\u0131tta kullan\u0131ma uygun olmas\u0131, geni\u015f bir yak\u0131t yelpazesine uyum sa\u011flar. Bu \u00f6zellik, istasyonun farkl\u0131 yak\u0131t\u2026","rel":"","context":"Article similaire","block_context":{"text":"Article similaire","link":""},"img":{"alt_text":"","src":"https:\/\/i0.wp.com\/tuzlahortum.com.tr\/wp-content\/uploads\/2024\/03\/ZVA2_Motorin_Tabanca_Ucu_3.jpg?fit=1200%2C1200&ssl=1&resize=350%2C200","width":350,"height":200,"srcset":"https:\/\/i0.wp.com\/tuzlahortum.com.tr\/wp-content\/uploads\/2024\/03\/ZVA2_Motorin_Tabanca_Ucu_3.jpg?fit=1200%2C1200&ssl=1&resize=350%2C200 1x, https:\/\/i0.wp.com\/tuzlahortum.com.tr\/wp-content\/uploads\/2024\/03\/ZVA2_Motorin_Tabanca_Ucu_3.jpg?fit=1200%2C1200&ssl=1&resize=525%2C300 1.5x, https:\/\/i0.wp.com\/tuzlahortum.com.tr\/wp-content\/uploads\/2024\/03\/ZVA2_Motorin_Tabanca_Ucu_3.jpg?fit=1200%2C1200&ssl=1&resize=700%2C400 2x, https:\/\/i0.wp.com\/tuzlahortum.com.tr\/wp-content\/uploads\/2024\/03\/ZVA2_Motorin_Tabanca_Ucu_3.jpg?fit=1200%2C1200&ssl=1&resize=1050%2C600 3x"},"classes":[]},{"id":13109,"url":"https:\/\/tuzlahortum.com.tr\/fr\/produit\/11a-otomatik-akaryakit-tabancasi-3-4-ince\/","url_meta":{"origin":13075,"position":4},"title":"Pistolet \u00e0 carburant fin automatique 11A \u2013 3\/4","author":"admin","date":"18 mars 2024","format":false,"excerpt":"11A Otomatik \u0130nce Akaryak\u0131t Tabancas\u0131 - 3\/4 Bas\u0131nca duyarl\u0131 \u00e7al\u0131\u015fma prensibine sahip olan bu self servis veya \u00f6n \u00f6demeli istasyonlar, kullan\u0131c\u0131lar\u0131n kolay ve verimli bir \u015fekilde akaryak\u0131t almas\u0131n\u0131 sa\u011flamak i\u00e7in tasarlanm\u0131\u015ft\u0131r. \u0130\u015fleyi\u015f prensibi, tabancan\u0131n bas\u0131n\u00e7la \u00e7al\u0131\u015fmas\u0131 ve bas\u0131n\u00e7 ortadan kalkt\u0131\u011f\u0131nda otomatik olarak atmas\u0131 \u00fczerine kuruludur. Otomatik atma \u00f6zelli\u011fi, kullan\u0131c\u0131lar\u0131n i\u015flemi\u2026","rel":"","context":"Article similaire","block_context":{"text":"Article similaire","link":""},"img":{"alt_text":"11A Otomatik","src":"https:\/\/i0.wp.com\/tuzlahortum.com.tr\/wp-content\/uploads\/2024\/03\/11A_Ince_Akaryakit_Tabanca_2.jpg?fit=1200%2C1200&ssl=1&resize=350%2C200","width":350,"height":200,"srcset":"https:\/\/i0.wp.com\/tuzlahortum.com.tr\/wp-content\/uploads\/2024\/03\/11A_Ince_Akaryakit_Tabanca_2.jpg?fit=1200%2C1200&ssl=1&resize=350%2C200 1x, https:\/\/i0.wp.com\/tuzlahortum.com.tr\/wp-content\/uploads\/2024\/03\/11A_Ince_Akaryakit_Tabanca_2.jpg?fit=1200%2C1200&ssl=1&resize=525%2C300 1.5x, https:\/\/i0.wp.com\/tuzlahortum.com.tr\/wp-content\/uploads\/2024\/03\/11A_Ince_Akaryakit_Tabanca_2.jpg?fit=1200%2C1200&ssl=1&resize=700%2C400 2x, https:\/\/i0.wp.com\/tuzlahortum.com.tr\/wp-content\/uploads\/2024\/03\/11A_Ince_Akaryakit_Tabanca_2.jpg?fit=1200%2C1200&ssl=1&resize=1050%2C600 3x"},"classes":[]},{"id":13087,"url":"https:\/\/tuzlahortum.com.tr\/fr\/produit\/zva-breakaway-3-4-erkek\/","url_meta":{"origin":13075,"position":5},"title":"ZVA Breakaway 3\/4 Hommes","author":"admin","date":"16 mars 2024","format":false,"excerpt":"ZVA Breakaway 3\/4 Erkek Al\u00fcminyum d\u00f6k\u00fcm g\u00f6vde ve dirsekler, istasyonun dayan\u0131kl\u0131l\u0131\u011f\u0131n\u0131 ve uzun \u00f6m\u00fcrl\u00fcl\u00fc\u011f\u00fcn\u00fc art\u0131r\u0131r. M\u00fckemmel s\u0131zd\u0131rmazl\u0131k i\u00e7in \u00e7ift O-ring kullan\u0131m\u0131, istasyonun akaryak\u0131t ka\u00e7aklar\u0131n\u0131 \u00f6nler ve g\u00fcvenli\u011fi sa\u011flar. Teflon yataklama, her t\u00fcrl\u00fc akaryak\u0131ta dayan\u0131kl\u0131d\u0131r ve s\u00fcrekli kullan\u0131m i\u00e7in uzun \u00f6m\u00fcrl\u00fcd\u00fcr. Ak\u0131ll\u0131 ve pratik \u00e7\u00f6z\u00fcmler sayesinde k\u0131sa hortum ihtiyac\u0131n\u0131 giderir, b\u00f6ylece\u2026","rel":"","context":"Article similaire","block_context":{"text":"Article similaire","link":""},"img":{"alt_text":"","src":"https:\/\/i0.wp.com\/tuzlahortum.com.tr\/wp-content\/uploads\/2024\/03\/ZVA_Breakaway_Erkek_3-4inch_1.jpg?fit=1200%2C1200&ssl=1&resize=350%2C200","width":350,"height":200,"srcset":"https:\/\/i0.wp.com\/tuzlahortum.com.tr\/wp-content\/uploads\/2024\/03\/ZVA_Breakaway_Erkek_3-4inch_1.jpg?fit=1200%2C1200&ssl=1&resize=350%2C200 1x, https:\/\/i0.wp.com\/tuzlahortum.com.tr\/wp-content\/uploads\/2024\/03\/ZVA_Breakaway_Erkek_3-4inch_1.jpg?fit=1200%2C1200&ssl=1&resize=525%2C300 1.5x, https:\/\/i0.wp.com\/tuzlahortum.com.tr\/wp-content\/uploads\/2024\/03\/ZVA_Breakaway_Erkek_3-4inch_1.jpg?fit=1200%2C1200&ssl=1&resize=700%2C400 2x, https:\/\/i0.wp.com\/tuzlahortum.com.tr\/wp-content\/uploads\/2024\/03\/ZVA_Breakaway_Erkek_3-4inch_1.jpg?fit=1200%2C1200&ssl=1&resize=1050%2C600 3x"},"classes":[]}],"jetpack_sharing_enabled":true,"jetpack_likes_enabled":true,"_links":{"self":[{"href":"https:\/\/tuzlahortum.com.tr\/fr\/wp-json\/wp\/v2\/product\/13075","targetHints":{"allow":["GET"]}}],"collection":[{"href":"https:\/\/tuzlahortum.com.tr\/fr\/wp-json\/wp\/v2\/product"}],"about":[{"href":"https:\/\/tuzlahortum.com.tr\/fr\/wp-json\/wp\/v2\/types\/product"}],"replies":[{"embeddable":true,"href":"https:\/\/tuzlahortum.com.tr\/fr\/wp-json\/wp\/v2\/comments?post=13075"}],"wp:featuredmedia":[{"embeddable":true,"href":"https:\/\/tuzlahortum.com.tr\/fr\/wp-json\/wp\/v2\/media\/13160"}],"wp:attachment":[{"href":"https:\/\/tuzlahortum.com.tr\/fr\/wp-json\/wp\/v2\/media?parent=13075"}],"wp:term":[{"taxonomy":"product_brand","embeddable":true,"href":"https:\/\/tuzlahortum.com.tr\/fr\/wp-json\/wp\/v2\/product_brand?post=13075"},{"taxonomy":"product_cat","embeddable":true,"href":"https:\/\/tuzlahortum.com.tr\/fr\/wp-json\/wp\/v2\/product_cat?post=13075"},{"taxonomy":"product_tag","embeddable":true,"href":"https:\/\/tuzlahortum.com.tr\/fr\/wp-json\/wp\/v2\/product_tag?post=13075"}],"curies":[{"name":"wp","href":"https:\/\/api.w.org\/{rel}","templated":true}]}}