{"id":13071,"date":"2024-03-16T19:26:36","date_gmt":"2024-03-16T16:26:36","guid":{"rendered":"https:\/\/tuzlahortum.com.tr\/?post_type=product&#038;p=13071"},"modified":"2025-08-20T12:10:12","modified_gmt":"2025-08-20T09:10:12","slug":"3-4-zva-kalin-tabanca-ucu","status":"publish","type":"product","link":"https:\/\/tuzlahortum.com.tr\/fr\/produit\/3-4-zva-kalin-tabanca-ucu\/","title":{"rendered":"Pointe de pistolet \u00e9paisse ZVA 3\/4"},"content":{"rendered":"<h2>Pointe de pistolet \u00e9paisse ZVA 3\/4<\/h2>\n<p>Le syst\u00e8me d&#039;arr\u00eat automatique du carburant est un m\u00e9canisme qui arr\u00eate automatiquement le d\u00e9bit apr\u00e8s avoir quitt\u00e9 la station. Ce syst\u00e8me assure la s\u00e9curit\u00e9 en arr\u00eatant automatiquement le flux de carburant une fois l&#039;utilisateur termin\u00e9 l&#039;op\u00e9ration.<\/p>\n<p>Adapt\u00e9 \u00e0 une utilisation dans le diesel et le carburant au plomb, il s&#039;adapte \u00e0 une large gamme de carburants. Cette fonctionnalit\u00e9 augmente la convivialit\u00e9 de la station pour diff\u00e9rents types de carburant et r\u00e9pond aux besoins des utilisateurs.<\/p>\n<p>Les types \u00e0 vis et enfichables offrent diff\u00e9rentes options pour le raccordement du carburant. Cette fonctionnalit\u00e9 permet \u00e0 la station de s&#039;adapter aux diff\u00e9rentes exigences d&#039;installation et de s&#039;adapter \u00e0 divers sc\u00e9narios d&#039;utilisation.<\/p>","protected":false},"excerpt":{"rendered":"<p>ZVA Kal\u0131n Tabanca Ucu 3\/4 Otomatik yak\u0131t kesme sistemi, istasyondan ayr\u0131ld\u0131ktan sonra ak\u0131\u015f\u0131 otomatik olarak durduran bir mekanizmad\u0131r. Bu sistem, kullan\u0131c\u0131n\u0131n i\u015flemi tamamlad\u0131ktan sonra yak\u0131t\u0131n akmas\u0131n\u0131 otomatik olarak keserek g\u00fcvenli\u011fi sa\u011flar. Dizel ve kur\u015funlu akaryak\u0131tta kullan\u0131ma uygun olmas\u0131, geni\u015f bir yak\u0131t yelpazesine uyum sa\u011flar. Bu \u00f6zellik, istasyonun farkl\u0131 yak\u0131t tipleri i\u00e7in kullan\u0131labilirli\u011fini art\u0131r\u0131r ve kullan\u0131c\u0131lar\u0131n [&#8230;]\n","protected":false},"featured_media":13174,"comment_status":"open","ping_status":"closed","template":"","meta":{"jetpack_post_was_ever_published":false},"product_brand":[],"product_cat":[2340,2343,2345],"product_tag":[],"class_list":{"0":"post-13071","1":"product","2":"type-product","3":"status-publish","4":"has-post-thumbnail","6":"product_cat-akaryakit","7":"product_cat-akaryakit-tabacalari","8":"product_cat-akaryakit-zva-urunler","10":"first","11":"instock","12":"taxable","13":"shipping-taxable","14":"product-type-simple"},"jetpack-related-posts":[{"id":13073,"url":"https:\/\/tuzlahortum.com.tr\/fr\/produit\/3-4-zva-2-kalin-tabanca-ucu\/","url_meta":{"origin":13071,"position":0},"title":"Pointe de pistolet \u00e9paisse ZVA 2 3\/4","author":"admin","date":"16 mars 2024","format":false,"excerpt":"ZVA 2 Kal\u0131n Tabanca Ucu 3\/4 Otomatik yak\u0131t kesme sistemi, istasyondan ayr\u0131ld\u0131ktan sonra ak\u0131\u015f\u0131 otomatik olarak durduran bir mekanizmad\u0131r. Bu sistem, kullan\u0131c\u0131n\u0131n i\u015flemi tamamlad\u0131ktan sonra yak\u0131t\u0131n akmas\u0131n\u0131 otomatik olarak keserek g\u00fcvenli\u011fi sa\u011flar. Dizel ve kur\u015funlu akaryak\u0131tta kullan\u0131ma uygun olmas\u0131, geni\u015f bir yak\u0131t yelpazesine uyum sa\u011flar. Bu \u00f6zellik, istasyonun farkl\u0131 yak\u0131t\u2026","rel":"","context":"Article similaire","block_context":{"text":"Article similaire","link":""},"img":{"alt_text":"","src":"https:\/\/i0.wp.com\/tuzlahortum.com.tr\/wp-content\/uploads\/2024\/03\/ZVA2_Motorin_Tabanca_Ucu_3.jpg?fit=1200%2C1200&ssl=1&resize=350%2C200","width":350,"height":200,"srcset":"https:\/\/i0.wp.com\/tuzlahortum.com.tr\/wp-content\/uploads\/2024\/03\/ZVA2_Motorin_Tabanca_Ucu_3.jpg?fit=1200%2C1200&ssl=1&resize=350%2C200 1x, https:\/\/i0.wp.com\/tuzlahortum.com.tr\/wp-content\/uploads\/2024\/03\/ZVA2_Motorin_Tabanca_Ucu_3.jpg?fit=1200%2C1200&ssl=1&resize=525%2C300 1.5x, https:\/\/i0.wp.com\/tuzlahortum.com.tr\/wp-content\/uploads\/2024\/03\/ZVA2_Motorin_Tabanca_Ucu_3.jpg?fit=1200%2C1200&ssl=1&resize=700%2C400 2x, https:\/\/i0.wp.com\/tuzlahortum.com.tr\/wp-content\/uploads\/2024\/03\/ZVA2_Motorin_Tabanca_Ucu_3.jpg?fit=1200%2C1200&ssl=1&resize=1050%2C600 3x"},"classes":[]},{"id":13072,"url":"https:\/\/tuzlahortum.com.tr\/fr\/produit\/3-4-zva-ince-tabanca-ucu\/","url_meta":{"origin":13071,"position":1},"title":"Pointe de pistolet fine ZVA 3\/4","author":"admin","date":"16 mars 2024","format":false,"excerpt":"ZVA Thin Gun Tip 3\/4 Le syst\u00e8me de coupure automatique du carburant est un m\u00e9canisme qui arr\u00eate automatiquement le d\u00e9bit apr\u00e8s avoir quitt\u00e9 la station. Ce syst\u00e8me assure la s\u00e9curit\u00e9 en arr\u00eatant automatiquement l'\u00e9coulement du carburant apr\u00e8s que l'utilisateur a termin\u00e9 l'op\u00e9ration. Utilisable avec le gazole et le plomb, il s'adapte \u00e0 une large gamme de carburants. Cette caract\u00e9ristique permet d'utiliser la station avec diff\u00e9rents types de carburants...","rel":"","context":"Article similaire","block_context":{"text":"Article similaire","link":""},"img":{"alt_text":"","src":"https:\/\/i0.wp.com\/tuzlahortum.com.tr\/wp-content\/uploads\/2024\/03\/ZVA_Tabanca_Ucu_2.jpg?fit=1200%2C1047&ssl=1&resize=350%2C200","width":350,"height":200,"srcset":"https:\/\/i0.wp.com\/tuzlahortum.com.tr\/wp-content\/uploads\/2024\/03\/ZVA_Tabanca_Ucu_2.jpg?fit=1200%2C1047&ssl=1&resize=350%2C200 1x, https:\/\/i0.wp.com\/tuzlahortum.com.tr\/wp-content\/uploads\/2024\/03\/ZVA_Tabanca_Ucu_2.jpg?fit=1200%2C1047&ssl=1&resize=525%2C300 1.5x, https:\/\/i0.wp.com\/tuzlahortum.com.tr\/wp-content\/uploads\/2024\/03\/ZVA_Tabanca_Ucu_2.jpg?fit=1200%2C1047&ssl=1&resize=700%2C400 2x, https:\/\/i0.wp.com\/tuzlahortum.com.tr\/wp-content\/uploads\/2024\/03\/ZVA_Tabanca_Ucu_2.jpg?fit=1200%2C1047&ssl=1&resize=1050%2C600 3x"},"classes":[]},{"id":13074,"url":"https:\/\/tuzlahortum.com.tr\/fr\/produit\/3-4-zva-2-ince-tabanca-ucu\/","url_meta":{"origin":13071,"position":2},"title":"Pointe de pistolet fine ZVA 2 3\/4","author":"admin","date":"16 mars 2024","format":false,"excerpt":"ZVA 2 Thin Gun Tip 3\/4 Le syst\u00e8me de coupure automatique du carburant est un m\u00e9canisme qui arr\u00eate automatiquement le d\u00e9bit une fois que l'utilisateur a termin\u00e9 l'op\u00e9ration. Ce syst\u00e8me augmente la s\u00e9curit\u00e9 et minimise les fuites de carburant en coupant automatiquement le flux de carburant apr\u00e8s que l'utilisateur a termin\u00e9 l'op\u00e9ration. Utilisable pour le diesel et le mazout, il convient \u00e0 une large gamme de carburants....","rel":"","context":"Article similaire","block_context":{"text":"Article similaire","link":""},"img":{"alt_text":"","src":"https:\/\/i0.wp.com\/tuzlahortum.com.tr\/wp-content\/uploads\/2024\/03\/ZVA2_Benzin_Tabanca_Ucu_1.jpg?fit=1197%2C1200&ssl=1&resize=350%2C200","width":350,"height":200,"srcset":"https:\/\/i0.wp.com\/tuzlahortum.com.tr\/wp-content\/uploads\/2024\/03\/ZVA2_Benzin_Tabanca_Ucu_1.jpg?fit=1197%2C1200&ssl=1&resize=350%2C200 1x, https:\/\/i0.wp.com\/tuzlahortum.com.tr\/wp-content\/uploads\/2024\/03\/ZVA2_Benzin_Tabanca_Ucu_1.jpg?fit=1197%2C1200&ssl=1&resize=525%2C300 1.5x, https:\/\/i0.wp.com\/tuzlahortum.com.tr\/wp-content\/uploads\/2024\/03\/ZVA2_Benzin_Tabanca_Ucu_1.jpg?fit=1197%2C1200&ssl=1&resize=700%2C400 2x, https:\/\/i0.wp.com\/tuzlahortum.com.tr\/wp-content\/uploads\/2024\/03\/ZVA2_Benzin_Tabanca_Ucu_1.jpg?fit=1197%2C1200&ssl=1&resize=1050%2C600 3x"},"classes":[]},{"id":13075,"url":"https:\/\/tuzlahortum.com.tr\/fr\/produit\/3-4-zva-akaryakit-tabancasi\/","url_meta":{"origin":13071,"position":3},"title":"Pistolet \u00e0 carburant ZVA 3\/4","author":"admin","date":"16 mars 2024","format":false,"excerpt":"Pistolet \u00e0 mazout ZVA 3\/4 3\/4 Pistolet \u00e0 mazout ZVA Pistolet \u00e0 mazout ZVA Le pistolet \u00e0 mazout ZVA est un \u00e9quipement important qui permet aux utilisateurs de faire le plein de mazout facilement et en toute s\u00e9curit\u00e9. Il se distingue par les caract\u00e9ristiques suivantes : Syst\u00e8me FlowLock : Ce pistolet peut \u00eatre utilis\u00e9 avec de l'essence standard et des biocarburants. Il est dot\u00e9 d'un dispositif de coupure automatique du carburant en cas de chute ou de soul\u00e8vement du r\u00e9servoir du v\u00e9hicule....","rel":"","context":"Article similaire","block_context":{"text":"Article similaire","link":""},"img":{"alt_text":"","src":"https:\/\/i0.wp.com\/tuzlahortum.com.tr\/wp-content\/uploads\/2024\/03\/ZVA_Akaryakit_Tabanca_3.jpg?fit=1199%2C1200&ssl=1&resize=350%2C200","width":350,"height":200,"srcset":"https:\/\/i0.wp.com\/tuzlahortum.com.tr\/wp-content\/uploads\/2024\/03\/ZVA_Akaryakit_Tabanca_3.jpg?fit=1199%2C1200&ssl=1&resize=350%2C200 1x, https:\/\/i0.wp.com\/tuzlahortum.com.tr\/wp-content\/uploads\/2024\/03\/ZVA_Akaryakit_Tabanca_3.jpg?fit=1199%2C1200&ssl=1&resize=525%2C300 1.5x, https:\/\/i0.wp.com\/tuzlahortum.com.tr\/wp-content\/uploads\/2024\/03\/ZVA_Akaryakit_Tabanca_3.jpg?fit=1199%2C1200&ssl=1&resize=700%2C400 2x, https:\/\/i0.wp.com\/tuzlahortum.com.tr\/wp-content\/uploads\/2024\/03\/ZVA_Akaryakit_Tabanca_3.jpg?fit=1199%2C1200&ssl=1&resize=1050%2C600 3x"},"classes":[]},{"id":13070,"url":"https:\/\/tuzlahortum.com.tr\/fr\/produit\/11a-kalin-tabanca-ucu\/","url_meta":{"origin":13071,"position":4},"title":"Pointe de pistolet \u00e9paisse 11A","author":"admin","date":"16 mars 2024","format":false,"excerpt":"11A Thick Pistol Tip ChatGPT Le tube en aluminium et la t\u00eate \u00e0 clapet en zamak rendent le poste l\u00e9ger et offrent une construction durable. Le roulement du clapet en laiton assure une longue dur\u00e9e de vie \u00e0 la station et un fonctionnement en douceur. Le syst\u00e8me de coupure automatique du carburant augmente la s\u00e9curit\u00e9 en arr\u00eatant automatiquement le d\u00e9bit lorsque l'utilisateur quitte la station. Ce syst\u00e8me emp\u00eache les fuites de carburant...","rel":"","context":"Article similaire","block_context":{"text":"Article similaire","link":""},"img":{"alt_text":"","src":"https:\/\/i0.wp.com\/tuzlahortum.com.tr\/wp-content\/uploads\/2024\/03\/11A_Kalin_Tabanca_Ucu_3.jpg?fit=1200%2C1200&ssl=1&resize=350%2C200","width":350,"height":200,"srcset":"https:\/\/i0.wp.com\/tuzlahortum.com.tr\/wp-content\/uploads\/2024\/03\/11A_Kalin_Tabanca_Ucu_3.jpg?fit=1200%2C1200&ssl=1&resize=350%2C200 1x, https:\/\/i0.wp.com\/tuzlahortum.com.tr\/wp-content\/uploads\/2024\/03\/11A_Kalin_Tabanca_Ucu_3.jpg?fit=1200%2C1200&ssl=1&resize=525%2C300 1.5x, https:\/\/i0.wp.com\/tuzlahortum.com.tr\/wp-content\/uploads\/2024\/03\/11A_Kalin_Tabanca_Ucu_3.jpg?fit=1200%2C1200&ssl=1&resize=700%2C400 2x, https:\/\/i0.wp.com\/tuzlahortum.com.tr\/wp-content\/uploads\/2024\/03\/11A_Kalin_Tabanca_Ucu_3.jpg?fit=1200%2C1200&ssl=1&resize=1050%2C600 3x"},"classes":[]},{"id":13069,"url":"https:\/\/tuzlahortum.com.tr\/fr\/produit\/11a-ince-tabanca-ucu\/","url_meta":{"origin":13071,"position":5},"title":"Pointe de pistolet fine 11A","author":"admin","date":"16 mars 2024","format":false,"excerpt":"11A Slim Pistol Tip Le tube en aluminium et la t\u00eate \u00e0 clapet en zamak rendent la station l\u00e9g\u00e8re et offrent une construction durable. Le roulement du clapet en laiton assure une longue dur\u00e9e de vie \u00e0 la station et un fonctionnement en douceur. Le syst\u00e8me de coupure automatique du carburant augmente la s\u00e9curit\u00e9 en arr\u00eatant automatiquement le d\u00e9bit lorsque l'utilisateur quitte la station. Ce syst\u00e8me emp\u00eache les fuites de carburant et...","rel":"","context":"Article similaire","block_context":{"text":"Article similaire","link":""},"img":{"alt_text":"","src":"https:\/\/i0.wp.com\/tuzlahortum.com.tr\/wp-content\/uploads\/2024\/03\/11A_Ince_Tabanca_Ucu_3.jpg?fit=1200%2C1200&ssl=1&resize=350%2C200","width":350,"height":200,"srcset":"https:\/\/i0.wp.com\/tuzlahortum.com.tr\/wp-content\/uploads\/2024\/03\/11A_Ince_Tabanca_Ucu_3.jpg?fit=1200%2C1200&ssl=1&resize=350%2C200 1x, https:\/\/i0.wp.com\/tuzlahortum.com.tr\/wp-content\/uploads\/2024\/03\/11A_Ince_Tabanca_Ucu_3.jpg?fit=1200%2C1200&ssl=1&resize=525%2C300 1.5x, https:\/\/i0.wp.com\/tuzlahortum.com.tr\/wp-content\/uploads\/2024\/03\/11A_Ince_Tabanca_Ucu_3.jpg?fit=1200%2C1200&ssl=1&resize=700%2C400 2x, https:\/\/i0.wp.com\/tuzlahortum.com.tr\/wp-content\/uploads\/2024\/03\/11A_Ince_Tabanca_Ucu_3.jpg?fit=1200%2C1200&ssl=1&resize=1050%2C600 3x"},"classes":[]}],"jetpack_sharing_enabled":true,"jetpack_likes_enabled":true,"_links":{"self":[{"href":"https:\/\/tuzlahortum.com.tr\/fr\/wp-json\/wp\/v2\/product\/13071","targetHints":{"allow":["GET"]}}],"collection":[{"href":"https:\/\/tuzlahortum.com.tr\/fr\/wp-json\/wp\/v2\/product"}],"about":[{"href":"https:\/\/tuzlahortum.com.tr\/fr\/wp-json\/wp\/v2\/types\/product"}],"replies":[{"embeddable":true,"href":"https:\/\/tuzlahortum.com.tr\/fr\/wp-json\/wp\/v2\/comments?post=13071"}],"wp:featuredmedia":[{"embeddable":true,"href":"https:\/\/tuzlahortum.com.tr\/fr\/wp-json\/wp\/v2\/media\/13174"}],"wp:attachment":[{"href":"https:\/\/tuzlahortum.com.tr\/fr\/wp-json\/wp\/v2\/media?parent=13071"}],"wp:term":[{"taxonomy":"product_brand","embeddable":true,"href":"https:\/\/tuzlahortum.com.tr\/fr\/wp-json\/wp\/v2\/product_brand?post=13071"},{"taxonomy":"product_cat","embeddable":true,"href":"https:\/\/tuzlahortum.com.tr\/fr\/wp-json\/wp\/v2\/product_cat?post=13071"},{"taxonomy":"product_tag","embeddable":true,"href":"https:\/\/tuzlahortum.com.tr\/fr\/wp-json\/wp\/v2\/product_tag?post=13071"}],"curies":[{"name":"wp","href":"https:\/\/api.w.org\/{rel}","templated":true}]}}