{"id":13069,"date":"2024-03-16T19:25:26","date_gmt":"2024-03-16T16:25:26","guid":{"rendered":"https:\/\/tuzlahortum.com.tr\/?post_type=product&#038;p=13069"},"modified":"2025-08-20T12:10:15","modified_gmt":"2025-08-20T09:10:15","slug":"11a-ince-tabanca-ucu","status":"publish","type":"product","link":"https:\/\/tuzlahortum.com.tr\/fr\/produit\/11a-ince-tabanca-ucu\/","title":{"rendered":"Pointe de pistolet fine 11A"},"content":{"rendered":"<h2>Pointe de pistolet fine 11A<\/h2>\n<p>Le tuyau en aluminium et la t\u00eate \u00e0 clapet en zamak rendent la station l\u00e9g\u00e8re et offrent une structure durable. Le roulement \u00e0 clapet en laiton assure la longue dur\u00e9e de vie de la station et permet son fonctionnement sans probl\u00e8me.<\/p>\n<p>Le syst\u00e8me d&#039;arr\u00eat automatique du carburant am\u00e9liore la s\u00e9curit\u00e9 en arr\u00eatant automatiquement le d\u00e9bit une fois que l&#039;utilisateur quitte la station. Ce syst\u00e8me minimise les fuites de carburant et les d\u00e9chets.<\/p>\n<p>Le fait qu&#039;elle soit adapt\u00e9e \u00e0 une utilisation avec du diesel et des carburants au plomb montre que la station s&#039;adresse \u00e0 un large \u00e9ventail d&#039;utilisations.<\/p>\n<p>Fabriqu\u00e9 pour les pistolets de type 11A, il garantit la compatibilit\u00e9 avec les mod\u00e8les de pistolets standard et permet aux utilisateurs d&#039;utiliser la station facilement.<\/p>","protected":false},"excerpt":{"rendered":"<p>11A \u0130nce Tabanca Ucu Al\u00fcminyum boru ve zamak popet kafas\u0131, istasyonun hafif olmas\u0131n\u0131 sa\u011flar ve dayan\u0131kl\u0131 bir yap\u0131 sunar. Pirin\u00e7 popet yata\u011f\u0131, istasyonun uzun \u00f6m\u00fcrl\u00fc olmas\u0131n\u0131 sa\u011flar ve sorunsuz \u00e7al\u0131\u015fmas\u0131n\u0131 destekler. Otomatik yak\u0131t kesme sistemi, kullan\u0131c\u0131n\u0131n istasyondan ayr\u0131ld\u0131ktan sonra ak\u0131\u015f\u0131 otomatik olarak durdurarak g\u00fcvenli\u011fi art\u0131r\u0131r. Bu sistem, yak\u0131t s\u0131z\u0131nt\u0131lar\u0131n\u0131 ve at\u0131klar\u0131n\u0131 minimize eder. Dizel ve [&#8230;]\n","protected":false},"featured_media":13167,"comment_status":"open","ping_status":"closed","template":"","meta":{"jetpack_post_was_ever_published":false},"product_brand":[],"product_cat":[2340,2343],"product_tag":[],"class_list":{"0":"post-13069","1":"product","2":"type-product","3":"status-publish","4":"has-post-thumbnail","6":"product_cat-akaryakit","7":"product_cat-akaryakit-tabacalari","9":"first","10":"instock","11":"taxable","12":"shipping-taxable","13":"product-type-simple"},"jetpack-related-posts":[{"id":13070,"url":"https:\/\/tuzlahortum.com.tr\/fr\/produit\/11a-kalin-tabanca-ucu\/","url_meta":{"origin":13069,"position":0},"title":"Pointe de pistolet \u00e9paisse 11A","author":"admin","date":"16 mars 2024","format":false,"excerpt":"11A Thick Pistol Tip ChatGPT Le tube en aluminium et la t\u00eate \u00e0 clapet en zamak rendent le poste l\u00e9ger et offrent une construction durable. Le roulement du clapet en laiton assure une longue dur\u00e9e de vie \u00e0 la station et un fonctionnement en douceur. Le syst\u00e8me de coupure automatique du carburant augmente la s\u00e9curit\u00e9 en arr\u00eatant automatiquement le d\u00e9bit lorsque l'utilisateur quitte la station. Ce syst\u00e8me emp\u00eache les fuites de carburant...","rel":"","context":"Article similaire","block_context":{"text":"Article similaire","link":""},"img":{"alt_text":"","src":"https:\/\/i0.wp.com\/tuzlahortum.com.tr\/wp-content\/uploads\/2024\/03\/11A_Kalin_Tabanca_Ucu_3.jpg?fit=1200%2C1200&ssl=1&resize=350%2C200","width":350,"height":200,"srcset":"https:\/\/i0.wp.com\/tuzlahortum.com.tr\/wp-content\/uploads\/2024\/03\/11A_Kalin_Tabanca_Ucu_3.jpg?fit=1200%2C1200&ssl=1&resize=350%2C200 1x, https:\/\/i0.wp.com\/tuzlahortum.com.tr\/wp-content\/uploads\/2024\/03\/11A_Kalin_Tabanca_Ucu_3.jpg?fit=1200%2C1200&ssl=1&resize=525%2C300 1.5x, https:\/\/i0.wp.com\/tuzlahortum.com.tr\/wp-content\/uploads\/2024\/03\/11A_Kalin_Tabanca_Ucu_3.jpg?fit=1200%2C1200&ssl=1&resize=700%2C400 2x, https:\/\/i0.wp.com\/tuzlahortum.com.tr\/wp-content\/uploads\/2024\/03\/11A_Kalin_Tabanca_Ucu_3.jpg?fit=1200%2C1200&ssl=1&resize=1050%2C600 3x"},"classes":[]},{"id":13072,"url":"https:\/\/tuzlahortum.com.tr\/fr\/produit\/3-4-zva-ince-tabanca-ucu\/","url_meta":{"origin":13069,"position":1},"title":"Pointe de pistolet fine ZVA 3\/4","author":"admin","date":"16 mars 2024","format":false,"excerpt":"ZVA Thin Gun Tip 3\/4 Le syst\u00e8me de coupure automatique du carburant est un m\u00e9canisme qui arr\u00eate automatiquement le d\u00e9bit apr\u00e8s avoir quitt\u00e9 la station. Ce syst\u00e8me assure la s\u00e9curit\u00e9 en arr\u00eatant automatiquement l'\u00e9coulement du carburant apr\u00e8s que l'utilisateur a termin\u00e9 l'op\u00e9ration. Utilisable avec le gazole et le plomb, il s'adapte \u00e0 une large gamme de carburants. Cette caract\u00e9ristique permet d'utiliser la station avec diff\u00e9rents types de carburants...","rel":"","context":"Article similaire","block_context":{"text":"Article similaire","link":""},"img":{"alt_text":"","src":"https:\/\/i0.wp.com\/tuzlahortum.com.tr\/wp-content\/uploads\/2024\/03\/ZVA_Tabanca_Ucu_2.jpg?fit=1200%2C1047&ssl=1&resize=350%2C200","width":350,"height":200,"srcset":"https:\/\/i0.wp.com\/tuzlahortum.com.tr\/wp-content\/uploads\/2024\/03\/ZVA_Tabanca_Ucu_2.jpg?fit=1200%2C1047&ssl=1&resize=350%2C200 1x, https:\/\/i0.wp.com\/tuzlahortum.com.tr\/wp-content\/uploads\/2024\/03\/ZVA_Tabanca_Ucu_2.jpg?fit=1200%2C1047&ssl=1&resize=525%2C300 1.5x, https:\/\/i0.wp.com\/tuzlahortum.com.tr\/wp-content\/uploads\/2024\/03\/ZVA_Tabanca_Ucu_2.jpg?fit=1200%2C1047&ssl=1&resize=700%2C400 2x, https:\/\/i0.wp.com\/tuzlahortum.com.tr\/wp-content\/uploads\/2024\/03\/ZVA_Tabanca_Ucu_2.jpg?fit=1200%2C1047&ssl=1&resize=1050%2C600 3x"},"classes":[]},{"id":13074,"url":"https:\/\/tuzlahortum.com.tr\/fr\/produit\/3-4-zva-2-ince-tabanca-ucu\/","url_meta":{"origin":13069,"position":2},"title":"Pointe de pistolet fine ZVA 2 3\/4","author":"admin","date":"16 mars 2024","format":false,"excerpt":"ZVA 2 Thin Gun Tip 3\/4 Le syst\u00e8me de coupure automatique du carburant est un m\u00e9canisme qui arr\u00eate automatiquement le d\u00e9bit une fois que l'utilisateur a termin\u00e9 l'op\u00e9ration. Ce syst\u00e8me augmente la s\u00e9curit\u00e9 et minimise les fuites de carburant en coupant automatiquement le flux de carburant apr\u00e8s que l'utilisateur a termin\u00e9 l'op\u00e9ration. Utilisable pour le diesel et le mazout, il convient \u00e0 une large gamme de carburants....","rel":"","context":"Article similaire","block_context":{"text":"Article similaire","link":""},"img":{"alt_text":"","src":"https:\/\/i0.wp.com\/tuzlahortum.com.tr\/wp-content\/uploads\/2024\/03\/ZVA2_Benzin_Tabanca_Ucu_1.jpg?fit=1197%2C1200&ssl=1&resize=350%2C200","width":350,"height":200,"srcset":"https:\/\/i0.wp.com\/tuzlahortum.com.tr\/wp-content\/uploads\/2024\/03\/ZVA2_Benzin_Tabanca_Ucu_1.jpg?fit=1197%2C1200&ssl=1&resize=350%2C200 1x, https:\/\/i0.wp.com\/tuzlahortum.com.tr\/wp-content\/uploads\/2024\/03\/ZVA2_Benzin_Tabanca_Ucu_1.jpg?fit=1197%2C1200&ssl=1&resize=525%2C300 1.5x, https:\/\/i0.wp.com\/tuzlahortum.com.tr\/wp-content\/uploads\/2024\/03\/ZVA2_Benzin_Tabanca_Ucu_1.jpg?fit=1197%2C1200&ssl=1&resize=700%2C400 2x, https:\/\/i0.wp.com\/tuzlahortum.com.tr\/wp-content\/uploads\/2024\/03\/ZVA2_Benzin_Tabanca_Ucu_1.jpg?fit=1197%2C1200&ssl=1&resize=1050%2C600 3x"},"classes":[]},{"id":13071,"url":"https:\/\/tuzlahortum.com.tr\/fr\/produit\/3-4-zva-kalin-tabanca-ucu\/","url_meta":{"origin":13069,"position":3},"title":"Pointe de pistolet \u00e9paisse ZVA 3\/4","author":"admin","date":"16 mars 2024","format":false,"excerpt":"ZVA Thick Pistol Tip 3\/4 Le syst\u00e8me de coupure automatique de carburant est un m\u00e9canisme qui arr\u00eate automatiquement le d\u00e9bit apr\u00e8s avoir quitt\u00e9 la station. Ce syst\u00e8me assure la s\u00e9curit\u00e9 en arr\u00eatant automatiquement l'\u00e9coulement du carburant apr\u00e8s que l'utilisateur a termin\u00e9 l'op\u00e9ration. Utilisable avec le gazole et le plomb, il s'adapte \u00e0 une large gamme de carburants. Cette caract\u00e9ristique permet d'utiliser la station avec diff\u00e9rents types de carburants...","rel":"","context":"Article similaire","block_context":{"text":"Article similaire","link":""},"img":{"alt_text":"","src":"https:\/\/i0.wp.com\/tuzlahortum.com.tr\/wp-content\/uploads\/2024\/03\/ZVA_Tabanca_Ucu_3.jpg?fit=1200%2C1199&ssl=1&resize=350%2C200","width":350,"height":200,"srcset":"https:\/\/i0.wp.com\/tuzlahortum.com.tr\/wp-content\/uploads\/2024\/03\/ZVA_Tabanca_Ucu_3.jpg?fit=1200%2C1199&ssl=1&resize=350%2C200 1x, https:\/\/i0.wp.com\/tuzlahortum.com.tr\/wp-content\/uploads\/2024\/03\/ZVA_Tabanca_Ucu_3.jpg?fit=1200%2C1199&ssl=1&resize=525%2C300 1.5x, https:\/\/i0.wp.com\/tuzlahortum.com.tr\/wp-content\/uploads\/2024\/03\/ZVA_Tabanca_Ucu_3.jpg?fit=1200%2C1199&ssl=1&resize=700%2C400 2x, https:\/\/i0.wp.com\/tuzlahortum.com.tr\/wp-content\/uploads\/2024\/03\/ZVA_Tabanca_Ucu_3.jpg?fit=1200%2C1199&ssl=1&resize=1050%2C600 3x"},"classes":[]},{"id":13073,"url":"https:\/\/tuzlahortum.com.tr\/fr\/produit\/3-4-zva-2-kalin-tabanca-ucu\/","url_meta":{"origin":13069,"position":4},"title":"Pointe de pistolet \u00e9paisse ZVA 2 3\/4","author":"admin","date":"16 mars 2024","format":false,"excerpt":"ZVA 2 Kal\u0131n Tabanca Ucu 3\/4 Otomatik yak\u0131t kesme sistemi, istasyondan ayr\u0131ld\u0131ktan sonra ak\u0131\u015f\u0131 otomatik olarak durduran bir mekanizmad\u0131r. Bu sistem, kullan\u0131c\u0131n\u0131n i\u015flemi tamamlad\u0131ktan sonra yak\u0131t\u0131n akmas\u0131n\u0131 otomatik olarak keserek g\u00fcvenli\u011fi sa\u011flar. Dizel ve kur\u015funlu akaryak\u0131tta kullan\u0131ma uygun olmas\u0131, geni\u015f bir yak\u0131t yelpazesine uyum sa\u011flar. Bu \u00f6zellik, istasyonun farkl\u0131 yak\u0131t\u2026","rel":"","context":"Article similaire","block_context":{"text":"Article similaire","link":""},"img":{"alt_text":"","src":"https:\/\/i0.wp.com\/tuzlahortum.com.tr\/wp-content\/uploads\/2024\/03\/ZVA2_Motorin_Tabanca_Ucu_3.jpg?fit=1200%2C1200&ssl=1&resize=350%2C200","width":350,"height":200,"srcset":"https:\/\/i0.wp.com\/tuzlahortum.com.tr\/wp-content\/uploads\/2024\/03\/ZVA2_Motorin_Tabanca_Ucu_3.jpg?fit=1200%2C1200&ssl=1&resize=350%2C200 1x, https:\/\/i0.wp.com\/tuzlahortum.com.tr\/wp-content\/uploads\/2024\/03\/ZVA2_Motorin_Tabanca_Ucu_3.jpg?fit=1200%2C1200&ssl=1&resize=525%2C300 1.5x, https:\/\/i0.wp.com\/tuzlahortum.com.tr\/wp-content\/uploads\/2024\/03\/ZVA2_Motorin_Tabanca_Ucu_3.jpg?fit=1200%2C1200&ssl=1&resize=700%2C400 2x, https:\/\/i0.wp.com\/tuzlahortum.com.tr\/wp-content\/uploads\/2024\/03\/ZVA2_Motorin_Tabanca_Ucu_3.jpg?fit=1200%2C1200&ssl=1&resize=1050%2C600 3x"},"classes":[]},{"id":13109,"url":"https:\/\/tuzlahortum.com.tr\/fr\/produit\/11a-otomatik-akaryakit-tabancasi-3-4-ince\/","url_meta":{"origin":13069,"position":5},"title":"Pistolet \u00e0 carburant fin automatique 11A \u2013 3\/4","author":"admin","date":"18 mars 2024","format":false,"excerpt":"11A Otomatik \u0130nce Akaryak\u0131t Tabancas\u0131 - 3\/4 Bas\u0131nca duyarl\u0131 \u00e7al\u0131\u015fma prensibine sahip olan bu self servis veya \u00f6n \u00f6demeli istasyonlar, kullan\u0131c\u0131lar\u0131n kolay ve verimli bir \u015fekilde akaryak\u0131t almas\u0131n\u0131 sa\u011flamak i\u00e7in tasarlanm\u0131\u015ft\u0131r. \u0130\u015fleyi\u015f prensibi, tabancan\u0131n bas\u0131n\u00e7la \u00e7al\u0131\u015fmas\u0131 ve bas\u0131n\u00e7 ortadan kalkt\u0131\u011f\u0131nda otomatik olarak atmas\u0131 \u00fczerine kuruludur. Otomatik atma \u00f6zelli\u011fi, kullan\u0131c\u0131lar\u0131n i\u015flemi\u2026","rel":"","context":"Article similaire","block_context":{"text":"Article similaire","link":""},"img":{"alt_text":"11A Otomatik","src":"https:\/\/i0.wp.com\/tuzlahortum.com.tr\/wp-content\/uploads\/2024\/03\/11A_Ince_Akaryakit_Tabanca_2.jpg?fit=1200%2C1200&ssl=1&resize=350%2C200","width":350,"height":200,"srcset":"https:\/\/i0.wp.com\/tuzlahortum.com.tr\/wp-content\/uploads\/2024\/03\/11A_Ince_Akaryakit_Tabanca_2.jpg?fit=1200%2C1200&ssl=1&resize=350%2C200 1x, https:\/\/i0.wp.com\/tuzlahortum.com.tr\/wp-content\/uploads\/2024\/03\/11A_Ince_Akaryakit_Tabanca_2.jpg?fit=1200%2C1200&ssl=1&resize=525%2C300 1.5x, https:\/\/i0.wp.com\/tuzlahortum.com.tr\/wp-content\/uploads\/2024\/03\/11A_Ince_Akaryakit_Tabanca_2.jpg?fit=1200%2C1200&ssl=1&resize=700%2C400 2x, https:\/\/i0.wp.com\/tuzlahortum.com.tr\/wp-content\/uploads\/2024\/03\/11A_Ince_Akaryakit_Tabanca_2.jpg?fit=1200%2C1200&ssl=1&resize=1050%2C600 3x"},"classes":[]}],"jetpack_sharing_enabled":true,"jetpack_likes_enabled":true,"_links":{"self":[{"href":"https:\/\/tuzlahortum.com.tr\/fr\/wp-json\/wp\/v2\/product\/13069","targetHints":{"allow":["GET"]}}],"collection":[{"href":"https:\/\/tuzlahortum.com.tr\/fr\/wp-json\/wp\/v2\/product"}],"about":[{"href":"https:\/\/tuzlahortum.com.tr\/fr\/wp-json\/wp\/v2\/types\/product"}],"replies":[{"embeddable":true,"href":"https:\/\/tuzlahortum.com.tr\/fr\/wp-json\/wp\/v2\/comments?post=13069"}],"wp:featuredmedia":[{"embeddable":true,"href":"https:\/\/tuzlahortum.com.tr\/fr\/wp-json\/wp\/v2\/media\/13167"}],"wp:attachment":[{"href":"https:\/\/tuzlahortum.com.tr\/fr\/wp-json\/wp\/v2\/media?parent=13069"}],"wp:term":[{"taxonomy":"product_brand","embeddable":true,"href":"https:\/\/tuzlahortum.com.tr\/fr\/wp-json\/wp\/v2\/product_brand?post=13069"},{"taxonomy":"product_cat","embeddable":true,"href":"https:\/\/tuzlahortum.com.tr\/fr\/wp-json\/wp\/v2\/product_cat?post=13069"},{"taxonomy":"product_tag","embeddable":true,"href":"https:\/\/tuzlahortum.com.tr\/fr\/wp-json\/wp\/v2\/product_tag?post=13069"}],"curies":[{"name":"wp","href":"https:\/\/api.w.org\/{rel}","templated":true}]}}