{"id":13061,"date":"2024-03-16T16:48:17","date_gmt":"2024-03-16T13:48:17","guid":{"rendered":"https:\/\/tuzlahortum.com.tr\/?post_type=product&#038;p=13061"},"modified":"2024-03-29T17:37:19","modified_gmt":"2024-03-29T14:37:19","slug":"7h-otomatik-akaryakit-tabancasi-1","status":"publish","type":"product","link":"https:\/\/tuzlahortum.com.tr\/fr\/produit\/7h-otomatik-akaryakit-tabancasi-1\/","title":{"rendered":"Pistolet \u00e0 carburant automatique 7H 1 pouce"},"content":{"rendered":"<h2>Pistolet \u00e0 carburant automatique 7H 1 pouce<\/h2>","protected":false},"excerpt":{"rendered":"<p>Pistolet \u00e0 carburant automatique 7H 1 pouce<\/p>","protected":false},"featured_media":13178,"comment_status":"open","ping_status":"closed","template":"","meta":{"jetpack_post_was_ever_published":true},"product_brand":[],"product_cat":[2340,2343],"product_tag":[],"class_list":{"0":"post-13061","1":"product","2":"type-product","3":"status-publish","4":"has-post-thumbnail","6":"product_cat-akaryakit","7":"product_cat-akaryakit-tabacalari","9":"first","10":"instock","11":"taxable","12":"shipping-taxable","13":"product-type-simple"},"jetpack-related-posts":[{"id":13060,"url":"https:\/\/tuzlahortum.com.tr\/fr\/produit\/11a-otomatik-akaryakit-tabancasi-3-4\/","url_meta":{"origin":13061,"position":0},"title":"Pistolet \u00e0 carburant automatique 11A \u2013 3\/4 d\u2019\u00e9paisseur","author":"admin","date":"16 mars 2024","format":false,"excerpt":"Pistolet automatique \u00e0 mazout 11A - 3\/4 \u00c9paisseur Pistolet automatique \u00e0 mazout 11A","rel":"","context":"Article similaire","block_context":{"text":"Article similaire","link":""},"img":{"alt_text":"","src":"https:\/\/i0.wp.com\/tuzlahortum.com.tr\/wp-content\/uploads\/2024\/03\/11A_Ince_Akaryakit_Tabanca_1.jpg?fit=1200%2C1200&ssl=1&resize=350%2C200","width":350,"height":200,"srcset":"https:\/\/i0.wp.com\/tuzlahortum.com.tr\/wp-content\/uploads\/2024\/03\/11A_Ince_Akaryakit_Tabanca_1.jpg?fit=1200%2C1200&ssl=1&resize=350%2C200 1x, https:\/\/i0.wp.com\/tuzlahortum.com.tr\/wp-content\/uploads\/2024\/03\/11A_Ince_Akaryakit_Tabanca_1.jpg?fit=1200%2C1200&ssl=1&resize=525%2C300 1.5x, https:\/\/i0.wp.com\/tuzlahortum.com.tr\/wp-content\/uploads\/2024\/03\/11A_Ince_Akaryakit_Tabanca_1.jpg?fit=1200%2C1200&ssl=1&resize=700%2C400 2x, https:\/\/i0.wp.com\/tuzlahortum.com.tr\/wp-content\/uploads\/2024\/03\/11A_Ince_Akaryakit_Tabanca_1.jpg?fit=1200%2C1200&ssl=1&resize=1050%2C600 3x"},"classes":[]},{"id":13075,"url":"https:\/\/tuzlahortum.com.tr\/fr\/produit\/3-4-zva-akaryakit-tabancasi\/","url_meta":{"origin":13061,"position":1},"title":"Pistolet \u00e0 carburant ZVA 3\/4","author":"admin","date":"16 mars 2024","format":false,"excerpt":"Pistolet \u00e0 mazout ZVA 3\/4 3\/4 Pistolet \u00e0 mazout ZVA Pistolet \u00e0 mazout ZVA Le pistolet \u00e0 mazout ZVA est un \u00e9quipement important qui permet aux utilisateurs de faire le plein de mazout facilement et en toute s\u00e9curit\u00e9. Il se distingue par les caract\u00e9ristiques suivantes : Syst\u00e8me FlowLock : Ce pistolet peut \u00eatre utilis\u00e9 avec de l'essence standard et des biocarburants. Il est dot\u00e9 d'un dispositif de coupure automatique du carburant en cas de chute ou de soul\u00e8vement du r\u00e9servoir du v\u00e9hicule....","rel":"","context":"Article similaire","block_context":{"text":"Article similaire","link":""},"img":{"alt_text":"","src":"https:\/\/i0.wp.com\/tuzlahortum.com.tr\/wp-content\/uploads\/2024\/03\/ZVA_Akaryakit_Tabanca_3.jpg?fit=1199%2C1200&ssl=1&resize=350%2C200","width":350,"height":200,"srcset":"https:\/\/i0.wp.com\/tuzlahortum.com.tr\/wp-content\/uploads\/2024\/03\/ZVA_Akaryakit_Tabanca_3.jpg?fit=1199%2C1200&ssl=1&resize=350%2C200 1x, https:\/\/i0.wp.com\/tuzlahortum.com.tr\/wp-content\/uploads\/2024\/03\/ZVA_Akaryakit_Tabanca_3.jpg?fit=1199%2C1200&ssl=1&resize=525%2C300 1.5x, https:\/\/i0.wp.com\/tuzlahortum.com.tr\/wp-content\/uploads\/2024\/03\/ZVA_Akaryakit_Tabanca_3.jpg?fit=1199%2C1200&ssl=1&resize=700%2C400 2x, https:\/\/i0.wp.com\/tuzlahortum.com.tr\/wp-content\/uploads\/2024\/03\/ZVA_Akaryakit_Tabanca_3.jpg?fit=1199%2C1200&ssl=1&resize=1050%2C600 3x"},"classes":[]},{"id":13086,"url":"https:\/\/tuzlahortum.com.tr\/fr\/produit\/zva-donusturucu-1-x-1\/","url_meta":{"origin":13061,"position":2},"title":"Convertisseur ZVA 1 pouce x 1 pouce","author":"admin","date":"16 mars 2024","format":false,"excerpt":"Convertisseur ZVA 1 pouce x 1 pouce","rel":"","context":"Article similaire","block_context":{"text":"Article similaire","link":""},"img":{"alt_text":"","src":"https:\/\/i0.wp.com\/tuzlahortum.com.tr\/wp-content\/uploads\/2024\/03\/ZVA_Donusturucu_1inch_1.jpg?fit=1200%2C1200&ssl=1&resize=350%2C200","width":350,"height":200,"srcset":"https:\/\/i0.wp.com\/tuzlahortum.com.tr\/wp-content\/uploads\/2024\/03\/ZVA_Donusturucu_1inch_1.jpg?fit=1200%2C1200&ssl=1&resize=350%2C200 1x, https:\/\/i0.wp.com\/tuzlahortum.com.tr\/wp-content\/uploads\/2024\/03\/ZVA_Donusturucu_1inch_1.jpg?fit=1200%2C1200&ssl=1&resize=525%2C300 1.5x, https:\/\/i0.wp.com\/tuzlahortum.com.tr\/wp-content\/uploads\/2024\/03\/ZVA_Donusturucu_1inch_1.jpg?fit=1200%2C1200&ssl=1&resize=700%2C400 2x, https:\/\/i0.wp.com\/tuzlahortum.com.tr\/wp-content\/uploads\/2024\/03\/ZVA_Donusturucu_1inch_1.jpg?fit=1200%2C1200&ssl=1&resize=1050%2C600 3x"},"classes":[]},{"id":13109,"url":"https:\/\/tuzlahortum.com.tr\/fr\/produit\/11a-otomatik-akaryakit-tabancasi-3-4-ince\/","url_meta":{"origin":13061,"position":3},"title":"Pistolet \u00e0 carburant fin automatique 11A \u2013 3\/4","author":"admin","date":"18 mars 2024","format":false,"excerpt":"11A Otomatik \u0130nce Akaryak\u0131t Tabancas\u0131 - 3\/4 Bas\u0131nca duyarl\u0131 \u00e7al\u0131\u015fma prensibine sahip olan bu self servis veya \u00f6n \u00f6demeli istasyonlar, kullan\u0131c\u0131lar\u0131n kolay ve verimli bir \u015fekilde akaryak\u0131t almas\u0131n\u0131 sa\u011flamak i\u00e7in tasarlanm\u0131\u015ft\u0131r. \u0130\u015fleyi\u015f prensibi, tabancan\u0131n bas\u0131n\u00e7la \u00e7al\u0131\u015fmas\u0131 ve bas\u0131n\u00e7 ortadan kalkt\u0131\u011f\u0131nda otomatik olarak atmas\u0131 \u00fczerine kuruludur. Otomatik atma \u00f6zelli\u011fi, kullan\u0131c\u0131lar\u0131n i\u015flemi\u2026","rel":"","context":"Article similaire","block_context":{"text":"Article similaire","link":""},"img":{"alt_text":"11A Otomatik","src":"https:\/\/i0.wp.com\/tuzlahortum.com.tr\/wp-content\/uploads\/2024\/03\/11A_Ince_Akaryakit_Tabanca_2.jpg?fit=1200%2C1200&ssl=1&resize=350%2C200","width":350,"height":200,"srcset":"https:\/\/i0.wp.com\/tuzlahortum.com.tr\/wp-content\/uploads\/2024\/03\/11A_Ince_Akaryakit_Tabanca_2.jpg?fit=1200%2C1200&ssl=1&resize=350%2C200 1x, https:\/\/i0.wp.com\/tuzlahortum.com.tr\/wp-content\/uploads\/2024\/03\/11A_Ince_Akaryakit_Tabanca_2.jpg?fit=1200%2C1200&ssl=1&resize=525%2C300 1.5x, https:\/\/i0.wp.com\/tuzlahortum.com.tr\/wp-content\/uploads\/2024\/03\/11A_Ince_Akaryakit_Tabanca_2.jpg?fit=1200%2C1200&ssl=1&resize=700%2C400 2x, https:\/\/i0.wp.com\/tuzlahortum.com.tr\/wp-content\/uploads\/2024\/03\/11A_Ince_Akaryakit_Tabanca_2.jpg?fit=1200%2C1200&ssl=1&resize=1050%2C600 3x"},"classes":[]},{"id":13085,"url":"https:\/\/tuzlahortum.com.tr\/fr\/produit\/zva-donusturucu-3-4-x-1\/","url_meta":{"origin":13061,"position":4},"title":"Convertisseur ZVA 3\/4 x 1 pouce","author":"admin","date":"16 mars 2024","format":false,"excerpt":"ZVA D\u00f6n\u00fc\u015ft\u00fcr\u00fcc\u00fc 3\/4 x 1 Inch ZVA D\u00f6n\u00fc\u015ft\u00fcr\u00fcc\u00fc 3\/4 x 1 Inch","rel":"","context":"Article similaire","block_context":{"text":"Article similaire","link":""},"img":{"alt_text":"","src":"https:\/\/i0.wp.com\/tuzlahortum.com.tr\/wp-content\/uploads\/2024\/03\/ZVA_Donusturucu_1inchx3-4inch_1.jpg?fit=1200%2C1200&ssl=1&resize=350%2C200","width":350,"height":200,"srcset":"https:\/\/i0.wp.com\/tuzlahortum.com.tr\/wp-content\/uploads\/2024\/03\/ZVA_Donusturucu_1inchx3-4inch_1.jpg?fit=1200%2C1200&ssl=1&resize=350%2C200 1x, https:\/\/i0.wp.com\/tuzlahortum.com.tr\/wp-content\/uploads\/2024\/03\/ZVA_Donusturucu_1inchx3-4inch_1.jpg?fit=1200%2C1200&ssl=1&resize=525%2C300 1.5x, https:\/\/i0.wp.com\/tuzlahortum.com.tr\/wp-content\/uploads\/2024\/03\/ZVA_Donusturucu_1inchx3-4inch_1.jpg?fit=1200%2C1200&ssl=1&resize=700%2C400 2x, https:\/\/i0.wp.com\/tuzlahortum.com.tr\/wp-content\/uploads\/2024\/03\/ZVA_Donusturucu_1inchx3-4inch_1.jpg?fit=1200%2C1200&ssl=1&resize=1050%2C600 3x"},"classes":[]},{"id":13083,"url":"https:\/\/tuzlahortum.com.tr\/fr\/produit\/tabanca-arkasi-duz-mafsal-1\/","url_meta":{"origin":13061,"position":5},"title":"Pistolet arri\u00e8re Pull-Off 1 pouce","author":"admin","date":"16 mars 2024","format":false,"excerpt":"Pistolet arri\u00e8re Pull-Off 1 pouce","rel":"","context":"Article similaire","block_context":{"text":"Article similaire","link":""},"img":{"alt_text":"","src":"https:\/\/i0.wp.com\/tuzlahortum.com.tr\/wp-content\/uploads\/2024\/03\/Tabanca_Arkasi_Duz_Mafsal_1inch_1.jpg?fit=1200%2C1200&ssl=1&resize=350%2C200","width":350,"height":200,"srcset":"https:\/\/i0.wp.com\/tuzlahortum.com.tr\/wp-content\/uploads\/2024\/03\/Tabanca_Arkasi_Duz_Mafsal_1inch_1.jpg?fit=1200%2C1200&ssl=1&resize=350%2C200 1x, https:\/\/i0.wp.com\/tuzlahortum.com.tr\/wp-content\/uploads\/2024\/03\/Tabanca_Arkasi_Duz_Mafsal_1inch_1.jpg?fit=1200%2C1200&ssl=1&resize=525%2C300 1.5x, https:\/\/i0.wp.com\/tuzlahortum.com.tr\/wp-content\/uploads\/2024\/03\/Tabanca_Arkasi_Duz_Mafsal_1inch_1.jpg?fit=1200%2C1200&ssl=1&resize=700%2C400 2x, https:\/\/i0.wp.com\/tuzlahortum.com.tr\/wp-content\/uploads\/2024\/03\/Tabanca_Arkasi_Duz_Mafsal_1inch_1.jpg?fit=1200%2C1200&ssl=1&resize=1050%2C600 3x"},"classes":[]}],"jetpack_sharing_enabled":true,"jetpack_likes_enabled":true,"_links":{"self":[{"href":"https:\/\/tuzlahortum.com.tr\/fr\/wp-json\/wp\/v2\/product\/13061","targetHints":{"allow":["GET"]}}],"collection":[{"href":"https:\/\/tuzlahortum.com.tr\/fr\/wp-json\/wp\/v2\/product"}],"about":[{"href":"https:\/\/tuzlahortum.com.tr\/fr\/wp-json\/wp\/v2\/types\/product"}],"replies":[{"embeddable":true,"href":"https:\/\/tuzlahortum.com.tr\/fr\/wp-json\/wp\/v2\/comments?post=13061"}],"wp:featuredmedia":[{"embeddable":true,"href":"https:\/\/tuzlahortum.com.tr\/fr\/wp-json\/wp\/v2\/media\/13178"}],"wp:attachment":[{"href":"https:\/\/tuzlahortum.com.tr\/fr\/wp-json\/wp\/v2\/media?parent=13061"}],"wp:term":[{"taxonomy":"product_brand","embeddable":true,"href":"https:\/\/tuzlahortum.com.tr\/fr\/wp-json\/wp\/v2\/product_brand?post=13061"},{"taxonomy":"product_cat","embeddable":true,"href":"https:\/\/tuzlahortum.com.tr\/fr\/wp-json\/wp\/v2\/product_cat?post=13061"},{"taxonomy":"product_tag","embeddable":true,"href":"https:\/\/tuzlahortum.com.tr\/fr\/wp-json\/wp\/v2\/product_tag?post=13061"}],"curies":[{"name":"wp","href":"https:\/\/api.w.org\/{rel}","templated":true}]}}