{"id":12686,"date":"2023-09-13T14:06:52","date_gmt":"2023-09-13T11:06:52","guid":{"rendered":"https:\/\/tuzlahortum.com.tr\/?post_type=product&#038;p=12686"},"modified":"2024-03-21T17:38:26","modified_gmt":"2024-03-21T14:38:26","slug":"e-tipi-paslanmaz-kamlok-304","status":"publish","type":"product","link":"https:\/\/tuzlahortum.com.tr\/fr\/produit\/e-tipi-paslanmaz-kamlok-304\/","title":{"rendered":"Camlock en acier inoxydable de type E (304)"},"content":{"rendered":"<h2>Camlock en acier inoxydable de type E (304)<\/h2>\n<h6>LE CAMLOK EN ACIER INOXYDABLE (TYPE E) EST UNE FORME DE CONNEXION M\u00c2LE ET FLEXIBLE ET NOUS L&#039;OFFRONS \u00c0 NOS CLIENTS COMME MOD\u00c8LE D&#039;INSTALLATION<\/h6>\n<h6>domaines d&#039;utilisation<\/h6>\n<ul>\n<li>\n<h6>PRODUITS CHIMIQUES ACIDE, SOLVANT, P\u00c9TROLE ETC POUR TOUS LES PRODUITS CHIMIQUES<\/h6>\n<\/li>\n<li>\n<h6>DANS LES USINES DE FER ET D&#039;ACIER<\/h6>\n<\/li>\n<li>\n<h6>EN ENVIRONNEMENTS CHAUDS<\/h6>\n<\/li>\n<li>\n<h6>SECTEUR NAVIRE EAU DE MER<\/h6>\n<\/li>\n<\/ul>\n<h6>VB EST LES RACCORDS LES PLUS PR\u00c9F\u00c9R\u00c9S POUR LA FACILIT\u00c9 D&#039;UTILISATION POLYVALENTE ET L&#039;\u00c9QUIPEMENT FIABLE<\/h6>\n<p style=\"text-align: center\"><a class=\"button\" style=\"margin-top: 12px\" href=\"https:\/\/www.flow-hose.com.tr\/technical-info\/2-2\/kamloklar\" target=\"_blank\" rel=\"noopener\">Cliquez pour le guide Kamlok<\/a><\/p>\n<p><iframe loading=\"lazy\" title=\"Types de Camlock, domaines d&#039;utilisation, pi\u00e8ces de rechange\" width=\"1020\" height=\"574\" src=\"https:\/\/www.youtube.com\/embed\/O8ZlzKEjfEQ?feature=oembed\" frameborder=\"0\" allow=\"accelerometer; autoplay; clipboard-write; encrypted-media; gyroscope; picture-in-picture; web-share\" referrerpolicy=\"strict-origin-when-cross-origin\" allowfullscreen><\/iframe><\/p>","protected":false},"excerpt":{"rendered":"<p>E Tipi Paslanmaz Kamlok (304) PASLANMAZ KAMLOK (E T\u0130P\u0130) ERKEK VE HORTUMA GE\u00c7ME \u00a0\u015eEKL\u0130 OLUP EKLEME MODEL\u0130 OLARAK \u00a0M\u00dc\u015eTER\u0130M\u0130ZE SUNMAKTAYIZ KULLANIM ALANLARI K\u0130MYEV\u0130 MADDE AS\u0130T , SOLVENT , PETROL VB T\u00dcM K\u0130MYASALLAR \u0130\u00c7\u0130N DEM\u0130R \u00c7EL\u0130K FABR\u0130KALARINDA SICAK ORTAMLAR DA GEM\u0130 SEKT\u00d6R\u00dc DEN\u0130Z SUYU VB B\u0130R \u00c7OK AMACA UYGUN KULLANIM KOLAYLI\u011eI VE G\u00dcVEN\u0130L\u0130R EK\u0130PMAN OLMASI EN [&#8230;]\n","protected":false},"featured_media":12685,"comment_status":"open","ping_status":"closed","template":"","meta":{"jetpack_post_was_ever_published":false},"product_brand":[],"product_cat":[2338],"product_tag":[271,279,278,270,269,277,666,1081,274,276,275],"class_list":{"0":"post-12686","1":"product","2":"type-product","3":"status-publish","4":"has-post-thumbnail","6":"product_cat-304-paslanmaz-kamloklar","7":"product_tag-baglanti-elemani","8":"product_tag-e-tipi","9":"product_tag-hizli-baglanti","10":"product_tag-hortum-baglantisi","11":"product_tag-kamlok","12":"product_tag-kolay-baglanti","13":"product_tag-paslanmaz","14":"product_tag-polyamid","15":"product_tag-sok","16":"product_tag-sok-tak","17":"product_tag-tak","19":"first","20":"instock","21":"taxable","22":"shipping-taxable","23":"product-type-variable"},"jetpack-related-posts":[{"id":808,"url":"https:\/\/tuzlahortum.com.tr\/fr\/produit\/e-tipi-paslanmaz-kamlok-316\/","url_meta":{"origin":12686,"position":0},"title":"Camlock en acier inoxydable de type E (316)","author":"admin","date":"6 f\u00e9vrier 2019","format":false,"excerpt":"E Tipi Paslanmaz Kamlok (316)PASLANMAZ KAMLOK (E T\u0130P\u0130) ERKEK VE HORTUMA GE\u00c7ME \u00a0\u015eEKL\u0130 OLUP EKLEME MODEL\u0130 OLARAK \u00a0M\u00dc\u015eTER\u0130M\u0130ZE SUNMAKTAYIZ KULLANIM ALANLARI K\u0130MYEV\u0130 MADDE AS\u0130T , SOLVENT , PETROL VB T\u00dcM K\u0130MYASALLAR \u0130\u00c7\u0130N DEM\u0130R \u00c7EL\u0130K FABR\u0130KALARINDA SICAK ORTAMLAR DA GEM\u0130 SEKT\u00d6R\u00dc DEN\u0130Z SUYU VB B\u0130R \u00c7OK AMACA UYGUN KULLANIM KOLAYLI\u011eI VE\u2026","rel":"","context":"Article similaire","block_context":{"text":"Article similaire","link":""},"img":{"alt_text":"","src":"https:\/\/i0.wp.com\/tuzlahortum.com.tr\/wp-content\/uploads\/2019\/02\/316E-1.jpg?fit=1200%2C1187&ssl=1&resize=350%2C200","width":350,"height":200,"srcset":"https:\/\/i0.wp.com\/tuzlahortum.com.tr\/wp-content\/uploads\/2019\/02\/316E-1.jpg?fit=1200%2C1187&ssl=1&resize=350%2C200 1x, https:\/\/i0.wp.com\/tuzlahortum.com.tr\/wp-content\/uploads\/2019\/02\/316E-1.jpg?fit=1200%2C1187&ssl=1&resize=525%2C300 1.5x, https:\/\/i0.wp.com\/tuzlahortum.com.tr\/wp-content\/uploads\/2019\/02\/316E-1.jpg?fit=1200%2C1187&ssl=1&resize=700%2C400 2x, https:\/\/i0.wp.com\/tuzlahortum.com.tr\/wp-content\/uploads\/2019\/02\/316E-1.jpg?fit=1200%2C1187&ssl=1&resize=1050%2C600 3x"},"classes":[]},{"id":12870,"url":"https:\/\/tuzlahortum.com.tr\/fr\/produit\/dc-tipi-paslanmaz-kamlok-304\/","url_meta":{"origin":12686,"position":1},"title":"Camlock en acier inoxydable de type CC (304)","author":"admin","date":"13 septembre 2023","format":false,"excerpt":"DC Tipi Paslanmaz Kamlok (304)DC T\u0130P\u0130 PASLANMAZ KAMLOK\u00a0\u00a0 (DC T\u0130P\u0130) D\u0130\u015e\u0130 \u00a0MODEL KAPAK \u015eEKL\u0130 OLUP \u00a0M\u00dc\u015eTER\u0130M\u0130ZE SUNMAKTAYIZ KULLANIM ALANLARI K\u0130MYEV\u0130 MADDE AS\u0130T , SOLVENT , PETROL VB T\u00dcM K\u0130MYASALLAR \u0130\u00c7\u0130N DEM\u0130R \u00c7EL\u0130K FABR\u0130KALARINDA SICAK ORTAMLAR DA GEM\u0130 SEKT\u00d6R\u00dc DEN\u0130Z SUYU VB B\u0130R \u00c7OK AMACA UYGUN KULLANIM KOLAYLI\u011eI VE G\u00dcVEN\u0130L\u0130R EK\u0130PMAN\u2026","rel":"","context":"Article similaire","block_context":{"text":"Article similaire","link":""},"img":{"alt_text":"","src":"https:\/\/i0.wp.com\/tuzlahortum.com.tr\/wp-content\/uploads\/2019\/02\/316DC-1-1.jpg?fit=1200%2C1187&ssl=1&resize=350%2C200","width":350,"height":200,"srcset":"https:\/\/i0.wp.com\/tuzlahortum.com.tr\/wp-content\/uploads\/2019\/02\/316DC-1-1.jpg?fit=1200%2C1187&ssl=1&resize=350%2C200 1x, https:\/\/i0.wp.com\/tuzlahortum.com.tr\/wp-content\/uploads\/2019\/02\/316DC-1-1.jpg?fit=1200%2C1187&ssl=1&resize=525%2C300 1.5x, https:\/\/i0.wp.com\/tuzlahortum.com.tr\/wp-content\/uploads\/2019\/02\/316DC-1-1.jpg?fit=1200%2C1187&ssl=1&resize=700%2C400 2x, https:\/\/i0.wp.com\/tuzlahortum.com.tr\/wp-content\/uploads\/2019\/02\/316DC-1-1.jpg?fit=1200%2C1187&ssl=1&resize=1050%2C600 3x"},"classes":[]},{"id":12709,"url":"https:\/\/tuzlahortum.com.tr\/fr\/produit\/f-tipi-paslanmaz-kamlok-304\/","url_meta":{"origin":12686,"position":2},"title":"Camlock en acier inoxydable de type F (304)","author":"admin","date":"13 septembre 2023","format":false,"excerpt":"F Tipi Paslanmaz Kamlok (304)PASLANMAZ KAMLOK \u00a0 ( F T\u0130P\u0130) DI\u015eTAN D\u0130\u015eL\u0130 OLUP GENELL\u0130KLE BSP BORU D\u0130\u015e SE\u00c7ENE\u011e\u0130YLE M\u00dc\u015eTER\u0130M\u0130ZE SUNMAKTAYIZ KULLANIM ALANLARI K\u0130MYEV\u0130 MADDE AS\u0130T , SOLVENT , PETROL VB T\u00dcM K\u0130MYASALLAR \u0130\u00c7\u0130N DEM\u0130R \u00c7EL\u0130K FABR\u0130KALARINDA SICAK ORTAMLAR DA GEM\u0130 SEKT\u00d6R\u00dc DEN\u0130Z SUYU VB B\u0130R \u00c7OK AMACA UYGUN KULLANIM KOLAYLI\u011eI\u2026","rel":"","context":"Article similaire","block_context":{"text":"Article similaire","link":""},"img":{"alt_text":"","src":"https:\/\/i0.wp.com\/tuzlahortum.com.tr\/wp-content\/uploads\/2019\/02\/316F-1-1.jpg?fit=1200%2C1187&ssl=1&resize=350%2C200","width":350,"height":200,"srcset":"https:\/\/i0.wp.com\/tuzlahortum.com.tr\/wp-content\/uploads\/2019\/02\/316F-1-1.jpg?fit=1200%2C1187&ssl=1&resize=350%2C200 1x, https:\/\/i0.wp.com\/tuzlahortum.com.tr\/wp-content\/uploads\/2019\/02\/316F-1-1.jpg?fit=1200%2C1187&ssl=1&resize=525%2C300 1.5x, https:\/\/i0.wp.com\/tuzlahortum.com.tr\/wp-content\/uploads\/2019\/02\/316F-1-1.jpg?fit=1200%2C1187&ssl=1&resize=700%2C400 2x, https:\/\/i0.wp.com\/tuzlahortum.com.tr\/wp-content\/uploads\/2019\/02\/316F-1-1.jpg?fit=1200%2C1187&ssl=1&resize=1050%2C600 3x"},"classes":[]},{"id":12755,"url":"https:\/\/tuzlahortum.com.tr\/fr\/produit\/a-tipi-paslanmaz-kamlok-304\/","url_meta":{"origin":12686,"position":3},"title":"Camlock en acier inoxydable de type A (304)","author":"admin","date":"13 septembre 2023","format":false,"excerpt":"A Tipi Paslanmaz Kamlok (304) ( A T\u0130P\u0130 ) PASLANMAZ KAMLOK \u0130\u00c7TEN \u00a0D\u0130\u015eL\u0130 OLUP GENELL\u0130KLE \u00a0BSP \u00a0BORU D\u0130\u015e SE\u00c7ENE\u011e\u0130YLE M\u00dc\u015eTER\u0130M\u0130ZE SUNMAKTAYIZ KULLAN\u0131M ALANLARI K\u0130MYEV\u0130 MADDE AS\u0130T , SOLVENT , PETROL VB T\u00dcM K\u0130MYASALLAR \u0130\u00c7\u0130N DEM\u0130R \u00c7EL\u0130K FABR\u0130KALARINDA SICAK ORTAMLAR DA GEM\u0130 SEKT\u00d6R\u00dc DEN\u0130Z SUYU VB B\u0130R \u00c7OK AMACA UYGUN KULLANIM\u2026","rel":"","context":"Article similaire","block_context":{"text":"Article similaire","link":""},"img":{"alt_text":"","src":"https:\/\/i0.wp.com\/tuzlahortum.com.tr\/wp-content\/uploads\/2019\/02\/316A-.jpg?fit=1200%2C1187&ssl=1&resize=350%2C200","width":350,"height":200,"srcset":"https:\/\/i0.wp.com\/tuzlahortum.com.tr\/wp-content\/uploads\/2019\/02\/316A-.jpg?fit=1200%2C1187&ssl=1&resize=350%2C200 1x, https:\/\/i0.wp.com\/tuzlahortum.com.tr\/wp-content\/uploads\/2019\/02\/316A-.jpg?fit=1200%2C1187&ssl=1&resize=525%2C300 1.5x, https:\/\/i0.wp.com\/tuzlahortum.com.tr\/wp-content\/uploads\/2019\/02\/316A-.jpg?fit=1200%2C1187&ssl=1&resize=700%2C400 2x, https:\/\/i0.wp.com\/tuzlahortum.com.tr\/wp-content\/uploads\/2019\/02\/316A-.jpg?fit=1200%2C1187&ssl=1&resize=1050%2C600 3x"},"classes":[]},{"id":12778,"url":"https:\/\/tuzlahortum.com.tr\/fr\/produit\/b-tipi-paslanmaz-kamlok-304\/","url_meta":{"origin":12686,"position":4},"title":"Camlock en acier inoxydable de type B (304)","author":"admin","date":"13 septembre 2023","format":false,"excerpt":"B Tipi Paslanmaz Kamlok (304)( B T\u0130P\u0130 ) PASLANMAZ KAMLOK DI\u015eTAN\u00a0\u00a0D\u0130\u015eL\u0130 OLUP GENELL\u0130KLE \u00a0BSP \u00a0BORU D\u0130\u015e SE\u00c7ENE\u011e\u0130YLE M\u00dc\u015eTER\u0130M\u0130ZE SUNMAKTAYIZ KULLANIM ALANLARI K\u0130MYEV\u0130 MADDE AS\u0130T , SOLVENT , PETROL VB T\u00dcM K\u0130MYASALLAR \u0130\u00c7\u0130N DEM\u0130R \u00c7EL\u0130K FABR\u0130KALARINDA SICAK ORTAMLAR DA GEM\u0130 SEKT\u00d6R\u00dc DEN\u0130Z SUYU VB B\u0130R \u00c7OK AMACA UYGUN KULLANIM KOLAYLI\u011eI VE\u2026","rel":"","context":"Article similaire","block_context":{"text":"Article similaire","link":""},"img":{"alt_text":"","src":"https:\/\/i0.wp.com\/tuzlahortum.com.tr\/wp-content\/uploads\/2019\/02\/316B-1.jpg?fit=1200%2C1187&ssl=1&resize=350%2C200","width":350,"height":200,"srcset":"https:\/\/i0.wp.com\/tuzlahortum.com.tr\/wp-content\/uploads\/2019\/02\/316B-1.jpg?fit=1200%2C1187&ssl=1&resize=350%2C200 1x, https:\/\/i0.wp.com\/tuzlahortum.com.tr\/wp-content\/uploads\/2019\/02\/316B-1.jpg?fit=1200%2C1187&ssl=1&resize=525%2C300 1.5x, https:\/\/i0.wp.com\/tuzlahortum.com.tr\/wp-content\/uploads\/2019\/02\/316B-1.jpg?fit=1200%2C1187&ssl=1&resize=700%2C400 2x, https:\/\/i0.wp.com\/tuzlahortum.com.tr\/wp-content\/uploads\/2019\/02\/316B-1.jpg?fit=1200%2C1187&ssl=1&resize=1050%2C600 3x"},"classes":[]},{"id":12801,"url":"https:\/\/tuzlahortum.com.tr\/fr\/produit\/c-tipi-paslanmaz-kamlok-304\/","url_meta":{"origin":12686,"position":5},"title":"Camlock en acier inoxydable de type C (304)","author":"admin","date":"13 septembre 2023","format":false,"excerpt":"C Tipi Paslanmaz Kamlok (304)C T\u0130P\u0130 PASLANMAZ KAMLOK D\u0130\u015e\u0130 \u00a0VE HORTUMA GE\u00c7ME \u00a0\u015eEKL\u0130 OLUP EKLEME MODEL\u0130 OLARAK \u00a0M\u00dc\u015eTER\u0130M\u0130ZE SUNMAKTAYIZ KULLANIM ALANLARI K\u0130MYEV\u0130 MADDE AS\u0130T , SOLVENT , PETROL VB T\u00dcM K\u0130MYASALLAR \u0130\u00c7\u0130N DEM\u0130R \u00c7EL\u0130K FABR\u0130KALARINDA SICAK ORTAMLAR DA GEM\u0130 SEKT\u00d6R\u00dc DEN\u0130Z SUYU VB B\u0130R \u00c7OK AMACA UYGUN KULLANIM KOLAYLI\u011eI VE\u2026","rel":"","context":"Article similaire","block_context":{"text":"Article similaire","link":""},"img":{"alt_text":"","src":"https:\/\/i0.wp.com\/tuzlahortum.com.tr\/wp-content\/uploads\/2019\/02\/316C-1.jpg?fit=1200%2C1187&ssl=1&resize=350%2C200","width":350,"height":200,"srcset":"https:\/\/i0.wp.com\/tuzlahortum.com.tr\/wp-content\/uploads\/2019\/02\/316C-1.jpg?fit=1200%2C1187&ssl=1&resize=350%2C200 1x, https:\/\/i0.wp.com\/tuzlahortum.com.tr\/wp-content\/uploads\/2019\/02\/316C-1.jpg?fit=1200%2C1187&ssl=1&resize=525%2C300 1.5x, https:\/\/i0.wp.com\/tuzlahortum.com.tr\/wp-content\/uploads\/2019\/02\/316C-1.jpg?fit=1200%2C1187&ssl=1&resize=700%2C400 2x, https:\/\/i0.wp.com\/tuzlahortum.com.tr\/wp-content\/uploads\/2019\/02\/316C-1.jpg?fit=1200%2C1187&ssl=1&resize=1050%2C600 3x"},"classes":[]}],"jetpack_sharing_enabled":true,"jetpack_likes_enabled":true,"_links":{"self":[{"href":"https:\/\/tuzlahortum.com.tr\/fr\/wp-json\/wp\/v2\/product\/12686","targetHints":{"allow":["GET"]}}],"collection":[{"href":"https:\/\/tuzlahortum.com.tr\/fr\/wp-json\/wp\/v2\/product"}],"about":[{"href":"https:\/\/tuzlahortum.com.tr\/fr\/wp-json\/wp\/v2\/types\/product"}],"replies":[{"embeddable":true,"href":"https:\/\/tuzlahortum.com.tr\/fr\/wp-json\/wp\/v2\/comments?post=12686"}],"wp:featuredmedia":[{"embeddable":true,"href":"https:\/\/tuzlahortum.com.tr\/fr\/wp-json\/wp\/v2\/media\/12685"}],"wp:attachment":[{"href":"https:\/\/tuzlahortum.com.tr\/fr\/wp-json\/wp\/v2\/media?parent=12686"}],"wp:term":[{"taxonomy":"product_brand","embeddable":true,"href":"https:\/\/tuzlahortum.com.tr\/fr\/wp-json\/wp\/v2\/product_brand?post=12686"},{"taxonomy":"product_cat","embeddable":true,"href":"https:\/\/tuzlahortum.com.tr\/fr\/wp-json\/wp\/v2\/product_cat?post=12686"},{"taxonomy":"product_tag","embeddable":true,"href":"https:\/\/tuzlahortum.com.tr\/fr\/wp-json\/wp\/v2\/product_tag?post=12686"}],"curies":[{"name":"wp","href":"https:\/\/api.w.org\/{rel}","templated":true}]}}