{"id":12652,"date":"2023-09-05T09:39:20","date_gmt":"2023-09-05T06:39:20","guid":{"rendered":"https:\/\/tuzlahortum.com.tr\/?post_type=product&#038;p=12652"},"modified":"2024-03-21T17:38:27","modified_gmt":"2024-03-21T14:38:27","slug":"flow-90-bar-pulverizator-hortumu","status":"publish","type":"product","link":"https:\/\/tuzlahortum.com.tr\/fr\/produit\/flow-90-bar-pulverizator-hortumu\/","title":{"rendered":"Tuyau de pulv\u00e9risation \u00e0 d\u00e9bit 90 bars"},"content":{"rendered":"<h2>Tuyau de pulv\u00e9risation \u00e0 d\u00e9bit 90 bars<\/h2>\n<p><strong>Fonctionnalit\u00e9s<\/strong><\/p>\n<ul>\n<li>Il est dot\u00e9 d&#039;un mat\u00e9riau PVC haute r\u00e9sistance renforc\u00e9 de fil de polyester.<\/li>\n<li>Un m\u00e9lange sp\u00e9cial r\u00e9sistant \u00e0 l&#039;abrasion et \u00e0 toutes les conditions m\u00e9t\u00e9orologiques.<\/li>\n<li>Il est tr\u00e8s r\u00e9sistant \u00e0 la traction et \u00e0 l\u2019\u00e9tirement.<\/li>\n<\/ul>\n<p><strong>Zones d&#039;utilisation<\/strong><\/p>\n<ul>\n<li>Il est utilis\u00e9 dans les travaux de pulv\u00e9risation \u00e0 haute pression dans les travaux agricoles.<\/li>\n<\/ul>\n<p><img data-recalc-dims=\"1\" loading=\"lazy\" decoding=\"async\" class=\"alignnone\" src=\"https:\/\/i0.wp.com\/tuzlahortum.com.tr\/wp-content\/uploads\/2023\/09\/Frame-1.png?resize=1020%2C216&#038;ssl=1\" alt=\"\" width=\"1020\" height=\"216\" title=\"\"><\/p>","protected":false},"excerpt":{"rendered":"<p>Flow 90 Bar Pulverizat\u00f6r Hortumu \u00d6zellikler Polyester iplik takviyeli y\u00fcksek mukavemetli PVC malzemeye sahip. A\u015f\u0131nmaya ve hert\u00fcrl\u00fc hava \u015fartlar\u0131na dayan\u0131kl\u0131 \u00f6zel kar\u0131\u015f\u0131m. \u00c7ekmeye ve gerilmeye kar\u015f\u0131 y\u00fcksek derecede dayan\u0131kl\u0131d\u0131r. Kullan\u0131m Alanlar\u0131 Tar\u0131m i\u015flerinde y\u00fcksek bas\u0131n\u00e7l\u0131 ila\u00e7lama i\u015flerinde kullan\u0131l\u0131r<\/p>","protected":false},"featured_media":12653,"comment_status":"open","ping_status":"closed","template":"","meta":{"jetpack_post_was_ever_published":false},"product_brand":[],"product_cat":[2337],"product_tag":[2335,2336,2334,720,719,721,718,722,723,652],"class_list":{"0":"post-12652","1":"product","2":"type-product","3":"status-publish","4":"has-post-thumbnail","6":"product_cat-ilaclama-hortumlari-plastik-hortumlar","7":"product_tag-fas010x","8":"product_tag-fas013x","9":"product_tag-fas08x","10":"product_tag-hortumu","11":"product_tag-ilaclama","12":"product_tag-ilaclama-hortumu","13":"product_tag-pulverizator","14":"product_tag-pulverizator-hortumu","15":"product_tag-sanayi","16":"product_tag-tarim","18":"first","19":"instock","20":"taxable","21":"shipping-taxable","22":"product-type-variable"},"jetpack-related-posts":[],"jetpack_sharing_enabled":true,"jetpack_likes_enabled":true,"_links":{"self":[{"href":"https:\/\/tuzlahortum.com.tr\/fr\/wp-json\/wp\/v2\/product\/12652","targetHints":{"allow":["GET"]}}],"collection":[{"href":"https:\/\/tuzlahortum.com.tr\/fr\/wp-json\/wp\/v2\/product"}],"about":[{"href":"https:\/\/tuzlahortum.com.tr\/fr\/wp-json\/wp\/v2\/types\/product"}],"replies":[{"embeddable":true,"href":"https:\/\/tuzlahortum.com.tr\/fr\/wp-json\/wp\/v2\/comments?post=12652"}],"wp:featuredmedia":[{"embeddable":true,"href":"https:\/\/tuzlahortum.com.tr\/fr\/wp-json\/wp\/v2\/media\/12653"}],"wp:attachment":[{"href":"https:\/\/tuzlahortum.com.tr\/fr\/wp-json\/wp\/v2\/media?parent=12652"}],"wp:term":[{"taxonomy":"product_brand","embeddable":true,"href":"https:\/\/tuzlahortum.com.tr\/fr\/wp-json\/wp\/v2\/product_brand?post=12652"},{"taxonomy":"product_cat","embeddable":true,"href":"https:\/\/tuzlahortum.com.tr\/fr\/wp-json\/wp\/v2\/product_cat?post=12652"},{"taxonomy":"product_tag","embeddable":true,"href":"https:\/\/tuzlahortum.com.tr\/fr\/wp-json\/wp\/v2\/product_tag?post=12652"}],"curies":[{"name":"wp","href":"https:\/\/api.w.org\/{rel}","templated":true}]}}