{"id":12156,"date":"2020-10-07T08:39:16","date_gmt":"2020-10-07T05:39:16","guid":{"rendered":"https:\/\/tuzlahortum.com.tr\/?post_type=product&#038;p=12156"},"modified":"2024-03-21T17:38:27","modified_gmt":"2024-03-21T14:38:27","slug":"telli-seffaf-hortumlar-kopya","status":"publish","type":"product","link":"https:\/\/tuzlahortum.com.tr\/fr\/produit\/telli-seffaf-hortumlar-kopya\/","title":{"rendered":"Fil Transparent Tuyau Huile D&#039;Olive"},"content":{"rendered":"<h2>Fil Transparent Tuyau Huile D&#039;Olive<\/h2>\n<p>Tuyau spiral\u00e9 en PU avec fil d&#039;acier pour l&#039;aspiration et le refoulement de liquides alimentaires et d&#039;huiles v\u00e9g\u00e9tales.<\/p>\n<p>Union Europ\u00e9enne UE 10\/2011 Normes ABC D2 et huiles v\u00e9g\u00e9tales,<\/p>\n<p>Il est utilis\u00e9 pour absorber et transmettre les huiles industrielles et est inodore.<\/p>\n<p>Il convient pour une utilisation dans le transfert de produits chimiques l\u00e9gers.<\/p>\n<div class=\"video video-fit mb\" style=\"padding-top:56.25%;\"><p><iframe loading=\"lazy\" title=\"Confusion des mesures (pouces, doigts, brume, millim\u00e8tres)\" width=\"1020\" height=\"574\" src=\"https:\/\/www.youtube.com\/embed\/uKk6AG_AZls?feature=oembed\" frameborder=\"0\" allow=\"accelerometer; autoplay; clipboard-write; encrypted-media; gyroscope; picture-in-picture\" allowfullscreen><\/iframe><\/p>\n<\/div>\n<div class=\"video video-fit mb\" style=\"padding-top:56.25%;\"><p>https:\/\/www.youtube.com\/watch?v=O8ZlzKEjfEQ%20<\/p>\n<\/div>","protected":false},"excerpt":{"rendered":"<p>Tuyau transparent avec fil Huile d'olive Tuyau en PU avec spirale en fil d'acier pour l'aspiration et la transmission de liquides alimentaires et d'huiles v\u00e9g\u00e9tales. Il est conforme aux normes EU 10\/2011 A B C D2 de l'Union europ\u00e9enne et est utilis\u00e9 pour l'aspiration et la transmission d'huiles v\u00e9g\u00e9tales, d'huiles industrielles et est inodore. Convient au transfert de produits chimiques l\u00e9gers.<\/p>","protected":false},"featured_media":12221,"comment_status":"open","ping_status":"closed","template":"","meta":{"jetpack_post_was_ever_published":false},"product_brand":[],"product_cat":[170,172],"product_tag":[646,1204,402,526,1190,387,290,1019,549,1203,572,573],"class_list":{"0":"post-12156","1":"product","2":"type-product","3":"status-publish","4":"has-post-thumbnail","6":"product_cat-seffaf-hortumlar","7":"product_cat-telli-seffaf-hortumlar","8":"product_tag-celik","9":"product_tag-celik-telli-seffaf-hortum","10":"product_tag-gida","11":"product_tag-gida-isleme","12":"product_tag-gida-urunleri","13":"product_tag-gidaya-uygun","14":"product_tag-hortum","15":"product_tag-seffaf","16":"product_tag-sivi-gida","17":"product_tag-telli","18":"product_tag-yagli-gida","19":"product_tag-zeytinyag","21":"first","22":"instock","23":"taxable","24":"shipping-taxable","25":"product-type-variable"},"jetpack-related-posts":[],"jetpack_sharing_enabled":true,"jetpack_likes_enabled":true,"_links":{"self":[{"href":"https:\/\/tuzlahortum.com.tr\/fr\/wp-json\/wp\/v2\/product\/12156","targetHints":{"allow":["GET"]}}],"collection":[{"href":"https:\/\/tuzlahortum.com.tr\/fr\/wp-json\/wp\/v2\/product"}],"about":[{"href":"https:\/\/tuzlahortum.com.tr\/fr\/wp-json\/wp\/v2\/types\/product"}],"replies":[{"embeddable":true,"href":"https:\/\/tuzlahortum.com.tr\/fr\/wp-json\/wp\/v2\/comments?post=12156"}],"wp:featuredmedia":[{"embeddable":true,"href":"https:\/\/tuzlahortum.com.tr\/fr\/wp-json\/wp\/v2\/media\/12221"}],"wp:attachment":[{"href":"https:\/\/tuzlahortum.com.tr\/fr\/wp-json\/wp\/v2\/media?parent=12156"}],"wp:term":[{"taxonomy":"product_brand","embeddable":true,"href":"https:\/\/tuzlahortum.com.tr\/fr\/wp-json\/wp\/v2\/product_brand?post=12156"},{"taxonomy":"product_cat","embeddable":true,"href":"https:\/\/tuzlahortum.com.tr\/fr\/wp-json\/wp\/v2\/product_cat?post=12156"},{"taxonomy":"product_tag","embeddable":true,"href":"https:\/\/tuzlahortum.com.tr\/fr\/wp-json\/wp\/v2\/product_tag?post=12156"}],"curies":[{"name":"wp","href":"https:\/\/api.w.org\/{rel}","templated":true}]}}