{"id":11947,"date":"2020-06-17T10:27:35","date_gmt":"2020-06-17T07:27:35","guid":{"rendered":"https:\/\/tuzlahortum.com.tr\/?post_type=product&#038;p=11947"},"modified":"2025-08-20T11:56:20","modified_gmt":"2025-08-20T08:56:20","slug":"antistatik-granul-hortum","status":"publish","type":"product","link":"https:\/\/tuzlahortum.com.tr\/fr\/produit\/antistatik-granul-hortum\/","title":{"rendered":"Tuyau \u00e0 granul\u00e9s antistatique"},"content":{"rendered":"<h2>Tuyau \u00e0 granul\u00e9s antistatique<\/h2>\n<h3>Tuyau \u00e0 granul\u00e9s antistatique<\/h3>\n<p>Il est renforc\u00e9 de PVC, sa surface int\u00e9rieure est lisse et constitu\u00e9e d&#039;une couche de PU (polyur\u00e9thane), et l&#039;ext\u00e9rieur des spirales en PVC est envelopp\u00e9e de fil de cuivre, elles ont donc une structure antistatique. Gr\u00e2ce \u00e0 ces caract\u00e9ristiques, il est extr\u00eamement r\u00e9sistant \u00e0 l\u2019abrasion, aux coupures, aux particules atmosph\u00e9riques et aux micro-organismes. Id\u00e9al pour une utilisation dans l\u2019aspiration et le refoulement de granul\u00e9s, d\u2019abrasifs, de poudres, de c\u00e9r\u00e9ales et de produits alimentaires secs. Il peut \u00e9galement \u00eatre utilis\u00e9 en toute s\u00e9curit\u00e9 dans des environnements n\u00e9cessitant une pression moyenne. Sa structure durable et sa fonction antistatique offrent des performances fiables dans les applications industrielles. Gr\u00e2ce \u00e0 ces fonctionnalit\u00e9s, il offre une solution durable et efficace dans divers environnements industriels.<\/p>\n<div class=\"video video-fit mb\" style=\"padding-top:56.25%;\"><p><iframe loading=\"lazy\" title=\"Confusion des mesures (pouces, doigts, brume, millim\u00e8tres)\" width=\"1020\" height=\"574\" src=\"https:\/\/www.youtube.com\/embed\/uKk6AG_AZls?feature=oembed\" frameborder=\"0\" allow=\"accelerometer; autoplay; clipboard-write; encrypted-media; gyroscope; picture-in-picture; web-share\" referrerpolicy=\"strict-origin-when-cross-origin\" allowfullscreen><\/iframe><\/p>\n<\/div>","protected":false},"excerpt":{"rendered":"<p>Antistatik Gran\u00fcl Hortumu Antistatik Gran\u00fcl Hortumu PVC takviyeli, i\u00e7 y\u00fczeyi d\u00fcz ve PU (poli\u00fcretan) tabakadan mam\u00fcl, PVC spirallerin d\u0131\u015f\u0131 bak\u0131r tel ile sarg\u0131l\u0131 oldu\u011fundan antistatik \u00f6zellikli bir yap\u0131ya sahiptir. Bu \u00f6zellikleri sayesinde, a\u015f\u0131nmaya, kesilmeye, atmosferik partik\u00fcllere ve mikroorganizmalara kar\u015f\u0131 son derece diren\u00e7lidir. Gran\u00fcllerin, a\u015f\u0131nd\u0131r\u0131c\u0131 maddelerin, tozlar\u0131n, tah\u0131l ve kuru g\u0131da \u00fcr\u00fcnlerinin emi\u015f ve tahliyesinde kullan\u0131m [&#8230;]\n","protected":false},"featured_media":11949,"comment_status":"open","ping_status":"closed","template":"","meta":{"jetpack_post_was_ever_published":false},"product_brand":[],"product_cat":[2323,147],"product_tag":[480,2324,620,590,389,381],"class_list":{"0":"post-11947","1":"product","2":"type-product","3":"status-publish","4":"has-post-thumbnail","6":"product_cat-antistatik-granul","7":"product_cat-poliuretan-pu-flex-hortumlari","8":"product_tag-antistatik","9":"product_tag-antistatik-granul","10":"product_tag-asindirici","11":"product_tag-asindirici-kuru-gida-tahliye","12":"product_tag-granul","13":"product_tag-poliuretan","15":"first","16":"outofstock","17":"taxable","18":"shipping-taxable","19":"product-type-variable"},"jetpack-related-posts":[],"jetpack_sharing_enabled":true,"jetpack_likes_enabled":true,"_links":{"self":[{"href":"https:\/\/tuzlahortum.com.tr\/fr\/wp-json\/wp\/v2\/product\/11947","targetHints":{"allow":["GET"]}}],"collection":[{"href":"https:\/\/tuzlahortum.com.tr\/fr\/wp-json\/wp\/v2\/product"}],"about":[{"href":"https:\/\/tuzlahortum.com.tr\/fr\/wp-json\/wp\/v2\/types\/product"}],"replies":[{"embeddable":true,"href":"https:\/\/tuzlahortum.com.tr\/fr\/wp-json\/wp\/v2\/comments?post=11947"}],"wp:featuredmedia":[{"embeddable":true,"href":"https:\/\/tuzlahortum.com.tr\/fr\/wp-json\/wp\/v2\/media\/11949"}],"wp:attachment":[{"href":"https:\/\/tuzlahortum.com.tr\/fr\/wp-json\/wp\/v2\/media?parent=11947"}],"wp:term":[{"taxonomy":"product_brand","embeddable":true,"href":"https:\/\/tuzlahortum.com.tr\/fr\/wp-json\/wp\/v2\/product_brand?post=11947"},{"taxonomy":"product_cat","embeddable":true,"href":"https:\/\/tuzlahortum.com.tr\/fr\/wp-json\/wp\/v2\/product_cat?post=11947"},{"taxonomy":"product_tag","embeddable":true,"href":"https:\/\/tuzlahortum.com.tr\/fr\/wp-json\/wp\/v2\/product_tag?post=11947"}],"curies":[{"name":"wp","href":"https:\/\/api.w.org\/{rel}","templated":true}]}}