{"id":1013,"date":"2019-02-07T00:04:25","date_gmt":"2019-02-06T21:04:25","guid":{"rendered":"http:\/\/hortum.com.tr\/product\/import-placeholder-for-383\/"},"modified":"2024-03-21T17:39:28","modified_gmt":"2024-03-21T14:39:28","slug":"semiafs-inox","status":"publish","type":"product","link":"https:\/\/tuzlahortum.com.tr\/fr\/produit\/semiafs-inox\/","title":{"rendered":"SEMIAFS-INOX"},"content":{"rendered":"<h2>SEMIAFS-INOX<\/h2>\n<div>Conduits d&#039;air semi-flexibles en acier inoxydable<\/div>\n<div>\n<h4>Caract\u00e9ristiques g\u00e9n\u00e9rales<\/h4>\n<table class=\"table table-hover table-bordered\">\n<tbody>\n<tr>\n<th class=\"urunDetayth\">Construction de canal flexible<\/th>\n<td>1 pli Inox (316 L) (ondul\u00e9)<\/td>\n<\/tr>\n<tr>\n<th class=\"urunDetayth\">\u00c9paisseur nominale du conduit flexible<\/th>\n<td>100 microns<\/td>\n<\/tr>\n<tr>\n<th class=\"urunDetayth\">Gamme de diam\u00e8tre<\/th>\n<td>80mm \u2013 800mm<\/td>\n<\/tr>\n<tr>\n<th class=\"urunDetayth\">Plage de temp\u00e9ratures de fonctionnement<\/th>\n<td>-30 \u00b0C \/ +800 \u00b0C<\/td>\n<\/tr>\n<tr>\n<th class=\"urunDetayth\">D\u00e9bit d&#039;air<\/th>\n<td>30 m\/s (maximum)<\/td>\n<\/tr>\n<tr>\n<th class=\"urunDetayth\">Pression de service<\/th>\n<td>3000 Pa (maximum)<\/td>\n<\/tr>\n<tr>\n<th class=\"urunDetayth\">Longueur standard<\/th>\n<td>1 m \/ 1,5 m \/ 2 m \/ 2,5 m \/ 3 m \/ 5 m<\/td>\n<\/tr>\n<tr>\n<th class=\"urunDetayth\">Emballage<\/th>\n<td>sac en nylon<\/td>\n<\/tr>\n<tr>\n<th class=\"urunDetayth\">R\u00e9action au feu<\/th>\n<td>Ignifuger<\/td>\n<\/tr>\n<\/tbody>\n<\/table>\n<div><\/div>\n<\/div>\n<div class=\"txt\"><div class=\"video video-fit mb\" style=\"padding-top:56.25%;\"><p><iframe loading=\"lazy\" title=\"Confusion des mesures (pouces, doigts, brume, millim\u00e8tres)\" width=\"1020\" height=\"574\" src=\"https:\/\/www.youtube.com\/embed\/uKk6AG_AZls?feature=oembed\" frameborder=\"0\" allow=\"accelerometer; autoplay; clipboard-write; encrypted-media; gyroscope; picture-in-picture; web-share\" referrerpolicy=\"strict-origin-when-cross-origin\" allowfullscreen><\/iframe><\/p>\n<\/div><\/div>\n<div><\/div>\n<div>\n<div class=\"txt\">Conduits d&#039;air semi-flexibles en acier inoxydable SEMIAFS-INOX, avec tous types de combustibles (gaz naturel, GPL, fioul, etc.)-<\/div>\n<div class=\"txt\">raccordements de chemin\u00e9e d&#039;appareils de commande, syst\u00e8mes de transfert d&#039;air extr\u00eamement chaud fonctionnant \u00e0 haute pression, et en particulier-<\/div>\n<div class=\"txt\">Un semi-flexible polyvalent sp\u00e9cialement con\u00e7u pour les applications n\u00e9cessitant une r\u00e9sistance m\u00e9canique \u00e9lev\u00e9e.<\/div>\n<div class=\"txt\">est le canal d&#039;air. SEMIAFS-INOX a la capacit\u00e9 de se plier, de se plier et de s&#039;\u00e9tirer. SEMIAFS-INOX<\/div>\n<div class=\"txt\">Le syst\u00e8me de serrage utilis\u00e9 dans les conduits d&#039;air semi-flexibles en acier inoxydable est &quot;INTERLOCK&quot;, c&#039;est-\u00e0-dire un syst\u00e8me \u00e0 double serrage.<\/div>\n<div class=\"txt\">Il n&#039;y a pas de s\u00e9paration et\/ou de d\u00e9formation des bandes d&#039;acier inoxydable.<\/div>\n<h4>Caract\u00e9ristiques et avantages<\/h4>\n<div class=\"wrp clearfix\">\n<div class=\"tripleContent\">\n<p><b>CONSTRUCTION EN ACIER INOXYDABLE DE QUALIT\u00c9 316 L<\/b><\/p>\n<div class=\"txt\">\u00a0 100% ininflammable, Rayons UV, Haute r\u00e9sistance aux rayons UV, R\u00e9sistance chimique<\/div>\n<\/div>\n<div class=\"tripleContent\">\n<p><b>CONSTRUCTION SEMI-FLEXIBLE<\/b><\/p>\n<div class=\"txt\">\u00a0 Facilit\u00e9 de transport et de stockage Faibles co\u00fbts de main-d&#039;\u0153uvre<\/div>\n<\/div>\n<div class=\"tripleContent\">\n<p><b>SYST\u00c8ME DE PINCE DE VERROUILLAGE<\/b><\/p>\n<div class=\"txt\">\u00a0 R\u00e9sistance m\u00e9canique \u00c9tanch\u00e9it\u00e9 Efficacit\u00e9 \u00e9nerg\u00e9tique<\/div>\n<\/div>\n<\/div>\n<\/div>","protected":false},"excerpt":{"rendered":"<p>SEMIAFS-INOX Paslanmaz \u00e7elik yar\u0131 esnek hava kanallar\u0131 Genel \u00d6zellikler Flexible Kanal Konstr\u00fcksiyonu 1 kat Paslanmaz \u00c7elik (316 L) (koruge) Flexible Kanal Nominal Kal\u0131nl\u0131\u011f\u0131 100 mikron \u00c7ap Aral\u0131\u011f\u0131 80 mm &#8211; 800 mm \u00c7al\u0131\u015fma S\u0131cakl\u0131\u011f\u0131 Aral\u0131\u011f\u0131 -30 \u00b0C \/ +800 \u00b0C Hava Ak\u0131\u015f H\u0131z\u0131 30 m\/s (maksimum) \u00c7al\u0131\u015fma Bas\u0131nc\u0131 3000 Pa (maksimum) Standart Uzunluk 1 m [&#8230;]\n","protected":false},"featured_media":1577,"comment_status":"open","ping_status":"closed","template":"","meta":{"jetpack_post_was_ever_published":false},"product_brand":[],"product_cat":[140],"product_tag":[265,1311,264,268,1312,1205,1310],"class_list":{"0":"post-1013","1":"product","2":"type-product","3":"status-publish","4":"has-post-thumbnail","6":"product_cat-yari-esnek-flexible-hava-kanali","7":"product_tag-bukulme","8":"product_tag-dusuk-bakim-ve-iscilik-giderleri","9":"product_tag-esneme","10":"product_tag-kimyasal-direnc","11":"product_tag-kivrilabilme","12":"product_tag-sizdirmazlik","13":"product_tag-yanmazlik","15":"first","16":"instock","17":"taxable","18":"shipping-taxable","19":"product-type-variable"},"jetpack-related-posts":[{"id":1012,"url":"https:\/\/tuzlahortum.com.tr\/fr\/produit\/semiafs\/","url_meta":{"origin":1013,"position":0},"title":"SEMIAFS","author":"admin","date":"7 f\u00e9vrier 2019","format":false,"excerpt":"SEMIAFSAl\u00fcminyum yar\u0131 esnek hava kanallar\u0131 Genel \u00d6zellikler Flexible Kanal Konstr\u00fcksiyonu 1 kat Al\u00fcminyum (koruge) Flexible Kanal Nominal Kal\u0131nl\u0131\u011f\u0131 90 mikron \u00c7ap Aral\u0131\u011f\u0131 80 mm - 800 mm \u00c7al\u0131\u015fma S\u0131cakl\u0131\u011f\u0131 Aral\u0131\u011f\u0131 -25 \u00b0C \/ +250 \u00b0C Hava Ak\u0131\u015f H\u0131z\u0131 30 m\/s (maksimum) \u00c7al\u0131\u015fma Bas\u0131nc\u0131 3000 Pa (maksimum) Standart Uzunluk 1.5 m\u2026","rel":"","context":"Article similaire","block_context":{"text":"Article similaire","link":""},"img":{"alt_text":"","src":"https:\/\/i0.wp.com\/tuzlahortum.com.tr\/wp-content\/uploads\/urunler\/afs\/SEMIAFS.png?fit=550%2C410&ssl=1&resize=350%2C200","width":350,"height":200,"srcset":"https:\/\/i0.wp.com\/tuzlahortum.com.tr\/wp-content\/uploads\/urunler\/afs\/SEMIAFS.png?fit=550%2C410&ssl=1&resize=350%2C200 1x, https:\/\/i0.wp.com\/tuzlahortum.com.tr\/wp-content\/uploads\/urunler\/afs\/SEMIAFS.png?fit=550%2C410&ssl=1&resize=525%2C300 1.5x"},"classes":[]},{"id":581,"url":"https:\/\/tuzlahortum.com.tr\/fr\/produit\/aluafs-70-green\/","url_meta":{"origin":1013,"position":1},"title":"ALUAF.70 VERT","author":"admin","date":"6 f\u00e9vrier 2019","format":false,"excerpt":"ALUAFS.70 GREEN Flexible Kanal Konstr\u00fcksiyonu 3 kat Al\u00fcminyum + 2 kat Polyester Flexible Kanal Nominal Kal\u0131nl\u0131\u011f\u0131 70 mikron \u00c7ap Aral\u0131\u011f\u0131 52 mm - 800 mm \u00c7al\u0131\u015fma S\u0131cakl\u0131\u011f\u0131 Aral\u0131\u011f\u0131 -30 \u00b0C \/ +150 \u00b0C Hava Ak\u0131\u015f H\u0131z\u0131 30 m\/s (maksimum) \u00c7al\u0131\u015fma Bas\u0131nc\u0131 3000 Pa (maksimum) Standart Uzunluk 10 m Paketleme Tekli\u2026","rel":"","context":"Article similaire","block_context":{"text":"Article similaire","link":""},"img":{"alt_text":"","src":"https:\/\/i0.wp.com\/tuzlahortum.com.tr\/wp-content\/uploads\/2019\/03\/ALUAFS.70-GREEN.png?fit=800%2C800&ssl=1&resize=350%2C200","width":350,"height":200,"srcset":"https:\/\/i0.wp.com\/tuzlahortum.com.tr\/wp-content\/uploads\/2019\/03\/ALUAFS.70-GREEN.png?fit=800%2C800&ssl=1&resize=350%2C200 1x, https:\/\/i0.wp.com\/tuzlahortum.com.tr\/wp-content\/uploads\/2019\/03\/ALUAFS.70-GREEN.png?fit=800%2C800&ssl=1&resize=525%2C300 1.5x, https:\/\/i0.wp.com\/tuzlahortum.com.tr\/wp-content\/uploads\/2019\/03\/ALUAFS.70-GREEN.png?fit=800%2C800&ssl=1&resize=700%2C400 2x"},"classes":[]},{"id":846,"url":"https:\/\/tuzlahortum.com.tr\/fr\/produit\/polyafs\/","url_meta":{"origin":1013,"position":2},"title":"POLYAFS","author":"admin","date":"6 f\u00e9vrier 2019","format":false,"excerpt":"POLYAFS\u0130zolesiz polyester flexible flexible hava kanallar\u0131 Genel \u00d6zellikler Flexible Kanal Konstr\u00fcksiyonu 2 kat Polyester Flexible Kanal Nominal Kal\u0131nl\u0131\u011f\u0131 30 mikron \u00c7ap Aral\u0131\u011f\u0131 82 mm - 800 mm \u00c7al\u0131\u015fma S\u0131cakl\u0131\u011f\u0131 Aral\u0131\u011f\u0131 -30 \u00b0C \/ +120 \u00b0C Hava Ak\u0131\u015f H\u0131z\u0131 30 m\/s (maksimum) \u00c7al\u0131\u015fma Bas\u0131nc\u0131 3000 Pa (maksimum) Standart Uzunluk 7.6 m\u2026","rel":"","context":"Article similaire","block_context":{"text":"Article similaire","link":""},"img":{"alt_text":"","src":"https:\/\/i0.wp.com\/tuzlahortum.com.tr\/wp-content\/uploads\/2019\/03\/POLYAFS.png?fit=800%2C800&ssl=1&resize=350%2C200","width":350,"height":200,"srcset":"https:\/\/i0.wp.com\/tuzlahortum.com.tr\/wp-content\/uploads\/2019\/03\/POLYAFS.png?fit=800%2C800&ssl=1&resize=350%2C200 1x, https:\/\/i0.wp.com\/tuzlahortum.com.tr\/wp-content\/uploads\/2019\/03\/POLYAFS.png?fit=800%2C800&ssl=1&resize=525%2C300 1.5x, https:\/\/i0.wp.com\/tuzlahortum.com.tr\/wp-content\/uploads\/2019\/03\/POLYAFS.png?fit=800%2C800&ssl=1&resize=700%2C400 2x"},"classes":[]},{"id":590,"url":"https:\/\/tuzlahortum.com.tr\/fr\/produit\/isoafs-alu-green\/","url_meta":{"origin":1013,"position":3},"title":"ISOAFS-ALU VERT","author":"admin","date":"6 f\u00e9vrier 2019","format":false,"excerpt":"ISOAFS-ALU GREENGreenguard Sertifikal\u0131 Is\u0131 \u0130zoleli Al\u00fcminyum Flexible Hava Kanallar\u0131 Tipler ISOAFS-ALU.70 GREEN ISOAFS-ALU F GREEN Genel \u00d6zellikler Flexible Kanal Konstr\u00fcksiyonu 3 kat Al\u00fcminyum + 1 kat Polyester Flexible Kanal Nominal Kal\u0131nl\u0131\u011f\u0131 74 mikron Ceket Kontr\u00fcksiyonu 1 kat Al\u00fcminyum + 2 kat Polyester Ceket Nominal Kal\u0131nl\u0131\u011f\u0131 45 mikron \u0130zolasyon - Kal\u0131nl\u0131k\u2026","rel":"","context":"Article similaire","block_context":{"text":"Article similaire","link":""},"img":{"alt_text":"","src":"https:\/\/i0.wp.com\/tuzlahortum.com.tr\/wp-content\/uploads\/2019\/03\/ISOAFS-ALU.70-GREEN.png?fit=800%2C800&ssl=1&resize=350%2C200","width":350,"height":200,"srcset":"https:\/\/i0.wp.com\/tuzlahortum.com.tr\/wp-content\/uploads\/2019\/03\/ISOAFS-ALU.70-GREEN.png?fit=800%2C800&ssl=1&resize=350%2C200 1x, https:\/\/i0.wp.com\/tuzlahortum.com.tr\/wp-content\/uploads\/2019\/03\/ISOAFS-ALU.70-GREEN.png?fit=800%2C800&ssl=1&resize=525%2C300 1.5x, https:\/\/i0.wp.com\/tuzlahortum.com.tr\/wp-content\/uploads\/2019\/03\/ISOAFS-ALU.70-GREEN.png?fit=800%2C800&ssl=1&resize=700%2C400 2x"},"classes":[]},{"id":592,"url":"https:\/\/tuzlahortum.com.tr\/fr\/produit\/sonoafs-hijyen-green\/","url_meta":{"origin":1013,"position":4},"title":"SONOAFS-ALU HYGIENE VERT","author":"admin","date":"6 f\u00e9vrier 2019","format":false,"excerpt":"SONOAFS-ALU H\u0130JYEN GREEN Greenguard Sertifikal\u0131 Is\u0131 ve Ses \u0130zoleli Al\u00fcminyum Hijyen Flexible Hava Kanallar\u0131 Flexible Kanal Konstr\u00fcksiyonu [3 kat Al\u00fcminyum + 2 kat Polyester + Hijyen Kaplama] (Perfore) \/ Bariyer Flexible Kanal Nominal Kal\u0131nl\u0131\u011f\u0131 70 mikron + Hijyen Kaplama Ceket Kontr\u00fcksiyonu 1 kat Al\u00fcminyum + 2 kat Polyester Ceket Nominal\u2026","rel":"","context":"Article similaire","block_context":{"text":"Article similaire","link":""},"img":{"alt_text":"","src":"https:\/\/i0.wp.com\/tuzlahortum.com.tr\/wp-content\/uploads\/2019\/03\/SONOAFS-ALU.B-HYGIENE-GREEN-1.png?fit=800%2C800&ssl=1&resize=350%2C200","width":350,"height":200,"srcset":"https:\/\/i0.wp.com\/tuzlahortum.com.tr\/wp-content\/uploads\/2019\/03\/SONOAFS-ALU.B-HYGIENE-GREEN-1.png?fit=800%2C800&ssl=1&resize=350%2C200 1x, https:\/\/i0.wp.com\/tuzlahortum.com.tr\/wp-content\/uploads\/2019\/03\/SONOAFS-ALU.B-HYGIENE-GREEN-1.png?fit=800%2C800&ssl=1&resize=525%2C300 1.5x, https:\/\/i0.wp.com\/tuzlahortum.com.tr\/wp-content\/uploads\/2019\/03\/SONOAFS-ALU.B-HYGIENE-GREEN-1.png?fit=800%2C800&ssl=1&resize=700%2C400 2x"},"classes":[]},{"id":593,"url":"https:\/\/tuzlahortum.com.tr\/fr\/produit\/sonoafs-alu-forte-green\/","url_meta":{"origin":1013,"position":5},"title":"SONOAFS-ALU FORTE VERT","author":"admin","date":"6 f\u00e9vrier 2019","format":false,"excerpt":"SONOAFS-ALU FORTE GREENTipler Flexible Kanal Konstr\u00fcksiyonu 3 kat Al\u00fcminyum + 2 kat Polyester Flexible Kanal Nominal Kal\u0131nl\u0131\u011f\u0131 70 mikron Ceket Kontr\u00fcksiyonu 1 kat Al\u00fcminyum + 2 kat Polyester Ceket Nominal Kal\u0131nl\u0131\u011f\u0131 45 mikron \u0130zolasyon - Kal\u0131nl\u0131k - Yo\u011funluk Cam Y\u00fcn\u00fc 25 mm - 16 kg\/m\u00b3 \u00c7ap Aral\u0131\u011f\u0131 52 mm -\u2026","rel":"","context":"Article similaire","block_context":{"text":"Article similaire","link":""},"img":{"alt_text":"","src":"https:\/\/i0.wp.com\/tuzlahortum.com.tr\/wp-content\/uploads\/2019\/03\/SONOAFS-ALU.70B-FORTE-GREEN-1.png?fit=800%2C800&ssl=1&resize=350%2C200","width":350,"height":200,"srcset":"https:\/\/i0.wp.com\/tuzlahortum.com.tr\/wp-content\/uploads\/2019\/03\/SONOAFS-ALU.70B-FORTE-GREEN-1.png?fit=800%2C800&ssl=1&resize=350%2C200 1x, https:\/\/i0.wp.com\/tuzlahortum.com.tr\/wp-content\/uploads\/2019\/03\/SONOAFS-ALU.70B-FORTE-GREEN-1.png?fit=800%2C800&ssl=1&resize=525%2C300 1.5x, https:\/\/i0.wp.com\/tuzlahortum.com.tr\/wp-content\/uploads\/2019\/03\/SONOAFS-ALU.70B-FORTE-GREEN-1.png?fit=800%2C800&ssl=1&resize=700%2C400 2x"},"classes":[]}],"jetpack_sharing_enabled":true,"jetpack_likes_enabled":true,"_links":{"self":[{"href":"https:\/\/tuzlahortum.com.tr\/fr\/wp-json\/wp\/v2\/product\/1013","targetHints":{"allow":["GET"]}}],"collection":[{"href":"https:\/\/tuzlahortum.com.tr\/fr\/wp-json\/wp\/v2\/product"}],"about":[{"href":"https:\/\/tuzlahortum.com.tr\/fr\/wp-json\/wp\/v2\/types\/product"}],"replies":[{"embeddable":true,"href":"https:\/\/tuzlahortum.com.tr\/fr\/wp-json\/wp\/v2\/comments?post=1013"}],"wp:featuredmedia":[{"embeddable":true,"href":"https:\/\/tuzlahortum.com.tr\/fr\/wp-json\/wp\/v2\/media\/1577"}],"wp:attachment":[{"href":"https:\/\/tuzlahortum.com.tr\/fr\/wp-json\/wp\/v2\/media?parent=1013"}],"wp:term":[{"taxonomy":"product_brand","embeddable":true,"href":"https:\/\/tuzlahortum.com.tr\/fr\/wp-json\/wp\/v2\/product_brand?post=1013"},{"taxonomy":"product_cat","embeddable":true,"href":"https:\/\/tuzlahortum.com.tr\/fr\/wp-json\/wp\/v2\/product_cat?post=1013"},{"taxonomy":"product_tag","embeddable":true,"href":"https:\/\/tuzlahortum.com.tr\/fr\/wp-json\/wp\/v2\/product_tag?post=1013"}],"curies":[{"name":"wp","href":"https:\/\/api.w.org\/{rel}","templated":true}]}}