{"id":1012,"date":"2019-02-07T00:04:25","date_gmt":"2019-02-06T21:04:25","guid":{"rendered":"http:\/\/hortum.com.tr\/product\/import-placeholder-for-382\/"},"modified":"2024-03-21T17:39:29","modified_gmt":"2024-03-21T14:39:29","slug":"semiafs","status":"publish","type":"product","link":"https:\/\/tuzlahortum.com.tr\/fr\/produit\/semiafs\/","title":{"rendered":"SEMIAFS"},"content":{"rendered":"<h2>SEMIAFS<\/h2>\n<div>Conduits d&#039;air semi-flexibles en aluminium<\/div>\n<div>\n<h4>Caract\u00e9ristiques g\u00e9n\u00e9rales<\/h4>\n<table class=\"table table-hover table-bordered\">\n<tbody>\n<tr>\n<th class=\"urunDetayth\">Construction de canal flexible<\/th>\n<td>1 couche d&#039;aluminium (ondul\u00e9)<\/td>\n<\/tr>\n<tr>\n<th class=\"urunDetayth\">\u00c9paisseur nominale du conduit flexible<\/th>\n<td>90 microns<\/td>\n<\/tr>\n<tr>\n<th class=\"urunDetayth\">Gamme de diam\u00e8tre<\/th>\n<td>80mm \u2013 800mm<\/td>\n<\/tr>\n<tr>\n<th class=\"urunDetayth\">Plage de temp\u00e9ratures de fonctionnement<\/th>\n<td>-25 \u00b0C \/ +250 \u00b0C<\/td>\n<\/tr>\n<tr>\n<th class=\"urunDetayth\">D\u00e9bit d&#039;air<\/th>\n<td>30 m\/s (maximum)<\/td>\n<\/tr>\n<tr>\n<th class=\"urunDetayth\">Pression de service<\/th>\n<td>3000 Pa (maximum)<\/td>\n<\/tr>\n<tr>\n<th class=\"urunDetayth\">Longueur standard<\/th>\n<td>1,5 m \/ 3,0 m \/ 6,0 m<\/td>\n<\/tr>\n<tr>\n<th class=\"urunDetayth\">Emballage<\/th>\n<td>Sachet nylon \/ Multi-cartonnage<\/td>\n<\/tr>\n<tr>\n<th class=\"urunDetayth\">R\u00e9action au feu<\/th>\n<td>Ignifuger<\/td>\n<\/tr>\n<\/tbody>\n<\/table>\n<div><\/div>\n<\/div>\n<div><div class=\"video video-fit mb\" style=\"padding-top:56.25%;\"><p><iframe loading=\"lazy\" title=\"Confusion des mesures (pouces, doigts, brume, millim\u00e8tres)\" width=\"1020\" height=\"574\" src=\"https:\/\/www.youtube.com\/embed\/uKk6AG_AZls?feature=oembed\" frameborder=\"0\" allow=\"accelerometer; autoplay; clipboard-write; encrypted-media; gyroscope; picture-in-picture; web-share\" referrerpolicy=\"strict-origin-when-cross-origin\" allowfullscreen><\/iframe><\/p>\n<\/div><\/div>\n<div><\/div>\n<div>\n<div class=\"txt\"><strong>SEMIAFS<\/strong>\u00a0conduits d&#039;air semi-flexibles en aluminium, air basse et moyenne pression<\/div>\n<div class=\"txt\">syst\u00e8mes de transmission, \u2013 applications de gaz r\u00e9siduaires et en particulier l\u00e0 o\u00f9 la r\u00e9sistance m\u00e9canique est requise<\/div>\n<div class=\"txt\">Il s&#039;agit d&#039;un conduit d&#039;air semi-flexible polyvalent sp\u00e9cialement con\u00e7u pour les applications.<\/div>\n<div class=\"txt\">SEMIAFS a la capacit\u00e9 de se plier, de se plier, de s&#039;allonger et de s&#039;\u00e9tirer. ovale et<\/div>\n<div class=\"txt\">aux joints ronds - les conduits d&#039;air semi-flexibles en aluminium SEMIAFS sont scell\u00e9s.<\/div>\n<div class=\"txt\">Dans le syst\u00e8me de serrage INTERLOCK, le serrage devient plus fort au fur et \u00e0 mesure que le mat\u00e9riau est \u00e9tir\u00e9. plier, tordre,<\/div>\n<div class=\"txt\">lors de l&#039;allongement et de la flexion - bandes d&#039;aluminium pur m\u00e9tal<\/div>\n<div class=\"txt\">Il n&#039;y a pas de s\u00e9paration et\/ou de d\u00e9formation.<\/div>\n<h4>Caract\u00e9ristiques et avantages<\/h4>\n<div class=\"wrp clearfix\">\n<div class=\"tripleContent\">\n<p><b>CONSTRUCTION EN ALUMINIUM EN M\u00c9TAL PUR<\/b><\/p>\n<div class=\"txt\">\u00a0 100% ininflammable, Rayons UV, Haute r\u00e9sistance aux rayons UV, R\u00e9sistance chimique<\/div>\n<\/div>\n<div class=\"tripleContent\">\n<p><b>CONSTRUCTION SEMI-FLEXIBLE &amp; INTERLOCK<\/b><\/p>\n<div class=\"txt\">\u00a0 Facilit\u00e9 de transport et de stockage Montage facile et pratique R\u00e9sistance m\u00e9canique \u00c9tanch\u00e9it\u00e9 Efficacit\u00e9 \u00e9nerg\u00e9tique<\/div>\n<div class=\"txt\">Faibles co\u00fbts de maintenance et de main-d&#039;\u0153uvre<\/div>\n<\/div>\n<\/div>\n<\/div>","protected":false},"excerpt":{"rendered":"<p>SEMIAFS Al\u00fcminyum yar\u0131 esnek hava kanallar\u0131 Genel \u00d6zellikler Flexible Kanal Konstr\u00fcksiyonu 1 kat Al\u00fcminyum (koruge) Flexible Kanal Nominal Kal\u0131nl\u0131\u011f\u0131 90 mikron \u00c7ap Aral\u0131\u011f\u0131 80 mm &#8211; 800 mm \u00c7al\u0131\u015fma S\u0131cakl\u0131\u011f\u0131 Aral\u0131\u011f\u0131 -25 \u00b0C \/ +250 \u00b0C Hava Ak\u0131\u015f H\u0131z\u0131 30 m\/s (maksimum) \u00c7al\u0131\u015fma Bas\u0131nc\u0131 3000 Pa (maksimum) Standart Uzunluk 1.5 m \/ 3.0 m \/ [&#8230;]\n","protected":false},"featured_media":1575,"comment_status":"open","ping_status":"closed","template":"","meta":{"jetpack_post_was_ever_published":false},"product_brand":[],"product_cat":[140],"product_tag":[265,1311,264,268,1312,1205,1310],"class_list":{"0":"post-1012","1":"product","2":"type-product","3":"status-publish","4":"has-post-thumbnail","6":"product_cat-yari-esnek-flexible-hava-kanali","7":"product_tag-bukulme","8":"product_tag-dusuk-bakim-ve-iscilik-giderleri","9":"product_tag-esneme","10":"product_tag-kimyasal-direnc","11":"product_tag-kivrilabilme","12":"product_tag-sizdirmazlik","13":"product_tag-yanmazlik","15":"first","16":"instock","17":"taxable","18":"shipping-taxable","19":"product-type-variable"},"jetpack-related-posts":[],"jetpack_sharing_enabled":true,"jetpack_likes_enabled":true,"_links":{"self":[{"href":"https:\/\/tuzlahortum.com.tr\/fr\/wp-json\/wp\/v2\/product\/1012","targetHints":{"allow":["GET"]}}],"collection":[{"href":"https:\/\/tuzlahortum.com.tr\/fr\/wp-json\/wp\/v2\/product"}],"about":[{"href":"https:\/\/tuzlahortum.com.tr\/fr\/wp-json\/wp\/v2\/types\/product"}],"replies":[{"embeddable":true,"href":"https:\/\/tuzlahortum.com.tr\/fr\/wp-json\/wp\/v2\/comments?post=1012"}],"wp:featuredmedia":[{"embeddable":true,"href":"https:\/\/tuzlahortum.com.tr\/fr\/wp-json\/wp\/v2\/media\/1575"}],"wp:attachment":[{"href":"https:\/\/tuzlahortum.com.tr\/fr\/wp-json\/wp\/v2\/media?parent=1012"}],"wp:term":[{"taxonomy":"product_brand","embeddable":true,"href":"https:\/\/tuzlahortum.com.tr\/fr\/wp-json\/wp\/v2\/product_brand?post=1012"},{"taxonomy":"product_cat","embeddable":true,"href":"https:\/\/tuzlahortum.com.tr\/fr\/wp-json\/wp\/v2\/product_cat?post=1012"},{"taxonomy":"product_tag","embeddable":true,"href":"https:\/\/tuzlahortum.com.tr\/fr\/wp-json\/wp\/v2\/product_tag?post=1012"}],"curies":[{"name":"wp","href":"https:\/\/api.w.org\/{rel}","templated":true}]}}