{"id":1010,"date":"2019-02-07T00:04:24","date_gmt":"2019-02-06T21:04:24","guid":{"rendered":"http:\/\/hortum.com.tr\/product\/import-placeholder-for-379\/"},"modified":"2024-03-21T17:39:29","modified_gmt":"2024-03-21T14:39:29","slug":"acoustic-semiafs","status":"publish","type":"product","link":"https:\/\/tuzlahortum.com.tr\/fr\/produit\/acoustic-semiafs\/","title":{"rendered":"SEMI-AF ACOUSTIQUES"},"content":{"rendered":"<h2>SEMI-AF ACOUSTIQUES<\/h2>\n<div>Conduits d&#039;air semi-flexibles isol\u00e9s thermiquement et phoniquement<\/div>\n<div>\n<h4>Caract\u00e9ristiques g\u00e9n\u00e9rales<\/h4>\n<table class=\"table table-hover table-bordered\">\n<tbody>\n<tr>\n<th class=\"urunDetayth\">Construction de canal flexible<\/th>\n<td>1 couche d&#039;aluminium (ondul\u00e9) (perfor\u00e9)<\/td>\n<\/tr>\n<tr>\n<th class=\"urunDetayth\">\u00c9paisseur nominale du conduit flexible<\/th>\n<td>90 microns<\/td>\n<\/tr>\n<tr>\n<th class=\"urunDetayth\">Construction de la veste<\/th>\n<td>1 couche d&#039;aluminium + 2 couches de polyester<\/td>\n<\/tr>\n<tr>\n<th class=\"urunDetayth\">\u00c9paisseur nominale de la gaine<\/th>\n<td>45 microns<\/td>\n<\/tr>\n<tr>\n<th class=\"urunDetayth\">Isolation - \u00c9paisseur - Densit\u00e9<\/th>\n<td>Laine de verre 25 mm \u2013 16 kg\/m\u00b3<\/td>\n<\/tr>\n<tr>\n<th class=\"urunDetayth\">Gamme de diam\u00e8tre<\/th>\n<td>80mm \u2013 400mm<\/td>\n<\/tr>\n<tr>\n<th class=\"urunDetayth\">Plage de temp\u00e9ratures de fonctionnement<\/th>\n<td>-25 \u00b0C \/ +250 \u00b0C<\/td>\n<\/tr>\n<tr>\n<th class=\"urunDetayth\">Longueur standard<\/th>\n<td>1m \/ 2m \/ 3m<\/td>\n<\/tr>\n<tr>\n<th class=\"urunDetayth\">Emballage<\/th>\n<td>Multi-boxe<\/td>\n<\/tr>\n<tr>\n<th class=\"urunDetayth\">R\u00e9action au feu<\/th>\n<td>Preuve de flamme<\/td>\n<\/tr>\n<\/tbody>\n<\/table>\n<div><\/div>\n<\/div>\n<div><div class=\"video video-fit mb\" style=\"padding-top:56.25%;\"><p><iframe loading=\"lazy\" title=\"Confusion des mesures (pouces, doigts, brume, millim\u00e8tres)\" width=\"1020\" height=\"574\" src=\"https:\/\/www.youtube.com\/embed\/uKk6AG_AZls?feature=oembed\" frameborder=\"0\" allow=\"accelerometer; autoplay; clipboard-write; encrypted-media; gyroscope; picture-in-picture; web-share\" referrerpolicy=\"strict-origin-when-cross-origin\" allowfullscreen><\/iframe><\/p>\n<\/div><\/div>\n<div><\/div>\n<div>\n<div class=\"txt\"><strong>SEMI-AF ACOUSTIQUES<\/strong>\u00a0conduits d&#039;air semi-flexibles en aluminium, basse et moyenne pression<\/div>\n<div class=\"txt\">Un semi-flexible polyvalent sp\u00e9cialement con\u00e7u pour les syst\u00e8mes de traitement d&#039;air fonctionnant<\/div>\n<div class=\"txt\">est le canal d&#039;air. Les bandes d&#039;aluminium en m\u00e9tal pur sont r\u00e9tr\u00e9cies avec une technique de production sp\u00e9ciale.<\/div>\n<div class=\"txt\">Conduits d&#039;air semi-flexibles en aluminium SEMIAFS produits par embo\u00eetement<\/div>\n<div class=\"txt\">Il est r\u00e9alis\u00e9 en isolant avec de la laine de verre apr\u00e8s avoir \u00e9t\u00e9 perfor\u00e9. Isolation<\/div>\n<div class=\"txt\">Une chemise en aluminium, c&#039;est-\u00e0-dire une barri\u00e8re contre l&#039;humidit\u00e9, est habill\u00e9e sur le mat\u00e9riau. SEMI-AF ACOUSTIQUES<\/div>\n<div class=\"txt\">Moiti\u00e9 int\u00e9rieure avec gaine pour r\u00e9duire le temps d&#039;installation dans les conduits d&#039;air semi-flexibles en aluminium<\/div>\n<div class=\"txt\">conduit d&#039;air flexible est combin\u00e9 avec du ruban en aluminium. SEMI-AF ACOUSTIQUES en aluminium<\/div>\n<div class=\"txt\">les conduits d&#039;air semi-flexibles sont scell\u00e9s. ACOUSTIC SEMIAFS air semi-flexible en aluminium<\/div>\n<div class=\"txt\">Le syst\u00e8me de serrage utilis\u00e9 dans les canaux est &quot;INTERLOCK&quot;, c&#039;est-\u00e0-dire le syst\u00e8me \u00e0 double serrage. VERROUILLAGE<\/div>\n<div class=\"txt\">Au fur et \u00e0 mesure que le mat\u00e9riau est \u00e9tir\u00e9 dans le syst\u00e8me de serrage, le serrage devient plus fort. Torsion, flexion, allongement et \u00e9tirement<\/div>\n<div class=\"txt\">s\u00e9paration et\/ou d\u00e9formation des bandes d&#039;aluminium en m\u00e9tal pur lors de<\/div>\n<div class=\"txt\">aucun dommage n&#039;est possible.<\/div>\n<h4>Caract\u00e9ristiques et avantages<\/h4>\n<div class=\"wrp clearfix\">\n<div class=\"tripleContent\">\n<p><b>CONSTRUCTION SEMI-FLEXIBLE &amp; INTERLOCK<\/b><\/p>\n<div class=\"txt\">\n<ul>\n<li>Transport et stockage faciles<\/li>\n<li>Assemblage facile et pratique<\/li>\n<li>force m\u00e9canique<\/li>\n<li>Scellage<\/li>\n<li>Efficacit\u00e9 \u00e9nerg\u00e9tique<\/li>\n<li>Faibles co\u00fbts de maintenance et de main-d&#039;\u0153uvre<\/li>\n<\/ul>\n<\/div>\n<\/div>\n<div class=\"tripleContent\">\n<p><b>ISOLANT EN LAINE DE VERRE<\/b><\/p>\n<div class=\"txt\">\n<ul>\n<li>% 100 Ininflammabilit\u00e9 (Certifi\u00e9, EN 13501-1, Classe A1)<\/li>\n<li>UL 723, indice de propagation de flamme = 0, indice de d\u00e9veloppement de fum\u00e9e = 0<\/li>\n<li>Pas d&#039;\u00e9rosion des fibres<\/li>\n<li>Efficacit\u00e9 \u00e9nerg\u00e9tique<\/li>\n<li>Excellente caract\u00e9ristique d&#039;isolation<\/li>\n<li>Pr\u00e9vention de la condensation<\/li>\n<\/ul>\n<\/div>\n<\/div>\n<div class=\"tripleContent\">\n<p><b>VESTE LAMIN\u00c9E EN ALUMINIUM<\/b><\/p>\n<div class=\"txt\">\n<ul>\n<li>R\u00e9sistance au feu (certifi\u00e9e)<\/li>\n<li>Haute r\u00e9sistance aux d\u00e9chirures et aux chocs<\/li>\n<li>Ne laisse pas passer les rayons UV<\/li>\n<li>Haute r\u00e9sistance aux rayons UV<\/li>\n<li>Fonction r\u00e9fl\u00e9chissante % 98<\/li>\n<li>r\u00e9sistance chimique<\/li>\n<\/ul>\n<\/div>\n<\/div>\n<\/div>\n<div class=\"wrp clearfix\">\n<div class=\"tripleContent\">\n<p><b>CONSTRUCTION EN ALUMINIUM EN M\u00c9TAL PUR<\/b><\/p>\n<div class=\"txt\">\n<ul>\n<li>% 100 anti-feu<\/li>\n<li>r\u00e9sistance chimique<\/li>\n<\/ul>\n<\/div>\n<\/div>\n<\/div>\n<\/div>","protected":false},"excerpt":{"rendered":"<p>ACOUSTIC SEMIAFS Is\u0131 ve ses izoleli yar\u0131 esnek hava kanallar\u0131 Genel \u00d6zellikler Flexible Kanal Konstr\u00fcksiyonu 1 kat Al\u00fcminyum (koruge) (Perfore) Flexible Kanal Nominal Kal\u0131nl\u0131\u011f\u0131 90 mikron Ceket Kontr\u00fcksiyonu 1 kat Al\u00fcminyum + 2 kat Polyester Ceket Nominal Kal\u0131nl\u0131\u011f\u0131 45 mikron \u0130zolasyon &#8211; Kal\u0131nl\u0131k &#8211; Yo\u011funluk Cam Y\u00fcn\u00fc 25 mm &#8211; 16 kg\/m\u00b3 \u00c7ap Aral\u0131\u011f\u0131 80 [&#8230;]\n","protected":false},"featured_media":6929,"comment_status":"open","ping_status":"closed","template":"","meta":{"jetpack_post_was_ever_published":false},"product_brand":[],"product_cat":[140],"product_tag":[1303,1302,251,1309,1308,1307,1306,1304,1305],"class_list":{"0":"post-1010","1":"product","2":"type-product","3":"status-publish","4":"has-post-thumbnail","6":"product_cat-yari-esnek-flexible-hava-kanali","7":"product_tag-acoustic","8":"product_tag-acoustic-semiafs","9":"product_tag-aluminyum","10":"product_tag-cok-amacli-yari-esnek","11":"product_tag-hava-aktarim-sistemi","12":"product_tag-hava-aktarimi","13":"product_tag-hava-kanali","14":"product_tag-semiafs","15":"product_tag-yari-esnek","17":"first","18":"instock","19":"taxable","20":"shipping-taxable","21":"product-type-variable"},"jetpack-related-posts":[],"jetpack_sharing_enabled":true,"jetpack_likes_enabled":true,"_links":{"self":[{"href":"https:\/\/tuzlahortum.com.tr\/fr\/wp-json\/wp\/v2\/product\/1010","targetHints":{"allow":["GET"]}}],"collection":[{"href":"https:\/\/tuzlahortum.com.tr\/fr\/wp-json\/wp\/v2\/product"}],"about":[{"href":"https:\/\/tuzlahortum.com.tr\/fr\/wp-json\/wp\/v2\/types\/product"}],"replies":[{"embeddable":true,"href":"https:\/\/tuzlahortum.com.tr\/fr\/wp-json\/wp\/v2\/comments?post=1010"}],"wp:featuredmedia":[{"embeddable":true,"href":"https:\/\/tuzlahortum.com.tr\/fr\/wp-json\/wp\/v2\/media\/6929"}],"wp:attachment":[{"href":"https:\/\/tuzlahortum.com.tr\/fr\/wp-json\/wp\/v2\/media?parent=1010"}],"wp:term":[{"taxonomy":"product_brand","embeddable":true,"href":"https:\/\/tuzlahortum.com.tr\/fr\/wp-json\/wp\/v2\/product_brand?post=1010"},{"taxonomy":"product_cat","embeddable":true,"href":"https:\/\/tuzlahortum.com.tr\/fr\/wp-json\/wp\/v2\/product_cat?post=1010"},{"taxonomy":"product_tag","embeddable":true,"href":"https:\/\/tuzlahortum.com.tr\/fr\/wp-json\/wp\/v2\/product_tag?post=1010"}],"curies":[{"name":"wp","href":"https:\/\/api.w.org\/{rel}","templated":true}]}}