{"id":1007,"date":"2019-02-07T00:04:24","date_gmt":"2019-02-06T21:04:24","guid":{"rendered":"http:\/\/hortum.com.tr\/product\/import-placeholder-for-555\/"},"modified":"2024-03-21T17:39:32","modified_gmt":"2024-03-21T14:39:32","slug":"yangin-tupu-kkt-6kg","status":"publish","type":"product","link":"https:\/\/tuzlahortum.com.tr\/fr\/produit\/yangin-tupu-kkt-6kg\/","title":{"rendered":"Extincteur KKT(6kg)"},"content":{"rendered":"<h2>Extincteur KKT(6kg)<\/h2>\n<p>Corps en t\u00f4le pl\u00e2tr\u00e9e de qualit\u00e9 A1 7114<br \/>\nSoudage au gaz<br \/>\nAssemblage de soupape de d\u00e9clenchement en laiton<br \/>\nManom\u00e8tre import\u00e9<br \/>\nExtincteur ABC import\u00e9<br \/>\nPression de service de 18 bars<br \/>\nRev\u00eatement en poudre \u00e9lectrostatique de 0,70 micron<br \/>\nCintre de montage sp\u00e9cial<br \/>\nAgent extincteur 6-12 kg.<br \/>\nTemps de travail moyen 18 secondes<br \/>\nTemp\u00e9rature de fonctionnement -20 +60<\/p>","protected":false},"excerpt":{"rendered":"<p>Yang\u0131n T\u00fcp\u00fc KKT(6kg) A1 7114 Kalite S\u0131vama Sactan G\u00f6vde Gazalt\u0131 Kaynak Prin\u00e7 Tetik Vana Tertibat\u0131 \u0130thal Manometre \u0130thal ABC s\u00f6nd\u00fcr\u00fcc\u00fc 18 Bar \u00c7al\u0131\u015fma Bas\u0131nc\u0131 0.70 Mikron Elektro Statik Toz Boya \u00d6zel Montaj Ask\u0131s\u0131 S\u00f6nd\u00fcrme Maddesi 6-12 Kg. Ortalama \u00c7al\u0131\u015fma S\u00fcresi 18 Saniye \u00c7al\u0131\u015fma S\u0131cakl\u0131\u011f\u0131 -20 +60<\/p>","protected":false},"featured_media":391,"comment_status":"open","ping_status":"closed","template":"","meta":{"jetpack_post_was_ever_published":false},"product_brand":[],"product_cat":[121],"product_tag":[1296,1297,256,2289],"class_list":{"0":"post-1007","1":"product","2":"type-product","3":"status-publish","4":"has-post-thumbnail","6":"product_cat-yangin-tupu","7":"product_tag-sondurme","8":"product_tag-tupu","9":"product_tag-yangin","10":"product_tag-yangin-tupu","12":"first","13":"instock","14":"taxable","15":"shipping-taxable","16":"product-type-simple"},"jetpack-related-posts":[],"jetpack_sharing_enabled":true,"jetpack_likes_enabled":true,"_links":{"self":[{"href":"https:\/\/tuzlahortum.com.tr\/fr\/wp-json\/wp\/v2\/product\/1007","targetHints":{"allow":["GET"]}}],"collection":[{"href":"https:\/\/tuzlahortum.com.tr\/fr\/wp-json\/wp\/v2\/product"}],"about":[{"href":"https:\/\/tuzlahortum.com.tr\/fr\/wp-json\/wp\/v2\/types\/product"}],"replies":[{"embeddable":true,"href":"https:\/\/tuzlahortum.com.tr\/fr\/wp-json\/wp\/v2\/comments?post=1007"}],"wp:featuredmedia":[{"embeddable":true,"href":"https:\/\/tuzlahortum.com.tr\/fr\/wp-json\/wp\/v2\/media\/391"}],"wp:attachment":[{"href":"https:\/\/tuzlahortum.com.tr\/fr\/wp-json\/wp\/v2\/media?parent=1007"}],"wp:term":[{"taxonomy":"product_brand","embeddable":true,"href":"https:\/\/tuzlahortum.com.tr\/fr\/wp-json\/wp\/v2\/product_brand?post=1007"},{"taxonomy":"product_cat","embeddable":true,"href":"https:\/\/tuzlahortum.com.tr\/fr\/wp-json\/wp\/v2\/product_cat?post=1007"},{"taxonomy":"product_tag","embeddable":true,"href":"https:\/\/tuzlahortum.com.tr\/fr\/wp-json\/wp\/v2\/product_tag?post=1007"}],"curies":[{"name":"wp","href":"https:\/\/api.w.org\/{rel}","templated":true}]}}