{"id":1005,"date":"2019-02-07T00:04:23","date_gmt":"2019-02-06T21:04:23","guid":{"rendered":"http:\/\/hortum.com.tr\/product\/import-placeholder-for-440\/"},"modified":"2024-03-21T17:39:33","modified_gmt":"2024-03-21T14:39:33","slug":"machino-disi-rekor","status":"publish","type":"product","link":"https:\/\/tuzlahortum.com.tr\/fr\/produit\/machino-disi-rekor\/","title":{"rendered":"Record f\u00e9minin de Machino"},"content":{"rendered":"<h2>Record f\u00e9minin de Machino<\/h2>","protected":false},"excerpt":{"rendered":"<p>Record f\u00e9minin de Machino<\/p>","protected":false},"featured_media":2997,"comment_status":"open","ping_status":"closed","template":"","meta":{"jetpack_post_was_ever_published":false},"product_brand":[],"product_cat":[130],"product_tag":[1293,1291,1292,1294,252,256],"class_list":{"0":"post-1005","1":"product","2":"type-product","3":"status-publish","4":"has-post-thumbnail","6":"product_cat-machino-tip-yangin-rekorlari","7":"product_tag-2-1-2","8":"product_tag-2-1-2-machino-tipi-disli-yangin-rekoru","9":"product_tag-disli-rekor","10":"product_tag-machino-tipi","11":"product_tag-rekor","12":"product_tag-yangin","14":"first","15":"instock","16":"taxable","17":"shipping-taxable","18":"product-type-variable"},"jetpack-related-posts":[{"id":997,"url":"https:\/\/tuzlahortum.com.tr\/fr\/produit\/machino-hortum-rekoru\/","url_meta":{"origin":1005,"position":0},"title":"Raccord de tuyau Machino","author":"admin","date":"7 f\u00e9vrier 2019","format":false,"excerpt":"Raccord de tuyau Machino","rel":"","context":"Article similaire","block_context":{"text":"Article similaire","link":""},"img":{"alt_text":"","src":"https:\/\/i0.wp.com\/tuzlahortum.com.tr\/wp-content\/uploads\/2019\/02\/machino-hortum-rekoru.jpg?fit=500%2C500&ssl=1&resize=350%2C200","width":350,"height":200},"classes":[]},{"id":996,"url":"https:\/\/tuzlahortum.com.tr\/fr\/produit\/machino-kortapa\/","url_meta":{"origin":1005,"position":1},"title":"Bouchon aveugle Machino","author":"admin","date":"7 f\u00e9vrier 2019","format":false,"excerpt":"Bouchon aveugle Machino","rel":"","context":"Article similaire","block_context":{"text":"Article similaire","link":""},"img":{"alt_text":"","src":"https:\/\/i0.wp.com\/tuzlahortum.com.tr\/wp-content\/uploads\/2019\/02\/machino-kortapa.jpg?fit=500%2C500&ssl=1&resize=350%2C200","width":350,"height":200},"classes":[]},{"id":964,"url":"https:\/\/tuzlahortum.com.tr\/fr\/produit\/ingiliz-disi-rekor-kulakli\/","url_meta":{"origin":1005,"position":2},"title":"Record f\u00e9minin britannique (avec oreilles)","author":"admin","date":"6 f\u00e9vrier 2019","format":false,"excerpt":"Record f\u00e9minin britannique (avec oreilles)","rel":"","context":"Article similaire","block_context":{"text":"Article similaire","link":""},"img":{"alt_text":"","src":"https:\/\/i0.wp.com\/tuzlahortum.com.tr\/wp-content\/uploads\/2019\/02\/ingiliz-disi-rekorkulakli.jpg?fit=500%2C500&ssl=1&resize=350%2C200","width":350,"height":200},"classes":[]},{"id":986,"url":"https:\/\/tuzlahortum.com.tr\/fr\/produit\/ingiliz-disi-rekor-kulaksiz\/","url_meta":{"origin":1005,"position":3},"title":"Record f\u00e9minin britannique (sans oreilles)","author":"admin","date":"7 f\u00e9vrier 2019","format":false,"excerpt":"Record f\u00e9minin britannique (sans oreilles)","rel":"","context":"Article similaire","block_context":{"text":"Article similaire","link":""},"img":{"alt_text":"","src":"https:\/\/i0.wp.com\/tuzlahortum.com.tr\/wp-content\/uploads\/2019\/02\/ingiliz-disi-rekorkulaksiz22.jpg?fit=800%2C800&ssl=1&resize=350%2C200","width":350,"height":200,"srcset":"https:\/\/i0.wp.com\/tuzlahortum.com.tr\/wp-content\/uploads\/2019\/02\/ingiliz-disi-rekorkulaksiz22.jpg?fit=800%2C800&ssl=1&resize=350%2C200 1x, https:\/\/i0.wp.com\/tuzlahortum.com.tr\/wp-content\/uploads\/2019\/02\/ingiliz-disi-rekorkulaksiz22.jpg?fit=800%2C800&ssl=1&resize=525%2C300 1.5x, https:\/\/i0.wp.com\/tuzlahortum.com.tr\/wp-content\/uploads\/2019\/02\/ingiliz-disi-rekorkulaksiz22.jpg?fit=800%2C800&ssl=1&resize=700%2C400 2x"},"classes":[]},{"id":603,"url":"https:\/\/tuzlahortum.com.tr\/fr\/produit\/sari-disi-hortum-rekoru\/","url_meta":{"origin":1005,"position":4},"title":"Union de tuyau femelle jaune","author":"admin","date":"6 f\u00e9vrier 2019","format":false,"excerpt":"Union de tuyau femelle jaune","rel":"","context":"Article similaire","block_context":{"text":"Article similaire","link":""},"img":{"alt_text":"","src":"https:\/\/i0.wp.com\/tuzlahortum.com.tr\/wp-content\/uploads\/2019\/02\/disihortumrekor-300x300.jpg?fit=300%2C300&ssl=1&resize=350%2C200","width":350,"height":200},"classes":[]},{"id":695,"url":"https:\/\/tuzlahortum.com.tr\/fr\/produit\/japon-disi-rekor\/","url_meta":{"origin":1005,"position":5},"title":"Record f\u00e9minin japonais","author":"admin","date":"6 f\u00e9vrier 2019","format":false,"excerpt":"Record f\u00e9minin japonais","rel":"","context":"Article similaire","block_context":{"text":"Article similaire","link":""},"img":{"alt_text":"","src":"https:\/\/i0.wp.com\/tuzlahortum.com.tr\/wp-content\/uploads\/2019\/02\/japon-disi-rekor.jpg?fit=500%2C500&ssl=1&resize=350%2C200","width":350,"height":200},"classes":[]}],"jetpack_sharing_enabled":true,"jetpack_likes_enabled":true,"_links":{"self":[{"href":"https:\/\/tuzlahortum.com.tr\/fr\/wp-json\/wp\/v2\/product\/1005","targetHints":{"allow":["GET"]}}],"collection":[{"href":"https:\/\/tuzlahortum.com.tr\/fr\/wp-json\/wp\/v2\/product"}],"about":[{"href":"https:\/\/tuzlahortum.com.tr\/fr\/wp-json\/wp\/v2\/types\/product"}],"replies":[{"embeddable":true,"href":"https:\/\/tuzlahortum.com.tr\/fr\/wp-json\/wp\/v2\/comments?post=1005"}],"wp:featuredmedia":[{"embeddable":true,"href":"https:\/\/tuzlahortum.com.tr\/fr\/wp-json\/wp\/v2\/media\/2997"}],"wp:attachment":[{"href":"https:\/\/tuzlahortum.com.tr\/fr\/wp-json\/wp\/v2\/media?parent=1005"}],"wp:term":[{"taxonomy":"product_brand","embeddable":true,"href":"https:\/\/tuzlahortum.com.tr\/fr\/wp-json\/wp\/v2\/product_brand?post=1005"},{"taxonomy":"product_cat","embeddable":true,"href":"https:\/\/tuzlahortum.com.tr\/fr\/wp-json\/wp\/v2\/product_cat?post=1005"},{"taxonomy":"product_tag","embeddable":true,"href":"https:\/\/tuzlahortum.com.tr\/fr\/wp-json\/wp\/v2\/product_tag?post=1005"}],"curies":[{"name":"wp","href":"https:\/\/api.w.org\/{rel}","templated":true}]}}