{"id":1001,"date":"2019-02-07T00:04:22","date_gmt":"2019-02-06T21:04:22","guid":{"rendered":"http:\/\/hortum.com.tr\/product\/import-placeholder-for-320\/"},"modified":"2024-03-21T17:39:36","modified_gmt":"2024-03-21T14:39:36","slug":"alman-hortum-rekoru","status":"publish","type":"product","link":"https:\/\/tuzlahortum.com.tr\/fr\/produit\/alman-hortum-rekoru\/","title":{"rendered":"Record allemand de tuyau"},"content":{"rendered":"<h2>Record allemand de tuyau<\/h2>","protected":false},"excerpt":{"rendered":"<p>Record allemand de tuyau<\/p>","protected":false},"featured_media":3036,"comment_status":"open","ping_status":"closed","template":"","meta":{"jetpack_post_was_ever_published":false},"product_brand":[],"product_cat":[124],"product_tag":[250,1286,290,252,256,254],"class_list":{"0":"post-1001","1":"product","2":"type-product","3":"status-publish","4":"has-post-thumbnail","6":"product_cat-alman-tip-yangin-rekorlari","7":"product_tag-alman","8":"product_tag-alman-hortum-rekoru","9":"product_tag-hortum","10":"product_tag-rekor","11":"product_tag-yangin","12":"product_tag-yangin-rekoru","14":"first","15":"instock","16":"taxable","17":"shipping-taxable","18":"product-type-variable"},"jetpack-related-posts":[{"id":522,"url":"https:\/\/tuzlahortum.com.tr\/fr\/produit\/alman-aluminyum-hortum-rekoru\/","url_meta":{"origin":1001,"position":0},"title":"Record allemand de tuyaux en aluminium","author":"admin","date":"6 f\u00e9vrier 2019","format":false,"excerpt":"Record allemand de tuyaux en aluminium","rel":"","context":"Article similaire","block_context":{"text":"Article similaire","link":""},"img":{"alt_text":"","src":"https:\/\/i0.wp.com\/tuzlahortum.com.tr\/wp-content\/uploads\/2019\/02\/Alman-Al%C3%BCminyum-Hortum-Rekoru.jpg?fit=800%2C600&ssl=1&resize=350%2C200","width":350,"height":200,"srcset":"https:\/\/i0.wp.com\/tuzlahortum.com.tr\/wp-content\/uploads\/2019\/02\/Alman-Al%C3%BCminyum-Hortum-Rekoru.jpg?fit=800%2C600&ssl=1&resize=350%2C200 1x, https:\/\/i0.wp.com\/tuzlahortum.com.tr\/wp-content\/uploads\/2019\/02\/Alman-Al%C3%BCminyum-Hortum-Rekoru.jpg?fit=800%2C600&ssl=1&resize=525%2C300 1.5x, https:\/\/i0.wp.com\/tuzlahortum.com.tr\/wp-content\/uploads\/2019\/02\/Alman-Al%C3%BCminyum-Hortum-Rekoru.jpg?fit=800%2C600&ssl=1&resize=700%2C400 2x"},"classes":[]},{"id":967,"url":"https:\/\/tuzlahortum.com.tr\/fr\/produit\/alman-erkek-rekor\/","url_meta":{"origin":1001,"position":1},"title":"Record masculin allemand","author":"admin","date":"6 f\u00e9vrier 2019","format":false,"excerpt":"Record masculin allemand","rel":"","context":"Article similaire","block_context":{"text":"Article similaire","link":""},"img":{"alt_text":"","src":"https:\/\/i0.wp.com\/tuzlahortum.com.tr\/wp-content\/uploads\/2019\/02\/alman-erkek-rekor-2.jpg?fit=500%2C500&ssl=1&resize=350%2C200","width":350,"height":200},"classes":[]},{"id":999,"url":"https:\/\/tuzlahortum.com.tr\/fr\/produit\/alman-disi-rekor\/","url_meta":{"origin":1001,"position":2},"title":"Record f\u00e9minin allemand","author":"admin","date":"7 f\u00e9vrier 2019","format":false,"excerpt":"Record f\u00e9minin allemand","rel":"","context":"Article similaire","block_context":{"text":"Article similaire","link":""},"img":{"alt_text":"","src":"https:\/\/i0.wp.com\/tuzlahortum.com.tr\/wp-content\/uploads\/2019\/02\/alman-disi-rekor4.jpg?fit=500%2C500&ssl=1&resize=350%2C200","width":350,"height":200},"classes":[]},{"id":1000,"url":"https:\/\/tuzlahortum.com.tr\/fr\/produit\/alman-aluminyum-erkek-rekor\/","url_meta":{"origin":1001,"position":3},"title":"Record masculin allemand en aluminium","author":"admin","date":"7 f\u00e9vrier 2019","format":false,"excerpt":"Record masculin allemand en aluminium","rel":"","context":"Article similaire","block_context":{"text":"Article similaire","link":""},"img":{"alt_text":"","src":"https:\/\/i0.wp.com\/tuzlahortum.com.tr\/wp-content\/uploads\/2019\/02\/alman-aluminyum-erkek-rekor-2.jpg?fit=500%2C500&ssl=1&resize=350%2C200","width":350,"height":200},"classes":[]},{"id":523,"url":"https:\/\/tuzlahortum.com.tr\/fr\/produit\/alman-aluminyum-tipi-disi-rekor\/","url_meta":{"origin":1001,"position":4},"title":"Union femelle allemande de type aluminium","author":"admin","date":"6 f\u00e9vrier 2019","format":false,"excerpt":"Union femelle allemande de type aluminium","rel":"","context":"Article similaire","block_context":{"text":"Article similaire","link":""},"img":{"alt_text":"","src":"https:\/\/i0.wp.com\/tuzlahortum.com.tr\/wp-content\/uploads\/2019\/02\/Alman-Al%C3%BCminyum-Di%C5%9Fli-Rekorlar.jpg?fit=800%2C600&ssl=1&resize=350%2C200","width":350,"height":200,"srcset":"https:\/\/i0.wp.com\/tuzlahortum.com.tr\/wp-content\/uploads\/2019\/02\/Alman-Al%C3%BCminyum-Di%C5%9Fli-Rekorlar.jpg?fit=800%2C600&ssl=1&resize=350%2C200 1x, https:\/\/i0.wp.com\/tuzlahortum.com.tr\/wp-content\/uploads\/2019\/02\/Alman-Al%C3%BCminyum-Di%C5%9Fli-Rekorlar.jpg?fit=800%2C600&ssl=1&resize=525%2C300 1.5x, https:\/\/i0.wp.com\/tuzlahortum.com.tr\/wp-content\/uploads\/2019\/02\/Alman-Al%C3%BCminyum-Di%C5%9Fli-Rekorlar.jpg?fit=800%2C600&ssl=1&resize=700%2C400 2x"},"classes":[]},{"id":1006,"url":"https:\/\/tuzlahortum.com.tr\/fr\/produit\/alman-kortapa\/","url_meta":{"origin":1001,"position":5},"title":"Bouchon aveugle allemand","author":"admin","date":"7 f\u00e9vrier 2019","format":false,"excerpt":"Bouchon aveugle allemand","rel":"","context":"Article similaire","block_context":{"text":"Article similaire","link":""},"img":{"alt_text":"","src":"https:\/\/i0.wp.com\/tuzlahortum.com.tr\/wp-content\/uploads\/2019\/02\/alman-kortapa.jpg?fit=500%2C500&ssl=1&resize=350%2C200","width":350,"height":200},"classes":[]}],"jetpack_sharing_enabled":true,"jetpack_likes_enabled":true,"_links":{"self":[{"href":"https:\/\/tuzlahortum.com.tr\/fr\/wp-json\/wp\/v2\/product\/1001","targetHints":{"allow":["GET"]}}],"collection":[{"href":"https:\/\/tuzlahortum.com.tr\/fr\/wp-json\/wp\/v2\/product"}],"about":[{"href":"https:\/\/tuzlahortum.com.tr\/fr\/wp-json\/wp\/v2\/types\/product"}],"replies":[{"embeddable":true,"href":"https:\/\/tuzlahortum.com.tr\/fr\/wp-json\/wp\/v2\/comments?post=1001"}],"wp:featuredmedia":[{"embeddable":true,"href":"https:\/\/tuzlahortum.com.tr\/fr\/wp-json\/wp\/v2\/media\/3036"}],"wp:attachment":[{"href":"https:\/\/tuzlahortum.com.tr\/fr\/wp-json\/wp\/v2\/media?parent=1001"}],"wp:term":[{"taxonomy":"product_brand","embeddable":true,"href":"https:\/\/tuzlahortum.com.tr\/fr\/wp-json\/wp\/v2\/product_brand?post=1001"},{"taxonomy":"product_cat","embeddable":true,"href":"https:\/\/tuzlahortum.com.tr\/fr\/wp-json\/wp\/v2\/product_cat?post=1001"},{"taxonomy":"product_tag","embeddable":true,"href":"https:\/\/tuzlahortum.com.tr\/fr\/wp-json\/wp\/v2\/product_tag?post=1001"}],"curies":[{"name":"wp","href":"https:\/\/api.w.org\/{rel}","templated":true}]}}