{"id":86,"date":"2013-08-11T19:06:15","date_gmt":"2013-08-11T16:06:15","guid":{"rendered":"http:\/\/localhost:8888\/test\/?page_id=520"},"modified":"2024-12-09T12:54:47","modified_gmt":"2024-12-09T09:54:47","slug":"hakkimizda","status":"publish","type":"page","link":"https:\/\/tuzlahortum.com.tr\/fr\/hakkimizda\/","title":{"rendered":"\u00c0 PROPOS DE NOUS"},"content":{"rendered":"<div class=\"banner has-hover has-parallax\" id=\"banner-1969783566\">\n          <div class=\"banner-inner fill\">\n        <div class=\"banner-bg fill\" data-parallax=\"-2\" data-parallax-container=\".banner\" data-parallax-background>\n                                    <div class=\"overlay\"><\/div>            \n                    <\/div>\n\t\t\n        <div class=\"banner-layers container\">\n            <div class=\"fill banner-link\"><\/div>            \n\n   <div id=\"text-box-148789738\" class=\"text-box banner-layer x50 md-x50 lg-x50 y80 md-y80 lg-y80 res-text\">\n                                <div class=\"text-box-content text dark\">\n              \n              <div class=\"text-inner text-center\">\n                  \n\n<h1 class=\"lead\">\u00e0 propos de nous<\/h1>\n<p class=\"lead\">La seule chose qui nous importe plus que nos clients, <br \/>la sant\u00e9 et la s\u00e9curit\u00e9 de la communaut\u00e9.<\/p>\n\n              <\/div>\n           <\/div>\n                            \n<style>\n#text-box-148789738 {\n  width: 60%;\n}\n#text-box-148789738 .text-box-content {\n  font-size: 100%;\n}\n<\/style>\n    <\/div>\n \n\n        <\/div>\n      <\/div>\n\n            \n<style>\n#banner-1969783566 {\n  padding-top: 250px;\n}\n#banner-1969783566 .overlay {\n  background-color: rgba(0, 0, 0, 0.49);\n}\n<\/style>\n  <\/div>\n\n\n<div class=\"row\"  id=\"row-1762846029\">\n\n\n\t<div id=\"col-479482448\" class=\"col small-12 large-12\"  >\n\t\t\t\t<div class=\"col-inner\"  >\n\t\t\t\n\t\t\t\n\n\t<div id=\"text-2583043793\" class=\"text\">\n\t\t\n\n<p><b>A propos de Tuzla Hose<\/b><\/p>\n<p>Fond\u00e9e en 1992 par Osman Ta\u015fk\u0131no\u011flu dans la r\u00e9gion du chantier naval de Tuzla, Tuzla Hortum est devenue une marque qui fournit des tuyaux et des raccords dans toute la Turquie. Nous sommes fiers d'\u00eatre l'une des principales entreprises du secteur gr\u00e2ce \u00e0 notre exp\u00e9rience et \u00e0 notre approche orient\u00e9e vers le client.<\/p>\n<p>Tuzla Hortum ne se contente pas d'offrir des produits de qualit\u00e9, mais fait \u00e9galement figure de pionnier dans le secteur en num\u00e9risant les processus commerciaux. Notre entreprise a compl\u00e8tement num\u00e9ris\u00e9 sa fa\u00e7on de travailler, automatis\u00e9 toutes les \u00e9tapes de l'op\u00e9ration et d\u00e9velopp\u00e9 une infrastructure qui g\u00e8re tous les canaux simultan\u00e9ment. Le fait que les logiciels utilis\u00e9s soient d\u00e9velopp\u00e9s en interne est l'indicateur le plus concret de l'importance que nous accordons \u00e0 l'innovation. Gr\u00e2ce \u00e0 ces investissements technologiques, nous g\u00e9rons en parfaite harmonie des processus tels que la gestion des commandes, la logistique, le service \u00e0 la client\u00e8le et le contr\u00f4le des stocks.<\/p>\n<p>Nos services visent \u00e0 fournir des produits qui r\u00e9pondent aux besoins de nombreux secteurs tels que l'industrie, l'agriculture, l'automobile et l'utilisation individuelle. Notre gamme de produits allie durabilit\u00e9 et qualit\u00e9, contribuant \u00e0 un fonctionnement plus efficace de vos entreprises. Gr\u00e2ce \u00e0 la digitalisation, nous r\u00e9pondons rapidement aux besoins de nos clients et nous nous adaptons rapidement aux innovations du secteur.<\/p>\n<p>En tant que Tuzla Hortum, notre priorit\u00e9 est de comprendre au mieux les besoins de nos clients et de leur proposer les solutions les plus adapt\u00e9es. Notre \u00e9quipe de professionnels aide les entreprises \u00e0 r\u00e9duire leurs co\u00fbts et \u00e0 am\u00e9liorer leurs processus commerciaux en les guidant dans le choix des bons produits. En m\u00eame temps, nous contribuons \u00e0 la r\u00e9ussite \u00e0 long terme de votre entreprise gr\u00e2ce aux services de conseil gratuits que nous offrons.<\/p>\n<p>Notre engagement en faveur de la qualit\u00e9, associ\u00e9 \u00e0 la durabilit\u00e9 et aux performances \u00e0 long terme de nos produits, permet \u00e0 nos clients d'assurer le bon fonctionnement de leurs processus d'entreprise. Avec les solutions que nous proposons, nous n'offrons pas seulement un produit, mais aussi un partenariat commercial fiable.<\/p>\n<p>Tuzla Hortum continue de faire la diff\u00e9rence dans le secteur gr\u00e2ce \u00e0 ses investissements dans la num\u00e9risation et l'innovation. Avec sa large gamme de produits, ses processus d'approvisionnement rapides et fiables et son infrastructure technologique, nous sommes toujours \u00e0 vos c\u00f4t\u00e9s pour vous proposer les solutions les plus adapt\u00e9es \u00e0 vos besoins commerciaux et pour optimiser vos processus d'entreprise.<\/p>\n\n\t\t\n<style>\n#text-2583043793 {\n  line-height: 1.4;\n}\n<\/style>\n\t<\/div>\n\t\n<div class=\"text-center\"><div class=\"is-divider divider clearfix\" ><\/div><\/div>\n\n\n\t\t<\/div>\n\t\t\t\t\t<\/div>\n\n\t\n\n\t<div id=\"col-555032533\" class=\"col medium-6 small-12 large-6\"  >\n\t\t\t\t<div class=\"col-inner\"  >\n\t\t\t\n\t\t\t\n\n    <div class=\"box has-hover has-hover box-text-bottom\" >\n\n                  <div class=\"box-image\" style=\"width:80%;\">\n           <div class=\"box-image-inner image-cover\" style=\"border-radius:100%;padding-top:100%;\">\n              <img data-recalc-dims=\"1\" loading=\"lazy\" decoding=\"async\" width=\"500\" height=\"557\" src=\"https:\/\/i0.wp.com\/tuzlahortum.com.tr\/wp-content\/uploads\/2024\/12\/OsmanTaskinoglu.jpg?resize=500%2C557&#038;ssl=1\" class=\"attachment- size-\" alt=\"\" srcset=\"https:\/\/i0.wp.com\/tuzlahortum.com.tr\/wp-content\/uploads\/2024\/12\/OsmanTaskinoglu.jpg?w=500&amp;ssl=1 500w, https:\/\/i0.wp.com\/tuzlahortum.com.tr\/wp-content\/uploads\/2024\/12\/OsmanTaskinoglu.jpg?resize=359%2C400&amp;ssl=1 359w, https:\/\/i0.wp.com\/tuzlahortum.com.tr\/wp-content\/uploads\/2024\/12\/OsmanTaskinoglu.jpg?resize=11%2C12&amp;ssl=1 11w\" sizes=\"auto, (max-width: 500px) 100vw, 500px\" title=\"\">                         <\/div>\n          <\/div>\n         \n          <div class=\"box-text text-center\" >\n                <div class=\"box-text-inner\">\n                  <h4 class=\"uppercase\">\n                    <span class=\"person-name\">Osman Taskino\u011flu<\/span><br\/>\n                    <span class=\"person-title is-small thin-font op-7\">\n                      Fondateur (1948-2021)                    <\/span>\n                  <\/h4>\n\t\t\t\t\t<div class=\"social-icons follow-icons\" ><a href=\"#\" target=\"_blank\" data-label=\"Facebook\" class=\"icon button circle is-outline tooltip facebook\" title=\"Nous suivons sur Facebook\" aria-label=\"Nous suivons sur Facebook\" rel=\"noopener nofollow\"><i class=\"icon-facebook\" aria-hidden=\"true\"><\/i><\/a><a href=\"#\" data-label=\"Twitter\" target=\"_blank\" class=\"icon button circle is-outline tooltip twitter\" title=\"Nous suivons sur Twitter\" aria-label=\"Nous suivons sur Twitter\" rel=\"noopener nofollow\"><i class=\"icon-twitter\" aria-hidden=\"true\"><\/i><\/a><a href=\"mailto:#\" data-label=\"E-mail\" target=\"_blank\" class=\"icon button circle is-outline tooltip email\" title=\"Nous envoyons un email\" aria-label=\"Nous envoyons un email\" rel=\"nofollow noopener\"><i class=\"icon-envelop\" aria-hidden=\"true\"><\/i><\/a><a href=\"#\" data-label=\"Pinterest\" target=\"_blank\" class=\"icon button circle is-outline tooltip pinterest\" title=\"Nous suivons sur Pinterest\" aria-label=\"Nous suivons sur Pinterest\" rel=\"noopener nofollow\"><i class=\"icon-pinterest\" aria-hidden=\"true\"><\/i><\/a><a href=\"#\" data-label=\"LinkedIn\" target=\"_blank\" class=\"icon button circle is-outline tooltip linkedin\" title=\"Nous suivons sur LinkedIn\" aria-label=\"Nous suivons sur LinkedIn\" rel=\"noopener nofollow\"><i class=\"icon-linkedin\" aria-hidden=\"true\"><\/i><\/a><\/div>\n\n<p>Osman Taskino\u011flu <\/p>\n\n                <\/div>\n          <\/div>\n    <\/div>\n\n\t\n    \n\n\t\t<\/div>\n\t\t\t\t\t<\/div>\n\n\t\n\n\t<div id=\"col-1603913039\" class=\"col medium-6 small-12 large-6\"  >\n\t\t\t\t<div class=\"col-inner\"  >\n\t\t\t\n\t\t\t\n\n    <div class=\"box has-hover has-hover box-text-bottom\" >\n\n                  <div class=\"box-image\" style=\"width:80%;\">\n           <div class=\"box-image-inner image-cover\" style=\"border-radius:100%;padding-top:100%;\">\n              <img data-recalc-dims=\"1\" loading=\"lazy\" decoding=\"async\" width=\"1000\" height=\"667\" src=\"https:\/\/i0.wp.com\/tuzlahortum.com.tr\/wp-content\/uploads\/2019\/02\/ilker2019.jpg?resize=1000%2C667&#038;ssl=1\" class=\"attachment- size-\" alt=\"\" srcset=\"https:\/\/i0.wp.com\/tuzlahortum.com.tr\/wp-content\/uploads\/2019\/02\/ilker2019.jpg?w=1000&amp;ssl=1 1000w, https:\/\/i0.wp.com\/tuzlahortum.com.tr\/wp-content\/uploads\/2019\/02\/ilker2019.jpg?resize=600%2C400&amp;ssl=1 600w, https:\/\/i0.wp.com\/tuzlahortum.com.tr\/wp-content\/uploads\/2019\/02\/ilker2019.jpg?resize=768%2C512&amp;ssl=1 768w\" sizes=\"auto, (max-width: 1000px) 100vw, 1000px\" title=\"\">                         <\/div>\n          <\/div>\n         \n          <div class=\"box-text text-center\" >\n                <div class=\"box-text-inner\">\n                  <h4 class=\"uppercase\">\n                    <span class=\"person-name\">Ilker Taskino\u011flu<\/span><br\/>\n                    <span class=\"person-title is-small thin-font op-7\">\n                      Directeur g\u00e9n\u00e9ral                    <\/span>\n                  <\/h4>\n\t\t\t\t\t<div class=\"social-icons follow-icons\" ><a href=\"mailto:ilker@tuzlahortum.com.tr\" data-label=\"E-mail\" target=\"_blank\" class=\"icon button circle is-outline tooltip email\" title=\"Nous envoyons un email\" aria-label=\"Nous envoyons un email\" rel=\"nofollow noopener\"><i class=\"icon-envelop\" aria-hidden=\"true\"><\/i><\/a><a href=\"tel:+905443351441\" data-label=\"Phone\" target=\"_blank\" class=\"icon button circle is-outline tooltip phone\" title=\"Appelez-nous\" aria-label=\"Appelez-nous\" rel=\"nofollow noopener\"><i class=\"icon-phone\" aria-hidden=\"true\"><\/i><\/a><a href=\"https:\/\/www.linkedin.com\/in\/taskinogluilker\/\" data-label=\"LinkedIn\" target=\"_blank\" class=\"icon button circle is-outline tooltip linkedin\" title=\"Nous suivons sur LinkedIn\" aria-label=\"Nous suivons sur LinkedIn\" rel=\"noopener nofollow\"><i class=\"icon-linkedin\" aria-hidden=\"true\"><\/i><\/a><\/div>\n\n<p>Votre sant\u00e9, votre s\u00e9curit\u00e9, votre confort, votre famille\u2026 <br \/>Bref, ne laissez pas couler votre vie.<\/p>\n\n                <\/div>\n          <\/div>\n    <\/div>\n\n\t\n    \n\n\t\t<\/div>\n\t\t\t\t\t<\/div>\n\n\t\n\n<\/div>","protected":false},"excerpt":{"rendered":"","protected":false},"author":1,"featured_media":0,"parent":0,"menu_order":0,"comment_status":"closed","ping_status":"closed","template":"","meta":{"jetpack_post_was_ever_published":false,"footnotes":""},"class_list":["post-86","page","type-page","status-publish","hentry"],"jetpack-related-posts":[{"id":94,"url":"https:\/\/tuzlahortum.com.tr\/fr\/","url_meta":{"origin":86,"position":0},"title":"Tuyaux d'inondation","author":"admin","date":"6 ao\u00fbt 2013","format":false,"excerpt":"","rel":"","context":"Article similaire","block_context":{"text":"Article similaire","link":""},"img":{"alt_text":"","src":"","width":0,"height":0},"classes":[]},{"id":68,"url":"https:\/\/tuzlahortum.com.tr\/fr\/elements\/banner-grid\/","url_meta":{"origin":86,"position":1},"title":"Banner Grids","author":"admin","date":"8 f\u00e9vrier 2014","format":false,"excerpt":"","rel":"","context":"Article similaire","block_context":{"text":"Article similaire","link":""},"img":{"alt_text":"","src":"","width":0,"height":0},"classes":[]},{"id":30,"url":"https:\/\/tuzlahortum.com.tr\/fr\/elements\/video-button\/","url_meta":{"origin":86,"position":2},"title":"Bouton vid\u00e9o","author":"admin","date":"15 juin 2016","format":false,"excerpt":"","rel":"","context":"Article similaire","block_context":{"text":"Article similaire","link":""},"img":{"alt_text":"","src":"","width":0,"height":0},"classes":[]},{"id":44,"url":"https:\/\/tuzlahortum.com.tr\/fr\/elements\/scroll-to\/","url_meta":{"origin":86,"position":3},"title":"Faites d\u00e9filer jusqu&#039;\u00e0","author":"admin","date":"31 mars 2016","format":false,"excerpt":"","rel":"","context":"Article similaire","block_context":{"text":"Article similaire","link":""},"img":{"alt_text":"","src":"","width":0,"height":0},"classes":[]},{"id":84,"url":"https:\/\/tuzlahortum.com.tr\/fr\/iletisim2\/","url_meta":{"origin":86,"position":4},"title":"Communication 2","author":"admin","date":"11 ao\u00fbt 2013","format":false,"excerpt":"\u00a0","rel":"","context":"Article similaire","block_context":{"text":"Article similaire","link":""},"img":{"alt_text":"","src":"","width":0,"height":0},"classes":[]},{"id":25,"url":"https:\/\/tuzlahortum.com.tr\/fr\/urunler\/","url_meta":{"origin":86,"position":5},"title":"Nos produits","author":"admin","date":"4 ao\u00fbt 2016","format":false,"excerpt":"","rel":"","context":"Article similaire","block_context":{"text":"Article similaire","link":""},"img":{"alt_text":"","src":"","width":0,"height":0},"classes":[]}],"jetpack_sharing_enabled":true,"jetpack_likes_enabled":true,"_links":{"self":[{"href":"https:\/\/tuzlahortum.com.tr\/fr\/wp-json\/wp\/v2\/pages\/86","targetHints":{"allow":["GET"]}}],"collection":[{"href":"https:\/\/tuzlahortum.com.tr\/fr\/wp-json\/wp\/v2\/pages"}],"about":[{"href":"https:\/\/tuzlahortum.com.tr\/fr\/wp-json\/wp\/v2\/types\/page"}],"author":[{"embeddable":true,"href":"https:\/\/tuzlahortum.com.tr\/fr\/wp-json\/wp\/v2\/users\/1"}],"replies":[{"embeddable":true,"href":"https:\/\/tuzlahortum.com.tr\/fr\/wp-json\/wp\/v2\/comments?post=86"}],"version-history":[{"count":0,"href":"https:\/\/tuzlahortum.com.tr\/fr\/wp-json\/wp\/v2\/pages\/86\/revisions"}],"wp:attachment":[{"href":"https:\/\/tuzlahortum.com.tr\/fr\/wp-json\/wp\/v2\/media?parent=86"}],"curies":[{"name":"wp","href":"https:\/\/api.w.org\/{rel}","templated":true}]}}