{"id":4493,"date":"2019-02-25T09:33:00","date_gmt":"2019-02-25T06:33:00","guid":{"rendered":"http:\/\/hortum.com.tr\/?page_id=4493"},"modified":"2026-02-25T13:10:13","modified_gmt":"2026-02-25T10:10:13","slug":"hesaplar","status":"publish","type":"page","link":"https:\/\/tuzlahortum.com.tr\/fr\/hesaplar\/","title":{"rendered":"comptes bancaires"},"content":{"rendered":"<hr class=\"wp-block-separator has-alpha-channel-opacity\"\/>\n\n\n\n<p>Vous pouvez payer par l'interm\u00e9diaire du syst\u00e8me QNBPay \u00e0 l'aide du lien ci-dessous.<\/p>\n\n\n\n<div class=\"wp-block-buttons is-content-justification-center is-layout-flex wp-container-core-buttons-is-layout-16018d1d wp-block-buttons-is-layout-flex\">\n<div class=\"wp-block-button is-style-fill\"><a class=\"wp-block-button__link has-black-color has-luminous-vivid-amber-background-color has-text-color has-background wp-element-button\" href=\"https:\/\/tahsilat.tuzlahortum.com.tr\/\" target=\"_blank\" rel=\"noreferrer noopener\">Avec carte de cr\u00e9dit <strong>Paiement en ligne<\/strong> cliquez pour faire<\/a><\/div>\n<\/div>\n\n\n\n<hr class=\"wp-block-separator has-alpha-channel-opacity\"\/>\n\n\n\n<h5 class=\"wp-block-heading\"><span style=\"font-weight: bold; font-family: Verdana; color: #000000;\">Ce que vous pouvez faire avec les ic\u00f4nes que vous verrez lorsque vous survolerez les logos des banques\u00a0;<\/span><\/h5>\n\n\n\n<ul class=\"wp-block-list\">\n<li><strong>Ic\u00f4ne Enveloppe&nbsp;<\/strong>Vous pouvez recevoir les informations relatives \u00e0 votre compte par e-mail.<\/li>\n\n\n\n<li><strong>Ic\u00f4ne de t\u00e9l\u00e9phone<\/strong>&nbsp;Vous pouvez recevoir les informations de compte sur le compte par SMS.<\/li>\n\n\n\n<li><strong>Ic\u00f4ne Loupe<\/strong> Vous pouvez afficher les informations de compte sur<\/li>\n\n\n\n<li><strong>Ic\u00f4ne de code QR (carr\u00e9)<\/strong> Avec l&#039;application lecteur de codes-barres de votre t\u00e9l\u00e9phone mobile, vous pouvez visualiser les num\u00e9ros de compte sur votre t\u00e9l\u00e9phone.<\/li>\n\n\n\n<li><strong>AVISER LE PAIEMENT<\/strong> Vous pouvez signaler votre transfert d&#039;argent \u00e0 notre service comptable avec le bouton .<\/li>\n<\/ul>\n\n\n\n<p><span style=\"font-family: Verdana;\">Bureau des imp\u00f4ts : Tuzla<\/span><\/p>\n\n\n\n<p><span style=\"font-family: Verdana;\">N\u00b0 TVA : 8721308491<\/span><\/p>\n\n\n\n<figure><iframe loading=\"lazy\" height=\"1000\" width=\"100%\" src=\"\/\/hesapno.com\/uzk_hesap?kul_id=1530b2589f4fb8921b5af3d85d6bc181&amp;arkaplan=ffffff&amp;sol=10%&amp;ust=2%\" style=\"border:1px #e4e4e4 solid;\" name=\"hesapno.com\" scrolling=\"no\"><\/iframe><\/figure>","protected":false},"excerpt":{"rendered":"<p>A\u015fa\u011f\u0131daki link yard\u0131m\u0131 ile QNBPay sistemi \u00fczerinden \u00f6deme yapabilirsiniz. Banka logolar\u0131 \u00fczerine geldi\u011finizde g\u00f6rece\u011finiz simgelerle yapabilecekleriniz; Vergi Dairesi : Tuzla Vergi No : 8721308491<\/p>","protected":false},"author":1,"featured_media":0,"parent":0,"menu_order":0,"comment_status":"closed","ping_status":"closed","template":"","meta":{"jetpack_post_was_ever_published":false,"footnotes":""},"class_list":["post-4493","page","type-page","status-publish","hentry"],"jetpack-related-posts":[{"id":58,"url":"https:\/\/tuzlahortum.com.tr\/fr\/odeme\/","url_meta":{"origin":4493,"position":0},"title":"\u00d6deme","author":"admin","date":"19 novembre 2015","format":false,"excerpt":"","rel":"","context":"Article similaire","block_context":{"text":"Article similaire","link":""},"img":{"alt_text":"","src":"","width":0,"height":0},"classes":[]},{"id":2,"url":"https:\/\/tuzlahortum.com.tr\/fr\/ornek-sayfa\/","url_meta":{"origin":4493,"position":1},"title":"\u00d6rnek sayfa","author":"admin","date":"5 f\u00e9vrier 2019","format":false,"excerpt":"Bu \u00f6rnek bir sayfad\u0131r. Bir blog yaz\u0131s\u0131ndan farkl\u0131d\u0131r \u00e7\u00fcnk\u00fc belirli bir yerde sabit olarak kal\u0131r ve teman\u0131z\u0131n dola\u015f\u0131m men\u00fcs\u00fcnde ba\u015fl\u0131\u011f\u0131 g\u00f6r\u00fcnt\u00fclenir(\u00e7o\u011fu tema destekler). Bir \u00e7ok insan potansiyel ziyaret\u00e7ilerini kar\u015f\u0131lamak ad\u0131na bir Hakk\u0131nda sayfas\u0131 kullan\u0131r. \u015euna benzeyen bir sayfa: Merhaba! G\u00fcnd\u00fczleri bisikletli kurye, geceleri ise hevesli bir akt\u00f6r\u00fcm, buras\u0131 da benim\u2026","rel":"","context":"Article similaire","block_context":{"text":"Article similaire","link":""},"img":{"alt_text":"","src":"","width":0,"height":0},"classes":[]},{"id":29,"url":"https:\/\/tuzlahortum.com.tr\/fr\/elements\/video\/","url_meta":{"origin":4493,"position":2},"title":"Video","author":"admin","date":"29 juin 2016","format":false,"excerpt":"","rel":"","context":"Article similaire","block_context":{"text":"Article similaire","link":""},"img":{"alt_text":"","src":"","width":0,"height":0},"classes":[]},{"id":94,"url":"https:\/\/tuzlahortum.com.tr\/fr\/","url_meta":{"origin":4493,"position":3},"title":"Tuyaux d'inondation","author":"admin","date":"6 ao\u00fbt 2013","format":false,"excerpt":"","rel":"","context":"Article similaire","block_context":{"text":"Article similaire","link":""},"img":{"alt_text":"","src":"","width":0,"height":0},"classes":[]}],"jetpack_sharing_enabled":true,"jetpack_likes_enabled":true,"_links":{"self":[{"href":"https:\/\/tuzlahortum.com.tr\/fr\/wp-json\/wp\/v2\/pages\/4493","targetHints":{"allow":["GET"]}}],"collection":[{"href":"https:\/\/tuzlahortum.com.tr\/fr\/wp-json\/wp\/v2\/pages"}],"about":[{"href":"https:\/\/tuzlahortum.com.tr\/fr\/wp-json\/wp\/v2\/types\/page"}],"author":[{"embeddable":true,"href":"https:\/\/tuzlahortum.com.tr\/fr\/wp-json\/wp\/v2\/users\/1"}],"replies":[{"embeddable":true,"href":"https:\/\/tuzlahortum.com.tr\/fr\/wp-json\/wp\/v2\/comments?post=4493"}],"version-history":[{"count":4,"href":"https:\/\/tuzlahortum.com.tr\/fr\/wp-json\/wp\/v2\/pages\/4493\/revisions"}],"predecessor-version":[{"id":23556,"href":"https:\/\/tuzlahortum.com.tr\/fr\/wp-json\/wp\/v2\/pages\/4493\/revisions\/23556"}],"wp:attachment":[{"href":"https:\/\/tuzlahortum.com.tr\/fr\/wp-json\/wp\/v2\/media?parent=4493"}],"curies":[{"name":"wp","href":"https:\/\/api.w.org\/{rel}","templated":true}]}}