{"id":3,"date":"2019-02-05T15:07:59","date_gmt":"2019-02-05T12:07:59","guid":{"rendered":"http:\/\/hortum.com.tr\/?page_id=3"},"modified":"2019-02-12T11:10:24","modified_gmt":"2019-02-12T08:10:24","slug":"gizlilik-politikasi","status":"publish","type":"page","link":"https:\/\/tuzlahortum.com.tr\/fr\/gizlilik-politikasi\/","title":{"rendered":"Politique de confidentialit\u00e9"},"content":{"rendered":"<h2 class=\"wp-block-heading\">Qui sommes nous<\/h2>\n\n\n\n<p>L&#039;adresse de notre site Web : http:\/\/hortum.com.tr.<\/p>\n\n\n\n<h2 class=\"wp-block-heading\">Quelles informations personnelles collectons-nous et dans quel but ?<\/h2>\n\n\n\n<h3 class=\"wp-block-heading\">commentaires<\/h3>\n\n\n\n<p>Lorsque les visiteurs laissent des commentaires sur le site, nous collectons les donn\u00e9es affich\u00e9es dans le formulaire de commentaires, ainsi que l&#039;adresse IP du visiteur et le texte d&#039;information du navigateur pour faciliter la d\u00e9tection du spam.<\/p>\n\n\n\n<p>Un texte anonymis\u00e9 (\u00e9galement appel\u00e9 hachage) g\u00e9n\u00e9r\u00e9 \u00e0 partir de votre adresse e-mail peut \u00eatre fourni au service Gravatar pour voir si vous utilisez le service. La politique de confidentialit\u00e9 du service Gravatar est disponible sur https:\/\/automattic.com\/privacy\/. Une fois votre commentaire approuv\u00e9, votre photo de profil sera visible par tout le monde avec votre commentaire.<\/p>\n\n\n\n<h3 class=\"wp-block-heading\">Environnement<\/h3>\n\n\n\n<p>Si vous t\u00e9l\u00e9chargez des images sur le site Web, vous devez \u00e9viter de t\u00e9l\u00e9charger des images contenant des donn\u00e9es de localisation int\u00e9gr\u00e9es (EXIF GPS). Les visiteurs du site Web peuvent t\u00e9l\u00e9charger et extraire toutes les informations de localisation \u00e0 partir des images sur le site Web.<\/p>\n\n\n\n<h3 class=\"wp-block-heading\">Formulaires de contact<\/h3>\n\n\n\n<h3 class=\"wp-block-heading\">Biscuits<\/h3>\n\n\n\n<p>Si vous laissez un commentaire sur notre site, vous pouvez choisir d&#039;enregistrer votre nom, votre adresse e-mail et votre site Web dans des cookies. Ceux-ci sont pour votre commodit\u00e9 afin que vous n&#039;ayez pas \u00e0 remplir \u00e0 nouveau vos informations lorsque vous laissez un autre commentaire. Ces cookies restent un an.<\/p>\n\n\n\n<p>Si vous avez un compte et que vous \u00eates connect\u00e9 \u00e0 ce site, nous installerons un cookie temporaire pour d\u00e9terminer si votre navigateur accepte les cookies. Ce cookie ne contient aucune donn\u00e9e personnelle et est supprim\u00e9 lorsque vous fermez votre navigateur.<\/p>\n\n\n\n<p>Lorsque vous vous connecterez, nous enregistrerons quelques cookies pour enregistrer vos informations de connexion et votre s\u00e9lection d&#039;affichage d&#039;\u00e9cran. Les cookies de connexion restent deux jours et les cookies d&#039;options d&#039;\u00e9cran restent un an. Si vous choisissez l&#039;option &quot;Se souvenir de moi&quot;, votre connexion durera deux semaines. Si vous vous d\u00e9connectez de votre compte, les cookies de connexion seront supprim\u00e9s.<\/p>\n\n\n\n<p>Si vous modifiez ou publiez un article, un cookie suppl\u00e9mentaire est enregistr\u00e9 dans votre navigateur. Ce cookie ne contient aucune donn\u00e9e personnelle et affiche uniquement l&#039;ID de publication de l&#039;article que vous modifiez. Il expire apr\u00e8s 1 jour.<\/p>\n\n\n\n<h3 class=\"wp-block-heading\">Contenu int\u00e9gr\u00e9 \u00e0 partir d&#039;autres sites<\/h3>\n\n\n\n<p>Les articles de ce site peuvent contenir du contenu int\u00e9gr\u00e9 (par exemple, des vid\u00e9os, des images, des articles, etc.). Le contenu int\u00e9gr\u00e9 \u00e0 partir d&#039;autres sites Web se comporte exactement comme si le visiteur avait visit\u00e9 l&#039;autre site Web.<\/p>\n\n\n\n<p>Ces sites Web peuvent collecter des donn\u00e9es vous concernant, utiliser des cookies, int\u00e9grer un suivi tiers et surveiller votre interaction avec ce contenu int\u00e9gr\u00e9, y compris le suivi de votre interaction avec le contenu int\u00e9gr\u00e9 si vous avez un compte et \u00eates connect\u00e9 \u00e0 ce site Web.<\/p>\n\n\n\n<h3 class=\"wp-block-heading\">Une analyse<\/h3>\n\n\n\n<h2 class=\"wp-block-heading\">Avec qui partageons-nous vos donn\u00e9es<\/h2>\n\n\n\n<h2 class=\"wp-block-heading\">Combien de temps conservons-nous vos donn\u00e9es<\/h2>\n\n\n\n<p>Si vous laissez un commentaire, le commentaire et ses m\u00e9tadonn\u00e9es sont conserv\u00e9s ind\u00e9finiment. De cette fa\u00e7on, nous pouvons automatiquement reconna\u00eetre et approuver vos commentaires de suivi au lieu de les conserver dans la file d&#039;attente de mod\u00e9ration.<\/p>\n\n\n\n<p>Pour les utilisateurs qui s&#039;inscrivent sur notre site Web (le cas \u00e9ch\u00e9ant), nous stockons \u00e9galement les informations personnelles qu&#039;ils fournissent dans leur profil d&#039;utilisateur. Tous les utilisateurs peuvent consulter, modifier ou supprimer leurs informations personnelles \u00e0 tout moment (sauf pour changer de nom d&#039;utilisateur). Les administrateurs du site Web peuvent \u00e9galement afficher et modifier ces informations.<\/p>\n\n\n\n<h2 class=\"wp-block-heading\">Quels sont vos droits sur vos donn\u00e9es ?<\/h2>\n\n\n\n<p>Si vous avez un compte ou des commentaires sur ce site, vous pouvez demander \u00e0 recevoir un fichier export\u00e9 des donn\u00e9es personnelles que nous d\u00e9tenons \u00e0 votre sujet, y compris les donn\u00e9es que vous nous avez fournies. Vous pouvez \u00e9galement demander la suppression de toutes les donn\u00e9es personnelles que nous d\u00e9tenons \u00e0 votre sujet. Cela n&#039;inclut pas les donn\u00e9es que nous devons respecter \u00e0 des fins administratives, juridiques ou de s\u00e9curit\u00e9.<\/p>\n\n\n\n<h2 class=\"wp-block-heading\">O\u00f9 envoyons-nous vos donn\u00e9es<\/h2>\n\n\n\n<p>Les commentaires des visiteurs peuvent \u00eatre v\u00e9rifi\u00e9s via le service de d\u00e9tection automatique de spam.<\/p>\n\n\n\n<h2 class=\"wp-block-heading\">Vos coordonn\u00e9es<\/h2>\n\n\n\n<h2 class=\"wp-block-heading\">information additionnelle<\/h2>\n\n\n\n<h3 class=\"wp-block-heading\">Comment nous prot\u00e9geons vos donn\u00e9es<\/h3>\n\n\n\n<h3 class=\"wp-block-heading\">Quelles proc\u00e9dures de violation de donn\u00e9es avons-nous<\/h3>\n\n\n\n<h3 class=\"wp-block-heading\">De quels tiers nous recevons des donn\u00e9es<\/h3>\n\n\n\n<h3 class=\"wp-block-heading\">Quel type de prise de d\u00e9cision automatis\u00e9e et\/ou de profilage faisons-nous avec les donn\u00e9es des utilisateurs\u00a0?<\/h3>\n\n\n\n<h3 class=\"wp-block-heading\">L&#039;obligation du minist\u00e8re de l&#039;industrie d&#039;informer le public<\/h3>","protected":false},"excerpt":{"rendered":"<p>Biz kimiz Web sitemizin adresi: http:\/\/hortum.com.tr. Hangi ki\u015fisel bilgileri ne ama\u00e7la topluyoruz Yorumlar Ziyaret\u00e7iler sitede yorum b\u0131rakt\u0131\u011f\u0131nda yorum formunda g\u00f6sterilen verileri ve ayr\u0131ca istenmeyen yorum tespitine yard\u0131mc\u0131 olmak i\u00e7in ziyaret\u00e7inin IP adresi ve taray\u0131c\u0131 bilgisi metnini de toplar\u0131z. E-posta adresinizden olu\u015fturulmu\u015f anonimle\u015ftirilmi\u015f bir metin (hash olarak da adland\u0131r\u0131l\u0131r) Gravatar hizmetine, servisi kullan\u0131p kullanmad\u0131\u011f\u0131n\u0131z\u0131 g\u00f6rmek i\u00e7in, [&#8230;]\n","protected":false},"author":1,"featured_media":0,"parent":0,"menu_order":0,"comment_status":"closed","ping_status":"open","template":"","meta":{"jetpack_post_was_ever_published":false,"footnotes":""},"class_list":["post-3","page","type-page","status-publish","hentry"],"jetpack-related-posts":[{"id":2,"url":"https:\/\/tuzlahortum.com.tr\/fr\/ornek-sayfa\/","url_meta":{"origin":3,"position":0},"title":"\u00d6rnek sayfa","author":"admin","date":"5 f\u00e9vrier 2019","format":false,"excerpt":"Bu \u00f6rnek bir sayfad\u0131r. Bir blog yaz\u0131s\u0131ndan farkl\u0131d\u0131r \u00e7\u00fcnk\u00fc belirli bir yerde sabit olarak kal\u0131r ve teman\u0131z\u0131n dola\u015f\u0131m men\u00fcs\u00fcnde ba\u015fl\u0131\u011f\u0131 g\u00f6r\u00fcnt\u00fclenir(\u00e7o\u011fu tema destekler). Bir \u00e7ok insan potansiyel ziyaret\u00e7ilerini kar\u015f\u0131lamak ad\u0131na bir Hakk\u0131nda sayfas\u0131 kullan\u0131r. \u015euna benzeyen bir sayfa: Merhaba! G\u00fcnd\u00fczleri bisikletli kurye, geceleri ise hevesli bir akt\u00f6r\u00fcm, buras\u0131 da benim\u2026","rel":"","context":"Article similaire","block_context":{"text":"Article similaire","link":""},"img":{"alt_text":"","src":"","width":0,"height":0},"classes":[]},{"id":23019,"url":"https:\/\/tuzlahortum.com.tr\/fr\/kalite-politikamiz\/","url_meta":{"origin":3,"position":1},"title":"Notre politique de qualit\u00e9","author":"admin","date":"30 septembre 2025","format":false,"excerpt":"Kalite Politikam\u0131z Tuzla Hortum olarak kalite politikas\u0131 ve vaatleri a\u015fa\u011f\u0131daki gibidir: T\u00fcm \u00e7al\u0131\u015fanlar\u0131m\u0131z\u0131n kat\u0131l\u0131m\u0131 ve gayretiyle, payda\u015flar\u0131m\u0131z\u0131n ihtiya\u00e7 ve beklentilerini kar\u015f\u0131lamak, \u00c7evresel fakt\u00f6rleri ve i\u015f g\u00fcvenli\u011fi kurallar\u0131n\u0131 dikkate alarak kalite y\u00f6netim sistemi \u015fartlar\u0131na uymak ve s\u00fcrekli iyile\u015ftirmeyi sa\u011flamak, Kalite standartlar\u0131m\u0131z\u0131 en \u00fcst d\u00fczeyde tutarak, yasal gereklilikleri yerine getirmek; ulusal ve\u2026","rel":"","context":"Article similaire","block_context":{"text":"Article similaire","link":""},"img":{"alt_text":"","src":"","width":0,"height":0},"classes":[]},{"id":84,"url":"https:\/\/tuzlahortum.com.tr\/fr\/iletisim2\/","url_meta":{"origin":3,"position":2},"title":"Communication 2","author":"admin","date":"11 ao\u00fbt 2013","format":false,"excerpt":"\u00a0","rel":"","context":"Article similaire","block_context":{"text":"Article similaire","link":""},"img":{"alt_text":"","src":"","width":0,"height":0},"classes":[]},{"id":12928,"url":"https:\/\/tuzlahortum.com.tr\/fr\/qr-welcome\/","url_meta":{"origin":3,"position":3},"title":"Q.R.","author":"admin","date":"29 septembre 2023","format":false,"excerpt":"","rel":"","context":"Article similaire","block_context":{"text":"Article similaire","link":""},"img":{"alt_text":"","src":"","width":0,"height":0},"classes":[]}],"jetpack_sharing_enabled":true,"jetpack_likes_enabled":true,"_links":{"self":[{"href":"https:\/\/tuzlahortum.com.tr\/fr\/wp-json\/wp\/v2\/pages\/3","targetHints":{"allow":["GET"]}}],"collection":[{"href":"https:\/\/tuzlahortum.com.tr\/fr\/wp-json\/wp\/v2\/pages"}],"about":[{"href":"https:\/\/tuzlahortum.com.tr\/fr\/wp-json\/wp\/v2\/types\/page"}],"author":[{"embeddable":true,"href":"https:\/\/tuzlahortum.com.tr\/fr\/wp-json\/wp\/v2\/users\/1"}],"replies":[{"embeddable":true,"href":"https:\/\/tuzlahortum.com.tr\/fr\/wp-json\/wp\/v2\/comments?post=3"}],"version-history":[{"count":0,"href":"https:\/\/tuzlahortum.com.tr\/fr\/wp-json\/wp\/v2\/pages\/3\/revisions"}],"wp:attachment":[{"href":"https:\/\/tuzlahortum.com.tr\/fr\/wp-json\/wp\/v2\/media?parent=3"}],"curies":[{"name":"wp","href":"https:\/\/api.w.org\/{rel}","templated":true}]}}