{"id":29,"date":"2016-06-29T08:39:48","date_gmt":"2016-06-29T08:39:48","guid":{"rendered":"http:\/\/flatsome.dev\/?page_id=7921"},"modified":"2020-06-18T15:50:55","modified_gmt":"2020-06-18T12:50:55","slug":"video","status":"publish","type":"page","link":"https:\/\/tuzlahortum.com.tr\/fr\/elements\/video\/","title":{"rendered":"Video"},"content":{"rendered":"<div class=\"row\"  id=\"row-1115909619\">\n\n\n\t<div id=\"col-918112051\" class=\"col medium-4 small-12 large-4\"  >\n\t\t\t\t<div class=\"col-inner\"  >\n\t\t\t\n\t\t\t\n\n<div class=\"video video-fit mb\" style=\"padding-top:56.25%;\"><iframe loading=\"lazy\" title=\"Choisir le bon produit - tuyau\" width=\"1020\" height=\"574\" src=\"https:\/\/www.youtube.com\/embed\/T8D69YsgW7o?feature=oembed\" frameborder=\"0\" allow=\"accelerometer; autoplay; clipboard-write; encrypted-media; gyroscope; picture-in-picture\" allowfullscreen><\/iframe><\/div>\n\n<h3>Choisir le bon produit \u2013 tuyau<\/h3>\n<p>La s\u00e9lection des tuyaux est un processus dans les entreprises industrielles commettent souvent des erreurs. Parfois, lors du choix du bon produit, il peut y avoir une mauvaise utilisation. Notre objectif dans cette vid\u00e9o est de vous fournir les informations n\u00e9cessaires pour d\u00e9terminer exactement ce dont vous avez besoin \u00e0 l'\u00e9tape de l'achat du produit.<\/p>\n\n\t\t<\/div>\n\t\t\t\t\t<\/div>\n\n\t\n\n\t<div id=\"col-2074601861\" class=\"col medium-4 small-12 large-4\"  >\n\t\t\t\t<div class=\"col-inner\"  >\n\t\t\t\n\t\t\t\n\n<div class=\"video video-fit mb\" style=\"padding-top:56.25%;\"><p><iframe loading=\"lazy\" title=\"Raisons de la diff\u00e9rence de prix des tuyaux\" width=\"1020\" height=\"574\" src=\"https:\/\/www.youtube.com\/embed\/xHATLQVUEJU?feature=oembed\" frameborder=\"0\" allow=\"accelerometer; autoplay; clipboard-write; encrypted-media; gyroscope; picture-in-picture\" allowfullscreen><\/iframe><\/p>\n<\/div>\n\n<h3>Pourquoi les prix sont \u00e9lev\u00e9s<\/h3>\n<p>Quelle est la diff\u00e9rence de prix des tuyaux, le h\u00e9ros secret de la vie industrielle, qui sert \u00e0 transf\u00e9rer presque toutes sortes de substances. \u00c0 quoi faut-il faire attention lors de l&#039;achat ?<\/p>\n\n\t\t<\/div>\n\t\t\t\t\t<\/div>\n\n\t\n\n\t<div id=\"col-1886349083\" class=\"col medium-4 small-12 large-4\"  >\n\t\t\t\t<div class=\"col-inner\"  >\n\t\t\t\n\t\t\t\n\n<div class=\"video video-fit mb\" style=\"padding-top:56.25%;\"><p><iframe loading=\"lazy\" title=\"Confusion des mesures (pouces, doigts, brume, millim\u00e8tres)\" width=\"1020\" height=\"574\" src=\"https:\/\/www.youtube.com\/embed\/uKk6AG_AZls?feature=oembed\" frameborder=\"0\" allow=\"accelerometer; autoplay; clipboard-write; encrypted-media; gyroscope; picture-in-picture\" allowfullscreen><\/iframe><\/p>\n<\/div>\n\n<h3>Confusion dans les unit\u00e9s de mesures<\/h3>\n<p>Tornade et Mars, m\u00eame l&#039;espace\u2026 Qu&#039;y a-t-il ?<\/p>\n<p>Les effets n\u00e9gatifs de l&#039;utilisation de diff\u00e9rentes unit\u00e9s de mesure dans le monde se manifestent dans presque de nombreux domaines. Le tuyau est l&#039;un des sujets qui tire beaucoup sa part de ce probl\u00e8me. <\/p>\n\n\t\t<\/div>\n\t\t\t\t\t<\/div>\n\n\t\n\n<\/div>\n<div class=\"row\"  id=\"row-351473805\">\n\n\n\t<div id=\"col-2018245289\" class=\"col medium-4 small-12 large-4\"  >\n\t\t\t\t<div class=\"col-inner\"  >\n\t\t\t\n\t\t\t\n\n<div class=\"video video-fit mb\" style=\"padding-top:56.25%;\"><p><iframe loading=\"lazy\" title=\"V\u00e9rins pneumatiques\" width=\"1020\" height=\"574\" src=\"https:\/\/www.youtube.com\/embed\/YFDzAoEaZfM?feature=oembed\" frameborder=\"0\" allow=\"accelerometer; autoplay; clipboard-write; encrypted-media; gyroscope; picture-in-picture\" allowfullscreen><\/iframe><\/p>\n<\/div>\n\n<h3>V\u00e9rins pneumatiques<\/h3>\n<p>V\u00e9rins pneumatiques et variantes qui vous permettent de retirer et d&#039;installer les flexibles d&#039;une seule main dans les circuits d&#039;air comprim\u00e9 de toutes les industries. \u00c0 quoi faut-il faire attention lors de la commande ?<\/p>\n\n\t\t<\/div>\n\t\t\t\t\t<\/div>\n\n\t\n\n\t<div id=\"col-975567358\" class=\"col medium-4 small-12 large-4\"  >\n\t\t\t\t<div class=\"col-inner\"  >\n\t\t\t\n\t\t\t\n\n<div class=\"video video-fit mb\" style=\"padding-top:56.25%;\"><p><iframe loading=\"lazy\" title=\"Soupape \u00e0 ressort\" width=\"1020\" height=\"574\" src=\"https:\/\/www.youtube.com\/embed\/G3hkxWOl9dU?feature=oembed\" frameborder=\"0\" allow=\"accelerometer; autoplay; clipboard-write; encrypted-media; gyroscope; picture-in-picture\" allowfullscreen><\/iframe><\/p>\n<\/div>\n\n<h3>Soupape \u00e0 ressort<\/h3>\n<p>C&#039;est une sorte de clapet anti-retour utilis\u00e9 pour emp\u00eacher la partie restante de l&#039;eau aspir\u00e9e par la pompe de s&#039;\u00e9chapper dans le tuyau pour une utilisation dans les syst\u00e8mes industriels, de plomberie et d&#039;irrigation. Dans notre vid\u00e9o, nous expliquons le principe de fonctionnement \u00e0 l&#039;aide de la section produit.<\/p>\n\n\t\t<\/div>\n\t\t\t\t\t<\/div>\n\n\t\n\n\t<div id=\"col-574103354\" class=\"col medium-4 small-12 large-4\"  >\n\t\t\t\t<div class=\"col-inner\"  >\n\t\t\t\n\t\t\t\n\n<div class=\"video video-fit mb\" style=\"padding-top:56.25%;\"><p><iframe loading=\"lazy\" title=\"Quel tuyau alimentaire choisir ?\" width=\"1020\" height=\"574\" src=\"https:\/\/www.youtube.com\/embed\/1RIgy8WF1Ao?feature=oembed\" frameborder=\"0\" allow=\"accelerometer; autoplay; clipboard-write; encrypted-media; gyroscope; picture-in-picture\" allowfullscreen><\/iframe><\/p>\n<\/div>\n\n<h3>Quel tuyau alimentaire choisir ?<\/h3>\n<p>La production alimentaire est l&#039;un des sujets auxquels je suis le plus sensible. Comment les produits doivent-ils \u00eatre dans les tuyaux alimentaires, comment fonctionne la certification, et y a-t-il un audit \u00e0 ce sujet dans notre pays ?<\/p>\n\n\t\t<\/div>\n\t\t\t\t\t<\/div>\n\n\t\n\n<\/div>","protected":false},"excerpt":{"rendered":"","protected":false},"author":1,"featured_media":0,"parent":93,"menu_order":10,"comment_status":"closed","ping_status":"closed","template":"","meta":{"jetpack_post_was_ever_published":false,"footnotes":""},"class_list":["post-29","page","type-page","status-publish","hentry"],"jetpack-related-posts":[{"id":49,"url":"https:\/\/tuzlahortum.com.tr\/fr\/elements\/images\/","url_meta":{"origin":29,"position":0},"title":"Images","author":"admin","date":"15 f\u00e9vrier 2016","format":false,"excerpt":"","rel":"","context":"Article similaire","block_context":{"text":"Article similaire","link":""},"img":{"alt_text":"","src":"","width":0,"height":0},"classes":[]},{"id":23246,"url":"https:\/\/tuzlahortum.com.tr\/fr\/turkiyenin-ilk-mobil-hortum-katalogu\/","url_meta":{"origin":29,"position":1},"title":"Premier catalogue de tuyaux mobiles en Turquie","author":"admin","date":"27 octobre 2025","format":false,"excerpt":"Ak\u0131ll\u0131 arama, teknik filtreler ve interaktif katalog yap\u0131s\u0131yla hortum d\u00fcnyas\u0131 dijitalle\u015fti.T\u00fcm \u00fcr\u00fcn verilerine, standartlara ve g\u00f6rsellere an\u0131nda ula\u015f\u0131n.Tuzla Hortum uygulamas\u0131n\u0131 hemen indirin.","rel":"","context":"Article similaire","block_context":{"text":"Article similaire","link":""},"img":{"alt_text":"","src":"","width":0,"height":0},"classes":[]},{"id":30,"url":"https:\/\/tuzlahortum.com.tr\/fr\/elements\/video-button\/","url_meta":{"origin":29,"position":2},"title":"Bouton vid\u00e9o","author":"admin","date":"15 juin 2016","format":false,"excerpt":"","rel":"","context":"Article similaire","block_context":{"text":"Article similaire","link":""},"img":{"alt_text":"","src":"","width":0,"height":0},"classes":[]},{"id":1217,"url":"https:\/\/tuzlahortum.com.tr\/fr\/satis-danismanlarimiz\/","url_meta":{"origin":29,"position":3},"title":"Nos conseillers commerciaux","author":"admin","date":"7 f\u00e9vrier 2019","format":false,"excerpt":"Nos conseillers commerciaux Tous nos conseillers feront de leur mieux pour vous offrir le meilleur service. Si vous le demandez, votre entreprise peut \u00eatre visit\u00e9e ou votre installation peut \u00eatre examin\u00e9e et des conseils peuvent \u00eatre fournis sur l&#039;utilisation du bon produit. T\u00e9l : 0 216 493 53 53 (pbx)","rel":"","context":"Article similaire","block_context":{"text":"Article similaire","link":""},"img":{"alt_text":"","src":"","width":0,"height":0},"classes":[]},{"id":41,"url":"https:\/\/tuzlahortum.com.tr\/fr\/elements\/logo\/","url_meta":{"origin":29,"position":4},"title":"Logo","author":"admin","date":"31 mars 2016","format":false,"excerpt":"","rel":"","context":"Article similaire","block_context":{"text":"Article similaire","link":""},"img":{"alt_text":"","src":"","width":0,"height":0},"classes":[]},{"id":12928,"url":"https:\/\/tuzlahortum.com.tr\/fr\/qr-welcome\/","url_meta":{"origin":29,"position":5},"title":"Q.R.","author":"admin","date":"29 septembre 2023","format":false,"excerpt":"","rel":"","context":"Article similaire","block_context":{"text":"Article similaire","link":""},"img":{"alt_text":"","src":"","width":0,"height":0},"classes":[]}],"jetpack_sharing_enabled":true,"jetpack_likes_enabled":true,"_links":{"self":[{"href":"https:\/\/tuzlahortum.com.tr\/fr\/wp-json\/wp\/v2\/pages\/29","targetHints":{"allow":["GET"]}}],"collection":[{"href":"https:\/\/tuzlahortum.com.tr\/fr\/wp-json\/wp\/v2\/pages"}],"about":[{"href":"https:\/\/tuzlahortum.com.tr\/fr\/wp-json\/wp\/v2\/types\/page"}],"author":[{"embeddable":true,"href":"https:\/\/tuzlahortum.com.tr\/fr\/wp-json\/wp\/v2\/users\/1"}],"replies":[{"embeddable":true,"href":"https:\/\/tuzlahortum.com.tr\/fr\/wp-json\/wp\/v2\/comments?post=29"}],"version-history":[{"count":0,"href":"https:\/\/tuzlahortum.com.tr\/fr\/wp-json\/wp\/v2\/pages\/29\/revisions"}],"up":[{"embeddable":true,"href":"https:\/\/tuzlahortum.com.tr\/fr\/wp-json\/wp\/v2\/pages\/93"}],"wp:attachment":[{"href":"https:\/\/tuzlahortum.com.tr\/fr\/wp-json\/wp\/v2\/media?parent=29"}],"curies":[{"name":"wp","href":"https:\/\/api.w.org\/{rel}","templated":true}]}}