{"id":23246,"date":"2025-10-27T09:59:19","date_gmt":"2025-10-27T06:59:19","guid":{"rendered":"https:\/\/tuzlahortum.com.tr\/?page_id=23246"},"modified":"2025-10-27T14:32:44","modified_gmt":"2025-10-27T11:32:44","slug":"turkiyenin-ilk-mobil-hortum-katalogu","status":"publish","type":"page","link":"https:\/\/tuzlahortum.com.tr\/fr\/turkiyenin-ilk-mobil-hortum-katalogu\/","title":{"rendered":"Premier catalogue de tuyaux mobiles en Turquie"},"content":{"rendered":"<div class=\"row\"  id=\"row-2070628386\">\n\n\n\t<div id=\"col-853318223\" class=\"col small-12 large-12\"  >\n\t\t\t\t<div class=\"col-inner text-center\"  >\n\t\t\t\n\t\t\t\n\n\t<div class=\"img has-hover x md-x lg-x y md-y lg-y\" id=\"image_515023170\">\n\t\t\t\t\t\t\t\t<div class=\"img-inner dark\" >\n\t\t\t<img loading=\"lazy\" decoding=\"async\" width=\"768\" height=\"768\" src=\"https:\/\/i0.wp.com\/tuzlahortum.com.tr\/wp-content\/uploads\/2025\/10\/mobil_katlog_buyuk.jpeg?fit=768%2C768&amp;ssl=1\" class=\"attachment-medium_large size-medium_large\" alt=\"\" srcset=\"https:\/\/i0.wp.com\/tuzlahortum.com.tr\/wp-content\/uploads\/2025\/10\/mobil_katlog_buyuk.jpeg?w=1600&amp;ssl=1 1600w, https:\/\/i0.wp.com\/tuzlahortum.com.tr\/wp-content\/uploads\/2025\/10\/mobil_katlog_buyuk.jpeg?resize=400%2C400&amp;ssl=1 400w, https:\/\/i0.wp.com\/tuzlahortum.com.tr\/wp-content\/uploads\/2025\/10\/mobil_katlog_buyuk.jpeg?resize=800%2C800&amp;ssl=1 800w, https:\/\/i0.wp.com\/tuzlahortum.com.tr\/wp-content\/uploads\/2025\/10\/mobil_katlog_buyuk.jpeg?resize=280%2C280&amp;ssl=1 280w, https:\/\/i0.wp.com\/tuzlahortum.com.tr\/wp-content\/uploads\/2025\/10\/mobil_katlog_buyuk.jpeg?resize=768%2C768&amp;ssl=1 768w, https:\/\/i0.wp.com\/tuzlahortum.com.tr\/wp-content\/uploads\/2025\/10\/mobil_katlog_buyuk.jpeg?resize=1536%2C1536&amp;ssl=1 1536w, https:\/\/i0.wp.com\/tuzlahortum.com.tr\/wp-content\/uploads\/2025\/10\/mobil_katlog_buyuk.jpeg?resize=12%2C12&amp;ssl=1 12w, https:\/\/i0.wp.com\/tuzlahortum.com.tr\/wp-content\/uploads\/2025\/10\/mobil_katlog_buyuk.jpeg?resize=300%2C300&amp;ssl=1 300w, https:\/\/i0.wp.com\/tuzlahortum.com.tr\/wp-content\/uploads\/2025\/10\/mobil_katlog_buyuk.jpeg?resize=600%2C600&amp;ssl=1 600w, https:\/\/i0.wp.com\/tuzlahortum.com.tr\/wp-content\/uploads\/2025\/10\/mobil_katlog_buyuk.jpeg?resize=100%2C100&amp;ssl=1 100w\" sizes=\"auto, (max-width: 768px) 100vw, 768px\" title=\"\">\t\t\t\t\t\t\n\t\t\t\t\t<\/div>\n\t\t\t\t\t\t\t\t\n<style>\n#image_515023170 {\n  width: 54%;\n}\n<\/style>\n\t<\/div>\n\t\n\n\n\t\t<\/div>\n\t\t\t\t\t<\/div>\n\n\t\n\n<\/div>\n<h4 style=\"text-align: center;\">Le monde du tuyau est devenu num\u00e9rique avec la recherche intelligente, les filtres techniques et la structure interactive du catalogue.<br data-start=\"658\" data-end=\"661\">Acc\u00e8s instantan\u00e9 \u00e0 toutes les donn\u00e9es, normes et images relatives aux produits.<br data-start=\"725\" data-end=\"728\">T\u00e9l\u00e9charger l'application Tuzla Hortum maintenant.<\/h4>\n<div class=\"row\"  id=\"row-450206138\">\n\n\n\t<div id=\"col-1092884026\" class=\"col medium-6 small-12 large-6\"  >\n\t\t\t\t<div class=\"col-inner text-center\"  >\n\t\t\t\n\t\t\t\n\n\t<div class=\"img has-hover x md-x lg-x y md-y lg-y\" id=\"image_1801117716\">\n\t\t<a class=\"\" href=\"https:\/\/tuzlahortum.com.tr\/fr\/SelHortumIos\/\" target=\"_blank\" rel=\"noopener\" >\t\t\t\t\t\t<div class=\"img-inner box-shadow-3 dark\" >\n\t\t\t<img loading=\"lazy\" decoding=\"async\" width=\"572\" height=\"170\" src=\"https:\/\/i0.wp.com\/tuzlahortum.com.tr\/wp-content\/uploads\/2025\/10\/ios%400.5x.png?fit=572%2C170&amp;ssl=1\" class=\"attachment-medium size-medium\" alt=\"\" title=\"\">\t\t\t\t\t\t\n\t\t\t\t\t<\/div>\n\t\t\t\t\t\t<\/a>\t\t\n<style>\n#image_1801117716 {\n  width: 40%;\n}\n<\/style>\n\t<\/div>\n\t\n\n\n\t\t<\/div>\n\t\t\t\t\t<\/div>\n\n\t\n\n\t<div id=\"col-876189432\" class=\"col medium-6 small-12 large-6\"  >\n\t\t\t\t<div class=\"col-inner text-center\"  >\n\t\t\t\n\t\t\t\n\n\t<div class=\"img has-hover x md-x lg-x y md-y lg-y\" id=\"image_1885891329\">\n\t\t<a class=\"\" href=\"https:\/\/tuzlahortum.com.tr\/fr\/SelHortumAndroid\/\" target=\"_blank\" rel=\"noopener\" >\t\t\t\t\t\t<div class=\"img-inner box-shadow-3 dark\" >\n\t\t\t<img loading=\"lazy\" decoding=\"async\" width=\"573\" height=\"171\" src=\"https:\/\/i0.wp.com\/tuzlahortum.com.tr\/wp-content\/uploads\/2025\/10\/android%400.5x.png?fit=573%2C171&amp;ssl=1\" class=\"attachment-medium size-medium\" alt=\"\" title=\"\">\t\t\t\t\t\t\n\t\t\t\t\t<\/div>\n\t\t\t\t\t\t<\/a>\t\t\n<style>\n#image_1885891329 {\n  width: 40%;\n}\n<\/style>\n\t<\/div>\n\t\n\n\n\t\t<\/div>\n\t\t\t\t\t<\/div>\n\n\t\n\n<\/div>\n\n\n\n<p><\/p>","protected":false},"excerpt":{"rendered":"","protected":false},"author":1,"featured_media":0,"parent":0,"menu_order":0,"comment_status":"closed","ping_status":"closed","template":"","meta":{"jetpack_post_was_ever_published":false,"footnotes":""},"class_list":["post-23246","page","type-page","status-publish","hentry"],"jetpack-related-posts":[{"id":49,"url":"https:\/\/tuzlahortum.com.tr\/fr\/elements\/images\/","url_meta":{"origin":23246,"position":0},"title":"Images","author":"admin","date":"15 f\u00e9vrier 2016","format":false,"excerpt":"","rel":"","context":"Article similaire","block_context":{"text":"Article similaire","link":""},"img":{"alt_text":"","src":"","width":0,"height":0},"classes":[]},{"id":12928,"url":"https:\/\/tuzlahortum.com.tr\/fr\/qr-welcome\/","url_meta":{"origin":23246,"position":1},"title":"Q.R.","author":"admin","date":"29 septembre 2023","format":false,"excerpt":"","rel":"","context":"Article similaire","block_context":{"text":"Article similaire","link":""},"img":{"alt_text":"","src":"","width":0,"height":0},"classes":[]},{"id":73,"url":"https:\/\/tuzlahortum.com.tr\/fr\/elements\/message-box\/","url_meta":{"origin":23246,"position":2},"title":"Message box","author":"admin","date":"19 ao\u00fbt 2013","format":false,"excerpt":"","rel":"","context":"Article similaire","block_context":{"text":"Article similaire","link":""},"img":{"alt_text":"","src":"","width":0,"height":0},"classes":[]},{"id":41,"url":"https:\/\/tuzlahortum.com.tr\/fr\/elements\/logo\/","url_meta":{"origin":23246,"position":3},"title":"Logo","author":"admin","date":"31 mars 2016","format":false,"excerpt":"","rel":"","context":"Article similaire","block_context":{"text":"Article similaire","link":""},"img":{"alt_text":"","src":"","width":0,"height":0},"classes":[]},{"id":94,"url":"https:\/\/tuzlahortum.com.tr\/fr\/","url_meta":{"origin":23246,"position":4},"title":"Tuyaux d'inondation","author":"admin","date":"6 ao\u00fbt 2013","format":false,"excerpt":"","rel":"","context":"Article similaire","block_context":{"text":"Article similaire","link":""},"img":{"alt_text":"","src":"","width":0,"height":0},"classes":[]},{"id":1047,"url":"https:\/\/tuzlahortum.com.tr\/fr\/iletisim\/","url_meta":{"origin":23246,"position":5},"title":"Contactez-nous","author":"admin","date":"7 f\u00e9vrier 2019","format":false,"excerpt":"Cliquez pour entrer en contact.","rel":"","context":"Article similaire","block_context":{"text":"Article similaire","link":""},"img":{"alt_text":"","src":"","width":0,"height":0},"classes":[]}],"jetpack_sharing_enabled":true,"jetpack_likes_enabled":true,"_links":{"self":[{"href":"https:\/\/tuzlahortum.com.tr\/fr\/wp-json\/wp\/v2\/pages\/23246","targetHints":{"allow":["GET"]}}],"collection":[{"href":"https:\/\/tuzlahortum.com.tr\/fr\/wp-json\/wp\/v2\/pages"}],"about":[{"href":"https:\/\/tuzlahortum.com.tr\/fr\/wp-json\/wp\/v2\/types\/page"}],"author":[{"embeddable":true,"href":"https:\/\/tuzlahortum.com.tr\/fr\/wp-json\/wp\/v2\/users\/1"}],"replies":[{"embeddable":true,"href":"https:\/\/tuzlahortum.com.tr\/fr\/wp-json\/wp\/v2\/comments?post=23246"}],"version-history":[{"count":6,"href":"https:\/\/tuzlahortum.com.tr\/fr\/wp-json\/wp\/v2\/pages\/23246\/revisions"}],"predecessor-version":[{"id":23264,"href":"https:\/\/tuzlahortum.com.tr\/fr\/wp-json\/wp\/v2\/pages\/23246\/revisions\/23264"}],"wp:attachment":[{"href":"https:\/\/tuzlahortum.com.tr\/fr\/wp-json\/wp\/v2\/media?parent=23246"}],"curies":[{"name":"wp","href":"https:\/\/api.w.org\/{rel}","templated":true}]}}