{"id":23019,"date":"2025-09-30T10:07:02","date_gmt":"2025-09-30T07:07:02","guid":{"rendered":"https:\/\/tuzlahortum.com.tr\/?page_id=23019"},"modified":"2025-09-30T16:15:40","modified_gmt":"2025-09-30T13:15:40","slug":"kalite-politikamiz","status":"publish","type":"page","link":"https:\/\/tuzlahortum.com.tr\/fr\/kalite-politikamiz\/","title":{"rendered":"Notre politique de qualit\u00e9"},"content":{"rendered":"<h2 class=\"wp-block-heading\">Notre politique de qualit\u00e9<\/h2>\n\n\n\n<p><em>Tuyau de Tuzla <\/em><em>o<\/em><em>comme <\/em><em>k<\/em><em>La politique et les promesses en mati\u00e8re d'\u00e9galit\u00e9 sont les suivantes :<\/em><\/p>\n\n\n\n<ul class=\"wp-block-list\">\n<li><em>R\u00e9pondre aux besoins et aux attentes de nos parties prenantes avec la participation et les efforts de tous nos employ\u00e9s,<\/em><\/li>\n\n\n\n<li><em>Se conformer aux exigences du syst\u00e8me de gestion de la qualit\u00e9 en tenant compte des facteurs environnementaux et des r\u00e8gles de s\u00e9curit\u00e9 au travail et assurer une am\u00e9lioration continue,<\/em><\/li>\n\n\n\n<li><em>R\u00e9pondre aux exigences l\u00e9gales en maintenant nos normes de qualit\u00e9 au plus haut niveau ; \u00eatre une entreprise pionni\u00e8re et innovante en fournissant des services conformes aux normes nationales et internationales,<\/em><\/li>\n\n\n\n<li><em>Maximiser la satisfaction de nos employ\u00e9s et de nos b\u00e9n\u00e9ficiaires tout en fournissant des services dans le cadre de la l\u00e9gislation,<\/em><\/li>\n\n\n\n<li><em>Veiller \u00e0 ce que nos employ\u00e9s re\u00e7oivent une formation qui am\u00e9liorera la qualit\u00e9 du service qu'ils fournissent et d\u00e9veloppera leurs comp\u00e9tences personnelles,<\/em><\/li>\n\n\n\n<li><em>R\u00e9pondre aux besoins des clients conform\u00e9ment \u00e0 toutes les exigences de la l\u00e9gislation primaire et secondaire,<\/em><\/li>\n\n\n\n<li><em>Accro\u00eetre en permanence la satisfaction des clients en g\u00e9rant les risques et les opportunit\u00e9s susceptibles d'affecter la fourniture et l'ad\u00e9quation des services,<\/em><\/li>\n\n\n\n<li><em>Veiller \u00e0 ce que la satisfaction des clients soit accrue et maintenue,<\/em><\/li>\n\n\n\n<li><em>Soutenir la durabilit\u00e9 environnementale, continuer \u00e0 lutter contre le changement climatique dans le respect de l'environnement et de mani\u00e8re socialement responsable,<\/em><\/li>\n\n\n\n<li><em>Privil\u00e9gier les produits respectueux de l'environnement dans nos activit\u00e9s et veiller \u00e0 l'utilisation de produits recyclables,<\/em><\/li>\n\n\n\n<li><em>Il est de notre devoir \u00e0 tous de parvenir \u00e0 une qualit\u00e9 totale de la mani\u00e8re la plus \u00e9conomique, la plus rapide et la plus fiable, de gagner la confiance de tous les segments que nous servons, de rendre cette confiance durable et de l'am\u00e9liorer en permanence.<\/em><\/li>\n<\/ul>","protected":false},"excerpt":{"rendered":"<p>Kalite Politikam\u0131z Tuzla Hortum olarak kalite politikas\u0131 ve vaatleri a\u015fa\u011f\u0131daki gibidir:<\/p>","protected":false},"author":1,"featured_media":0,"parent":0,"menu_order":0,"comment_status":"closed","ping_status":"closed","template":"","meta":{"jetpack_post_was_ever_published":false,"footnotes":""},"class_list":["post-23019","page","type-page","status-publish","hentry"],"jetpack-related-posts":[{"id":12928,"url":"https:\/\/tuzlahortum.com.tr\/fr\/qr-welcome\/","url_meta":{"origin":23019,"position":0},"title":"Q.R.","author":"admin","date":"29 septembre 2023","format":false,"excerpt":"","rel":"","context":"Article similaire","block_context":{"text":"Article similaire","link":""},"img":{"alt_text":"","src":"","width":0,"height":0},"classes":[]},{"id":23246,"url":"https:\/\/tuzlahortum.com.tr\/fr\/turkiyenin-ilk-mobil-hortum-katalogu\/","url_meta":{"origin":23019,"position":1},"title":"Premier catalogue de tuyaux mobiles en Turquie","author":"admin","date":"27 octobre 2025","format":false,"excerpt":"Ak\u0131ll\u0131 arama, teknik filtreler ve interaktif katalog yap\u0131s\u0131yla hortum d\u00fcnyas\u0131 dijitalle\u015fti.T\u00fcm \u00fcr\u00fcn verilerine, standartlara ve g\u00f6rsellere an\u0131nda ula\u015f\u0131n.Tuzla Hortum uygulamas\u0131n\u0131 hemen indirin.","rel":"","context":"Article similaire","block_context":{"text":"Article similaire","link":""},"img":{"alt_text":"","src":"","width":0,"height":0},"classes":[]},{"id":94,"url":"https:\/\/tuzlahortum.com.tr\/fr\/","url_meta":{"origin":23019,"position":2},"title":"Tuyaux d'inondation","author":"admin","date":"6 ao\u00fbt 2013","format":false,"excerpt":"","rel":"","context":"Article similaire","block_context":{"text":"Article similaire","link":""},"img":{"alt_text":"","src":"","width":0,"height":0},"classes":[]},{"id":86,"url":"https:\/\/tuzlahortum.com.tr\/fr\/hakkimizda\/","url_meta":{"origin":23019,"position":3},"title":"\u00c0 PROPOS DE NOUS","author":"admin","date":"11 ao\u00fbt 2013","format":false,"excerpt":"","rel":"","context":"Article similaire","block_context":{"text":"Article similaire","link":""},"img":{"alt_text":"","src":"","width":0,"height":0},"classes":[]},{"id":1217,"url":"https:\/\/tuzlahortum.com.tr\/fr\/satis-danismanlarimiz\/","url_meta":{"origin":23019,"position":4},"title":"Nos conseillers commerciaux","author":"admin","date":"7 f\u00e9vrier 2019","format":false,"excerpt":"Nos conseillers commerciaux Tous nos conseillers feront de leur mieux pour vous offrir le meilleur service. Si vous le demandez, votre entreprise peut \u00eatre visit\u00e9e ou votre installation peut \u00eatre examin\u00e9e et des conseils peuvent \u00eatre fournis sur l&#039;utilisation du bon produit. T\u00e9l : 0 216 493 53 53 (pbx)","rel":"","context":"Article similaire","block_context":{"text":"Article similaire","link":""},"img":{"alt_text":"","src":"","width":0,"height":0},"classes":[]},{"id":3,"url":"https:\/\/tuzlahortum.com.tr\/fr\/gizlilik-politikasi\/","url_meta":{"origin":23019,"position":5},"title":"Politique de confidentialit\u00e9","author":"admin","date":"5 f\u00e9vrier 2019","format":false,"excerpt":"Biz kimiz Web sitemizin adresi: http:\/\/hortum.com.tr. Hangi ki\u015fisel bilgileri ne ama\u00e7la topluyoruz Yorumlar Ziyaret\u00e7iler sitede yorum b\u0131rakt\u0131\u011f\u0131nda yorum formunda g\u00f6sterilen verileri ve ayr\u0131ca istenmeyen yorum tespitine yard\u0131mc\u0131 olmak i\u00e7in ziyaret\u00e7inin IP adresi ve taray\u0131c\u0131 bilgisi metnini de toplar\u0131z. E-posta adresinizden olu\u015fturulmu\u015f anonimle\u015ftirilmi\u015f bir metin (hash olarak da adland\u0131r\u0131l\u0131r) Gravatar hizmetine,\u2026","rel":"","context":"Article similaire","block_context":{"text":"Article similaire","link":""},"img":{"alt_text":"","src":"","width":0,"height":0},"classes":[]}],"jetpack_sharing_enabled":true,"jetpack_likes_enabled":true,"_links":{"self":[{"href":"https:\/\/tuzlahortum.com.tr\/fr\/wp-json\/wp\/v2\/pages\/23019","targetHints":{"allow":["GET"]}}],"collection":[{"href":"https:\/\/tuzlahortum.com.tr\/fr\/wp-json\/wp\/v2\/pages"}],"about":[{"href":"https:\/\/tuzlahortum.com.tr\/fr\/wp-json\/wp\/v2\/types\/page"}],"author":[{"embeddable":true,"href":"https:\/\/tuzlahortum.com.tr\/fr\/wp-json\/wp\/v2\/users\/1"}],"replies":[{"embeddable":true,"href":"https:\/\/tuzlahortum.com.tr\/fr\/wp-json\/wp\/v2\/comments?post=23019"}],"version-history":[{"count":3,"href":"https:\/\/tuzlahortum.com.tr\/fr\/wp-json\/wp\/v2\/pages\/23019\/revisions"}],"predecessor-version":[{"id":23043,"href":"https:\/\/tuzlahortum.com.tr\/fr\/wp-json\/wp\/v2\/pages\/23019\/revisions\/23043"}],"wp:attachment":[{"href":"https:\/\/tuzlahortum.com.tr\/fr\/wp-json\/wp\/v2\/media?parent=23019"}],"curies":[{"name":"wp","href":"https:\/\/api.w.org\/{rel}","templated":true}]}}