{"id":21,"date":"2016-08-31T09:25:18","date_gmt":"2016-08-31T09:25:18","guid":{"rendered":"http:\/\/flatsome.dev\/?page_id=9165"},"modified":"2019-02-05T15:16:57","modified_gmt":"2019-02-05T12:16:57","slug":"flip-book","status":"publish","type":"page","link":"https:\/\/tuzlahortum.com.tr\/fr\/elements\/flip-book\/","title":{"rendered":"Flip Book"},"content":{"rendered":"<section class=\"section\" id=\"section_1623549916\">\n\t\t<div class=\"section-bg fill\" >\n\t\t\t\t\t\t\t\t\t\n\t\t\t\n\n\t\t<\/div>\n\n\t\t\n\n\t\t<div class=\"section-content relative\">\n\t\t\t\n<div class=\"container section-title-container\" ><h3 class=\"section-title section-title-center\"><b aria-hidden=\"true\"><\/b><span class=\"section-title-main\" >\u00c9l\u00e9ment de livre \u00e0 feuilles mobiles<\/span><b aria-hidden=\"true\"><\/b><\/h3><\/div>\n            <div class=\"row\"><div class=\"large-12 col\">\n          <div style=\"background-color:#FFF;\" class=\"slider flipContainer slider-nav-circle slide box-shadow-2\"\n            data-flickity-options='{              \"cellAlign\": \"center\",              \"wrapAround\": true,              \"percentPosition\": true,              \"imagesLoaded\": true,              \"pageDots\": true,              \"contain\": true          }'>\n                        <div class=\"slide\" style=\"background-color:#FFF;\">  <div class=\"row row-collapse align-middle flip-slide\" style=\"width:100%\">\n        <div class=\"large-6 col flip-page-one\">\n        <div class=\"featured-product col-inner\">\n          <a href=\"https:\/\/tuzlahortum.com.tr\/fr\/produit\/trench-cutter\/\">\n                <div class=\"product-image relative\">\n                   <div class=\"front-image\">\n                    <img loading=\"lazy\" decoding=\"async\" width=\"600\" height=\"176\" src=\"https:\/\/i0.wp.com\/tuzlahortum.com.tr\/wp-content\/uploads\/2025\/09\/TrencCutter1.png?fit=600%2C176&amp;ssl=1\" class=\"attachment-woocommerce_single size-woocommerce_single wp-post-image\" alt=\"\" srcset=\"https:\/\/i0.wp.com\/tuzlahortum.com.tr\/wp-content\/uploads\/2025\/09\/TrencCutter1.png?w=1183&amp;ssl=1 1183w, https:\/\/i0.wp.com\/tuzlahortum.com.tr\/wp-content\/uploads\/2025\/09\/TrencCutter1.png?resize=800%2C235&amp;ssl=1 800w, https:\/\/i0.wp.com\/tuzlahortum.com.tr\/wp-content\/uploads\/2025\/09\/TrencCutter1.png?resize=768%2C225&amp;ssl=1 768w, https:\/\/i0.wp.com\/tuzlahortum.com.tr\/wp-content\/uploads\/2025\/09\/TrencCutter1.png?resize=18%2C5&amp;ssl=1 18w, https:\/\/i0.wp.com\/tuzlahortum.com.tr\/wp-content\/uploads\/2025\/09\/TrencCutter1.png?resize=600%2C176&amp;ssl=1 600w\" sizes=\"auto, (max-width: 600px) 100vw, 600px\" title=\"\">                  <\/div>\n                  \n<div class=\"badge-container absolute left top z-1\">\n\n<\/div>\n                <\/div>\n          <\/a>\n        <\/div>\n        <\/div>\n       <div class=\"large-6 col flip-page-two\">\n        <div class=\"product-info col-inner inner-padding\">\n              <h1 class=\"entry-title\"><a href=\"https:\/\/tuzlahortum.com.tr\/fr\/produit\/trench-cutter\/\">Coupeur de tranch\u00e9es<\/a><\/h1>\n              <div class=\"is-divider medium\"><\/div>\n              <div class=\"price-wrapper\">\n\t<p class=\"price product-page-price\">\n  <\/p>\n<\/div>\n<div class=\"product_meta\">\n\n\t\n\t\n\t<span class=\"posted_in\">Cat\u00e9gories\u00a0: <a href=\"https:\/\/tuzlahortum.com.tr\/fr\/categorie-produit\/baglanti-elemanlari\/\" rel=\"tag\">Connecteurs<\/a>, <a href=\"https:\/\/tuzlahortum.com.tr\/fr\/categorie-produit\/sel_hortumlari_by_danfoss\/sel_endustriyel_hortumlar\/sel_asinmaya_dayanikli_hortumlar\/\" rel=\"tag\">Tuyaux r\u00e9sistants \u00e0 l&#039;abrasion SEL<\/a><\/span>\n\t<span class=\"tagged_as\">\u00c9tiquette\u00a0: <a href=\"https:\/\/tuzlahortum.com.tr\/fr\/urun-etiket\/trench-cutter\/\" rel=\"tag\">Coupeur de tranch\u00e9es<\/a><\/span>\n\t\n<\/div>\n              <a href=\"https:\/\/tuzlahortum.com.tr\/fr\/produit\/trench-cutter\/\" class=\"button\" data-no-translation=\"\" data-trp-gettext=\"\">Lire la suite<\/a>\n         <\/div>\n        <\/div>\n<\/div>\n<\/div>\n                        <div class=\"slide\" style=\"background-color:#FFF;\">  <div class=\"row row-collapse align-middle flip-slide\" style=\"width:100%\">\n        <div class=\"large-6 col flip-page-one\">\n        <div class=\"featured-product col-inner\">\n          <a href=\"https:\/\/tuzlahortum.com.tr\/fr\/produit\/prime\/\">\n                <div class=\"product-image relative\">\n                   <div class=\"front-image\">\n                    <img loading=\"lazy\" decoding=\"async\" width=\"534\" height=\"534\" src=\"https:\/\/i0.wp.com\/tuzlahortum.com.tr\/wp-content\/uploads\/2025\/08\/prime-p.png?fit=534%2C534&amp;ssl=1\" class=\"attachment-woocommerce_single size-woocommerce_single wp-post-image\" alt=\"\" srcset=\"https:\/\/i0.wp.com\/tuzlahortum.com.tr\/wp-content\/uploads\/2025\/08\/prime-p.png?w=534&amp;ssl=1 534w, https:\/\/i0.wp.com\/tuzlahortum.com.tr\/wp-content\/uploads\/2025\/08\/prime-p.png?resize=280%2C280&amp;ssl=1 280w, https:\/\/i0.wp.com\/tuzlahortum.com.tr\/wp-content\/uploads\/2025\/08\/prime-p.png?resize=400%2C400&amp;ssl=1 400w, https:\/\/i0.wp.com\/tuzlahortum.com.tr\/wp-content\/uploads\/2025\/08\/prime-p.png?resize=12%2C12&amp;ssl=1 12w, https:\/\/i0.wp.com\/tuzlahortum.com.tr\/wp-content\/uploads\/2025\/08\/prime-p.png?resize=300%2C300&amp;ssl=1 300w, https:\/\/i0.wp.com\/tuzlahortum.com.tr\/wp-content\/uploads\/2025\/08\/prime-p.png?resize=100%2C100&amp;ssl=1 100w\" sizes=\"auto, (max-width: 534px) 100vw, 534px\" title=\"\">                  <\/div>\n                  \n<div class=\"badge-container absolute left top z-1\">\n\n<\/div>\n                <\/div>\n          <\/a>\n        <\/div>\n        <\/div>\n       <div class=\"large-6 col flip-page-two\">\n        <div class=\"product-info col-inner inner-padding\">\n              <h1 class=\"entry-title\"><a href=\"https:\/\/tuzlahortum.com.tr\/fr\/produit\/prime\/\">PRIME<\/a><\/h1>\n              <div class=\"is-divider medium\"><\/div>\n              <div class=\"price-wrapper\">\n\t<p class=\"price product-page-price\">\n  <\/p>\n<\/div>\n<div class=\"product_meta\">\n\n\t\n\t\n\t<span class=\"posted_in\">Cat\u00e9gorie\u00a0: <a href=\"https:\/\/tuzlahortum.com.tr\/fr\/categorie-produit\/sel_hortumlari_by_danfoss\/sel_endustriyel_hortumlar\/sel_hava_gaz_hartumlari\/\" rel=\"tag\">Tuyaux d&#039;air et de gaz SEL<\/a><\/span>\n\t\n\t\n<\/div>\n              <a href=\"https:\/\/tuzlahortum.com.tr\/fr\/produit\/prime\/\" class=\"button\" data-no-translation=\"\" data-trp-gettext=\"\">Lire la suite<\/a>\n         <\/div>\n        <\/div>\n<\/div>\n<\/div>\n                        <div class=\"slide\" style=\"background-color:#FFF;\">  <div class=\"row row-collapse align-middle flip-slide\" style=\"width:100%\">\n        <div class=\"large-6 col flip-page-one\">\n        <div class=\"featured-product col-inner\">\n          <a href=\"https:\/\/tuzlahortum.com.tr\/fr\/produit\/long-multi-20\/\">\n                <div class=\"product-image relative\">\n                   <div class=\"front-image\">\n                    <img loading=\"lazy\" decoding=\"async\" width=\"552\" height=\"552\" src=\"https:\/\/i0.wp.com\/tuzlahortum.com.tr\/wp-content\/uploads\/2025\/08\/longmulti-p.png?fit=552%2C552&amp;ssl=1\" class=\"attachment-woocommerce_single size-woocommerce_single wp-post-image\" alt=\"\" srcset=\"https:\/\/i0.wp.com\/tuzlahortum.com.tr\/wp-content\/uploads\/2025\/08\/longmulti-p.png?w=552&amp;ssl=1 552w, https:\/\/i0.wp.com\/tuzlahortum.com.tr\/wp-content\/uploads\/2025\/08\/longmulti-p.png?resize=280%2C280&amp;ssl=1 280w, https:\/\/i0.wp.com\/tuzlahortum.com.tr\/wp-content\/uploads\/2025\/08\/longmulti-p.png?resize=400%2C400&amp;ssl=1 400w, https:\/\/i0.wp.com\/tuzlahortum.com.tr\/wp-content\/uploads\/2025\/08\/longmulti-p.png?resize=12%2C12&amp;ssl=1 12w, https:\/\/i0.wp.com\/tuzlahortum.com.tr\/wp-content\/uploads\/2025\/08\/longmulti-p.png?resize=300%2C300&amp;ssl=1 300w, https:\/\/i0.wp.com\/tuzlahortum.com.tr\/wp-content\/uploads\/2025\/08\/longmulti-p.png?resize=100%2C100&amp;ssl=1 100w\" sizes=\"auto, (max-width: 552px) 100vw, 552px\" title=\"\">                  <\/div>\n                  \n<div class=\"badge-container absolute left top z-1\">\n\n<\/div>\n                <\/div>\n          <\/a>\n        <\/div>\n        <\/div>\n       <div class=\"large-6 col flip-page-two\">\n        <div class=\"product-info col-inner inner-padding\">\n              <h1 class=\"entry-title\"><a href=\"https:\/\/tuzlahortum.com.tr\/fr\/produit\/long-multi-20\/\">LONG-MULTI 20<\/a><\/h1>\n              <div class=\"is-divider medium\"><\/div>\n              <div class=\"price-wrapper\">\n\t<p class=\"price product-page-price\">\n  <\/p>\n<\/div>\n<div class=\"product_meta\">\n\n\t\n\t\n\t<span class=\"posted_in\">Cat\u00e9gorie\u00a0: <a href=\"https:\/\/tuzlahortum.com.tr\/fr\/categorie-produit\/sel_hortumlari_by_danfoss\/sel_endustriyel_hortumlar\/sel_hava_gaz_hartumlari\/\" rel=\"tag\">Tuyaux d&#039;air et de gaz SEL<\/a><\/span>\n\t\n\t\n<\/div>\n              <a href=\"https:\/\/tuzlahortum.com.tr\/fr\/produit\/long-multi-20\/\" class=\"button\" data-no-translation=\"\" data-trp-gettext=\"\">Lire la suite<\/a>\n         <\/div>\n        <\/div>\n<\/div>\n<\/div>\n                        <div class=\"slide\" style=\"background-color:#FFF;\">  <div class=\"row row-collapse align-middle flip-slide\" style=\"width:100%\">\n        <div class=\"large-6 col flip-page-one\">\n        <div class=\"featured-product col-inner\">\n          <a href=\"https:\/\/tuzlahortum.com.tr\/fr\/produit\/soma-25-bar-wp\/\">\n                <div class=\"product-image relative\">\n                   <div class=\"front-image\">\n                    <img loading=\"lazy\" decoding=\"async\" width=\"449\" height=\"449\" src=\"https:\/\/i0.wp.com\/tuzlahortum.com.tr\/wp-content\/uploads\/2025\/08\/PVC_97.png?fit=449%2C449&amp;ssl=1\" class=\"attachment-woocommerce_single size-woocommerce_single wp-post-image\" alt=\"\" srcset=\"https:\/\/i0.wp.com\/tuzlahortum.com.tr\/wp-content\/uploads\/2025\/08\/PVC_97.png?w=449&amp;ssl=1 449w, https:\/\/i0.wp.com\/tuzlahortum.com.tr\/wp-content\/uploads\/2025\/08\/PVC_97.png?resize=280%2C280&amp;ssl=1 280w, https:\/\/i0.wp.com\/tuzlahortum.com.tr\/wp-content\/uploads\/2025\/08\/PVC_97.png?resize=400%2C400&amp;ssl=1 400w, https:\/\/i0.wp.com\/tuzlahortum.com.tr\/wp-content\/uploads\/2025\/08\/PVC_97.png?resize=12%2C12&amp;ssl=1 12w, https:\/\/i0.wp.com\/tuzlahortum.com.tr\/wp-content\/uploads\/2025\/08\/PVC_97.png?resize=300%2C300&amp;ssl=1 300w, https:\/\/i0.wp.com\/tuzlahortum.com.tr\/wp-content\/uploads\/2025\/08\/PVC_97.png?resize=100%2C100&amp;ssl=1 100w\" sizes=\"auto, (max-width: 449px) 100vw, 449px\" title=\"\">                  <\/div>\n                  \n<div class=\"badge-container absolute left top z-1\">\n\n<\/div>\n                <\/div>\n          <\/a>\n        <\/div>\n        <\/div>\n       <div class=\"large-6 col flip-page-two\">\n        <div class=\"product-info col-inner inner-padding\">\n              <h1 class=\"entry-title\"><a href=\"https:\/\/tuzlahortum.com.tr\/fr\/produit\/soma-25-bar-wp\/\">SOMA 25 BAR WP<\/a><\/h1>\n              <div class=\"is-divider medium\"><\/div>\n              <div class=\"price-wrapper\">\n\t<p class=\"price product-page-price\">\n  <\/p>\n<\/div>\n<div class=\"product_meta\">\n\n\t\n\t\n\t<span class=\"posted_in\">Cat\u00e9gorie\u00a0: <a href=\"https:\/\/tuzlahortum.com.tr\/fr\/categorie-produit\/sel_hortumlari_by_danfoss\/sel-pvc\/org\/oend\/\" rel=\"tag\">Industriel<\/a><\/span>\n\t\n\t\n<\/div>\n              <a href=\"https:\/\/tuzlahortum.com.tr\/fr\/produit\/soma-25-bar-wp\/\" class=\"button\" data-no-translation=\"\" data-trp-gettext=\"\">Lire la suite<\/a>\n         <\/div>\n        <\/div>\n<\/div>\n<\/div>\n                        <div class=\"slide\" style=\"background-color:#FFF;\">  <div class=\"row row-collapse align-middle flip-slide\" style=\"width:100%\">\n        <div class=\"large-6 col flip-page-one\">\n        <div class=\"featured-product col-inner\">\n          <a href=\"https:\/\/tuzlahortum.com.tr\/fr\/produit\/soma-21-bar-wp\/\">\n                <div class=\"product-image relative\">\n                   <div class=\"front-image\">\n                    <img loading=\"lazy\" decoding=\"async\" width=\"449\" height=\"449\" src=\"https:\/\/i0.wp.com\/tuzlahortum.com.tr\/wp-content\/uploads\/2025\/08\/PVC_97.png?fit=449%2C449&amp;ssl=1\" class=\"attachment-woocommerce_single size-woocommerce_single wp-post-image\" alt=\"\" srcset=\"https:\/\/i0.wp.com\/tuzlahortum.com.tr\/wp-content\/uploads\/2025\/08\/PVC_97.png?w=449&amp;ssl=1 449w, https:\/\/i0.wp.com\/tuzlahortum.com.tr\/wp-content\/uploads\/2025\/08\/PVC_97.png?resize=280%2C280&amp;ssl=1 280w, https:\/\/i0.wp.com\/tuzlahortum.com.tr\/wp-content\/uploads\/2025\/08\/PVC_97.png?resize=400%2C400&amp;ssl=1 400w, https:\/\/i0.wp.com\/tuzlahortum.com.tr\/wp-content\/uploads\/2025\/08\/PVC_97.png?resize=12%2C12&amp;ssl=1 12w, https:\/\/i0.wp.com\/tuzlahortum.com.tr\/wp-content\/uploads\/2025\/08\/PVC_97.png?resize=300%2C300&amp;ssl=1 300w, https:\/\/i0.wp.com\/tuzlahortum.com.tr\/wp-content\/uploads\/2025\/08\/PVC_97.png?resize=100%2C100&amp;ssl=1 100w\" sizes=\"auto, (max-width: 449px) 100vw, 449px\" title=\"\">                  <\/div>\n                  \n<div class=\"badge-container absolute left top z-1\">\n\n<\/div>\n                <\/div>\n          <\/a>\n        <\/div>\n        <\/div>\n       <div class=\"large-6 col flip-page-two\">\n        <div class=\"product-info col-inner inner-padding\">\n              <h1 class=\"entry-title\"><a href=\"https:\/\/tuzlahortum.com.tr\/fr\/produit\/soma-21-bar-wp\/\">SOMA 21 BAR WP<\/a><\/h1>\n              <div class=\"is-divider medium\"><\/div>\n              <div class=\"price-wrapper\">\n\t<p class=\"price product-page-price\">\n  <\/p>\n<\/div>\n<div class=\"product_meta\">\n\n\t\n\t\n\t<span class=\"posted_in\">Cat\u00e9gorie\u00a0: <a href=\"https:\/\/tuzlahortum.com.tr\/fr\/categorie-produit\/sel_hortumlari_by_danfoss\/sel-pvc\/org\/oend\/\" rel=\"tag\">Industriel<\/a><\/span>\n\t\n\t\n<\/div>\n              <a href=\"https:\/\/tuzlahortum.com.tr\/fr\/produit\/soma-21-bar-wp\/\" class=\"button\" data-no-translation=\"\" data-trp-gettext=\"\">Lire la suite<\/a>\n         <\/div>\n        <\/div>\n<\/div>\n<\/div>\n                        <div class=\"slide\" style=\"background-color:#FFF;\">  <div class=\"row row-collapse align-middle flip-slide\" style=\"width:100%\">\n        <div class=\"large-6 col flip-page-one\">\n        <div class=\"featured-product col-inner\">\n          <a href=\"https:\/\/tuzlahortum.com.tr\/fr\/produit\/tyana-mine-14-bar-203-psi\/\">\n                <div class=\"product-image relative\">\n                   <div class=\"front-image\">\n                    <img loading=\"lazy\" decoding=\"async\" width=\"445\" height=\"445\" src=\"https:\/\/i0.wp.com\/tuzlahortum.com.tr\/wp-content\/uploads\/2025\/08\/PVC_73.png?fit=445%2C445&amp;ssl=1\" class=\"attachment-woocommerce_single size-woocommerce_single wp-post-image\" alt=\"\" srcset=\"https:\/\/i0.wp.com\/tuzlahortum.com.tr\/wp-content\/uploads\/2025\/08\/PVC_73.png?w=445&amp;ssl=1 445w, https:\/\/i0.wp.com\/tuzlahortum.com.tr\/wp-content\/uploads\/2025\/08\/PVC_73.png?resize=280%2C280&amp;ssl=1 280w, https:\/\/i0.wp.com\/tuzlahortum.com.tr\/wp-content\/uploads\/2025\/08\/PVC_73.png?resize=400%2C400&amp;ssl=1 400w, https:\/\/i0.wp.com\/tuzlahortum.com.tr\/wp-content\/uploads\/2025\/08\/PVC_73.png?resize=12%2C12&amp;ssl=1 12w, https:\/\/i0.wp.com\/tuzlahortum.com.tr\/wp-content\/uploads\/2025\/08\/PVC_73.png?resize=300%2C300&amp;ssl=1 300w, https:\/\/i0.wp.com\/tuzlahortum.com.tr\/wp-content\/uploads\/2025\/08\/PVC_73.png?resize=100%2C100&amp;ssl=1 100w\" sizes=\"auto, (max-width: 445px) 100vw, 445px\" title=\"\">                  <\/div>\n                  \n<div class=\"badge-container absolute left top z-1\">\n\n<\/div>\n                <\/div>\n          <\/a>\n        <\/div>\n        <\/div>\n       <div class=\"large-6 col flip-page-two\">\n        <div class=\"product-info col-inner inner-padding\">\n              <h1 class=\"entry-title\"><a href=\"https:\/\/tuzlahortum.com.tr\/fr\/produit\/tyana-mine-14-bar-203-psi\/\">TYANA - MINE 14 BAR-203 PSI<\/a><\/h1>\n              <div class=\"is-divider medium\"><\/div>\n              <div class=\"price-wrapper\">\n\t<p class=\"price product-page-price\">\n  <\/p>\n<\/div>\n<div class=\"product_meta\">\n\n\t\n\t\n\t<span class=\"posted_in\">Cat\u00e9gorie\u00a0: <a href=\"https:\/\/tuzlahortum.com.tr\/fr\/categorie-produit\/sel_hortumlari_by_danfoss\/sel-pvc\/yh\/\" rel=\"tag\">Tuyau plat<\/a><\/span>\n\t\n\t\n<\/div>\n              <a href=\"https:\/\/tuzlahortum.com.tr\/fr\/produit\/tyana-mine-14-bar-203-psi\/\" class=\"button\" data-no-translation=\"\" data-trp-gettext=\"\">Lire la suite<\/a>\n         <\/div>\n        <\/div>\n<\/div>\n<\/div>\n                        <div class=\"slide\" style=\"background-color:#FFF;\">  <div class=\"row row-collapse align-middle flip-slide\" style=\"width:100%\">\n        <div class=\"large-6 col flip-page-one\">\n        <div class=\"featured-product col-inner\">\n          <a href=\"https:\/\/tuzlahortum.com.tr\/fr\/produit\/liflex-two-wires\/\">\n                <div class=\"product-image relative\">\n                   <div class=\"front-image\">\n                    <img loading=\"lazy\" decoding=\"async\" width=\"569\" height=\"569\" src=\"https:\/\/i0.wp.com\/tuzlahortum.com.tr\/wp-content\/uploads\/2025\/08\/HYD_34-1.png?fit=569%2C569&amp;ssl=1\" class=\"attachment-woocommerce_single size-woocommerce_single wp-post-image\" alt=\"\" srcset=\"https:\/\/i0.wp.com\/tuzlahortum.com.tr\/wp-content\/uploads\/2025\/08\/HYD_34-1.png?w=569&amp;ssl=1 569w, https:\/\/i0.wp.com\/tuzlahortum.com.tr\/wp-content\/uploads\/2025\/08\/HYD_34-1.png?resize=280%2C280&amp;ssl=1 280w, https:\/\/i0.wp.com\/tuzlahortum.com.tr\/wp-content\/uploads\/2025\/08\/HYD_34-1.png?resize=400%2C400&amp;ssl=1 400w, https:\/\/i0.wp.com\/tuzlahortum.com.tr\/wp-content\/uploads\/2025\/08\/HYD_34-1.png?resize=12%2C12&amp;ssl=1 12w, https:\/\/i0.wp.com\/tuzlahortum.com.tr\/wp-content\/uploads\/2025\/08\/HYD_34-1.png?resize=300%2C300&amp;ssl=1 300w, https:\/\/i0.wp.com\/tuzlahortum.com.tr\/wp-content\/uploads\/2025\/08\/HYD_34-1.png?resize=100%2C100&amp;ssl=1 100w\" sizes=\"auto, (max-width: 569px) 100vw, 569px\" title=\"\">                  <\/div>\n                  \n<div class=\"badge-container absolute left top z-1\">\n\n<\/div>\n                <\/div>\n          <\/a>\n        <\/div>\n        <\/div>\n       <div class=\"large-6 col flip-page-two\">\n        <div class=\"product-info col-inner inner-padding\">\n              <h1 class=\"entry-title\"><a href=\"https:\/\/tuzlahortum.com.tr\/fr\/produit\/liflex-two-wires\/\">LIFLEX - DEUX FILS<\/a><\/h1>\n              <div class=\"is-divider medium\"><\/div>\n              <div class=\"price-wrapper\">\n\t<p class=\"price product-page-price\">\n  <\/p>\n<\/div>\n<div class=\"product_meta\">\n\n\t\n\t\n\t<span class=\"posted_in\">Cat\u00e9gorie\u00a0: <a href=\"https:\/\/tuzlahortum.com.tr\/fr\/categorie-produit\/sel_hortumlari_by_danfoss\/sel_hidrolik_hortumlar\/orgulu_tel_hidrolik\/\" rel=\"tag\">SEL Hydraulic Hose Wire Braided (1-2)<\/a><\/span>\n\t\n\t\n<\/div>\n              <a href=\"https:\/\/tuzlahortum.com.tr\/fr\/produit\/liflex-two-wires\/\" class=\"button\" data-no-translation=\"\" data-trp-gettext=\"\">Lire la suite<\/a>\n         <\/div>\n        <\/div>\n<\/div>\n<\/div>\n                        <div class=\"slide\" style=\"background-color:#FFF;\">  <div class=\"row row-collapse align-middle flip-slide\" style=\"width:100%\">\n        <div class=\"large-6 col flip-page-one\">\n        <div class=\"featured-product col-inner\">\n          <a href=\"https:\/\/tuzlahortum.com.tr\/fr\/produit\/liftlex-one-wire\/\">\n                <div class=\"product-image relative\">\n                   <div class=\"front-image\">\n                    <img loading=\"lazy\" decoding=\"async\" width=\"569\" height=\"569\" src=\"https:\/\/i0.wp.com\/tuzlahortum.com.tr\/wp-content\/uploads\/2025\/08\/HYD_34.png?fit=569%2C569&amp;ssl=1\" class=\"attachment-woocommerce_single size-woocommerce_single wp-post-image\" alt=\"\" srcset=\"https:\/\/i0.wp.com\/tuzlahortum.com.tr\/wp-content\/uploads\/2025\/08\/HYD_34.png?w=569&amp;ssl=1 569w, https:\/\/i0.wp.com\/tuzlahortum.com.tr\/wp-content\/uploads\/2025\/08\/HYD_34.png?resize=280%2C280&amp;ssl=1 280w, https:\/\/i0.wp.com\/tuzlahortum.com.tr\/wp-content\/uploads\/2025\/08\/HYD_34.png?resize=400%2C400&amp;ssl=1 400w, https:\/\/i0.wp.com\/tuzlahortum.com.tr\/wp-content\/uploads\/2025\/08\/HYD_34.png?resize=12%2C12&amp;ssl=1 12w, https:\/\/i0.wp.com\/tuzlahortum.com.tr\/wp-content\/uploads\/2025\/08\/HYD_34.png?resize=300%2C300&amp;ssl=1 300w, https:\/\/i0.wp.com\/tuzlahortum.com.tr\/wp-content\/uploads\/2025\/08\/HYD_34.png?resize=100%2C100&amp;ssl=1 100w\" sizes=\"auto, (max-width: 569px) 100vw, 569px\" title=\"\">                  <\/div>\n                  \n<div class=\"badge-container absolute left top z-1\">\n\n<\/div>\n                <\/div>\n          <\/a>\n        <\/div>\n        <\/div>\n       <div class=\"large-6 col flip-page-two\">\n        <div class=\"product-info col-inner inner-padding\">\n              <h1 class=\"entry-title\"><a href=\"https:\/\/tuzlahortum.com.tr\/fr\/produit\/liftlex-one-wire\/\">LIFTLEX - UN FIL<\/a><\/h1>\n              <div class=\"is-divider medium\"><\/div>\n              <div class=\"price-wrapper\">\n\t<p class=\"price product-page-price\">\n  <\/p>\n<\/div>\n<div class=\"product_meta\">\n\n\t\n\t\n\t<span class=\"posted_in\">Cat\u00e9gorie\u00a0: <a href=\"https:\/\/tuzlahortum.com.tr\/fr\/categorie-produit\/sel_hortumlari_by_danfoss\/sel_hidrolik_hortumlar\/orgulu_tel_hidrolik\/\" rel=\"tag\">SEL Hydraulic Hose Wire Braided (1-2)<\/a><\/span>\n\t\n\t\n<\/div>\n              <a href=\"https:\/\/tuzlahortum.com.tr\/fr\/produit\/liftlex-one-wire\/\" class=\"button\" data-no-translation=\"\" data-trp-gettext=\"\">Lire la suite<\/a>\n         <\/div>\n        <\/div>\n<\/div>\n<\/div>\n                    <\/div>\n          <\/div><\/div>\n          \n<div class=\"row\"  id=\"row-1844487635\">\n\n\t<div id=\"col-487469857\" class=\"col small-12 large-12\"  >\n\t\t\t\t<div class=\"col-inner\"  >\n\t\t\t\n\t\t\t\n<p class=\"lead\" style=\"text-align: center;\">Cr\u00e9ez un Flip Book pour n'importe quelle cat\u00e9gorie de produits. Vous pouvez \u00e9galement s\u00e9lectionner des articles personnalis\u00e9s.<\/p>\n\t\t<\/div>\n\t\t\t\t\t<\/div>\n\n\t\n<\/div>\n\t\t<\/div>\n\n\t\t\n<style>\n#section_1623549916 {\n  padding-top: 30px;\n  padding-bottom: 30px;\n  background-color: rgb(246, 246, 246);\n}\n<\/style>\n\t<\/section>","protected":false},"excerpt":{"rendered":"","protected":false},"author":1,"featured_media":0,"parent":93,"menu_order":99,"comment_status":"closed","ping_status":"closed","template":"page-blank.php","meta":{"jetpack_post_was_ever_published":false,"footnotes":""},"class_list":["post-21","page","type-page","status-publish","hentry"],"jetpack-related-posts":[],"jetpack_sharing_enabled":true,"jetpack_likes_enabled":true,"_links":{"self":[{"href":"https:\/\/tuzlahortum.com.tr\/fr\/wp-json\/wp\/v2\/pages\/21","targetHints":{"allow":["GET"]}}],"collection":[{"href":"https:\/\/tuzlahortum.com.tr\/fr\/wp-json\/wp\/v2\/pages"}],"about":[{"href":"https:\/\/tuzlahortum.com.tr\/fr\/wp-json\/wp\/v2\/types\/page"}],"author":[{"embeddable":true,"href":"https:\/\/tuzlahortum.com.tr\/fr\/wp-json\/wp\/v2\/users\/1"}],"replies":[{"embeddable":true,"href":"https:\/\/tuzlahortum.com.tr\/fr\/wp-json\/wp\/v2\/comments?post=21"}],"version-history":[{"count":0,"href":"https:\/\/tuzlahortum.com.tr\/fr\/wp-json\/wp\/v2\/pages\/21\/revisions"}],"up":[{"embeddable":true,"href":"https:\/\/tuzlahortum.com.tr\/fr\/wp-json\/wp\/v2\/pages\/93"}],"wp:attachment":[{"href":"https:\/\/tuzlahortum.com.tr\/fr\/wp-json\/wp\/v2\/media?parent=21"}],"curies":[{"name":"wp","href":"https:\/\/api.w.org\/{rel}","templated":true}]}}