{"id":2,"date":"2019-02-05T15:07:59","date_gmt":"2019-02-05T12:07:59","guid":{"rendered":"http:\/\/hortum.com.tr\/?page_id=2"},"modified":"2019-02-05T15:07:59","modified_gmt":"2019-02-05T12:07:59","slug":"ornek-sayfa","status":"publish","type":"page","link":"https:\/\/tuzlahortum.com.tr\/fr\/ornek-sayfa\/","title":{"rendered":"\u00d6rnek sayfa"},"content":{"rendered":"<p>Il s'agit d'une page d'exemple. Elle diff\u00e8re d'un article de blog car elle reste fix\u00e9e \u00e0 un endroit sp\u00e9cifique et son titre est affich\u00e9 dans le menu de navigation de votre th\u00e8me (la plupart des th\u00e8mes le prennent en charge). De nombreuses personnes utilisent une page \"\u00c0 propos\" pour accueillir des visiteurs potentiels. Une page qui ressemble \u00e0 ceci :<\/p>\n\n\n\n<blockquote class=\"wp-block-quote is-layout-flow wp-block-quote-is-layout-flow\"><p>Bonjour \u00e0 tous ! Je suis coursier \u00e0 v\u00e9lo le jour et acteur en herbe la nuit, et ceci est mon site web. Je vis \u00e0 Istanbul, j'ai un merveilleux chien nomm\u00e9 B\u0131d\u0131k et j'adore boire des pi\u00f1a coladas (et me faire surprendre par la pluie).<\/p><\/blockquote>\n\n\n\n<p>...ou quelque chose comme \u00e7a :<\/p>\n\n\n\n<blockquote class=\"wp-block-quote is-layout-flow wp-block-quote-is-layout-flow\"><p>XYZ a \u00e9t\u00e9 fond\u00e9e en 1971 et fabrique depuis des produits de qualit\u00e9. Situ\u00e9e \u00e0 Gotham City, la soci\u00e9t\u00e9 XYZ s'efforce de faire ce qu'il y a de mieux pour Gotham City avec plus de 2 000 employ\u00e9s.<\/p><\/blockquote>\n\n\n\n<p>En tant que nouvel utilisateur de WordPress, vous devez tout d'abord <a href=\"http:\/\/hortum.com.tr\/wp-admin\/\" target=\"_blank\" rel=\"noopener\">page d'accueil<\/a> Vous devez progressivement supprimer cette page et cr\u00e9er vos propres pages. Amusez-vous bien !<\/p>","protected":false},"excerpt":{"rendered":"<p>Bu \u00f6rnek bir sayfad\u0131r. Bir blog yaz\u0131s\u0131ndan farkl\u0131d\u0131r \u00e7\u00fcnk\u00fc belirli bir yerde sabit olarak kal\u0131r ve teman\u0131z\u0131n dola\u015f\u0131m men\u00fcs\u00fcnde ba\u015fl\u0131\u011f\u0131 g\u00f6r\u00fcnt\u00fclenir(\u00e7o\u011fu tema destekler). Bir \u00e7ok insan potansiyel ziyaret\u00e7ilerini kar\u015f\u0131lamak ad\u0131na bir Hakk\u0131nda sayfas\u0131 kullan\u0131r. \u015euna benzeyen bir sayfa: Merhaba! G\u00fcnd\u00fczleri bisikletli kurye, geceleri ise hevesli bir akt\u00f6r\u00fcm, buras\u0131 da benim sitem. \u0130stanbul&#8217;da ya\u015f\u0131yorum, B\u0131d\u0131k isminde [&#8230;]\n","protected":false},"author":1,"featured_media":0,"parent":0,"menu_order":0,"comment_status":"closed","ping_status":"open","template":"","meta":{"jetpack_post_was_ever_published":false,"footnotes":""},"class_list":["post-2","page","type-page","status-publish","hentry"],"jetpack-related-posts":[{"id":70,"url":"https:\/\/tuzlahortum.com.tr\/fr\/elements\/lightbox\/","url_meta":{"origin":2,"position":0},"title":"Lightbox","author":"admin","date":"20 d\u00e9cembre 2013","format":false,"excerpt":"","rel":"","context":"Article similaire","block_context":{"text":"Article similaire","link":""},"img":{"alt_text":"","src":"","width":0,"height":0},"classes":[]},{"id":91,"url":"https:\/\/tuzlahortum.com.tr\/fr\/elements\/blog-posts\/","url_meta":{"origin":2,"position":1},"title":"Blog Posts","author":"admin","date":"11 ao\u00fbt 2013","format":false,"excerpt":"","rel":"","context":"Article similaire","block_context":{"text":"Article similaire","link":""},"img":{"alt_text":"","src":"","width":0,"height":0},"classes":[]},{"id":43,"url":"https:\/\/tuzlahortum.com.tr\/fr\/elements\/pages\/","url_meta":{"origin":2,"position":2},"title":"Pages","author":"admin","date":"31 mars 2016","format":false,"excerpt":"","rel":"","context":"Article similaire","block_context":{"text":"Article similaire","link":""},"img":{"alt_text":"","src":"","width":0,"height":0},"classes":[]},{"id":41,"url":"https:\/\/tuzlahortum.com.tr\/fr\/elements\/logo\/","url_meta":{"origin":2,"position":3},"title":"Logo","author":"admin","date":"31 mars 2016","format":false,"excerpt":"","rel":"","context":"Article similaire","block_context":{"text":"Article similaire","link":""},"img":{"alt_text":"","src":"","width":0,"height":0},"classes":[]},{"id":75,"url":"https:\/\/tuzlahortum.com.tr\/fr\/elements\/products\/","url_meta":{"origin":2,"position":4},"title":"Products","author":"admin","date":"18 ao\u00fbt 2013","format":false,"excerpt":"","rel":"","context":"Article similaire","block_context":{"text":"Article similaire","link":""},"img":{"alt_text":"","src":"","width":0,"height":0},"classes":[]},{"id":30,"url":"https:\/\/tuzlahortum.com.tr\/fr\/elements\/video-button\/","url_meta":{"origin":2,"position":5},"title":"Bouton vid\u00e9o","author":"admin","date":"15 juin 2016","format":false,"excerpt":"","rel":"","context":"Article similaire","block_context":{"text":"Article similaire","link":""},"img":{"alt_text":"","src":"","width":0,"height":0},"classes":[]}],"jetpack_sharing_enabled":true,"jetpack_likes_enabled":true,"_links":{"self":[{"href":"https:\/\/tuzlahortum.com.tr\/fr\/wp-json\/wp\/v2\/pages\/2","targetHints":{"allow":["GET"]}}],"collection":[{"href":"https:\/\/tuzlahortum.com.tr\/fr\/wp-json\/wp\/v2\/pages"}],"about":[{"href":"https:\/\/tuzlahortum.com.tr\/fr\/wp-json\/wp\/v2\/types\/page"}],"author":[{"embeddable":true,"href":"https:\/\/tuzlahortum.com.tr\/fr\/wp-json\/wp\/v2\/users\/1"}],"replies":[{"embeddable":true,"href":"https:\/\/tuzlahortum.com.tr\/fr\/wp-json\/wp\/v2\/comments?post=2"}],"version-history":[{"count":0,"href":"https:\/\/tuzlahortum.com.tr\/fr\/wp-json\/wp\/v2\/pages\/2\/revisions"}],"wp:attachment":[{"href":"https:\/\/tuzlahortum.com.tr\/fr\/wp-json\/wp\/v2\/media?parent=2"}],"curies":[{"name":"wp","href":"https:\/\/api.w.org\/{rel}","templated":true}]}}