{"id":1217,"date":"2019-02-07T16:15:31","date_gmt":"2019-02-07T13:15:31","guid":{"rendered":"http:\/\/hortum.com.tr\/?page_id=1217"},"modified":"2019-03-28T13:25:13","modified_gmt":"2019-03-28T10:25:13","slug":"satis-danismanlarimiz","status":"publish","type":"page","link":"https:\/\/tuzlahortum.com.tr\/fr\/satis-danismanlarimiz\/","title":{"rendered":"Nos conseillers commerciaux"},"content":{"rendered":"<h3 class=\"uppercase\" style=\"text-align: center;\">Nos conseillers commerciaux<\/h3>\n<p style=\"text-align: center;\">Tous nos conseillers feront de leur mieux pour vous fournir le meilleur service. Si vous le demandez, votre entreprise peut \u00eatre visit\u00e9e ou votre installation peut \u00eatre examin\u00e9e et des conseils peuvent \u00eatre fournis sur l&#039;utilisation du bon produit.<\/p>\n<p class=\"uppercase lead\" style=\"text-align: center;\">T\u00e9l : 0 216 493 53 53 (PBX)<\/p>\n<a href=\"https:\/\/outlook.office365.com\/owa\/calendar\/TuzlaHortumSanTicLtdti@tuzlahortum.com.tr\/bookings\/\" target=\"_blank\" class=\"button primary is-shade is-large box-shadow-3 box-shadow-5-hover expand\" rel=\"noopener\" style=\"border-radius:5px;\">\n\t\t<span>Planifier une visite<\/span>\n\t<i class=\"icon-clock\" aria-hidden=\"true\"><\/i><\/a>\n\n\n<div class=\"row\"  id=\"row-2058419100\">\n\n\n\t<div id=\"col-1789523347\" class=\"col medium-4 small-6 large-4\"  >\n\t\t\t\t<div class=\"col-inner\"  >\n\t\t\t\n\t\t\t\n\n    <div class=\"box has-hover has-hover box-shadow-3-hover box-text-bottom\" >\n\n                  <div class=\"box-image\" style=\"width:80%;\">\n           <div class=\"box-image-inner image-cover\" style=\"border-radius:100%;padding-top:100%;\">\n              <img data-recalc-dims=\"1\" decoding=\"async\" src=\"https:\/\/i0.wp.com\/tuzlahortum.com.tr\/wp-content\/themes\/flatsome\/assets\/img\/missing.jpg?w=1020&#038;ssl=1\" alt=\"\" title=\"\">                         <\/div>\n          <\/div>\n         \n          <div class=\"box-text text-center\" >\n                <div class=\"box-text-inner\">\n                  <h4 class=\"uppercase\">\n                    <span class=\"person-name\">Murat Ergenc<\/span><br\/>\n                    <span class=\"person-title is-small thin-font op-7\">\n                      Directeur commercial                    <\/span>\n                  <\/h4>\n\t\t\t\t\t<div class=\"social-icons follow-icons\" ><a href=\"mailto:murat@tuzlahortum.com.tr\" data-label=\"E-mail\" target=\"_blank\" class=\"icon button circle is-outline tooltip email\" title=\"Nous envoyons un email\" aria-label=\"Nous envoyons un email\" rel=\"nofollow noopener\"><i class=\"icon-envelop\" aria-hidden=\"true\"><\/i><\/a><\/div>\n\n<p>Interne : 119<\/p>\n\n                <\/div>\n          <\/div>\n    <\/div>\n\n\t\n    \n\n\t\t<\/div>\n\t\t\t\t\t<\/div>\n\n\t\n\n\t<div id=\"col-876673883\" class=\"col medium-4 small-6 large-4\"  >\n\t\t\t\t<div class=\"col-inner\"  >\n\t\t\t\n\t\t\t\n\n    <div class=\"box has-hover has-hover box-shadow-3-hover box-text-bottom\" >\n\n                  <div class=\"box-image\" style=\"width:80%;\">\n           <div class=\"box-image-inner image-cover\" style=\"border-radius:100%;padding-top:100%;\">\n              <img data-recalc-dims=\"1\" loading=\"lazy\" decoding=\"async\" width=\"700\" height=\"700\" src=\"https:\/\/i0.wp.com\/tuzlahortum.com.tr\/wp-content\/uploads\/2019\/03\/Abdullah_Ergenc.jpg?resize=700%2C700&#038;ssl=1\" class=\"attachment- size-\" alt=\"\" srcset=\"https:\/\/i0.wp.com\/tuzlahortum.com.tr\/wp-content\/uploads\/2019\/03\/Abdullah_Ergenc.jpg?w=700&amp;ssl=1 700w, https:\/\/i0.wp.com\/tuzlahortum.com.tr\/wp-content\/uploads\/2019\/03\/Abdullah_Ergenc.jpg?resize=280%2C280&amp;ssl=1 280w, https:\/\/i0.wp.com\/tuzlahortum.com.tr\/wp-content\/uploads\/2019\/03\/Abdullah_Ergenc.jpg?resize=400%2C400&amp;ssl=1 400w, https:\/\/i0.wp.com\/tuzlahortum.com.tr\/wp-content\/uploads\/2019\/03\/Abdullah_Ergenc.jpg?resize=300%2C300&amp;ssl=1 300w, https:\/\/i0.wp.com\/tuzlahortum.com.tr\/wp-content\/uploads\/2019\/03\/Abdullah_Ergenc.jpg?resize=600%2C600&amp;ssl=1 600w, https:\/\/i0.wp.com\/tuzlahortum.com.tr\/wp-content\/uploads\/2019\/03\/Abdullah_Ergenc.jpg?resize=100%2C100&amp;ssl=1 100w\" sizes=\"auto, (max-width: 700px) 100vw, 700px\" title=\"\">                         <\/div>\n          <\/div>\n         \n          <div class=\"box-text text-center\" >\n                <div class=\"box-text-inner\">\n                  <h4 class=\"uppercase\">\n                    <span class=\"person-name\">Abdullah Ergen\u00e7<\/span><br\/>\n                    <span class=\"person-title is-small thin-font op-7\">\n                      Conseiller des ventes                    <\/span>\n                  <\/h4>\n\t\t\t\t\t<div class=\"social-icons follow-icons\" ><a href=\"mailto:abdullah@tuzlahortum.com.tr\" data-label=\"E-mail\" target=\"_blank\" class=\"icon button circle is-outline tooltip email\" title=\"Nous envoyons un email\" aria-label=\"Nous envoyons un email\" rel=\"nofollow noopener\"><i class=\"icon-envelop\" aria-hidden=\"true\"><\/i><\/a><\/div>\n\n<p>Interne : 127<\/p>\n\n                <\/div>\n          <\/div>\n    <\/div>\n\n\t\n    \n\n\t\t<\/div>\n\t\t\t\t\t<\/div>\n\n\t\n\n\t<div id=\"col-445395590\" class=\"col medium-4 small-6 large-4\"  >\n\t\t\t\t<div class=\"col-inner\"  >\n\t\t\t\n\t\t\t\n\n    <div class=\"box has-hover has-hover box-shadow-3-hover box-text-bottom\" >\n\n                  <div class=\"box-image\" style=\"width:80%;\">\n           <div class=\"box-image-inner image-cover\" style=\"border-radius:100%;padding-top:100%;\">\n              <img data-recalc-dims=\"1\" loading=\"lazy\" decoding=\"async\" width=\"700\" height=\"700\" src=\"https:\/\/i0.wp.com\/tuzlahortum.com.tr\/wp-content\/uploads\/2019\/03\/Fatih_Karakus.jpg?resize=700%2C700&#038;ssl=1\" class=\"attachment- size-\" alt=\"\" srcset=\"https:\/\/i0.wp.com\/tuzlahortum.com.tr\/wp-content\/uploads\/2019\/03\/Fatih_Karakus.jpg?w=700&amp;ssl=1 700w, https:\/\/i0.wp.com\/tuzlahortum.com.tr\/wp-content\/uploads\/2019\/03\/Fatih_Karakus.jpg?resize=280%2C280&amp;ssl=1 280w, https:\/\/i0.wp.com\/tuzlahortum.com.tr\/wp-content\/uploads\/2019\/03\/Fatih_Karakus.jpg?resize=400%2C400&amp;ssl=1 400w, https:\/\/i0.wp.com\/tuzlahortum.com.tr\/wp-content\/uploads\/2019\/03\/Fatih_Karakus.jpg?resize=300%2C300&amp;ssl=1 300w, https:\/\/i0.wp.com\/tuzlahortum.com.tr\/wp-content\/uploads\/2019\/03\/Fatih_Karakus.jpg?resize=600%2C600&amp;ssl=1 600w, https:\/\/i0.wp.com\/tuzlahortum.com.tr\/wp-content\/uploads\/2019\/03\/Fatih_Karakus.jpg?resize=100%2C100&amp;ssl=1 100w\" sizes=\"auto, (max-width: 700px) 100vw, 700px\" title=\"\">                         <\/div>\n          <\/div>\n         \n          <div class=\"box-text text-center\" >\n                <div class=\"box-text-inner\">\n                  <h4 class=\"uppercase\">\n                    <span class=\"person-name\">Fatih Karakus<\/span><br\/>\n                    <span class=\"person-title is-small thin-font op-7\">\n                      Conseiller des ventes                    <\/span>\n                  <\/h4>\n\t\t\t\t\t<div class=\"social-icons follow-icons\" ><a href=\"mailto:fatih@tuzlahortum.com.tr\" data-label=\"E-mail\" target=\"_blank\" class=\"icon button circle is-outline tooltip email\" title=\"Nous envoyons un email\" aria-label=\"Nous envoyons un email\" rel=\"nofollow noopener\"><i class=\"icon-envelop\" aria-hidden=\"true\"><\/i><\/a><\/div>\n\n<p>Interne : 123<\/p>\n\n                <\/div>\n          <\/div>\n    <\/div>\n\n\t\n    \n\n\t\t<\/div>\n\t\t\t\t\t<\/div>\n\n\t\n\n\t<div id=\"col-1208899928\" class=\"col medium-4 small-6 large-4\"  >\n\t\t\t\t<div class=\"col-inner\"  >\n\t\t\t\n\t\t\t\n\n    <div class=\"box has-hover has-hover box-shadow-3-hover box-text-bottom\" >\n\n                  <div class=\"box-image\" style=\"width:80%;\">\n           <div class=\"box-image-inner image-cover\" style=\"border-radius:100%;padding-top:100%;\">\n              <img data-recalc-dims=\"1\" loading=\"lazy\" decoding=\"async\" width=\"700\" height=\"700\" src=\"https:\/\/i0.wp.com\/tuzlahortum.com.tr\/wp-content\/uploads\/2019\/03\/Fatih_Sahan.jpg?resize=700%2C700&#038;ssl=1\" class=\"attachment- size-\" alt=\"\" srcset=\"https:\/\/i0.wp.com\/tuzlahortum.com.tr\/wp-content\/uploads\/2019\/03\/Fatih_Sahan.jpg?w=700&amp;ssl=1 700w, https:\/\/i0.wp.com\/tuzlahortum.com.tr\/wp-content\/uploads\/2019\/03\/Fatih_Sahan.jpg?resize=280%2C280&amp;ssl=1 280w, https:\/\/i0.wp.com\/tuzlahortum.com.tr\/wp-content\/uploads\/2019\/03\/Fatih_Sahan.jpg?resize=400%2C400&amp;ssl=1 400w, https:\/\/i0.wp.com\/tuzlahortum.com.tr\/wp-content\/uploads\/2019\/03\/Fatih_Sahan.jpg?resize=300%2C300&amp;ssl=1 300w, https:\/\/i0.wp.com\/tuzlahortum.com.tr\/wp-content\/uploads\/2019\/03\/Fatih_Sahan.jpg?resize=600%2C600&amp;ssl=1 600w, https:\/\/i0.wp.com\/tuzlahortum.com.tr\/wp-content\/uploads\/2019\/03\/Fatih_Sahan.jpg?resize=100%2C100&amp;ssl=1 100w\" sizes=\"auto, (max-width: 700px) 100vw, 700px\" title=\"\">                         <\/div>\n          <\/div>\n         \n          <div class=\"box-text text-center\" >\n                <div class=\"box-text-inner\">\n                  <h4 class=\"uppercase\">\n                    <span class=\"person-name\">Fatih Sahan<\/span><br\/>\n                    <span class=\"person-title is-small thin-font op-7\">\n                      Conseiller des ventes                    <\/span>\n                  <\/h4>\n\t\t\t\t\t<div class=\"social-icons follow-icons\" ><a href=\"mailto:fatih.sahan@tuzlahortum.com.tr\" data-label=\"E-mail\" target=\"_blank\" class=\"icon button circle is-outline tooltip email\" title=\"Nous envoyons un email\" aria-label=\"Nous envoyons un email\" rel=\"nofollow noopener\"><i class=\"icon-envelop\" aria-hidden=\"true\"><\/i><\/a><\/div>\n\n<p>Interne : 125<\/p>\n\n                <\/div>\n          <\/div>\n    <\/div>\n\n\t\n    \n\n\t\t<\/div>\n\t\t\t\t\t<\/div>\n\n\t\n\n\t<div id=\"col-1546745887\" class=\"col medium-4 small-6 large-4\"  >\n\t\t\t\t<div class=\"col-inner\"  >\n\t\t\t\n\t\t\t\n\n    <div class=\"box has-hover has-hover box-shadow-3-hover box-text-bottom\" >\n\n                  <div class=\"box-image\" style=\"width:80%;\">\n           <div class=\"box-image-inner image-cover\" style=\"border-radius:100%;padding-top:100%;\">\n              <img data-recalc-dims=\"1\" decoding=\"async\" src=\"https:\/\/i0.wp.com\/tuzlahortum.com.tr\/wp-content\/themes\/flatsome\/assets\/img\/missing.jpg?w=1020&#038;ssl=1\" alt=\"\" title=\"\">                         <\/div>\n          <\/div>\n         \n          <div class=\"box-text text-center\" >\n                <div class=\"box-text-inner\">\n                  <h4 class=\"uppercase\">\n                    <span class=\"person-name\">Ali Ercan<\/span><br\/>\n                    <span class=\"person-title is-small thin-font op-7\">\n                      Conseiller des ventes                    <\/span>\n                  <\/h4>\n\t\t\t\t\t<div class=\"social-icons follow-icons\" ><a href=\"mailto:ali@tuzlahortum.com.tr\" data-label=\"E-mail\" target=\"_blank\" class=\"icon button circle is-outline tooltip email\" title=\"Nous envoyons un email\" aria-label=\"Nous envoyons un email\" rel=\"nofollow noopener\"><i class=\"icon-envelop\" aria-hidden=\"true\"><\/i><\/a><\/div>\n\n<p>Interne : 122<\/p>\n\n                <\/div>\n          <\/div>\n    <\/div>\n\n\t\n    \n\n\t\t<\/div>\n\t\t\t\t\t<\/div>\n\n\t\n\n\t<div id=\"col-688472733\" class=\"col medium-4 small-6 large-4\"  >\n\t\t\t\t<div class=\"col-inner\"  >\n\t\t\t\n\t\t\t\n\n    <div class=\"box has-hover has-hover box-shadow-3-hover box-text-bottom\" >\n\n                  <div class=\"box-image\" style=\"width:80%;\">\n           <div class=\"box-image-inner image-cover\" style=\"border-radius:100%;padding-top:100%;\">\n              <img data-recalc-dims=\"1\" loading=\"lazy\" decoding=\"async\" width=\"700\" height=\"700\" src=\"https:\/\/i0.wp.com\/tuzlahortum.com.tr\/wp-content\/uploads\/2019\/03\/Tolga_Sadic.jpg?resize=700%2C700&#038;ssl=1\" class=\"attachment- size-\" alt=\"\" srcset=\"https:\/\/i0.wp.com\/tuzlahortum.com.tr\/wp-content\/uploads\/2019\/03\/Tolga_Sadic.jpg?w=700&amp;ssl=1 700w, https:\/\/i0.wp.com\/tuzlahortum.com.tr\/wp-content\/uploads\/2019\/03\/Tolga_Sadic.jpg?resize=280%2C280&amp;ssl=1 280w, https:\/\/i0.wp.com\/tuzlahortum.com.tr\/wp-content\/uploads\/2019\/03\/Tolga_Sadic.jpg?resize=400%2C400&amp;ssl=1 400w, https:\/\/i0.wp.com\/tuzlahortum.com.tr\/wp-content\/uploads\/2019\/03\/Tolga_Sadic.jpg?resize=300%2C300&amp;ssl=1 300w, https:\/\/i0.wp.com\/tuzlahortum.com.tr\/wp-content\/uploads\/2019\/03\/Tolga_Sadic.jpg?resize=600%2C600&amp;ssl=1 600w, https:\/\/i0.wp.com\/tuzlahortum.com.tr\/wp-content\/uploads\/2019\/03\/Tolga_Sadic.jpg?resize=100%2C100&amp;ssl=1 100w\" sizes=\"auto, (max-width: 700px) 100vw, 700px\" title=\"\">                         <\/div>\n          <\/div>\n         \n          <div class=\"box-text text-center\" >\n                <div class=\"box-text-inner\">\n                  <h4 class=\"uppercase\">\n                    <span class=\"person-name\">Tolga Sadic<\/span><br\/>\n                    <span class=\"person-title is-small thin-font op-7\">\n                      Conseiller des ventes                    <\/span>\n                  <\/h4>\n\t\t\t\t\t<div class=\"social-icons follow-icons\" ><a href=\"mailto:tolga@tuzlahortum.com.tr\" data-label=\"E-mail\" target=\"_blank\" class=\"icon button circle is-outline tooltip email\" title=\"Nous envoyons un email\" aria-label=\"Nous envoyons un email\" rel=\"nofollow noopener\"><i class=\"icon-envelop\" aria-hidden=\"true\"><\/i><\/a><\/div>\n\n<p>Interne : 124<\/p>\n\n                <\/div>\n          <\/div>\n    <\/div>\n\n\t\n    \n\n\t\t<\/div>\n\t\t\t\t\t<\/div>\n\n\t\n\n\t<div id=\"col-106371041\" class=\"col medium-4 small-6 large-4\"  >\n\t\t\t\t<div class=\"col-inner\"  >\n\t\t\t\n\t\t\t\n\n    <div class=\"box has-hover has-hover box-shadow-3-hover box-text-bottom\" >\n\n                  <div class=\"box-image\" style=\"width:80%;\">\n           <div class=\"box-image-inner image-cover\" style=\"border-radius:100%;padding-top:100%;\">\n              <img data-recalc-dims=\"1\" loading=\"lazy\" decoding=\"async\" width=\"700\" height=\"700\" src=\"https:\/\/i0.wp.com\/tuzlahortum.com.tr\/wp-content\/uploads\/2019\/03\/Ismail_Celik.jpg?resize=700%2C700&#038;ssl=1\" class=\"attachment- size-\" alt=\"\" srcset=\"https:\/\/i0.wp.com\/tuzlahortum.com.tr\/wp-content\/uploads\/2019\/03\/Ismail_Celik.jpg?w=700&amp;ssl=1 700w, https:\/\/i0.wp.com\/tuzlahortum.com.tr\/wp-content\/uploads\/2019\/03\/Ismail_Celik.jpg?resize=280%2C280&amp;ssl=1 280w, https:\/\/i0.wp.com\/tuzlahortum.com.tr\/wp-content\/uploads\/2019\/03\/Ismail_Celik.jpg?resize=400%2C400&amp;ssl=1 400w, https:\/\/i0.wp.com\/tuzlahortum.com.tr\/wp-content\/uploads\/2019\/03\/Ismail_Celik.jpg?resize=300%2C300&amp;ssl=1 300w, https:\/\/i0.wp.com\/tuzlahortum.com.tr\/wp-content\/uploads\/2019\/03\/Ismail_Celik.jpg?resize=600%2C600&amp;ssl=1 600w, https:\/\/i0.wp.com\/tuzlahortum.com.tr\/wp-content\/uploads\/2019\/03\/Ismail_Celik.jpg?resize=100%2C100&amp;ssl=1 100w\" sizes=\"auto, (max-width: 700px) 100vw, 700px\" title=\"\">                         <\/div>\n          <\/div>\n         \n          <div class=\"box-text text-center\" >\n                <div class=\"box-text-inner\">\n                  <h4 class=\"uppercase\">\n                    <span class=\"person-name\">Isma\u00efl Celik<\/span><br\/>\n                    <span class=\"person-title is-small thin-font op-7\">\n                      Conseiller des ventes                    <\/span>\n                  <\/h4>\n\t\t\t\t\t<div class=\"social-icons follow-icons\" ><a href=\"mailto:ismail@tuzlahortum.com.tr\" data-label=\"E-mail\" target=\"_blank\" class=\"icon button circle is-outline tooltip email\" title=\"Nous envoyons un email\" aria-label=\"Nous envoyons un email\" rel=\"nofollow noopener\"><i class=\"icon-envelop\" aria-hidden=\"true\"><\/i><\/a><\/div>\n\n\n                <\/div>\n          <\/div>\n    <\/div>\n\n\t\n    \n\n\t\t<\/div>\n\t\t\t\t\t<\/div>\n\n\t\n\n\n<\/div>\n<a href=\"https:\/\/outlook.office365.com\/owa\/calendar\/TuzlaHortumSanTicLtdti@tuzlahortum.com.tr\/bookings\/\" target=\"_blank\" class=\"button primary is-shade is-large box-shadow-3 box-shadow-5-hover expand\" rel=\"noopener\" style=\"border-radius:5px;\">\n\t\t<span>Planifier une visite<\/span>\n\t<i class=\"icon-clock\" aria-hidden=\"true\"><\/i><\/a>","protected":false},"excerpt":{"rendered":"<p>Nos conseillers commerciaux Tous nos conseillers feront de leur mieux pour vous offrir le meilleur service. Si vous le demandez, votre entreprise peut \u00eatre visit\u00e9e ou votre installation peut \u00eatre examin\u00e9e et des conseils peuvent \u00eatre fournis sur l&#039;utilisation du bon produit. T\u00e9l : 0 216 493 53 53 (pbx)<\/p>","protected":false},"author":1,"featured_media":0,"parent":0,"menu_order":0,"comment_status":"closed","ping_status":"closed","template":"","meta":{"jetpack_post_was_ever_published":false,"footnotes":""},"class_list":["post-1217","page","type-page","status-publish","hentry"],"jetpack-related-posts":[{"id":49,"url":"https:\/\/tuzlahortum.com.tr\/fr\/elements\/images\/","url_meta":{"origin":1217,"position":0},"title":"Images","author":"admin","date":"15 f\u00e9vrier 2016","format":false,"excerpt":"","rel":"","context":"Article similaire","block_context":{"text":"Article similaire","link":""},"img":{"alt_text":"","src":"","width":0,"height":0},"classes":[]},{"id":77,"url":"https:\/\/tuzlahortum.com.tr\/fr\/elements\/team-member\/","url_meta":{"origin":1217,"position":1},"title":"Team Member","author":"admin","date":"18 ao\u00fbt 2013","format":false,"excerpt":"","rel":"","context":"Article similaire","block_context":{"text":"Article similaire","link":""},"img":{"alt_text":"","src":"","width":0,"height":0},"classes":[]},{"id":30,"url":"https:\/\/tuzlahortum.com.tr\/fr\/elements\/video-button\/","url_meta":{"origin":1217,"position":2},"title":"Bouton vid\u00e9o","author":"admin","date":"15 juin 2016","format":false,"excerpt":"","rel":"","context":"Article similaire","block_context":{"text":"Article similaire","link":""},"img":{"alt_text":"","src":"","width":0,"height":0},"classes":[]},{"id":87,"url":"https:\/\/tuzlahortum.com.tr\/fr\/elements\/map\/","url_meta":{"origin":1217,"position":3},"title":"Map","author":"admin","date":"11 ao\u00fbt 2013","format":false,"excerpt":"","rel":"","context":"Article similaire","block_context":{"text":"Article similaire","link":""},"img":{"alt_text":"","src":"","width":0,"height":0},"classes":[]},{"id":94,"url":"https:\/\/tuzlahortum.com.tr\/fr\/","url_meta":{"origin":1217,"position":4},"title":"Tuyaux d'inondation","author":"admin","date":"6 ao\u00fbt 2013","format":false,"excerpt":"","rel":"","context":"Article similaire","block_context":{"text":"Article similaire","link":""},"img":{"alt_text":"","src":"","width":0,"height":0},"classes":[]},{"id":36,"url":"https:\/\/tuzlahortum.com.tr\/fr\/elements\/forms\/","url_meta":{"origin":1217,"position":5},"title":"Forms","author":"admin","date":"31 mars 2016","format":false,"excerpt":"","rel":"","context":"Article similaire","block_context":{"text":"Article similaire","link":""},"img":{"alt_text":"","src":"","width":0,"height":0},"classes":[]}],"jetpack_sharing_enabled":true,"jetpack_likes_enabled":true,"_links":{"self":[{"href":"https:\/\/tuzlahortum.com.tr\/fr\/wp-json\/wp\/v2\/pages\/1217","targetHints":{"allow":["GET"]}}],"collection":[{"href":"https:\/\/tuzlahortum.com.tr\/fr\/wp-json\/wp\/v2\/pages"}],"about":[{"href":"https:\/\/tuzlahortum.com.tr\/fr\/wp-json\/wp\/v2\/types\/page"}],"author":[{"embeddable":true,"href":"https:\/\/tuzlahortum.com.tr\/fr\/wp-json\/wp\/v2\/users\/1"}],"replies":[{"embeddable":true,"href":"https:\/\/tuzlahortum.com.tr\/fr\/wp-json\/wp\/v2\/comments?post=1217"}],"version-history":[{"count":0,"href":"https:\/\/tuzlahortum.com.tr\/fr\/wp-json\/wp\/v2\/pages\/1217\/revisions"}],"wp:attachment":[{"href":"https:\/\/tuzlahortum.com.tr\/fr\/wp-json\/wp\/v2\/media?parent=1217"}],"curies":[{"name":"wp","href":"https:\/\/api.w.org\/{rel}","templated":true}]}}