{"id":11925,"date":"2020-06-16T09:42:36","date_gmt":"2020-06-16T06:42:36","guid":{"rendered":"https:\/\/tuzlahortum.com.tr\/?page_id=11925"},"modified":"2020-06-16T10:35:57","modified_gmt":"2020-06-16T07:35:57","slug":"video","status":"publish","type":"page","link":"https:\/\/tuzlahortum.com.tr\/fr\/video\/","title":{"rendered":"Vid\u00e9os"},"content":{"rendered":"<div class=\"row\"  id=\"row-1058573187\">\n\n\n\t<div id=\"col-779584061\" class=\"col medium-4 small-12 large-4\"  >\n\t\t\t\t<div class=\"col-inner\"  >\n\t\t\t\n\t\t\t\n\n<div class=\"video video-fit mb\" style=\"padding-top:56.25%;\"><iframe loading=\"lazy\" title=\"Quel tuyau alimentaire choisir ?\" width=\"1020\" height=\"574\" src=\"https:\/\/www.youtube.com\/embed\/1RIgy8WF1Ao?feature=oembed\" frameborder=\"0\" allow=\"accelerometer; autoplay; clipboard-write; encrypted-media; gyroscope; picture-in-picture\" allowfullscreen><\/iframe><\/div>\n\n<h4><strong>Quel tuyau alimentaire choisir ?<\/strong><\/h4>\n<p>La production alimentaire est l&#039;un des sujets auxquels je suis le plus sensible. Comment les produits doivent-ils \u00eatre dans les tuyaux alimentaires, comment fonctionne la certification, et y a-t-il un audit \u00e0 ce sujet dans notre pays ?<\/p>\n\n\t\t<\/div>\n\t\t\t\t\t<\/div>\n\n\t\n\n\t<div id=\"col-1786358838\" class=\"col medium-4 small-12 large-4\"  >\n\t\t\t\t<div class=\"col-inner\"  >\n\t\t\t\n\t\t\t\n\n<div class=\"video video-fit mb\" style=\"padding-top:56.25%;\"><p><iframe loading=\"lazy\" title=\"Choisir le bon produit - tuyau\" width=\"1020\" height=\"574\" src=\"https:\/\/www.youtube.com\/embed\/T8D69YsgW7o?feature=oembed\" frameborder=\"0\" allow=\"accelerometer; autoplay; clipboard-write; encrypted-media; gyroscope; picture-in-picture\" allowfullscreen><\/iframe><\/p>\n<\/div>\n\n<h4><strong>Choisir le bon produit - tuyau<\/strong><\/h4>\n<p>\nLa s\u00e9lection des tuyaux est un processus dans les entreprises industrielles commettent souvent des erreurs. Parfois, lors du choix du bon produit, il peut y avoir une mauvaise utilisation. Notre objectif dans cette vid\u00e9o est de vous fournir les informations n\u00e9cessaires pour d\u00e9terminer exactement ce dont vous avez besoin \u00e0 l'\u00e9tape de l'achat du produit.<\/p>\n\n\t\t<\/div>\n\t\t\t\t\t<\/div>\n\n\t\n\n\t<div id=\"col-1712263087\" class=\"col medium-4 small-12 large-4\"  >\n\t\t\t\t<div class=\"col-inner\"  >\n\t\t\t\n\t\t\t\n\n<div class=\"video video-fit mb\" style=\"padding-top:56.25%;\"><p><iframe loading=\"lazy\" title=\"Confusion des mesures (pouces, doigts, brume, millim\u00e8tres)\" width=\"1020\" height=\"574\" src=\"https:\/\/www.youtube.com\/embed\/uKk6AG_AZls?feature=oembed\" frameborder=\"0\" allow=\"accelerometer; autoplay; clipboard-write; encrypted-media; gyroscope; picture-in-picture\" allowfullscreen><\/iframe><\/p>\n<\/div>\n\n<h4><strong>Confusion dans les unit\u00e9s de mesures<\/strong><\/h4>\n<p>\nLes tuyaux et Mars, m\u00eame l'espace... Qu'est-ce que cela veut dire?<\/p>\n<p>Les effets n\u00e9gatifs de l&#039;utilisation de diff\u00e9rentes unit\u00e9s de mesure dans le monde se manifestent dans presque de nombreux domaines. Le tuyau est l&#039;un des sujets qui tire beaucoup sa part de ce probl\u00e8me.<\/p>\n\n\t\t<\/div>\n\t\t\t\t\t<\/div>\n\n\t\n\n<\/div>","protected":false},"excerpt":{"rendered":"","protected":false},"author":1,"featured_media":0,"parent":0,"menu_order":0,"comment_status":"closed","ping_status":"closed","template":"","meta":{"jetpack_post_was_ever_published":false,"footnotes":""},"class_list":["post-11925","page","type-page","status-publish","hentry"],"jetpack-related-posts":[{"id":49,"url":"https:\/\/tuzlahortum.com.tr\/fr\/elements\/images\/","url_meta":{"origin":11925,"position":0},"title":"Images","author":"admin","date":"15 f\u00e9vrier 2016","format":false,"excerpt":"","rel":"","context":"Article similaire","block_context":{"text":"Article similaire","link":""},"img":{"alt_text":"","src":"","width":0,"height":0},"classes":[]},{"id":30,"url":"https:\/\/tuzlahortum.com.tr\/fr\/elements\/video-button\/","url_meta":{"origin":11925,"position":1},"title":"Bouton vid\u00e9o","author":"admin","date":"15 juin 2016","format":false,"excerpt":"","rel":"","context":"Article similaire","block_context":{"text":"Article similaire","link":""},"img":{"alt_text":"","src":"","width":0,"height":0},"classes":[]},{"id":36,"url":"https:\/\/tuzlahortum.com.tr\/fr\/elements\/forms\/","url_meta":{"origin":11925,"position":2},"title":"Forms","author":"admin","date":"31 mars 2016","format":false,"excerpt":"","rel":"","context":"Article similaire","block_context":{"text":"Article similaire","link":""},"img":{"alt_text":"","src":"","width":0,"height":0},"classes":[]},{"id":31,"url":"https:\/\/tuzlahortum.com.tr\/fr\/elements\/galleries\/","url_meta":{"origin":11925,"position":3},"title":"Galleries","author":"admin","date":"2 juin 2016","format":false,"excerpt":"","rel":"","context":"Article similaire","block_context":{"text":"Article similaire","link":""},"img":{"alt_text":"","src":"","width":0,"height":0},"classes":[]},{"id":70,"url":"https:\/\/tuzlahortum.com.tr\/fr\/elements\/lightbox\/","url_meta":{"origin":11925,"position":4},"title":"Lightbox","author":"admin","date":"20 d\u00e9cembre 2013","format":false,"excerpt":"","rel":"","context":"Article similaire","block_context":{"text":"Article similaire","link":""},"img":{"alt_text":"","src":"","width":0,"height":0},"classes":[]},{"id":94,"url":"https:\/\/tuzlahortum.com.tr\/fr\/","url_meta":{"origin":11925,"position":5},"title":"Tuyaux d'inondation","author":"admin","date":"6 ao\u00fbt 2013","format":false,"excerpt":"","rel":"","context":"Article similaire","block_context":{"text":"Article similaire","link":""},"img":{"alt_text":"","src":"","width":0,"height":0},"classes":[]}],"jetpack_sharing_enabled":true,"jetpack_likes_enabled":true,"_links":{"self":[{"href":"https:\/\/tuzlahortum.com.tr\/fr\/wp-json\/wp\/v2\/pages\/11925","targetHints":{"allow":["GET"]}}],"collection":[{"href":"https:\/\/tuzlahortum.com.tr\/fr\/wp-json\/wp\/v2\/pages"}],"about":[{"href":"https:\/\/tuzlahortum.com.tr\/fr\/wp-json\/wp\/v2\/types\/page"}],"author":[{"embeddable":true,"href":"https:\/\/tuzlahortum.com.tr\/fr\/wp-json\/wp\/v2\/users\/1"}],"replies":[{"embeddable":true,"href":"https:\/\/tuzlahortum.com.tr\/fr\/wp-json\/wp\/v2\/comments?post=11925"}],"version-history":[{"count":0,"href":"https:\/\/tuzlahortum.com.tr\/fr\/wp-json\/wp\/v2\/pages\/11925\/revisions"}],"wp:attachment":[{"href":"https:\/\/tuzlahortum.com.tr\/fr\/wp-json\/wp\/v2\/media?parent=11925"}],"curies":[{"name":"wp","href":"https:\/\/api.w.org\/{rel}","templated":true}]}}