{"id":972,"date":"2019-02-07T00:04:06","date_gmt":"2019-02-06T21:04:06","guid":{"rendered":"http:\/\/hortum.com.tr\/product\/import-placeholder-for-327\/"},"modified":"2024-03-21T17:39:51","modified_gmt":"2024-03-21T14:39:51","slug":"kumandali-yangin-lansi","status":"publish","type":"product","link":"https:\/\/tuzlahortum.com.tr\/en\/product\/kumandali-yangin-lansi\/","title":{"rendered":"CONTROLLED FIRE LANGUAGE"},"content":{"rendered":"<h2>CONTROLLED FIRE LANGUAGE<\/h2>\n<p><strong>TECHNICAL SPECIFICATIONS<\/strong><\/p>\n<ul>\n<li>The tube of the lance is aluminum and its outer surface is rubber coated.<\/li>\n<li>It has a control handle that can operate in two positions (closed, open).<\/li>\n<li>There is a sealing gasket in the connection part of the union.<\/li>\n<li>Made in German type.<\/li>\n<\/ul>\n<ul>\n<li>The lance quenching tolerance in fog is at angles between 0 (zero) degrees and 120 (one hundred and twenty) degrees.<\/li>\n<\/ul>","protected":false},"excerpt":{"rendered":"<p>KUMANDALI YANGIN LANSI TEKN\u0130K \u00d6ZELL\u0130KLER\u0130 Lans\u0131n borusu al\u00fcminyum olup, d\u0131\u015f y\u00fczeyi kau\u00e7uk kaplamal\u0131d\u0131r. \u0130ki\u00a0 konumda \u00e7al\u0131\u015fabilecek nitelikte (kapal\u0131 ,a\u00e7\u0131k) kumanda koluna sahiptir. Rekora irtibatlama k\u0131sm\u0131nda s\u0131zd\u0131rmazl\u0131k contas\u0131 vard\u0131r. Alman tipte imal edilmi\u015ftir. Lans\u0131n sis halinde su verme tolerans\u0131 , 0 (s\u0131f\u0131r) derece ile 120 (y\u00fczyirmi) derece aras\u0131 a\u00e7\u0131lardad\u0131r.<\/p>","protected":false},"featured_media":1202,"comment_status":"open","ping_status":"closed","template":"","meta":{"jetpack_post_was_ever_published":false},"product_brand":[],"product_cat":[120],"product_tag":[1252,1254,1253,256],"class_list":{"0":"post-972","1":"product","2":"type-product","3":"status-publish","4":"has-post-thumbnail","6":"product_cat-yangin-lansi","7":"product_tag-kumandali","8":"product_tag-kumandali-yangin-lansi","9":"product_tag-lansi","10":"product_tag-yangin","12":"first","13":"instock","14":"taxable","15":"shipping-taxable","16":"product-type-variable"},"jetpack-related-posts":[],"jetpack_sharing_enabled":true,"jetpack_likes_enabled":true,"_links":{"self":[{"href":"https:\/\/tuzlahortum.com.tr\/en\/wp-json\/wp\/v2\/product\/972","targetHints":{"allow":["GET"]}}],"collection":[{"href":"https:\/\/tuzlahortum.com.tr\/en\/wp-json\/wp\/v2\/product"}],"about":[{"href":"https:\/\/tuzlahortum.com.tr\/en\/wp-json\/wp\/v2\/types\/product"}],"replies":[{"embeddable":true,"href":"https:\/\/tuzlahortum.com.tr\/en\/wp-json\/wp\/v2\/comments?post=972"}],"wp:featuredmedia":[{"embeddable":true,"href":"https:\/\/tuzlahortum.com.tr\/en\/wp-json\/wp\/v2\/media\/1202"}],"wp:attachment":[{"href":"https:\/\/tuzlahortum.com.tr\/en\/wp-json\/wp\/v2\/media?parent=972"}],"wp:term":[{"taxonomy":"product_brand","embeddable":true,"href":"https:\/\/tuzlahortum.com.tr\/en\/wp-json\/wp\/v2\/product_brand?post=972"},{"taxonomy":"product_cat","embeddable":true,"href":"https:\/\/tuzlahortum.com.tr\/en\/wp-json\/wp\/v2\/product_cat?post=972"},{"taxonomy":"product_tag","embeddable":true,"href":"https:\/\/tuzlahortum.com.tr\/en\/wp-json\/wp\/v2\/product_tag?post=972"}],"curies":[{"name":"wp","href":"https:\/\/api.w.org\/{rel}","templated":true}]}}