{"id":970,"date":"2019-02-07T00:04:05","date_gmt":"2019-02-06T21:04:05","guid":{"rendered":"http:\/\/hortum.com.tr\/product\/import-placeholder-for-335\/"},"modified":"2024-03-21T17:39:52","modified_gmt":"2024-03-21T14:39:52","slug":"beyaz-yangin-hortumu","status":"publish","type":"product","link":"https:\/\/tuzlahortum.com.tr\/en\/product\/beyaz-yangin-hortumu\/","title":{"rendered":"White Fire Hose"},"content":{"rendered":"<h2>White Fire Hose<\/h2>\n<p>\u00a0<\/p>\n<p>Standards: TSE 9222<\/p>\n<h1><strong>Note: There is no 5\u2033-125 mm and 6\u2033-125 mm TSE Certificate.<\/strong><\/h1>\n<ul>\n<li>* It is produced as rubber inner lining in accordance with TS 9222 standard within the scope of DIN EN ISO 9001-2008.<\/li>\n<\/ul>\n<p>* Its outer surface is specially woven to make it more durable against hard and rough floors.<\/p>\n<ul>\n<li>* After each use, it should be dried and the foreign materials on it should be cleaned.<\/li>\n<li>* Suitable for use in fire departments.<\/li>\n<li>* The connection of the union is made with a special machine with stainless galvanized wire.<\/li>\n<li>* Working Pressure max. 25 bars<\/li>\n<li>* Explosion Pressure max 50 bar<\/li>\n<\/ul>","protected":false},"excerpt":{"rendered":"<p>Beyaz Yang\u0131n Hortumu \u00a0 Standartlar: TSE 9222 Not: 5&#8243;-125 mm ve 6&#8243;-125 mm TSE Belgesi yoktur. * DIN EN ISO 9001-2008 kapsam\u0131nda, TS 9222 standard\u0131nda i\u00e7 astar\u0131 kau\u00e7uk olarak \u00fcretilmektedir. * D\u0131\u015f y\u00fczeyi sert ve p\u00fcr\u00fczl\u00fc zeminlere kar\u015f\u0131 daha dayan\u0131kl\u0131 olmas\u0131 i\u00e7in \u00f6zel olarak dokunmaktad\u0131r. * Her kullan\u0131mdan sonra kurutulmal\u0131 ve \u00fczerindeki yabanc\u0131 maddeler temizlenmelidir. [&#8230;]\n","protected":false},"featured_media":2932,"comment_status":"open","ping_status":"closed","template":"","meta":{"jetpack_post_was_ever_published":false},"product_brand":[],"product_cat":[119],"product_tag":[1096,2291,720,256,349],"class_list":{"0":"post-970","1":"product","2":"type-product","3":"status-publish","4":"has-post-thumbnail","6":"product_cat-yangin-hortumu","7":"product_tag-beyaz","8":"product_tag-beyaz-yangin-hortumu","9":"product_tag-hortumu","10":"product_tag-yangin","11":"product_tag-yangin-hortumu","13":"first","14":"instock","15":"featured","16":"taxable","17":"shipping-taxable","18":"product-type-variable"},"jetpack-related-posts":[],"jetpack_sharing_enabled":true,"jetpack_likes_enabled":true,"_links":{"self":[{"href":"https:\/\/tuzlahortum.com.tr\/en\/wp-json\/wp\/v2\/product\/970","targetHints":{"allow":["GET"]}}],"collection":[{"href":"https:\/\/tuzlahortum.com.tr\/en\/wp-json\/wp\/v2\/product"}],"about":[{"href":"https:\/\/tuzlahortum.com.tr\/en\/wp-json\/wp\/v2\/types\/product"}],"replies":[{"embeddable":true,"href":"https:\/\/tuzlahortum.com.tr\/en\/wp-json\/wp\/v2\/comments?post=970"}],"wp:featuredmedia":[{"embeddable":true,"href":"https:\/\/tuzlahortum.com.tr\/en\/wp-json\/wp\/v2\/media\/2932"}],"wp:attachment":[{"href":"https:\/\/tuzlahortum.com.tr\/en\/wp-json\/wp\/v2\/media?parent=970"}],"wp:term":[{"taxonomy":"product_brand","embeddable":true,"href":"https:\/\/tuzlahortum.com.tr\/en\/wp-json\/wp\/v2\/product_brand?post=970"},{"taxonomy":"product_cat","embeddable":true,"href":"https:\/\/tuzlahortum.com.tr\/en\/wp-json\/wp\/v2\/product_cat?post=970"},{"taxonomy":"product_tag","embeddable":true,"href":"https:\/\/tuzlahortum.com.tr\/en\/wp-json\/wp\/v2\/product_tag?post=970"}],"curies":[{"name":"wp","href":"https:\/\/api.w.org\/{rel}","templated":true}]}}