{"id":965,"date":"2019-02-06T23:56:19","date_gmt":"2019-02-06T20:56:19","guid":{"rendered":"http:\/\/hortum.com.tr\/product\/import-placeholder-for-433\/"},"modified":"2024-03-21T17:39:56","modified_gmt":"2024-03-21T14:39:56","slug":"amerikan-kortapa","status":"publish","type":"product","link":"https:\/\/tuzlahortum.com.tr\/en\/product\/amerikan-kortapa\/","title":{"rendered":"American Blind Plug"},"content":{"rendered":"<h2>American Blind Plug<\/h2>","protected":false},"excerpt":{"rendered":"<p>American Blind Plug<\/p>","protected":false},"featured_media":3015,"comment_status":"open","ping_status":"closed","template":"","meta":[],"product_brand":[],"product_cat":[125],"product_tag":[289,1247,1246,256],"class_list":{"0":"post-965","1":"product","2":"type-product","3":"status-publish","4":"has-post-thumbnail","6":"product_cat-amerikan-tip-yangin-rekorlari","7":"product_tag-amerikan","8":"product_tag-amerikan-kortapa","9":"product_tag-kortapa","10":"product_tag-yangin","12":"first","13":"instock","14":"taxable","15":"shipping-taxable","16":"product-type-variable"},"jetpack-related-posts":[{"id":639,"url":"https:\/\/tuzlahortum.com.tr\/en\/product\/trelleborg-lactadial\/","url_meta":{"origin":965,"position":0},"title":"Trelleborg LACTADIAL","author":"admin","date":"6 February 2019","format":false,"excerpt":"Trelleborg LACTADIALG\u0131da End\u00fcstrisi\/Transfer S\u00fct toplama: s\u00fct toplama tanklar\u0131 ekipman\u0131. Avantajlar *Son derece esnektir ve hafif oldu\u011fundan kolay ta\u015f\u0131n\u0131r. *Ezilme sonras\u0131nda eski \u015fekline geri d\u00f6ner. *Bakteri olu\u015fumuna izin vermeyen d\u00fcz, eksiz, beyaz i\u00e7 lastik bulunur ve g\u0131da maddelerinin ta\u015f\u0131nmas\u0131na y\u00f6nelik en kat\u0131 Frans\u0131z, Avrupa ve Amerikan standartlar\u0131na uygundur. *Kau\u00e7uk bile\u015fi\u011finin kalitesinden\u2026","rel":"","context":"Similar post","block_context":{"text":"Similar post","link":""},"img":{"alt_text":"","src":"https:\/\/i0.wp.com\/tuzlahortum.com.tr\/wp-content\/uploads\/2019\/02\/LACTADIAL.jpg?fit=800%2C800&ssl=1&resize=350%2C200","width":350,"height":200,"srcset":"https:\/\/i0.wp.com\/tuzlahortum.com.tr\/wp-content\/uploads\/2019\/02\/LACTADIAL.jpg?fit=800%2C800&ssl=1&resize=350%2C200 1x, https:\/\/i0.wp.com\/tuzlahortum.com.tr\/wp-content\/uploads\/2019\/02\/LACTADIAL.jpg?fit=800%2C800&ssl=1&resize=525%2C300 1.5x, https:\/\/i0.wp.com\/tuzlahortum.com.tr\/wp-content\/uploads\/2019\/02\/LACTADIAL.jpg?fit=800%2C800&ssl=1&resize=700%2C400 2x"},"classes":[]},{"id":644,"url":"https:\/\/tuzlahortum.com.tr\/en\/product\/trelleborg-vinitrell\/","url_meta":{"origin":965,"position":1},"title":"Trelleborg VIITRELL","author":"admin","date":"6 February 2019","format":false,"excerpt":"Trelleborg VINITRELLG\u0131da End\u00fcstrisi\/Transfer \u015earap \u00fcretim end\u00fcstrilerinde \u015farab\u0131n aktar\u0131lmas\u0131 i\u00e7in \u00f6zel olarak tasarlanm\u0131\u015ft\u0131r. Ya\u011fl\u0131 s\u0131v\u0131lar\u00a0d\u0131\u015f\u0131ndaki t\u00fcm g\u0131da maddelerinin \u00e7ekilmesi ve tahliyesi. Avantajlar *En y\u00fcksek seviyede kullan\u0131c\u0131 dostu hortum: p\u00fcr\u00fczs\u00fcz kaplama sayesinde benzersiz esneklik\u00a0ve kolay ta\u015f\u0131ma, d\u00fc\u015f\u00fck \u00e7ekme g\u00fcc\u00fc. *G\u0131dada kullan\u0131ma uygun olan beyaz i\u00e7 lastik g\u0131da maddelerinin ta\u015f\u0131nmas\u0131na y\u00f6nelik en kat\u0131\u00a0Avrupa\u2026","rel":"","context":"Similar post","block_context":{"text":"Similar post","link":""},"img":{"alt_text":"","src":"https:\/\/i0.wp.com\/tuzlahortum.com.tr\/wp-content\/uploads\/2019\/02\/VINITRELL.jpg?fit=800%2C800&ssl=1&resize=350%2C200","width":350,"height":200,"srcset":"https:\/\/i0.wp.com\/tuzlahortum.com.tr\/wp-content\/uploads\/2019\/02\/VINITRELL.jpg?fit=800%2C800&ssl=1&resize=350%2C200 1x, https:\/\/i0.wp.com\/tuzlahortum.com.tr\/wp-content\/uploads\/2019\/02\/VINITRELL.jpg?fit=800%2C800&ssl=1&resize=525%2C300 1.5x, https:\/\/i0.wp.com\/tuzlahortum.com.tr\/wp-content\/uploads\/2019\/02\/VINITRELL.jpg?fit=800%2C800&ssl=1&resize=700%2C400 2x"},"classes":[]},{"id":638,"url":"https:\/\/tuzlahortum.com.tr\/en\/product\/trelleborg-citerdial\/","url_meta":{"origin":965,"position":2},"title":"Trelleborg CITERDIAL","author":"admin","date":"6 February 2019","format":false,"excerpt":"Trelleborg CITERDIALG\u0131da End\u00fcstrisi\/Transfer S\u00fct ta\u015f\u0131mak i\u00e7in: s\u00fct toplamak ve ta\u015f\u0131mak i\u00e7in kullan\u0131lan tankerler, s\u00fct \u00fcr\u00fcnleri bo\u015faltma\u00a0alanlar\u0131 ve sabit ekipman, i\u015fleme ve doldurma tesisi. Ya\u011fl\u0131 g\u0131da maddeleri ve ya\u011flar hari\u00e7\u00a0\u015farap, elma \u015f\u0131ras\u0131, meyve suyu, sirke ve %96'ya kadar alkol gibi di\u011fer s\u0131v\u0131 g\u0131da maddelerinin\u00a0ta\u015f\u0131nmas\u0131. Avantajlar *K\u0131r\u0131lma olmaks\u0131z\u0131n en k\u00fc\u00e7\u00fck k\u0131vr\u0131lma yar\u0131\u00e7aplar\u0131n\u0131\u2026","rel":"","context":"Similar post","block_context":{"text":"Similar post","link":""},"img":{"alt_text":"","src":"https:\/\/i0.wp.com\/tuzlahortum.com.tr\/wp-content\/uploads\/2019\/02\/CITERDIAL.jpg?fit=800%2C800&ssl=1&resize=350%2C200","width":350,"height":200,"srcset":"https:\/\/i0.wp.com\/tuzlahortum.com.tr\/wp-content\/uploads\/2019\/02\/CITERDIAL.jpg?fit=800%2C800&ssl=1&resize=350%2C200 1x, https:\/\/i0.wp.com\/tuzlahortum.com.tr\/wp-content\/uploads\/2019\/02\/CITERDIAL.jpg?fit=800%2C800&ssl=1&resize=525%2C300 1.5x, https:\/\/i0.wp.com\/tuzlahortum.com.tr\/wp-content\/uploads\/2019\/02\/CITERDIAL.jpg?fit=800%2C800&ssl=1&resize=700%2C400 2x"},"classes":[]},{"id":8095,"url":"https:\/\/tuzlahortum.com.tr\/en\/product\/trelleborg-chemikler-upe\/","url_meta":{"origin":965,"position":3},"title":"Trelleborg CHEMIKLER-UPE","author":"\u0130smail \u00c7elik","date":"14 March 2019","format":false,"excerpt":"Trelleborg CHEMIKLER-UPEKimyasal ve korozif \u00fcr\u00fcnler\/Transfer G\u00fc\u00e7l\u00fc asitler, y\u00fcksek aroma i\u00e7eri\u011fine sahip solventler, klorlanm\u0131\u015f veya oksijenlenmi\u015f solventler, aromatik hidrokarbonlar, vs. gibi korozif kimyasallar\u0131n t\u00fcm\u00fcn\u00fcn \u00e7ekilmesi ve tahliyesi. Karayolu ve demiryolu tankerleri, bo\u015faltma alanlar\u0131n\u0131n yan\u0131 s\u0131ra kimya tesisleri ve ilgili end\u00fcstrilerde kullan\u0131lan mobil ve sabit donan\u0131mlar i\u00e7indir. Avantajlar Geni\u015fi \u00e7e\u015fitlilikte kimyasallara uygun\u2026","rel":"","context":"Similar post","block_context":{"text":"Similar post","link":""},"img":{"alt_text":"","src":"https:\/\/i0.wp.com\/tuzlahortum.com.tr\/wp-content\/uploads\/2019\/02\/CHEMIKLER-UPE.jpg?fit=800%2C800&ssl=1&resize=350%2C200","width":350,"height":200,"srcset":"https:\/\/i0.wp.com\/tuzlahortum.com.tr\/wp-content\/uploads\/2019\/02\/CHEMIKLER-UPE.jpg?fit=800%2C800&ssl=1&resize=350%2C200 1x, https:\/\/i0.wp.com\/tuzlahortum.com.tr\/wp-content\/uploads\/2019\/02\/CHEMIKLER-UPE.jpg?fit=800%2C800&ssl=1&resize=525%2C300 1.5x, https:\/\/i0.wp.com\/tuzlahortum.com.tr\/wp-content\/uploads\/2019\/02\/CHEMIKLER-UPE.jpg?fit=800%2C800&ssl=1&resize=700%2C400 2x"},"classes":[]}],"jetpack_sharing_enabled":true,"jetpack_likes_enabled":true,"_links":{"self":[{"href":"https:\/\/tuzlahortum.com.tr\/en\/wp-json\/wp\/v2\/product\/965","targetHints":{"allow":["GET"]}}],"collection":[{"href":"https:\/\/tuzlahortum.com.tr\/en\/wp-json\/wp\/v2\/product"}],"about":[{"href":"https:\/\/tuzlahortum.com.tr\/en\/wp-json\/wp\/v2\/types\/product"}],"replies":[{"embeddable":true,"href":"https:\/\/tuzlahortum.com.tr\/en\/wp-json\/wp\/v2\/comments?post=965"}],"wp:featuredmedia":[{"embeddable":true,"href":"https:\/\/tuzlahortum.com.tr\/en\/wp-json\/wp\/v2\/media\/3015"}],"wp:attachment":[{"href":"https:\/\/tuzlahortum.com.tr\/en\/wp-json\/wp\/v2\/media?parent=965"}],"wp:term":[{"taxonomy":"product_brand","embeddable":true,"href":"https:\/\/tuzlahortum.com.tr\/en\/wp-json\/wp\/v2\/product_brand?post=965"},{"taxonomy":"product_cat","embeddable":true,"href":"https:\/\/tuzlahortum.com.tr\/en\/wp-json\/wp\/v2\/product_cat?post=965"},{"taxonomy":"product_tag","embeddable":true,"href":"https:\/\/tuzlahortum.com.tr\/en\/wp-json\/wp\/v2\/product_tag?post=965"}],"curies":[{"name":"wp","href":"https:\/\/api.w.org\/{rel}","templated":true}]}}