{"id":960,"date":"2019-02-06T23:56:18","date_gmt":"2019-02-06T20:56:18","guid":{"rendered":"http:\/\/hortum.com.tr\/product\/import-placeholder-for-409\/"},"modified":"2024-03-21T17:40:00","modified_gmt":"2024-03-21T14:40:00","slug":"arabali-makara-ts-en-671-1","status":"publish","type":"product","link":"https:\/\/tuzlahortum.com.tr\/en\/product\/arabali-makara-ts-en-671-1\/","title":{"rendered":"Trolley Roller TS EN 671-1"},"content":{"rendered":"<h2>Trolley Roller TS EN 671-1<\/h2>\n<h5>MEASURE \u2026<\/h5>\n<ul class=\"list-style-2\">\n<li class=\"check-list\">1\u2033 TS EN 694 semi-rigid rubber fire hose<\/li>\n<li class=\"check-list\">1\u2033 jet spray lance<\/li>\n<\/ul>\n<div class=\"row\">\n<table class=\"table table-bordered span5\">\n<thead>\n<tr>\n<th>\u00a0<\/th>\n<th>40 MT<\/th>\n<th>50 MT<\/th>\n<th>60 MT<\/th>\n<\/tr>\n<\/thead>\n<tbody>\n<tr>\n<td><strong>1\u2033 TSE Ball Valve (with union)<\/strong><\/td>\n<td>PI-360<\/td>\n<td>PI-361<\/td>\n<td>PI-362<\/td>\n<\/tr>\n<tr>\n<td><strong>2\u2033 Fire Valve (with 2&gt;1 Converter)<\/strong><\/td>\n<td>PI-365<\/td>\n<td>PI-366<\/td>\n<td>PI-367<\/td>\n<\/tr>\n<\/tbody>\n<\/table>\n<\/div>","protected":false},"excerpt":{"rendered":"<p>Arabal\u0131 Makara TS EN 671-1 \u00d6L\u00c7\u00dc &#8230; 1&#8243; TS EN 694 yar\u0131 sert kau\u00e7uk yang\u0131n hortumu 1&#8243; jet sprey lans \u00a0 40 MT 50 MT 60 MT 1&#8243; TSE K\u00fcresel Vanal\u0131(rakorlu) P\u0130-360 P\u0130-361 P\u0130-362 2&#8243; Yang\u0131n Vanal\u0131 ( 2&gt;1&#8217;e D\u00f6n\u00fc\u015ft\u00fcr\u00fcc\u00fcl\u00fc ) P\u0130-365 P\u0130-366 P\u0130-367<\/p>","protected":false},"featured_media":7307,"comment_status":"open","ping_status":"closed","template":"","meta":{"jetpack_post_was_ever_published":false},"product_brand":[],"product_cat":[116],"product_tag":[1238,1239,350,352,349],"class_list":{"0":"post-960","1":"product","2":"type-product","3":"status-publish","4":"has-post-thumbnail","6":"product_cat-makarali-modeller","7":"product_tag-arabali","8":"product_tag-arabali-makara","9":"product_tag-sprey-lans","10":"product_tag-yangin-dolabi","11":"product_tag-yangin-hortumu","13":"first","14":"instock","15":"taxable","16":"shipping-taxable","17":"product-type-variable"},"jetpack-related-posts":[],"jetpack_sharing_enabled":true,"jetpack_likes_enabled":true,"_links":{"self":[{"href":"https:\/\/tuzlahortum.com.tr\/en\/wp-json\/wp\/v2\/product\/960","targetHints":{"allow":["GET"]}}],"collection":[{"href":"https:\/\/tuzlahortum.com.tr\/en\/wp-json\/wp\/v2\/product"}],"about":[{"href":"https:\/\/tuzlahortum.com.tr\/en\/wp-json\/wp\/v2\/types\/product"}],"replies":[{"embeddable":true,"href":"https:\/\/tuzlahortum.com.tr\/en\/wp-json\/wp\/v2\/comments?post=960"}],"wp:featuredmedia":[{"embeddable":true,"href":"https:\/\/tuzlahortum.com.tr\/en\/wp-json\/wp\/v2\/media\/7307"}],"wp:attachment":[{"href":"https:\/\/tuzlahortum.com.tr\/en\/wp-json\/wp\/v2\/media?parent=960"}],"wp:term":[{"taxonomy":"product_brand","embeddable":true,"href":"https:\/\/tuzlahortum.com.tr\/en\/wp-json\/wp\/v2\/product_brand?post=960"},{"taxonomy":"product_cat","embeddable":true,"href":"https:\/\/tuzlahortum.com.tr\/en\/wp-json\/wp\/v2\/product_cat?post=960"},{"taxonomy":"product_tag","embeddable":true,"href":"https:\/\/tuzlahortum.com.tr\/en\/wp-json\/wp\/v2\/product_tag?post=960"}],"curies":[{"name":"wp","href":"https:\/\/api.w.org\/{rel}","templated":true}]}}