{"id":958,"date":"2019-02-06T23:56:17","date_gmt":"2019-02-06T20:56:17","guid":{"rendered":"http:\/\/hortum.com.tr\/product\/import-placeholder-for-404\/"},"modified":"2024-03-21T17:40:02","modified_gmt":"2024-03-21T14:40:02","slug":"tek-kapi-bos-dolap-ekonomik","status":"publish","type":"product","link":"https:\/\/tuzlahortum.com.tr\/en\/product\/tek-kapi-bos-dolap-ekonomik\/","title":{"rendered":"Single Door \u2013 Empty Cabinet (Economic) (50\u00d760)"},"content":{"rendered":"<h2>Single Door \u2013 Empty Cabinet (Economic) (50\u00d760)<\/h2>\n<h3>SIZE 50*60<\/h3>\n<ul class=\"list-style-2\">\n<li class=\"check-list\">0.80 mm DKP Sheet<\/li>\n<\/ul>\n<div class=\"row\">\n<table class=\"table table-bordered span1\">\n<thead>\n<tr>\n<th>PI-333<\/th>\n<\/tr>\n<\/thead>\n<\/table>\n<\/div>","protected":false},"excerpt":{"rendered":"<p>Tek Kap\u0131 &#8211; Bo\u015f Dolap (Ekonomik)(50&#215;60) \u00d6L\u00c7\u00dc 50*60 0,80 mm DKP Sac P\u0130-333<\/p>","protected":false},"featured_media":8194,"comment_status":"open","ping_status":"closed","template":"","meta":{"jetpack_post_was_ever_published":false},"product_brand":[],"product_cat":[114],"product_tag":[1236,969,960,256,352],"class_list":{"0":"post-958","1":"product","2":"type-product","3":"status-publish","4":"has-post-thumbnail","6":"product_cat-ekonomik-yangin-dolaplari","7":"product_tag-bos-dolap","8":"product_tag-ekonomik","9":"product_tag-tek-kapi","10":"product_tag-yangin","11":"product_tag-yangin-dolabi","13":"first","14":"instock","15":"taxable","16":"shipping-taxable","17":"product-type-simple"},"jetpack-related-posts":[],"jetpack_sharing_enabled":true,"jetpack_likes_enabled":true,"_links":{"self":[{"href":"https:\/\/tuzlahortum.com.tr\/en\/wp-json\/wp\/v2\/product\/958","targetHints":{"allow":["GET"]}}],"collection":[{"href":"https:\/\/tuzlahortum.com.tr\/en\/wp-json\/wp\/v2\/product"}],"about":[{"href":"https:\/\/tuzlahortum.com.tr\/en\/wp-json\/wp\/v2\/types\/product"}],"replies":[{"embeddable":true,"href":"https:\/\/tuzlahortum.com.tr\/en\/wp-json\/wp\/v2\/comments?post=958"}],"wp:featuredmedia":[{"embeddable":true,"href":"https:\/\/tuzlahortum.com.tr\/en\/wp-json\/wp\/v2\/media\/8194"}],"wp:attachment":[{"href":"https:\/\/tuzlahortum.com.tr\/en\/wp-json\/wp\/v2\/media?parent=958"}],"wp:term":[{"taxonomy":"product_brand","embeddable":true,"href":"https:\/\/tuzlahortum.com.tr\/en\/wp-json\/wp\/v2\/product_brand?post=958"},{"taxonomy":"product_cat","embeddable":true,"href":"https:\/\/tuzlahortum.com.tr\/en\/wp-json\/wp\/v2\/product_cat?post=958"},{"taxonomy":"product_tag","embeddable":true,"href":"https:\/\/tuzlahortum.com.tr\/en\/wp-json\/wp\/v2\/product_tag?post=958"}],"curies":[{"name":"wp","href":"https:\/\/api.w.org\/{rel}","templated":true}]}}