{"id":956,"date":"2019-02-06T23:56:17","date_gmt":"2019-02-06T20:56:17","guid":{"rendered":"http:\/\/hortum.com.tr\/product\/import-placeholder-for-400\/"},"modified":"2024-03-21T17:40:05","modified_gmt":"2024-03-21T14:40:05","slug":"dik-tip-siva-alti-cam-kapakli-sulu-sistem","status":"publish","type":"product","link":"https:\/\/tuzlahortum.com.tr\/en\/product\/dik-tip-siva-alti-cam-kapakli-sulu-sistem\/","title":{"rendered":"Vertical Type \u2013 Recessed Mounted with Glass Cover (Water System) (80\u00d760)"},"content":{"rendered":"<h2>Vertical Type \u2013 Recessed Mounted with Glass Cover (Water System) (80\u00d760)<\/h2>\n<h3>SIZE 80*60<\/h3>\n<ul class=\"list-style-2\">\n<li class=\"check-list\">1\u2033 TS EN 694 semi-rigid rubber fire hose<\/li>\n<li class=\"check-list\">1\u2033 jet spray lance<\/li>\n<\/ul>\n<div class=\"row\">\n<table class=\"table table-bordered span5\">\n<thead>\n<tr>\n<th>\u00a0<\/th>\n<th>20 MT<\/th>\n<th>25 MT<\/th>\n<th>30 MT<\/th>\n<\/tr>\n<\/thead>\n<tbody>\n<tr>\n<td><strong>1\u2033 TSE Ball Valve<\/strong><\/td>\n<td>PI-165<\/td>\n<td>PI-166<\/td>\n<td>PI-167<\/td>\n<\/tr>\n<tr>\n<td><strong>2\u2033 Fire Valve (with 2&gt;1 Converter)<\/strong><\/td>\n<td>PI-265<\/td>\n<td>PI-266<\/td>\n<td>PI-267<\/td>\n<\/tr>\n<\/tbody>\n<\/table>\n<\/div>","protected":false},"excerpt":{"rendered":"<p>Dik Tip &#8211; S\u0131va Alt\u0131 Cam Kapakl\u0131 (Sulu Sistem)(80&#215;60) \u00d6L\u00c7\u00dc 80*60 1&#8243; TS EN 694 yar\u0131 sert kau\u00e7uk yang\u0131n hortumu 1&#8243; jet sprey lans \u00a0 20 MT 25 MT 30 MT 1&#8243; TSE K\u00fcresel Vanal\u0131 P\u0130-165 P\u0130-166 P\u0130-167 2&#8243; Yang\u0131n Vanal\u0131 ( 2&gt;1&#8217;e D\u00f6n\u00fc\u015ft\u00fcr\u00fcc\u00fcl\u00fc ) P\u0130-265 P\u0130-266 P\u0130-267<\/p>","protected":false},"featured_media":7299,"comment_status":"open","ping_status":"closed","template":"","meta":{"jetpack_post_was_ever_published":false},"product_brand":[],"product_cat":[118],"product_tag":[990,1235,957,518,955,1202,352,349],"class_list":{"0":"post-956","1":"product","2":"type-product","3":"status-publish","4":"has-post-thumbnail","6":"product_cat-sulu-sistem-ts-en-671-1","7":"product_tag-cam-kapak","8":"product_tag-dik-tip","9":"product_tag-jet-sprey-lans","10":"product_tag-kaucuk","11":"product_tag-siva-alti","12":"product_tag-sulu-sistem","13":"product_tag-yangin-dolabi","14":"product_tag-yangin-hortumu","16":"first","17":"instock","18":"taxable","19":"shipping-taxable","20":"product-type-variable"},"jetpack-related-posts":[],"jetpack_sharing_enabled":true,"jetpack_likes_enabled":true,"_links":{"self":[{"href":"https:\/\/tuzlahortum.com.tr\/en\/wp-json\/wp\/v2\/product\/956","targetHints":{"allow":["GET"]}}],"collection":[{"href":"https:\/\/tuzlahortum.com.tr\/en\/wp-json\/wp\/v2\/product"}],"about":[{"href":"https:\/\/tuzlahortum.com.tr\/en\/wp-json\/wp\/v2\/types\/product"}],"replies":[{"embeddable":true,"href":"https:\/\/tuzlahortum.com.tr\/en\/wp-json\/wp\/v2\/comments?post=956"}],"wp:featuredmedia":[{"embeddable":true,"href":"https:\/\/tuzlahortum.com.tr\/en\/wp-json\/wp\/v2\/media\/7299"}],"wp:attachment":[{"href":"https:\/\/tuzlahortum.com.tr\/en\/wp-json\/wp\/v2\/media?parent=956"}],"wp:term":[{"taxonomy":"product_brand","embeddable":true,"href":"https:\/\/tuzlahortum.com.tr\/en\/wp-json\/wp\/v2\/product_brand?post=956"},{"taxonomy":"product_cat","embeddable":true,"href":"https:\/\/tuzlahortum.com.tr\/en\/wp-json\/wp\/v2\/product_cat?post=956"},{"taxonomy":"product_tag","embeddable":true,"href":"https:\/\/tuzlahortum.com.tr\/en\/wp-json\/wp\/v2\/product_tag?post=956"}],"curies":[{"name":"wp","href":"https:\/\/api.w.org\/{rel}","templated":true}]}}