{"id":954,"date":"2019-02-06T23:56:16","date_gmt":"2019-02-06T20:56:16","guid":{"rendered":"http:\/\/hortum.com.tr\/product\/import-placeholder-for-398\/"},"modified":"2024-03-21T17:40:09","modified_gmt":"2024-03-21T14:40:09","slug":"dik-tip-siva-ustu-cam-kapakli-sulu-sistem","status":"publish","type":"product","link":"https:\/\/tuzlahortum.com.tr\/en\/product\/dik-tip-siva-ustu-cam-kapakli-sulu-sistem\/","title":{"rendered":"Vertical Type \u2013 Surface Mounted with Glass Cover (Water System) (85\u00d765)"},"content":{"rendered":"<h2>Vertical Type \u2013 Surface Mounted with Glass Cover (Water System) (85\u00d765)<\/h2>\n<h3>SIZE 85*65<\/h3>\n<ul class=\"list-style-2\">\n<li class=\"check-list\">1\u2033 TS EN 694 semi-rigid rubber fire hose<\/li>\n<li class=\"check-list\">1\u2033 jet spray lance<\/li>\n<\/ul>\n<div class=\"row\">\n<table class=\"table table-bordered span5\">\n<thead>\n<tr>\n<th>\u00a0<\/th>\n<th>20 MT<\/th>\n<th>25 MT<\/th>\n<th>30 MT<\/th>\n<\/tr>\n<\/thead>\n<tbody>\n<tr>\n<td><strong>1\u2033 TSE Ball Valve<\/strong><\/td>\n<td>PI-155<\/td>\n<td>PI-156<\/td>\n<td>PI-157<\/td>\n<\/tr>\n<tr>\n<td><strong>2\u2033 Fire Valve (with 2&gt;1 Converter)<\/strong><\/td>\n<td>PI-255<\/td>\n<td>PI-256<\/td>\n<td>PI-257<\/td>\n<\/tr>\n<\/tbody>\n<\/table>\n<\/div>","protected":false},"excerpt":{"rendered":"<p>Dik Tip &#8211; S\u0131va \u00dcst\u00fc Cam Kapakl\u0131 (Sulu Sistem)(85&#215;65) \u00d6L\u00c7\u00dc 85*65 1&#8243; TS EN 694 yar\u0131 sert kau\u00e7uk yang\u0131n hortumu 1&#8243; jet sprey lans \u00a0 20 MT 25 MT 30 MT 1&#8243; TSE K\u00fcresel Vanal\u0131 P\u0130-155 P\u0130-156 P\u0130-157 2&#8243; Yang\u0131n Vanal\u0131 ( 2&gt;1&#8217;e D\u00f6n\u00fc\u015ft\u00fcr\u00fcc\u00fcl\u00fc ) P\u0130-255 P\u0130-256 P\u0130-257<\/p>","protected":false},"featured_media":7301,"comment_status":"open","ping_status":"closed","template":"","meta":[],"product_brand":[],"product_cat":[118],"product_tag":[990,1235,957,518,347,1202,352,349],"class_list":{"0":"post-954","1":"product","2":"type-product","3":"status-publish","4":"has-post-thumbnail","6":"product_cat-sulu-sistem-ts-en-671-1","7":"product_tag-cam-kapak","8":"product_tag-dik-tip","9":"product_tag-jet-sprey-lans","10":"product_tag-kaucuk","11":"product_tag-siva-ustu","12":"product_tag-sulu-sistem","13":"product_tag-yangin-dolabi","14":"product_tag-yangin-hortumu","16":"first","17":"instock","18":"taxable","19":"shipping-taxable","20":"product-type-variable"},"jetpack-related-posts":[{"id":953,"url":"https:\/\/tuzlahortum.com.tr\/en\/product\/dik-tip-siva-ustu-sac-kapakli-sulu-sistem\/","url_meta":{"origin":954,"position":0},"title":"Vertical Type \u2013 Surface Mounted with Cover (Water System) (85\u00d765)","author":"admin","date":"6 February 2019","format":false,"excerpt":"Dik Tip - S\u0131va \u00dcst\u00fc Sa\u00e7 Kapakl\u0131 (Sulu Sistem)(85x65)\u00d6L\u00c7\u00dc 85*651\" TS EN 694 yar\u0131 sert kau\u00e7uk yang\u0131n hortumu1\" jet sprey lans\u00a020 MT25 MT30 MT1\" TSE K\u00fcresel Vanal\u0131P\u0130-150P\u0130-151P\u0130-1522\" Yang\u0131n Vanal\u0131 ( 2>1'e D\u00f6n\u00fc\u015ft\u00fcr\u00fcc\u00fcl\u00fc )P\u0130-250P\u0130-251P\u0130-252","rel":"","context":"Similar post","block_context":{"text":"Similar post","link":""},"img":{"alt_text":"","src":"https:\/\/i0.wp.com\/tuzlahortum.com.tr\/wp-content\/uploads\/2019\/03\/tek-kap%C4%B1-s%C4%B1va-%C3%BCst%C3%BC-sa%C3%A7-kapakl%C4%B1-sulu.jpg?fit=415%2C489&ssl=1&resize=350%2C200","width":350,"height":200},"classes":[]},{"id":956,"url":"https:\/\/tuzlahortum.com.tr\/en\/product\/dik-tip-siva-alti-cam-kapakli-sulu-sistem\/","url_meta":{"origin":954,"position":1},"title":"Vertical Type \u2013 Recessed Mounted with Glass Cover (Water System) (80\u00d760)","author":"admin","date":"6 February 2019","format":false,"excerpt":"Dik Tip - S\u0131va Alt\u0131 Cam Kapakl\u0131 (Sulu Sistem)(80x60)\u00d6L\u00c7\u00dc 80*601\" TS EN 694 yar\u0131 sert kau\u00e7uk yang\u0131n hortumu1\" jet sprey lans\u00a020 MT25 MT30 MT1\" TSE K\u00fcresel Vanal\u0131P\u0130-165P\u0130-166P\u0130-1672\" Yang\u0131n Vanal\u0131 ( 2>1'e D\u00f6n\u00fc\u015ft\u00fcr\u00fcc\u00fcl\u00fc )P\u0130-265P\u0130-266P\u0130-267","rel":"","context":"Similar post","block_context":{"text":"Similar post","link":""},"img":{"alt_text":"","src":"https:\/\/i0.wp.com\/tuzlahortum.com.tr\/wp-content\/uploads\/2019\/03\/Dik-Tip-S%C4%B1va-Alt%C4%B1-Cam-Kapakl%C4%B1-Sulu-Sistem.jpg?fit=364%2C458&ssl=1&resize=350%2C200","width":350,"height":200},"classes":[]},{"id":927,"url":"https:\/\/tuzlahortum.com.tr\/en\/product\/cift-kapakli-siva-ustu-cam-kapakli-sulu-sistem\/","url_meta":{"origin":954,"position":2},"title":"Double Door \u2013 Surface Mounted Glass Cover (Water System) (65\u00d785)","author":"admin","date":"6 February 2019","format":false,"excerpt":"\u00c7ift Kapakl\u0131 - S\u0131va \u00dcst\u00fc Cam Kapakl\u0131 (Sulu Sistem)(65x85)\u00d6L\u00c7\u00dc 65*851\" TS EN 694 yar\u0131 sert kau\u00e7uk yang\u0131n hortumu1\" jet sprey lans\u00a020 MT25 MT30 MT1\" TSE K\u00fcresel Vanal\u0131P\u0130-135P\u0130-136P\u0130-1372\" Yang\u0131n Vanal\u0131 ( 2>1'e D\u00f6n\u00fc\u015ft\u00fcr\u00fcc\u00fcl\u00fc )P\u0130-235P\u0130-236P\u0130-237","rel":"","context":"Similar post","block_context":{"text":"Similar post","link":""},"img":{"alt_text":"","src":"https:\/\/i0.wp.com\/tuzlahortum.com.tr\/wp-content\/uploads\/2019\/03\/%C3%87ift-Kapakl%C4%B1-S%C4%B1va-%C3%9Cst%C3%BC-Cam-Kapakl%C4%B1-Sulu-Sistem.jpg?fit=475%2C449&ssl=1&resize=350%2C200","width":350,"height":200},"classes":[]},{"id":925,"url":"https:\/\/tuzlahortum.com.tr\/en\/product\/tek-kapi-siva-ustu-cam-kapakli-sulu-sistem\/","url_meta":{"origin":954,"position":3},"title":"Single Door \u2013 Surface Mounted with Glass Cover (Water System) (70\u00d765)","author":"admin","date":"6 February 2019","format":false,"excerpt":"Tek Kap\u0131 - S\u0131va \u00dcst\u00fc Cam Kapakl\u0131 (Sulu Sistem)(70x65)\u00d6L\u00c7\u00dc 70*651\" TS EN 694 yar\u0131 sert kau\u00e7uk yang\u0131n hortumu1\" jet sprey lans(nozul)\u00a020 MT25 MT30 MT1\" TSE K\u00fcresel Vanal\u0131P\u0130-115P\u0130-116P\u0130-1172\" Yang\u0131n Vanal\u0131 ( 2>1'e D\u00f6n\u00fc\u015ft\u00fcr\u00fcc\u00fcl\u00fc )P\u0130-215P\u0130-216P\u0130-217","rel":"","context":"Similar post","block_context":{"text":"Similar post","link":""},"img":{"alt_text":"","src":"https:\/\/i0.wp.com\/tuzlahortum.com.tr\/wp-content\/uploads\/2019\/03\/s%C4%B1va-alt%C4%B1-cam-kapakl%C4%B1-ekonomik-1.jpg?fit=347%2C408&ssl=1&resize=350%2C200","width":350,"height":200},"classes":[]},{"id":955,"url":"https:\/\/tuzlahortum.com.tr\/en\/product\/dik-tip-siva-alti-sac-kapakli-sulu-sistem\/","url_meta":{"origin":954,"position":4},"title":"Vertical Type - Recessed Mounted Cover (Water System) (80\u00d760)","author":"admin","date":"6 February 2019","format":false,"excerpt":"Dik Tip - S\u0131va Alt\u0131 Sa\u00e7 Kapakl\u0131 (Sulu Sistem)(80x60)\u00d6L\u00c7\u00dc 80*601\" TS EN 694 yar\u0131 sert kau\u00e7uk yang\u0131n hortumu1\" jet sprey lans\u00a020 MT25 MT30 MT1\" TSE K\u00fcresel Vanal\u0131P\u0130-160P\u0130-161P\u0130-1622\" Yang\u0131n Vanal\u0131 ( 2>1'e D\u00f6n\u00fc\u015ft\u00fcr\u00fcc\u00fcl\u00fc )P\u0130-260P\u0130-261P\u0130-262","rel":"","context":"Similar post","block_context":{"text":"Similar post","link":""},"img":{"alt_text":"","src":"https:\/\/i0.wp.com\/tuzlahortum.com.tr\/wp-content\/uploads\/2019\/03\/Dik-Tip-S%C4%B1va-Alt%C4%B1-Sa%C3%A7-Kapakl%C4%B1-Sulu-Sistem.jpg?fit=381%2C506&ssl=1&resize=350%2C200","width":350,"height":200},"classes":[]},{"id":924,"url":"https:\/\/tuzlahortum.com.tr\/en\/product\/cift-kapakli-siva-alti-cam-kapakli-sulu-sistem\/","url_meta":{"origin":954,"position":5},"title":"Double Door \u2013 Recessed Glass Cover (Water System) (60\u00d780)","author":"admin","date":"6 February 2019","format":false,"excerpt":"\u00c7ift Kapakl\u0131 - S\u0131va Alt\u0131 Cam Kapakl\u0131 (Sulu Sistem)(60x80)\u00d6L\u00c7\u00dc 60*80 1\" TS EN 694 yar\u0131 sert kau\u00e7uk yang\u0131n hortumu 1\" jet sprey lans 20 MT 25 MT 30 MT 1\" TSE K\u00fcresel Vanal\u0131 P\u0130-145 P\u0130-146 P\u0130-147 2\" Yang\u0131n Vanal\u0131 ( 2>1'e D\u00f6n\u00fc\u015ft\u00fcr\u00fcc\u00fcl\u00fc ) P\u0130-245 P\u0130-246 P\u0130-247","rel":"","context":"Similar post","block_context":{"text":"Similar post","link":""},"img":{"alt_text":"","src":"https:\/\/i0.wp.com\/tuzlahortum.com.tr\/wp-content\/uploads\/2019\/03\/%C3%87ift-Kapakl%C4%B1-S%C4%B1va-Alt%C4%B1-Cam-Kapakl%C4%B1-Sulu-Sistem.jpg?fit=476%2C432&ssl=1&resize=350%2C200","width":350,"height":200},"classes":[]}],"jetpack_sharing_enabled":true,"jetpack_likes_enabled":true,"_links":{"self":[{"href":"https:\/\/tuzlahortum.com.tr\/en\/wp-json\/wp\/v2\/product\/954","targetHints":{"allow":["GET"]}}],"collection":[{"href":"https:\/\/tuzlahortum.com.tr\/en\/wp-json\/wp\/v2\/product"}],"about":[{"href":"https:\/\/tuzlahortum.com.tr\/en\/wp-json\/wp\/v2\/types\/product"}],"replies":[{"embeddable":true,"href":"https:\/\/tuzlahortum.com.tr\/en\/wp-json\/wp\/v2\/comments?post=954"}],"wp:featuredmedia":[{"embeddable":true,"href":"https:\/\/tuzlahortum.com.tr\/en\/wp-json\/wp\/v2\/media\/7301"}],"wp:attachment":[{"href":"https:\/\/tuzlahortum.com.tr\/en\/wp-json\/wp\/v2\/media?parent=954"}],"wp:term":[{"taxonomy":"product_brand","embeddable":true,"href":"https:\/\/tuzlahortum.com.tr\/en\/wp-json\/wp\/v2\/product_brand?post=954"},{"taxonomy":"product_cat","embeddable":true,"href":"https:\/\/tuzlahortum.com.tr\/en\/wp-json\/wp\/v2\/product_cat?post=954"},{"taxonomy":"product_tag","embeddable":true,"href":"https:\/\/tuzlahortum.com.tr\/en\/wp-json\/wp\/v2\/product_tag?post=954"}],"curies":[{"name":"wp","href":"https:\/\/api.w.org\/{rel}","templated":true}]}}