{"id":947,"date":"2019-02-06T23:56:14","date_gmt":"2019-02-06T20:56:14","guid":{"rendered":"http:\/\/hortum.com.tr\/product\/import-placeholder-for-520\/"},"modified":"2024-03-21T17:40:19","modified_gmt":"2024-03-21T14:40:19","slug":"trelleborg-hydroeco","status":"publish","type":"product","link":"https:\/\/tuzlahortum.com.tr\/en\/product\/trelleborg-hydroeco\/","title":{"rendered":"Trelleborg HYDRO&#039;ECO"},"content":{"rendered":"<h2>Trelleborg HYDRO&#039;ECO<\/h2>\n<div>Oil<\/div>\n<div>For automotive applications, diesel, leaded and unleaded petrol, RMA (environmentally friendly petrol)<\/div>\n<div>%50&#8217;nin \u00fczerinde aromatik i\u00e7eri\u011fe kar\u015f\u0131 diren\u00e7li bas\u0131n\u00e7l\u0131 hortum.<\/div>\n<div>Oil and grease return lines in hydraulic systems.<\/div>\n<div>Also suitable for other applications using oil, grease and water.<\/div>\n<div>Advantages<\/div>\n<div>*Special oil and petrol resistant inner tube.<\/div>\n<div>*Excellent bending radius.<\/div>\n<div>* Flexibility at low and high temperatures.<\/div>\n<div>*Resistant to abrasion, oil mist, weathering and ozone, abrasion.<\/div>\n<div>technical description<\/div>\n<div>Inner tube: NBR\/PVC, black, straight.<\/div>\n<div>Reinforcement: synthetic textile.<\/div>\n<div>Coating : NBR\/PVC, black, plain.<\/div>\n<div>Temperature range: -30\u00b0C to +100\u00b0C.<\/div>\n<div>Additional Information<\/div>\n<div>Available in different lengths or packs on request.<\/div>\n<div>All standard products are delivered in coils with holes with 55mm ID.<\/div>\n<div>\n<div class=\"video video-fit mb\" style=\"padding-top:56.25%;\"><p><iframe loading=\"lazy\" title=\"Measurement Confusion (Inch, Finger, Haze, Millimeter)\" width=\"1020\" height=\"574\" src=\"https:\/\/www.youtube.com\/embed\/uKk6AG_AZls?feature=oembed\" frameborder=\"0\" allow=\"accelerometer; autoplay; clipboard-write; encrypted-media; gyroscope; picture-in-picture; web-share\" referrerpolicy=\"strict-origin-when-cross-origin\" allowfullscreen><\/iframe><\/p>\n<\/div>\n<div class=\"video video-fit mb\" style=\"padding-top:56.25%;\"><p>https:\/\/www.youtube.com\/watch?v=O8ZlzKEjfEQ%20<\/p>\n<\/div>\n<\/div>\n<p><img data-recalc-dims=\"1\" loading=\"lazy\" decoding=\"async\" class=\"alignnone size-medium wp-image-2117\" src=\"https:\/\/i0.wp.com\/hortum.com.tr\/wp-content\/uploads\/urunler\/trelleborg\/Trelleborg-HYDROECO-800x163.jpg?resize=800%2C163\" alt=\"\" width=\"800\" height=\"163\" title=\"\" srcset=\"https:\/\/i0.wp.com\/tuzlahortum.com.tr\/wp-content\/uploads\/urunler\/trelleborg\/Trelleborg-HYDROECO.jpg?resize=800%2C163&amp;ssl=1 800w, https:\/\/i0.wp.com\/tuzlahortum.com.tr\/wp-content\/uploads\/urunler\/trelleborg\/Trelleborg-HYDROECO.jpg?resize=768%2C157&amp;ssl=1 768w, https:\/\/i0.wp.com\/tuzlahortum.com.tr\/wp-content\/uploads\/urunler\/trelleborg\/Trelleborg-HYDROECO.jpg?resize=600%2C122&amp;ssl=1 600w, https:\/\/i0.wp.com\/tuzlahortum.com.tr\/wp-content\/uploads\/urunler\/trelleborg\/Trelleborg-HYDROECO.jpg?w=844&amp;ssl=1 844w\" sizes=\"auto, (max-width: 800px) 100vw, 800px\" \/><\/p>","protected":false},"excerpt":{"rendered":"<p>Trelleborg HYDRO&#8217;ECO Ya\u011f Otomotiv uygulamalar\u0131nda, dizel, kur\u015funlu ve kur\u015funsuz petrol, RMA (\u00e7evre dostu benzin) i\u00e7in %50&#8217;nin \u00fczerinde aromatik i\u00e7eri\u011fe kar\u015f\u0131 diren\u00e7li bas\u0131n\u00e7l\u0131 hortum. Hidrolik sistemlerde ya\u011f ve gres d\u00f6n\u00fc\u015f hatlar\u0131. Ya\u011f, gres ve su kullan\u0131lan di\u011fer uygulamalar i\u00e7in de uygundur. Avantajlar *\u00d6zel ya\u011fa ve petrole dayan\u0131kl\u0131 i\u00e7 lastik. *M\u00fckemmel b\u00fckme yar\u0131\u00e7ap\u0131. *D\u00fc\u015f\u00fck ve y\u00fcksek s\u0131cakl\u0131klarda [&#8230;]\n","protected":false},"featured_media":2643,"comment_status":"open","ping_status":"closed","template":"","meta":{"jetpack_post_was_ever_published":false},"product_brand":[],"product_cat":[187],"product_tag":[294,290,421,1229],"class_list":{"0":"post-947","1":"product","2":"type-product","3":"status-publish","4":"has-post-thumbnail","6":"product_cat-yag-ve-petrol-hortumu-uygulamalari","7":"product_tag-dayanikli","8":"product_tag-hortum","9":"product_tag-tekne","10":"product_tag-yakit","12":"first","13":"instock","14":"taxable","15":"shipping-taxable","16":"product-type-variable"},"jetpack-related-posts":[],"jetpack_sharing_enabled":true,"jetpack_likes_enabled":true,"_links":{"self":[{"href":"https:\/\/tuzlahortum.com.tr\/en\/wp-json\/wp\/v2\/product\/947","targetHints":{"allow":["GET"]}}],"collection":[{"href":"https:\/\/tuzlahortum.com.tr\/en\/wp-json\/wp\/v2\/product"}],"about":[{"href":"https:\/\/tuzlahortum.com.tr\/en\/wp-json\/wp\/v2\/types\/product"}],"replies":[{"embeddable":true,"href":"https:\/\/tuzlahortum.com.tr\/en\/wp-json\/wp\/v2\/comments?post=947"}],"wp:featuredmedia":[{"embeddable":true,"href":"https:\/\/tuzlahortum.com.tr\/en\/wp-json\/wp\/v2\/media\/2643"}],"wp:attachment":[{"href":"https:\/\/tuzlahortum.com.tr\/en\/wp-json\/wp\/v2\/media?parent=947"}],"wp:term":[{"taxonomy":"product_brand","embeddable":true,"href":"https:\/\/tuzlahortum.com.tr\/en\/wp-json\/wp\/v2\/product_brand?post=947"},{"taxonomy":"product_cat","embeddable":true,"href":"https:\/\/tuzlahortum.com.tr\/en\/wp-json\/wp\/v2\/product_cat?post=947"},{"taxonomy":"product_tag","embeddable":true,"href":"https:\/\/tuzlahortum.com.tr\/en\/wp-json\/wp\/v2\/product_tag?post=947"}],"curies":[{"name":"wp","href":"https:\/\/api.w.org\/{rel}","templated":true}]}}