{"id":943,"date":"2019-02-06T23:56:13","date_gmt":"2019-02-06T20:56:13","guid":{"rendered":"http:\/\/hortum.com.tr\/product\/import-placeholder-for-277\/"},"modified":"2024-03-21T17:40:22","modified_gmt":"2024-03-21T14:40:22","slug":"galvaniz-10-mm-hortum-kelepceleri","status":"publish","type":"product","link":"https:\/\/tuzlahortum.com.tr\/en\/product\/galvaniz-10-mm-hortum-kelepceleri\/","title":{"rendered":"Galvanized 10 mm Hose Clamps"},"content":{"rendered":"<h2>Galvanized 10 mm Hose Clamps<\/h2>\n<p><b>Clamp band &amp; Cover<\/b> Norm Standard \u2022 DIN 1623 P2 \u2013 Cold Rolled Steel. \u2022 DIN EN 10130:1999 \u2013 Suitable for drawing operation<\/p>\n<p>cold rolled steel. <b>Clamp band types<\/b> \u2022 W1 (zinc plated) \u2013 perforated tape \u2022 Band width 10mm \u2022 Safe convex tape<\/p>\n<p>The hose tightened with its edges is prevented from being damaged. <b>Screw<\/b> Norm Standard \u2022 DIN EN 10263 quality Cq 15 \u2013 For cold forming<\/p>\n<p>suitable wire rod material.<\/p>\n<p><b>TECHNICAL SPECIFICATIONS AND SIZE LIST<\/b><\/p>\n<table class=\"prod-table prod-table-red\" style=\"height: 731px;\" width=\"936\" cellspacing=\"0\" cellpadding=\"0\">\n<tbody>\n<tr>\n<th>\u00a0<\/th>\n<th colspan=\"2\"><span style=\"font-family: Tahoma; font-size: small;\"><strong>Diameter<\/strong><\/span> HE<\/th>\n<th><span style=\"font-family: Tahoma; font-size: small;\"><strong>Bandwidth <\/strong><\/span> (b1)<\/th>\n<th><span style=\"font-family: Tahoma; font-size: small;\"><strong>Band Thickness <\/strong><\/span> (s)<\/th>\n<th>Max. Torque<\/th>\n<th><span style=\"font-family: Tahoma; font-size: small;\"><strong>Quantity Piece\/Box<\/strong><\/span><\/th>\n<th><span style=\"font-family: Tahoma; font-size: small;\"><strong>Screw Head SW<\/strong><\/span><\/th>\n<\/tr>\n<tr class=\"unit\">\n<th>\u00a0<\/th>\n<th>mm<\/th>\n<th>inch<\/th>\n<th>mm<\/th>\n<th>mm<\/th>\n<th>nm<\/th>\n<th>pcs<\/th>\n<th>\u00a0<\/th>\n<\/tr>\n<tr>\n<td style=\"text-align: left;\">\u00a0<\/td>\n<td style=\"text-align: left;\">19-26<\/td>\n<td style=\"text-align: left;\">3\/4\u2033 - 1 1\/3\u2033<\/td>\n<td style=\"text-align: left;\">10<\/td>\n<td style=\"text-align: left;\">0,80<\/td>\n<td style=\"text-align: left;\">8,5<\/td>\n<td style=\"text-align: left;\">1.000<\/td>\n<td style=\"text-align: left;\">SW7<\/td>\n<\/tr>\n<tr>\n<td>\u00a0<\/td>\n<td>20-32<\/td>\n<td>3\/4\u2033 - 1 1\/4\u2033<\/td>\n<td>10<\/td>\n<td>0,80<\/td>\n<td>8,5<\/td>\n<td>1.000<\/td>\n<td>SW7<\/td>\n<\/tr>\n<tr>\n<td>\u00a0<\/td>\n<td>23-35<\/td>\n<td>8\/9\u2033 - 1 1\/4\u2033<\/td>\n<td>10<\/td>\n<td>0,80<\/td>\n<td>8,5<\/td>\n<td>1.000<\/td>\n<td>SW7<\/td>\n<\/tr>\n<tr>\n<td>\u00a0<\/td>\n<td>25-40<\/td>\n<td>1\u2033 - 1 5\/8\u2033<\/td>\n<td>10<\/td>\n<td>0,80<\/td>\n<td>9,5<\/td>\n<td>1.000<\/td>\n<td>SW7<\/td>\n<\/tr>\n<tr>\n<td>\u00a0<\/td>\n<td>28-48<\/td>\n<td>1 3\/32\u2033 - 1\u2033<\/td>\n<td>10<\/td>\n<td>0,80<\/td>\n<td>8,5<\/td>\n<td>1.000<\/td>\n<td>SW7<\/td>\n<\/tr>\n<tr>\n<td>\u00a0<\/td>\n<td>30-45<\/td>\n<td>7\/8\u2033<\/td>\n<td>10<\/td>\n<td>0,80<\/td>\n<td>9,5<\/td>\n<td>1.000<\/td>\n<td>SW7<\/td>\n<\/tr>\n<tr>\n<td>\u00a0<\/td>\n<td>32-50<\/td>\n<td>1 1\/6\u2033 - 1 3\/4\u2033<\/td>\n<td>10<\/td>\n<td>0,80<\/td>\n<td>9,5<\/td>\n<td>1.000<\/td>\n<td>SW7<\/td>\n<\/tr>\n<tr>\n<td>\u00a0<\/td>\n<td>40-60<\/td>\n<td>1 1\/4\u2033 - 2\u2033<\/td>\n<td>10<\/td>\n<td>0,80<\/td>\n<td>9,5<\/td>\n<td>1.000<\/td>\n<td>SW7<\/td>\n<\/tr>\n<tr>\n<td>\u00a0<\/td>\n<td>44-64<\/td>\n<td>1 5\/8\u2033 - 2\u2033<\/td>\n<td>10<\/td>\n<td>0,80<\/td>\n<td>9,5<\/td>\n<td>1.000<\/td>\n<td>SW7<\/td>\n<\/tr>\n<tr>\n<td>\u00a0<\/td>\n<td>50-70<\/td>\n<td>3\/8\u2033<\/td>\n<td>10<\/td>\n<td>0,80<\/td>\n<td>8,5<\/td>\n<td>1.000<\/td>\n<td>SW7<\/td>\n<\/tr>\n<tr>\n<td>\u00a0<\/td>\n<td>60-80<\/td>\n<td>1 3\/4\u2033 - 2\u2033<\/td>\n<td>10<\/td>\n<td>0,80<\/td>\n<td>8,5<\/td>\n<td>1.000<\/td>\n<td>SW7<\/td>\n<\/tr>\n<tr>\n<td>\u00a0<\/td>\n<td>70-90<\/td>\n<td>1\/2\u2033<\/td>\n<td>10<\/td>\n<td>0,80<\/td>\n<td>8,5<\/td>\n<td>1.000<\/td>\n<td>SW7<\/td>\n<\/tr>\n<tr>\n<td>\u00a0<\/td>\n<td>80-100<\/td>\n<td>2\u2033 - 2 3\/4\u2033<\/td>\n<td>10<\/td>\n<td>0,80<\/td>\n<td>8,5<\/td>\n<td>1.000<\/td>\n<td>SW7<\/td>\n<\/tr>\n<tr>\n<td>\u00a0<\/td>\n<td>90-110<\/td>\n<td>2 3\/8\u2033 - 3\u2033<\/td>\n<td>10<\/td>\n<td>0,80<\/td>\n<td>8,5<\/td>\n<td>1.000<\/td>\n<td>SW7<\/td>\n<\/tr>\n<tr>\n<td>\u00a0<\/td>\n<td>100-120<\/td>\n<td>1\/8\u2033<\/td>\n<td>10<\/td>\n<td>0,80<\/td>\n<td>8,5<\/td>\n<td>1.000<\/td>\n<td>SW7<\/td>\n<\/tr>\n<tr>\n<td>\u00a0<\/td>\n<td>110-130<\/td>\n<td>2 3\/4\u2033 - 3\u2033<\/td>\n<td>10<\/td>\n<td>0,80<\/td>\n<td>8,5<\/td>\n<td>1.000<\/td>\n<td>SW7<\/td>\n<\/tr>\n<tr>\n<td>\u00a0<\/td>\n<td>120-140<\/td>\n<td>1\/2\u2033<\/td>\n<td>10<\/td>\n<td>0,80<\/td>\n<td>8<\/td>\n<td>1.000<\/td>\n<td>SW7<\/td>\n<\/tr>\n<tr>\n<td>\u00a0<\/td>\n<td>130-150<\/td>\n<td>3 1\/8\u2033 - 4\u2033<\/td>\n<td>10<\/td>\n<td>0,80<\/td>\n<td>8<\/td>\n<td>1.000<\/td>\n<td>SW7<\/td>\n<\/tr>\n<tr>\n<td>\u00a0<\/td>\n<td>140-160<\/td>\n<td>3 1\/2 - 4\u2033<\/td>\n<td>10<\/td>\n<td>0,80<\/td>\n<td>8<\/td>\n<td>1.000<\/td>\n<td>SW7<\/td>\n<\/tr>\n<tr>\n<td>\u00a0<\/td>\n<td>150-170<\/td>\n<td>3\/8\u2033<\/td>\n<td>10<\/td>\n<td>0,80<\/td>\n<td>8<\/td>\n<td>1.000<\/td>\n<td>SW7<\/td>\n<\/tr>\n<tr>\n<td>\u00a0<\/td>\n<td>160-180<\/td>\n<td>4\u2033 - 4 3\/4\u2033<\/td>\n<td>10<\/td>\n<td>0,80<\/td>\n<td>8<\/td>\n<td>1.000<\/td>\n<td>SW7<\/td>\n<\/tr>\n<tr>\n<td>\u00a0<\/td>\n<td>170-190<\/td>\n<td>4 3\/8\u2033 - 5\u2033<\/td>\n<td>10<\/td>\n<td>0,80<\/td>\n<td>8<\/td>\n<td>1.000<\/td>\n<td>SW7<\/td>\n<\/tr>\n<tr>\n<td>\u00a0<\/td>\n<td>180-200<\/td>\n<td>1\/8\u2033<\/td>\n<td>10<\/td>\n<td>0,80<\/td>\n<td>8<\/td>\n<td>1.000<\/td>\n<td>SW7<\/td>\n<\/tr>\n<tr>\n<td>\u00a0<\/td>\n<td>190-210<\/td>\n<td>4 3\/4\u2033 - 5\u2033<\/td>\n<td>10<\/td>\n<td>0,80<\/td>\n<td>8<\/td>\n<td>1.000<\/td>\n<td>SW7<\/td>\n<\/tr>\n<tr>\n<td>\u00a0<\/td>\n<td>200-220<\/td>\n<td>1\/2\u2033<\/td>\n<td>10<\/td>\n<td>0,80<\/td>\n<td>8<\/td>\n<td>1.000<\/td>\n<td>SW7<\/td>\n<\/tr>\n<tr>\n<td>\u00a0<\/td>\n<td>210-230<\/td>\n<td>5 1\/8\u2033 - 5\u2033<\/td>\n<td>10<\/td>\n<td>0,80<\/td>\n<td>8<\/td>\n<td>1.000<\/td>\n<td>SW7<\/td>\n<\/tr>\n<tr>\n<td>\u00a0<\/td>\n<td>220-240<\/td>\n<td>7\/8\u2033<\/td>\n<td>10<\/td>\n<td>0,80<\/td>\n<td>7,5<\/td>\n<td>1.000<\/td>\n<td>SW7<\/td>\n<\/tr>\n<tr>\n<td>\u00a0<\/td>\n<td>230-250<\/td>\n<td>5 1\/2\u2033 - 6\u2033<\/td>\n<td>10<\/td>\n<td>0,80<\/td>\n<td>7,5<\/td>\n<td>1.000<\/td>\n<td>SW7<\/td>\n<\/tr>\n<tr>\n<td>\u00a0<\/td>\n<td>240-260<\/td>\n<td>1\/4\u2033<\/td>\n<td>10<\/td>\n<td>0,80<\/td>\n<td>7,5<\/td>\n<td>1.000<\/td>\n<td>SW7<\/td>\n<\/tr>\n<tr>\n<td style=\"text-align: left;\">\u00a0<\/td>\n<td style=\"text-align: left;\">250-270<\/td>\n<td style=\"text-align: left;\">5 7\/8\u2033 - 6\u2033<\/td>\n<td style=\"text-align: left;\">10<\/td>\n<td style=\"text-align: left;\">0,80<\/td>\n<td style=\"text-align: left;\">7,5<\/td>\n<td style=\"text-align: left;\">1.000<\/td>\n<td style=\"text-align: left;\">SW7<\/td>\n<\/tr>\n<\/tbody>\n<\/table>\n<p>\u00a0<\/p>\n<p>\u00a0<\/p>\n<p>\u00a0<\/p>","protected":false},"excerpt":{"rendered":"<p>Galvaniz 10 mm Hortum Kelep\u00e7eleri Kelep\u00e7e band &amp; Kapak Norm Standart\u0131 \u2022\u00a0DIN 1623 P2 \u2013 So\u011fuk Haddelenmi\u015f \u00c7elik. \u2022\u00a0DIN EN 10130:1999 \u2013 \u00c7ekme i\u015flemine uygun so\u011fuk haddelenmi\u015f \u00e7elik. Kelep\u00e7e band tipleri \u2022\u00a0W1 (\u00e7inko kaplama) \u2013 delikli band \u2022\u00a0Band geni\u015fli\u011fi 10mm \u2022\u00a0G\u00fcvenli d\u0131\u015f b\u00fckey band kenarlar\u0131yla s\u0131k\u0131lan hortumun zarar g\u00f6rmesi engellenmi\u015ftir. Vida Norm Standard \u2022\u00a0DIN EN [&#8230;]\n","protected":false},"featured_media":4103,"comment_status":"open","ping_status":"closed","template":"","meta":{"jetpack_post_was_ever_published":false},"product_brand":[],"product_cat":[113],"product_tag":[1225,2258,2259,1224,290,852],"class_list":{"0":"post-943","1":"product","2":"type-product","3":"status-publish","4":"has-post-thumbnail","6":"product_cat-vida-surumlu-kelepceler","7":"product_tag-10-mm","8":"product_tag-galvaniz-10-mm-hortum-kelepce","9":"product_tag-galvaniz-10-mm-kelepce","10":"product_tag-galveniz","11":"product_tag-hortum","12":"product_tag-kelepce","14":"first","15":"instock","16":"taxable","17":"shipping-taxable","18":"product-type-variable"},"jetpack-related-posts":[],"jetpack_sharing_enabled":true,"jetpack_likes_enabled":true,"_links":{"self":[{"href":"https:\/\/tuzlahortum.com.tr\/en\/wp-json\/wp\/v2\/product\/943","targetHints":{"allow":["GET"]}}],"collection":[{"href":"https:\/\/tuzlahortum.com.tr\/en\/wp-json\/wp\/v2\/product"}],"about":[{"href":"https:\/\/tuzlahortum.com.tr\/en\/wp-json\/wp\/v2\/types\/product"}],"replies":[{"embeddable":true,"href":"https:\/\/tuzlahortum.com.tr\/en\/wp-json\/wp\/v2\/comments?post=943"}],"wp:featuredmedia":[{"embeddable":true,"href":"https:\/\/tuzlahortum.com.tr\/en\/wp-json\/wp\/v2\/media\/4103"}],"wp:attachment":[{"href":"https:\/\/tuzlahortum.com.tr\/en\/wp-json\/wp\/v2\/media?parent=943"}],"wp:term":[{"taxonomy":"product_brand","embeddable":true,"href":"https:\/\/tuzlahortum.com.tr\/en\/wp-json\/wp\/v2\/product_brand?post=943"},{"taxonomy":"product_cat","embeddable":true,"href":"https:\/\/tuzlahortum.com.tr\/en\/wp-json\/wp\/v2\/product_cat?post=943"},{"taxonomy":"product_tag","embeddable":true,"href":"https:\/\/tuzlahortum.com.tr\/en\/wp-json\/wp\/v2\/product_tag?post=943"}],"curies":[{"name":"wp","href":"https:\/\/api.w.org\/{rel}","templated":true}]}}