{"id":938,"date":"2019-02-06T23:56:11","date_gmt":"2019-02-06T20:56:11","guid":{"rendered":"http:\/\/hortum.com.tr\/product\/import-placeholder-for-570\/"},"modified":"2024-03-21T17:40:26","modified_gmt":"2024-03-21T14:40:26","slug":"thermo-su-hortumlari-standart","status":"publish","type":"product","link":"https:\/\/tuzlahortum.com.tr\/en\/product\/thermo-su-hortumlari-standart\/","title":{"rendered":"Thermo Water Hoses (STANDARD)"},"content":{"rendered":"<h2>Thermo Water Hoses (STANDARD)<\/h2>\n<p>Bottom layer is black PVC and high tenacity polyester thread, upper layer is wear-resistant<\/p>\n<p>Produced with a special blend PVC. It is pressure resistant.<br \/>\nOperating temperature<\/p>\n<p>-10\u00b0C to +50\u00b0C<\/p>\n<p>Usage areas<\/p>\n<p>It is used in irrigation and evacuation works in the home, garden, field, industry and construction sector.<\/p>\n<div class=\"video video-fit mb\" style=\"padding-top:56.25%;\"><p><iframe loading=\"lazy\" title=\"Measurement Confusion (Inch, Finger, Haze, Millimeter)\" width=\"1020\" height=\"574\" src=\"https:\/\/www.youtube.com\/embed\/uKk6AG_AZls?feature=oembed\" frameborder=\"0\" allow=\"accelerometer; autoplay; clipboard-write; encrypted-media; gyroscope; picture-in-picture; web-share\" referrerpolicy=\"strict-origin-when-cross-origin\" allowfullscreen><\/iframe><\/p>\n<\/div>\n<div class=\"video video-fit mb\" style=\"padding-top:56.25%;\"><p>https:\/\/www.youtube.com\/watch?v=O8ZlzKEjfEQ%20<\/p>\n<\/div>\n<p><img data-recalc-dims=\"1\" loading=\"lazy\" decoding=\"async\" class=\"alignnone size-full wp-image-1983\" src=\"https:\/\/i0.wp.com\/hortum.com.tr\/wp-content\/uploads\/urunler\/plastik\/Thermo-Su-Hortumlar%C4%B1-STANDART.jpg?resize=393%2C127\" alt=\"\" width=\"393\" height=\"127\" title=\"\"><\/p>","protected":false},"excerpt":{"rendered":"<p>Thermo Water Hoses (STANDARD) Manufactured with black PVC and high strength polyester yarn on the bottom layer and abrasion resistant special blend PVC on the top layer. Pressure resistant. Operating Temperature -10\u00b0C to +50\u00b0C Areas of Use Used for irrigation and drainage works in home, garden, field, industry and construction sector.<\/p>","protected":false},"featured_media":1988,"comment_status":"open","ping_status":"closed","template":"","meta":{"jetpack_post_was_ever_published":false},"product_brand":[],"product_cat":[173],"product_tag":[1211,555,1209,1218],"class_list":{"0":"post-938","1":"product","2":"type-product","3":"status-publish","4":"has-post-thumbnail","6":"product_cat-thermo-hortumlar","7":"product_tag-hortumlari","8":"product_tag-su","9":"product_tag-thermo","10":"product_tag-thermo-su-hortumlari","12":"first","13":"instock","14":"taxable","15":"shipping-taxable","16":"product-type-variable"},"jetpack-related-posts":[{"id":939,"url":"https:\/\/tuzlahortum.com.tr\/en\/product\/thermo-su-hortumlari-super\/","url_meta":{"origin":938,"position":0},"title":"Thermo Water Hoses (SUPER)","author":"admin","date":"6 February 2019","format":false,"excerpt":"Thermo Su Hortumlar\u0131 (S\u00dcPER)Alt kat siyah\u00a0PVC ve\u00a0y\u00fcksek mukavemetli polyester iplik, \u00fcst katta a\u015f\u0131nmaya \u00a0dayan\u0131kl\u0131 \u00f6zel kar\u0131\u015f\u0131m PVC ile \u00fcretilmi\u015ftir. Bas\u0131nca dayan\u0131kl\u0131d\u0131r. \u00c7al\u0131\u015fma S\u0131cakl\u0131\u011f\u0131 -10\u00b0C ile +50\u00b0C aras\u0131 Kullan\u0131m Alanlar\u0131 Ev, bah\u00e7e, tarla, sanayi ve in\u015faat sekt\u00f6r\u00fcnde sulama ve tahliye i\u015flerinde kullan\u0131l\u0131r.","rel":"","context":"Similar post","block_context":{"text":"Similar post","link":""},"img":{"alt_text":"","src":"https:\/\/i0.wp.com\/tuzlahortum.com.tr\/wp-content\/uploads\/urunler\/plastik\/THERMO-SU-HORTUMLAR.jpg?fit=640%2C480&ssl=1&resize=350%2C200","width":350,"height":200,"srcset":"https:\/\/i0.wp.com\/tuzlahortum.com.tr\/wp-content\/uploads\/urunler\/plastik\/THERMO-SU-HORTUMLAR.jpg?fit=640%2C480&ssl=1&resize=350%2C200 1x, https:\/\/i0.wp.com\/tuzlahortum.com.tr\/wp-content\/uploads\/urunler\/plastik\/THERMO-SU-HORTUMLAR.jpg?fit=640%2C480&ssl=1&resize=525%2C300 1.5x"},"classes":[]},{"id":934,"url":"https:\/\/tuzlahortum.com.tr\/en\/product\/thermo-kalorifer-hortumu\/","url_meta":{"origin":938,"position":1},"title":"Thermo Heating Hose","author":"admin","date":"6 February 2019","format":false,"excerpt":"Thermo Kalorifer Hortumu\u00d6zellikler : \u2022 Is\u0131 yal\u0131t\u0131m\u0131 sa\u011flayan \u00f6zel \u00fcst kat. \u2022 Ya\u011f ge\u00e7irmez, elektrik iletmez, U.V. ve Ozon\u2019 a dayan\u0131kl\u0131d\u0131r. \u2022 -20\u00b0C ile +65\u00b0C aras\u0131nda s\u0131cakl\u0131\u011fa dayan\u0131kl\u0131d\u0131r. Kullan\u0131m Alanlar\u0131 : \u2022 S\u0131cak su aktar\u0131m\u0131nda ve devirdaim i\u015flerinde kullan\u0131l\u0131r.","rel":"","context":"Similar post","block_context":{"text":"Similar post","link":""},"img":{"alt_text":"","src":"https:\/\/i0.wp.com\/hortum.com.tr\/wp-content\/uploads\/urunler\/plastik\/Thermo-Kalorifer-Hortumu-2.jpg?resize=350%2C200","width":350,"height":200,"srcset":"https:\/\/i0.wp.com\/hortum.com.tr\/wp-content\/uploads\/urunler\/plastik\/Thermo-Kalorifer-Hortumu-2.jpg?resize=350%2C200 1x, https:\/\/i0.wp.com\/hortum.com.tr\/wp-content\/uploads\/urunler\/plastik\/Thermo-Kalorifer-Hortumu-2.jpg?resize=525%2C300 1.5x"},"classes":[]},{"id":935,"url":"https:\/\/tuzlahortum.com.tr\/en\/product\/thermo-hava-hortumlarioksijen\/","url_meta":{"origin":938,"position":2},"title":"Thermo Air Hoses (Oxygen)","author":"admin","date":"6 February 2019","format":false,"excerpt":"Thermo Hava Hortumlar\u0131(Oksijen)Alt kat \u00f6zel PVC kar\u0131\u015f\u0131m ve\u00a0y\u00fcksek mukavemetli polyester iplik, \u00fcst katta a\u015f\u0131nmaya \u00a0dayan\u0131kl\u0131 PVC kar\u0131\u015f\u0131mdan \u00a0\u00fcretilmi\u015ftir. \u00c7al\u0131\u015fma S\u0131cakl\u0131\u011f\u0131 -10\u00b0C ile +50\u00b0C aras\u0131 Kullan\u0131m Alanlar\u0131 Kaynak i\u015fleri ve hava hatlar\u0131nda kullan\u0131lmaktad\u0131r. \u00c7ap (inch) \u00c7ap (mm) \u00c7al\u0131\u015fma Bas\u0131nc\u0131 (bar) Uzunluk (mt) 5\/16\" 8 \u00a0 \u00a0 \u00a0 \u00a0 \u00a0 \u00a020 100\u2026","rel":"","context":"Similar post","block_context":{"text":"Similar post","link":""},"img":{"alt_text":"","src":"https:\/\/i0.wp.com\/tuzlahortum.com.tr\/wp-content\/uploads\/urunler\/plastik\/THERMO-HAVA-HORTUMLARI.jpg?fit=640%2C480&ssl=1&resize=350%2C200","width":350,"height":200,"srcset":"https:\/\/i0.wp.com\/tuzlahortum.com.tr\/wp-content\/uploads\/urunler\/plastik\/THERMO-HAVA-HORTUMLARI.jpg?fit=640%2C480&ssl=1&resize=350%2C200 1x, https:\/\/i0.wp.com\/tuzlahortum.com.tr\/wp-content\/uploads\/urunler\/plastik\/THERMO-HAVA-HORTUMLARI.jpg?fit=640%2C480&ssl=1&resize=525%2C300 1.5x"},"classes":[]},{"id":937,"url":"https:\/\/tuzlahortum.com.tr\/en\/product\/thermo-kompresor-hortumu-10-bar\/","url_meta":{"origin":938,"position":3},"title":"Thermo Compressor Hose (10 Bar)","author":"admin","date":"6 February 2019","format":false,"excerpt":"Thermo Kompres\u00f6r Hortumu (10 Bar)\u00d6zellikler : \u2022 \u00d6zel Sentetik PVC, y\u00fcksek mukavemetli polyester ile takviye edilmi\u015ftir. \u2022 Kompres\u00f6r ya\u011flar\u0131na ve hert\u00fcrl\u00fc hava \u015fartlar\u0131na kar\u015f\u0131 dayan\u0131kl\u0131d\u0131r. \u2022 -20\u00b0C ile +60\u00b0C aras\u0131nda s\u0131cakl\u0131\u011fa dayan\u0131kl\u0131d\u0131r. Kullan\u0131m Alanlar\u0131 : \u2022 Hert\u00fcrl\u00fc bas\u0131n\u00e7l\u0131 hava tahliyesine ve hava ile \u00e7al\u0131\u015fan aletlerde kullan\u0131l\u0131r.","rel":"","context":"Similar post","block_context":{"text":"Similar post","link":""},"img":{"alt_text":"","src":"https:\/\/i0.wp.com\/hortum.com.tr\/wp-content\/uploads\/urunler\/plastik\/Thermo-Kompreso%CC%88r-Hortumu-10-Bar-1.jpg?resize=350%2C200","width":350,"height":200,"srcset":"https:\/\/i0.wp.com\/hortum.com.tr\/wp-content\/uploads\/urunler\/plastik\/Thermo-Kompreso%CC%88r-Hortumu-10-Bar-1.jpg?resize=350%2C200 1x, https:\/\/i0.wp.com\/hortum.com.tr\/wp-content\/uploads\/urunler\/plastik\/Thermo-Kompreso%CC%88r-Hortumu-10-Bar-1.jpg?resize=525%2C300 1.5x"},"classes":[]},{"id":825,"url":"https:\/\/tuzlahortum.com.tr\/en\/product\/v-tipi-sari-verici-hortum-standart\/","url_meta":{"origin":938,"position":4},"title":"V Type Yellow Transmitter Hose (STANDARD)","author":"admin","date":"6 February 2019","format":false,"excerpt":"V Tipi Sar\u0131 Verici Hortum (STANDART)\u00d6zellikler Emici ve verici olarak kullan\u0131labilir. Esnek \u015feffaf PVC, y\u00fcksek mukavemetli, k\u0131r\u0131lmaya kar\u015f\u0131 maksimum dayan\u0131kl\u0131 sert PVC takviyesiyle \u00fcretilmektedir. \u0130\u00e7 ve d\u0131\u015f y\u00fczey d\u00fczd\u00fcr. \u00c7al\u0131\u015fma S\u0131cakl\u0131\u011f\u0131 -5\u00b0C ile +60\u00b0C aras\u0131 Kullan\u0131m Alanlar\u0131 Tar\u0131m, sanayi ve in\u015faat sekt\u00f6r\u00fcnde , pompa emi\u015flerinde, likit ve sair malzeme naklinde\u00a0\u2026","rel":"","context":"Similar post","block_context":{"text":"Similar post","link":""},"img":{"alt_text":"","src":"https:\/\/i0.wp.com\/tuzlahortum.com.tr\/wp-content\/uploads\/urunler\/plastik\/39.jpg?fit=456%2C232&ssl=1&resize=350%2C200","width":350,"height":200},"classes":[]},{"id":936,"url":"https:\/\/tuzlahortum.com.tr\/en\/product\/thermo-ciftli-oksijen-hortumu\/","url_meta":{"origin":938,"position":5},"title":"Thermo Double Oxygen Hose","author":"admin","date":"6 February 2019","format":false,"excerpt":"Thermo \u00c7iftli Oksijen Hortumu OKS\u0130JEN VE ASET\u0130LEN KAYNAK Alt Kat : OKS\u0130JEN VE ASET\u0130LENE DAYANIKLI \u00d6ZEL, S\u0130YAH D\u00dcZ SENTET\u0130K KAU\u00c7UK. Takviye : Y\u00dcKSEK MUKAVEMETL\u0130 SENTET\u0130K TEKST\u0130L. \u00dcst Kat : ALEVE, A\u015eINMAYA VE HER T\u00dcRL\u00dc HAVA \u015eARTLARINA SAYANIKLI \u00d6ZEL SENTET\u0130K KAU\u00c7UK. OKS\u0130JEN \u0130\u00c7\u0130N MAV\u0130, ASET\u0130LEN \u0130\u00c7\u0130N KIRMIZI RENKLERDE. Kullan\u0131m Yeri :\u2026","rel":"","context":"Similar post","block_context":{"text":"Similar post","link":""},"img":{"alt_text":"","src":"https:\/\/i0.wp.com\/tuzlahortum.com.tr\/wp-content\/uploads\/urunler\/plastik\/Sel-Jupiter-Oksijen-Kaynak-Hortumu-C%CC%A7iftli-8-mm.jpg?fit=600%2C600&ssl=1&resize=350%2C200","width":350,"height":200,"srcset":"https:\/\/i0.wp.com\/tuzlahortum.com.tr\/wp-content\/uploads\/urunler\/plastik\/Sel-Jupiter-Oksijen-Kaynak-Hortumu-C%CC%A7iftli-8-mm.jpg?fit=600%2C600&ssl=1&resize=350%2C200 1x, https:\/\/i0.wp.com\/tuzlahortum.com.tr\/wp-content\/uploads\/urunler\/plastik\/Sel-Jupiter-Oksijen-Kaynak-Hortumu-C%CC%A7iftli-8-mm.jpg?fit=600%2C600&ssl=1&resize=525%2C300 1.5x"},"classes":[]}],"jetpack_sharing_enabled":true,"jetpack_likes_enabled":true,"_links":{"self":[{"href":"https:\/\/tuzlahortum.com.tr\/en\/wp-json\/wp\/v2\/product\/938","targetHints":{"allow":["GET"]}}],"collection":[{"href":"https:\/\/tuzlahortum.com.tr\/en\/wp-json\/wp\/v2\/product"}],"about":[{"href":"https:\/\/tuzlahortum.com.tr\/en\/wp-json\/wp\/v2\/types\/product"}],"replies":[{"embeddable":true,"href":"https:\/\/tuzlahortum.com.tr\/en\/wp-json\/wp\/v2\/comments?post=938"}],"wp:featuredmedia":[{"embeddable":true,"href":"https:\/\/tuzlahortum.com.tr\/en\/wp-json\/wp\/v2\/media\/1988"}],"wp:attachment":[{"href":"https:\/\/tuzlahortum.com.tr\/en\/wp-json\/wp\/v2\/media?parent=938"}],"wp:term":[{"taxonomy":"product_brand","embeddable":true,"href":"https:\/\/tuzlahortum.com.tr\/en\/wp-json\/wp\/v2\/product_brand?post=938"},{"taxonomy":"product_cat","embeddable":true,"href":"https:\/\/tuzlahortum.com.tr\/en\/wp-json\/wp\/v2\/product_cat?post=938"},{"taxonomy":"product_tag","embeddable":true,"href":"https:\/\/tuzlahortum.com.tr\/en\/wp-json\/wp\/v2\/product_tag?post=938"}],"curies":[{"name":"wp","href":"https:\/\/api.w.org\/{rel}","templated":true}]}}