{"id":936,"date":"2019-02-06T23:55:53","date_gmt":"2019-02-06T20:55:53","guid":{"rendered":"http:\/\/hortum.com.tr\/product\/import-placeholder-for-622\/"},"modified":"2024-03-21T17:40:27","modified_gmt":"2024-03-21T14:40:27","slug":"thermo-ciftli-oksijen-hortumu","status":"publish","type":"product","link":"https:\/\/tuzlahortum.com.tr\/en\/product\/thermo-ciftli-oksijen-hortumu\/","title":{"rendered":"Thermo Double Oxygen Hose"},"content":{"rendered":"<h2>Thermo Double Oxygen Hose<\/h2>\n<table border=\"0\" width=\"570\">\n<tbody>\n<tr>\n<td width=\"410\">OXYGEN AND ACETYLENE SOURCE<\/td>\n<td width=\"150\">\n<div align=\"right\"><\/div>\n<\/td>\n<\/tr>\n<\/tbody>\n<\/table>\n<table border=\"0\" width=\"570\">\n<tbody>\n<tr>\n<td colspan=\"2\" valign=\"top\">\n<table border=\"0\" width=\"100%\">\n<tbody>\n<tr valign=\"top\">\n<td width=\"60\">Downstairs<\/td>\n<td width=\"15\">:<\/td>\n<td width=\"370\">SPECIAL, BLACK FLAT SYNTHETIC RUBBER, RESISTANT TO OXYGEN AND ACETHYLENE.<\/td>\n<\/tr>\n<tr valign=\"top\">\n<td width=\"60\">Reinforcement<\/td>\n<td width=\"15\">:<\/td>\n<td width=\"370\">HIGH STRENGTH SYNTHETIC TEXTILE.<\/td>\n<\/tr>\n<tr valign=\"top\">\n<td width=\"60\">Upstairs<\/td>\n<td width=\"15\">:<\/td>\n<td width=\"370\">SPECIAL SYNTHETIC RUBBER RESISTANT TO FLAVE, Abrasion and All Weather Conditions. BLUE FOR OXYGEN, RED FOR ACETHYLENE.<\/td>\n<\/tr>\n<tr valign=\"top\">\n<td width=\"60\">Place of use<\/td>\n<td width=\"15\">:<\/td>\n<td width=\"370\">IN INDUSTRIAL OXYGEN AND ACETHYLENE WELDING WORKS.<\/td>\n<\/tr>\n<\/tbody>\n<\/table>\n<\/td>\n<td width=\"71\">\n<div align=\"center\"><\/div>\n<\/td>\n<\/tr>\n<\/tbody>\n<\/table>\n<table border=\"0\" width=\"570\">\n<tbody>\n<tr>\n<td>\n<table border=\"0\" width=\"570\">\n<tbody>\n<tr>\n<td width=\"150\">temperatures<\/td>\n<td>\n<div>-25\u00b0C\/+110\u00b0C<\/div>\n<div>-13\u00b0F\/+230\u00b0F<\/div>\n<div><\/div>\n<\/td>\n<td><\/td>\n<\/tr>\n<\/tbody>\n<\/table>\n<\/td>\n<\/tr>\n<tr>\n<td>\n<table border=\"0\" width=\"570\">\n<tbody>\n<tr>\n<td width=\"69\" height=\"25\"><strong>Norms:<\/strong><\/td>\n<td width=\"217\">UNI EN 559 \/ ISO 3821 \/ DIN 8541- TS 2411- EN 559 \/ NFT 47-220- ISO 1307<\/td>\n<td colspan=\"2\" rowspan=\"2\" width=\"270\">\n<table border=\"0\" width=\"270\">\n<tbody>\n<tr>\n<td width=\"58\"><strong>Colors:<\/strong><\/td>\n<td width=\"202\">\u00a0Red \u2013 Blue<\/td>\n<\/tr>\n<\/tbody>\n<\/table>\n<\/td>\n<\/tr>\n<\/tbody>\n<\/table>\n<\/td>\n<\/tr>\n<\/tbody>\n<\/table>\n<div class=\"video video-fit mb\" style=\"padding-top:56.25%;\"><p><iframe loading=\"lazy\" title=\"Measurement Confusion (Inch, Finger, Haze, Millimeter)\" width=\"1020\" height=\"574\" src=\"https:\/\/www.youtube.com\/embed\/uKk6AG_AZls?feature=oembed\" frameborder=\"0\" allow=\"accelerometer; autoplay; clipboard-write; encrypted-media; gyroscope; picture-in-picture\" allowfullscreen><\/iframe><\/p>\n<\/div>\n<div class=\"video video-fit mb\" style=\"padding-top:56.25%;\"><p>https:\/\/youtu.be\/YFDzAoEaZfM%20<\/p>\n<\/div>","protected":false},"excerpt":{"rendered":"<p>Thermo \u00c7iftli Oksijen Hortumu OKS\u0130JEN VE ASET\u0130LEN KAYNAK Alt Kat : OKS\u0130JEN VE ASET\u0130LENE DAYANIKLI \u00d6ZEL, S\u0130YAH D\u00dcZ SENTET\u0130K KAU\u00c7UK. Takviye : Y\u00dcKSEK MUKAVEMETL\u0130 SENTET\u0130K TEKST\u0130L. \u00dcst Kat : ALEVE, A\u015eINMAYA VE HER T\u00dcRL\u00dc HAVA \u015eARTLARINA SAYANIKLI \u00d6ZEL SENTET\u0130K KAU\u00c7UK. OKS\u0130JEN \u0130\u00c7\u0130N MAV\u0130, ASET\u0130LEN \u0130\u00c7\u0130N KIRMIZI RENKLERDE. Kullan\u0131m Yeri : END\u00dcSTR\u0130YEL OKS\u0130JEN VE ASET\u0130LEN KAYNA\u011eI [&#8230;]\n","protected":false},"featured_media":1997,"comment_status":"open","ping_status":"closed","template":"","meta":{"jetpack_post_was_ever_published":false},"product_brand":[],"product_cat":[173],"product_tag":[1215,424,1211,517,1209,1214],"class_list":{"0":"post-936","1":"product","2":"type-product","3":"status-publish","4":"has-post-thumbnail","6":"product_cat-thermo-hortumlar","7":"product_tag-ciftli","8":"product_tag-hava","9":"product_tag-hortumlari","10":"product_tag-oksijen","11":"product_tag-thermo","12":"product_tag-thermo-ciftli-oksijen-hortumu","14":"first","15":"instock","16":"taxable","17":"shipping-taxable","18":"product-type-variable"},"jetpack-related-posts":[],"jetpack_sharing_enabled":true,"jetpack_likes_enabled":true,"_links":{"self":[{"href":"https:\/\/tuzlahortum.com.tr\/en\/wp-json\/wp\/v2\/product\/936","targetHints":{"allow":["GET"]}}],"collection":[{"href":"https:\/\/tuzlahortum.com.tr\/en\/wp-json\/wp\/v2\/product"}],"about":[{"href":"https:\/\/tuzlahortum.com.tr\/en\/wp-json\/wp\/v2\/types\/product"}],"replies":[{"embeddable":true,"href":"https:\/\/tuzlahortum.com.tr\/en\/wp-json\/wp\/v2\/comments?post=936"}],"wp:featuredmedia":[{"embeddable":true,"href":"https:\/\/tuzlahortum.com.tr\/en\/wp-json\/wp\/v2\/media\/1997"}],"wp:attachment":[{"href":"https:\/\/tuzlahortum.com.tr\/en\/wp-json\/wp\/v2\/media?parent=936"}],"wp:term":[{"taxonomy":"product_brand","embeddable":true,"href":"https:\/\/tuzlahortum.com.tr\/en\/wp-json\/wp\/v2\/product_brand?post=936"},{"taxonomy":"product_cat","embeddable":true,"href":"https:\/\/tuzlahortum.com.tr\/en\/wp-json\/wp\/v2\/product_cat?post=936"},{"taxonomy":"product_tag","embeddable":true,"href":"https:\/\/tuzlahortum.com.tr\/en\/wp-json\/wp\/v2\/product_tag?post=936"}],"curies":[{"name":"wp","href":"https:\/\/api.w.org\/{rel}","templated":true}]}}