{"id":932,"date":"2019-02-06T23:55:52","date_gmt":"2019-02-06T20:55:52","guid":{"rendered":"http:\/\/hortum.com.tr\/product\/import-placeholder-for-350\/"},"modified":"2024-03-21T17:40:30","modified_gmt":"2024-03-21T14:40:30","slug":"siber-vana","status":"publish","type":"product","link":"https:\/\/tuzlahortum.com.tr\/en\/product\/siber-vana\/","title":{"rendered":"Gate valve"},"content":{"rendered":"<h2>Gate valve<\/h2>\n<p>TS EN12288 Turkish Standards Institute Approval.<\/p>\n<p>ISO 9001 Quality System Certificate.<\/p>\n<p>Full pass for maximum fluidity.<\/p>\n<p style=\"font-size: 14.4px;\"><img data-recalc-dims=\"1\" loading=\"lazy\" decoding=\"async\" class=\"size-full wp-image-2188 alignright\" style=\"font-size: 14.4px;\" src=\"https:\/\/i0.wp.com\/hortum.com.tr\/wp-content\/uploads\/urunler\/vanalar\/sibertek.jpg?resize=400%2C300\" alt=\"\" width=\"400\" height=\"300\" title=\"\"><\/p>\n<p><span style=\"font-size: 14.4px;\">Wide usage area for use in industrial, plumbing and irrigation systems.<\/span><\/p>\n<p>ISO 228 Female X Female connection.<\/p>\n<p>Temperature -10\u00b0C + 120\u00b0C<\/p>\n<table border=\"0\" cellspacing=\"0\" cellpadding=\"0\">\n<tbody>\n<tr bgcolor=\"#002f62\">\n<td>RATED SIZE<\/td>\n<td>G<br \/>(mm)<\/td>\n<td>D<br \/>(mm)<\/td>\n<td>L<br \/>(mm)<\/td>\n<td>t<br \/>(mm)<\/td>\n<td>TO<br \/>(mm)<\/td>\n<\/tr>\n<tr>\n<td>1-2\u2033<\/td>\n<td>15<\/td>\n<td>14<\/td>\n<td>36<\/td>\n<td>9<\/td>\n<td>71<\/td>\n<\/tr>\n<tr>\n<td>3\/4\u2033<\/td>\n<td>20<\/td>\n<td>19<\/td>\n<td>40<\/td>\n<td>12<\/td>\n<td>80<\/td>\n<\/tr>\n<tr>\n<td>1\u2033<\/td>\n<td>25<\/td>\n<td>24<\/td>\n<td>45<\/td>\n<td>14<\/td>\n<td>92<\/td>\n<\/tr>\n<tr>\n<td>1 1\/4\u2033<\/td>\n<td>32<\/td>\n<td>30<\/td>\n<td>50<\/td>\n<td>13<\/td>\n<td>108<\/td>\n<\/tr>\n<tr>\n<td>1 1\/2\u2033<\/td>\n<td>40<\/td>\n<td>38<\/td>\n<td>53<\/td>\n<td>13<\/td>\n<td>125<\/td>\n<\/tr>\n<tr>\n<td>2\u2033<\/td>\n<td>50<\/td>\n<td>47<\/td>\n<td>60<\/td>\n<td>14<\/td>\n<td>140<\/td>\n<\/tr>\n<tr>\n<td>2 1\/2\u2033<\/td>\n<td>72<\/td>\n<td>58<\/td>\n<td>75<\/td>\n<td>20<\/td>\n<td>175<\/td>\n<\/tr>\n<tr>\n<td>3\u2033<\/td>\n<td>85<\/td>\n<td>77<\/td>\n<td>86<\/td>\n<td>22<\/td>\n<td>205<\/td>\n<\/tr>\n<tr>\n<td>4\u2033<\/td>\n<td>110<\/td>\n<td>90<\/td>\n<td>102<\/td>\n<td>27<\/td>\n<td>240<\/td>\n<\/tr>\n<\/tbody>\n<\/table>","protected":false},"excerpt":{"rendered":"<p>\u015eiber Vana TS EN12288 T\u00fcrk Standartlar\u0131 Enstit\u00fcs\u00fc Onay\u0131. ISO 9001 Kalite Sistem Sertfikas\u0131. Maksimum ak\u0131\u015fkanl\u0131k i\u00e7in tam ge\u00e7i\u015f. End\u00fcstriyel, Tesisat ve sulama sistemlerinde kullan\u0131lmak \u00fczere geni\u015f kullan\u0131m alan\u0131. ISO 228 Di\u015fi X Di\u015fi ba\u011flant\u0131. S\u0131cakl\u0131k -10\u00b0C + 120\u00b0C ANMA \u00d6L\u00c7\u00dcS\u00dc G(mm) d(mm) L(mm) t(mm) E(mm) 1-2&#8243; 15 14 36 9 71 3\/4&#8243; 20 19 40 [&#8230;]\n","protected":false},"featured_media":4599,"comment_status":"open","ping_status":"closed","template":"","meta":{"jetpack_post_was_ever_published":false},"product_brand":[],"product_cat":[207],"product_tag":[357,1208,962,961,331],"class_list":{"0":"post-932","1":"product","2":"type-product","3":"status-publish","4":"has-post-thumbnail","6":"product_cat-siber-vanasi","7":"product_tag-endustriyel","8":"product_tag-siber-vana","9":"product_tag-sulama","10":"product_tag-tesisat","11":"product_tag-vana","13":"first","14":"instock","15":"featured","16":"taxable","17":"shipping-taxable","18":"product-type-variable"},"jetpack-related-posts":[],"jetpack_sharing_enabled":true,"jetpack_likes_enabled":true,"_links":{"self":[{"href":"https:\/\/tuzlahortum.com.tr\/en\/wp-json\/wp\/v2\/product\/932","targetHints":{"allow":["GET"]}}],"collection":[{"href":"https:\/\/tuzlahortum.com.tr\/en\/wp-json\/wp\/v2\/product"}],"about":[{"href":"https:\/\/tuzlahortum.com.tr\/en\/wp-json\/wp\/v2\/types\/product"}],"replies":[{"embeddable":true,"href":"https:\/\/tuzlahortum.com.tr\/en\/wp-json\/wp\/v2\/comments?post=932"}],"wp:featuredmedia":[{"embeddable":true,"href":"https:\/\/tuzlahortum.com.tr\/en\/wp-json\/wp\/v2\/media\/4599"}],"wp:attachment":[{"href":"https:\/\/tuzlahortum.com.tr\/en\/wp-json\/wp\/v2\/media?parent=932"}],"wp:term":[{"taxonomy":"product_brand","embeddable":true,"href":"https:\/\/tuzlahortum.com.tr\/en\/wp-json\/wp\/v2\/product_brand?post=932"},{"taxonomy":"product_cat","embeddable":true,"href":"https:\/\/tuzlahortum.com.tr\/en\/wp-json\/wp\/v2\/product_cat?post=932"},{"taxonomy":"product_tag","embeddable":true,"href":"https:\/\/tuzlahortum.com.tr\/en\/wp-json\/wp\/v2\/product_tag?post=932"}],"curies":[{"name":"wp","href":"https:\/\/api.w.org\/{rel}","templated":true}]}}