{"id":931,"date":"2019-02-06T23:55:52","date_gmt":"2019-02-06T20:55:52","guid":{"rendered":"http:\/\/hortum.com.tr\/product\/import-placeholder-for-136\/"},"modified":"2024-03-21T17:40:31","modified_gmt":"2024-03-21T14:40:31","slug":"band-buckle-kelepce","status":"publish","type":"product","link":"https:\/\/tuzlahortum.com.tr\/en\/product\/band-buckle-kelepce\/","title":{"rendered":"Band &amp; Buckle Clamp"},"content":{"rendered":"<h2>Band &amp; Buckle Clamp<\/h2>\n<p class=\"ptext-circle-bullet\">Band &amp; Buckle stainless steel free length clamp models are designed for sealing and fixing in diameters above the standards.<\/p>\n<p class=\"ptext-circle-bullet\">These free length clamps have high corrosion resistance. It is produced from DIN 1.4301 (AISI 304) material.<\/p>\n<p class=\"ptext-circle-bullet\">These free size stainless hose clamp models, which are very simple to apply for the desired diameter, are used with a clamping apparatus. Therefore, the assembly time is shorter.<\/p>\n<p class=\"ptext-circle-bullet\">Thanks to the durable plastic reel, the rate of lost material is kept to a minimum.<\/p>\n<p class=\"ptext-circle-bullet\">It can be supplied in 30.5 m packages.<\/p>\n<p><img data-recalc-dims=\"1\" loading=\"lazy\" decoding=\"async\" class=\"alignnone  wp-image-10403\" src=\"https:\/\/i0.wp.com\/tuzlahortum.com.tr\/wp-content\/uploads\/2019\/02\/CleanShot-2020-03-27-at-10.48.54%402x.png?resize=525%2C200&#038;ssl=1\" alt=\"\" width=\"525\" height=\"200\" title=\"\" srcset=\"https:\/\/i0.wp.com\/tuzlahortum.com.tr\/wp-content\/uploads\/2019\/02\/CleanShot-2020-03-27-at-10.48.54%402x.png?resize=800%2C305&amp;ssl=1 800w, https:\/\/i0.wp.com\/tuzlahortum.com.tr\/wp-content\/uploads\/2019\/02\/CleanShot-2020-03-27-at-10.48.54%402x.png?resize=1400%2C535&amp;ssl=1 1400w, https:\/\/i0.wp.com\/tuzlahortum.com.tr\/wp-content\/uploads\/2019\/02\/CleanShot-2020-03-27-at-10.48.54%402x.png?resize=768%2C293&amp;ssl=1 768w, https:\/\/i0.wp.com\/tuzlahortum.com.tr\/wp-content\/uploads\/2019\/02\/CleanShot-2020-03-27-at-10.48.54%402x.png?resize=600%2C229&amp;ssl=1 600w, https:\/\/i0.wp.com\/tuzlahortum.com.tr\/wp-content\/uploads\/2019\/02\/CleanShot-2020-03-27-at-10.48.54%402x.png?w=1456&amp;ssl=1 1456w\" sizes=\"auto, (max-width: 525px) 100vw, 525px\" \/><\/p>","protected":false},"excerpt":{"rendered":"<p>Band &#038; Buckle Kelep\u00e7e Band &amp; Buckle paslanmaz \u00e7elik serbest boy kelep\u00e7e modelleri standartlar\u0131n \u00fczerindeki \u00e7aplarda s\u0131zd\u0131rmazl\u0131k ve sabitleme ama\u00e7l\u0131 tasarlanm\u0131\u015flard\u0131r. Bu serbest boy kelep\u00e7elerin korozyon diren\u00e7leri y\u00fcksektir. DIN 1.4301 (AISI 304) malzemeden \u00fcretilmektedir. \u0130stenilen \u00e7ap i\u00e7in uygulanmas\u0131 olduk\u00e7a basit olan bu serbest boy paslanmaz hortum kelep\u00e7esi modelleri bir s\u0131kma aparat\u0131 ile kullan\u0131l\u0131rlar. Dolay\u0131s\u0131 ile [&#8230;]\n","protected":false},"featured_media":1770,"comment_status":"open","ping_status":"closed","template":"","meta":{"jetpack_post_was_ever_published":false},"product_brand":[],"product_cat":[112],"product_tag":[1207,2263,2264,857,1003,856,1206,1205],"class_list":{"0":"post-931","1":"product","2":"type-product","3":"status-publish","4":"has-post-thumbnail","6":"product_cat-seritli-kelepceler","7":"product_tag-band","8":"product_tag-band-buckle","9":"product_tag-band-buckle-kelepce","10":"product_tag-hortum-kelepcesi","11":"product_tag-korozyon","12":"product_tag-paslanmaz-celik","13":"product_tag-sabitleme","14":"product_tag-sizdirmazlik","16":"first","17":"instock","18":"featured","19":"taxable","20":"shipping-taxable","21":"product-type-variable"},"jetpack-related-posts":[],"jetpack_sharing_enabled":true,"jetpack_likes_enabled":true,"_links":{"self":[{"href":"https:\/\/tuzlahortum.com.tr\/en\/wp-json\/wp\/v2\/product\/931","targetHints":{"allow":["GET"]}}],"collection":[{"href":"https:\/\/tuzlahortum.com.tr\/en\/wp-json\/wp\/v2\/product"}],"about":[{"href":"https:\/\/tuzlahortum.com.tr\/en\/wp-json\/wp\/v2\/types\/product"}],"replies":[{"embeddable":true,"href":"https:\/\/tuzlahortum.com.tr\/en\/wp-json\/wp\/v2\/comments?post=931"}],"wp:featuredmedia":[{"embeddable":true,"href":"https:\/\/tuzlahortum.com.tr\/en\/wp-json\/wp\/v2\/media\/1770"}],"wp:attachment":[{"href":"https:\/\/tuzlahortum.com.tr\/en\/wp-json\/wp\/v2\/media?parent=931"}],"wp:term":[{"taxonomy":"product_brand","embeddable":true,"href":"https:\/\/tuzlahortum.com.tr\/en\/wp-json\/wp\/v2\/product_brand?post=931"},{"taxonomy":"product_cat","embeddable":true,"href":"https:\/\/tuzlahortum.com.tr\/en\/wp-json\/wp\/v2\/product_cat?post=931"},{"taxonomy":"product_tag","embeddable":true,"href":"https:\/\/tuzlahortum.com.tr\/en\/wp-json\/wp\/v2\/product_tag?post=931"}],"curies":[{"name":"wp","href":"https:\/\/api.w.org\/{rel}","templated":true}]}}